{"id":713,"date":"2018-02-27T08:00:28","date_gmt":"2018-02-27T07:00:28","guid":{"rendered":"http:\/\/agora.xtec.cat\/escolasantmarti\/?page_id=713"},"modified":"2025-10-14T15:53:52","modified_gmt":"2025-10-14T13:53:52","slug":"sant-jordi-i-jocs-florals","status":"publish","type":"page","link":"https:\/\/agora.xtec.cat\/escolasantmarti\/celebracions\/sant-jordi-i-jocs-florals\/","title":{"rendered":"Sant Jordi i Jocs Florals"},"content":{"rendered":"<p style=\"text-align: center;\"><strong>Estimo les lletres<\/strong><\/p>\n<p style=\"text-align: center;\"><strong>que formen els mots,<\/strong><\/p>\n<p style=\"text-align: center;\"><strong>els llavis que els diuen,<\/strong><\/p>\n<p style=\"text-align: center;\"><strong>i el cor que els ent\u00e9n\u2026<\/strong><\/p>\n<p style=\"text-align: center;\"><strong>Perqu\u00e8 als mots hi ha l\u2019\u00e0nima<\/strong><\/p>\n<p style=\"text-align: center;\"><strong>de tota la gent!<\/strong><\/p>\n<p style=\"text-align: center;\">\u00a0\u00a0\u00a0\u00a0\u00a0\u00a0\u00a0\u00a0\u00a0\u00a0\u00a0\u00a0\u00a0\u00a0\u00a0\u00a0\u00a0\u00a0\u00a0\u00a0\u00a0\u00a0\u00a0\u00a0\u00a0\u00a0\u00a0\u00a0\u00a0\u00a0\u00a0\u00a0\u00a0\u00a0\u00a0\u00a0\u00a0\u00a0\u00a0\u00a0\u00a0\u00a0\u00a0\u00a0\u00a0\u00a0\u00a0\u00a0\u00a0 <em>Joana Raspall<\/em><\/p>\n<p>Cada any quan la diada de Sant Jordi arriba a l\u2019escola \u00e9s el moment de reviure hist\u00f2ries de dracs i princeses i deixar volar la nostra imaginaci\u00f3.<\/p>\n<p>Els alumnes de prim\u00e0ria cada any s\u2019esperen per la celebraci\u00f3 dels jocs florals on es premiaran les millors poesies, contes i cartells.<\/p>\n<p>Els alumnes d&#8217;I5 representen la llegenda de sant Jordi a les llars d\u2019infants, a la resta d\u2019alumnes d\u2019infantil i tamb\u00e9 als familiars.<\/p>\n<p>Aquell dia queda plasmat que una de les nostres prioritats \u00e9s fomentar el gust per la lectura per aix\u00f2 avis i pares venen a explicar contes i fem una estona de biblioteca a l\u2019aire lliure, tot gaudint amb la lectura d\u2019un llibre junt amb els companys\/es.<\/p>\n<p>Tampoc pot faltar, la tradicional, gimcana fotogr\u00e0fica que fan a la tarda els alumnes de cicle superior anant per tot el poble i intentant captar amb una foto les millors imatges de la diada.<\/p>\n<p>&nbsp;<\/p>\n<p><a href=\"https:\/\/agora.xtec.cat\/escolasantmarti\/wp-content\/uploads\/usu1487\/2019\/10\/Princesa-i-Drac.jpg\"><img loading=\"lazy\" decoding=\"async\" class=\"wp-image-1259 aligncenter\" src=\"https:\/\/agora.xtec.cat\/escolasantmarti\/wp-content\/uploads\/usu1487\/2019\/10\/Princesa-i-Drac.jpg\" alt=\"\" width=\"682\" height=\"292\" srcset=\"https:\/\/agora.xtec.cat\/escolasantmarti\/wp-content\/uploads\/usu1487\/2019\/10\/Princesa-i-Drac.jpg 1766w, https:\/\/agora.xtec.cat\/escolasantmarti\/wp-content\/uploads\/usu1487\/2019\/10\/Princesa-i-Drac-300x128.jpg 300w, https:\/\/agora.xtec.cat\/escolasantmarti\/wp-content\/uploads\/usu1487\/2019\/10\/Princesa-i-Drac-768x329.jpg 768w, https:\/\/agora.xtec.cat\/escolasantmarti\/wp-content\/uploads\/usu1487\/2019\/10\/Princesa-i-Drac-1024x438.jpg 1024w\" sizes=\"auto, (max-width: 682px) 100vw, 682px\" \/><\/a><\/p>\n<p>&nbsp;<\/p>\n","protected":false},"excerpt":{"rendered":"<p>Estimo les lletres que formen els mots, els llavis que els diuen, i el cor que els ent\u00e9n\u2026 Perqu\u00e8 als mots hi ha l\u2019\u00e0nima de tota la gent! \u00a0\u00a0\u00a0\u00a0\u00a0\u00a0\u00a0\u00a0\u00a0\u00a0\u00a0\u00a0\u00a0\u00a0\u00a0\u00a0\u00a0\u00a0\u00a0\u00a0\u00a0\u00a0\u00a0\u00a0\u00a0\u00a0\u00a0\u00a0\u00a0\u00a0\u00a0\u00a0\u00a0\u00a0\u00a0\u00a0\u00a0\u00a0\u00a0\u00a0\u00a0\u00a0\u00a0\u00a0\u00a0\u00a0\u00a0\u00a0\u00a0 Joana Raspall Cada any quan la diada de Sant Jordi arriba a l\u2019escola \u00e9s el moment de reviure hist\u00f2ries de dracs i princeses i deixar volar [&hellip;]<\/p>\n","protected":false},"author":1,"featured_media":0,"parent":703,"menu_order":50,"comment_status":"closed","ping_status":"closed","template":"","meta":{"_bbp_topic_count":0,"_bbp_reply_count":0,"_bbp_total_topic_count":0,"_bbp_total_reply_count":0,"_bbp_voice_count":0,"_bbp_anonymous_reply_count":0,"_bbp_topic_count_hidden":0,"_bbp_reply_count_hidden":0,"_bbp_forum_subforum_count":0,"site-sidebar-layout":"default","site-content-layout":"","ast-site-content-layout":"default","site-content-style":"default","site-sidebar-style":"default","ast-global-header-display":"","ast-banner-title-visibility":"","ast-main-header-display":"","ast-hfb-above-header-display":"","ast-hfb-below-header-display":"","ast-hfb-mobile-header-display":"","site-post-title":"","ast-breadcrumbs-content":"","ast-featured-img":"","footer-sml-layout":"","theme-transparent-header-meta":"default","adv-header-id-meta":"","stick-header-meta":"","header-above-stick-meta":"","header-main-stick-meta":"","header-below-stick-meta":"","astra-migrate-meta-layouts":"set","ast-page-background-enabled":"default","ast-page-background-meta":{"desktop":{"background-color":"var(--ast-global-color-4)","background-image":"","background-repeat":"repeat","background-position":"center center","background-size":"auto","background-attachment":"scroll","background-type":"","background-media":"","overlay-type":"","overlay-color":"","overlay-opacity":"","overlay-gradient":""},"tablet":{"background-color":"","background-image":"","background-repeat":"repeat","background-position":"center center","background-size":"auto","background-attachment":"scroll","background-type":"","background-media":"","overlay-type":"","overlay-color":"","overlay-opacity":"","overlay-gradient":""},"mobile":{"background-color":"","background-image":"","background-repeat":"repeat","background-position":"center center","background-size":"auto","background-attachment":"scroll","background-type":"","background-media":"","overlay-type":"","overlay-color":"","overlay-opacity":"","overlay-gradient":""}},"ast-content-background-meta":{"desktop":{"background-color":"var(--ast-global-color-5)","background-image":"","background-repeat":"repeat","background-position":"center center","background-size":"auto","background-attachment":"scroll","background-type":"","background-media":"","overlay-type":"","overlay-color":"","overlay-opacity":"","overlay-gradient":""},"tablet":{"background-color":"var(--ast-global-color-5)","background-image":"","background-repeat":"repeat","background-position":"center center","background-size":"auto","background-attachment":"scroll","background-type":"","background-media":"","overlay-type":"","overlay-color":"","overlay-opacity":"","overlay-gradient":""},"mobile":{"background-color":"var(--ast-global-color-5)","background-image":"","background-repeat":"repeat","background-position":"center center","background-size":"auto","background-attachment":"scroll","background-type":"","background-media":"","overlay-type":"","overlay-color":"","overlay-opacity":"","overlay-gradient":""}},"footnotes":""},"class_list":["post-713","page","type-page","status-publish","hentry"],"post_mailing_queue_ids":[],"_links":{"self":[{"href":"https:\/\/agora.xtec.cat\/escolasantmarti\/wp-json\/wp\/v2\/pages\/713","targetHints":{"allow":["GET"]}}],"collection":[{"href":"https:\/\/agora.xtec.cat\/escolasantmarti\/wp-json\/wp\/v2\/pages"}],"about":[{"href":"https:\/\/agora.xtec.cat\/escolasantmarti\/wp-json\/wp\/v2\/types\/page"}],"author":[{"embeddable":true,"href":"https:\/\/agora.xtec.cat\/escolasantmarti\/wp-json\/wp\/v2\/users\/1"}],"replies":[{"embeddable":true,"href":"https:\/\/agora.xtec.cat\/escolasantmarti\/wp-json\/wp\/v2\/comments?post=713"}],"version-history":[{"count":4,"href":"https:\/\/agora.xtec.cat\/escolasantmarti\/wp-json\/wp\/v2\/pages\/713\/revisions"}],"predecessor-version":[{"id":7999,"href":"https:\/\/agora.xtec.cat\/escolasantmarti\/wp-json\/wp\/v2\/pages\/713\/revisions\/7999"}],"up":[{"embeddable":true,"href":"https:\/\/agora.xtec.cat\/escolasantmarti\/wp-json\/wp\/v2\/pages\/703"}],"wp:attachment":[{"href":"https:\/\/agora.xtec.cat\/escolasantmarti\/wp-json\/wp\/v2\/media?parent=713"}],"curies":[{"name":"wp","href":"https:\/\/api.w.org\/{rel}","templated":true}]}}