{"id":709,"date":"2018-02-27T08:00:00","date_gmt":"2018-02-27T07:00:00","guid":{"rendered":"http:\/\/agora.xtec.cat\/escolasantmarti\/?page_id=709"},"modified":"2025-10-14T15:55:04","modified_gmt":"2025-10-14T13:55:04","slug":"nadal","status":"publish","type":"page","link":"https:\/\/agora.xtec.cat\/escolasantmarti\/celebracions\/nadal\/","title":{"rendered":"Nadal"},"content":{"rendered":"<p style=\"text-align: center;\"><strong><em>Ara ve Nadal, matarem el gall<\/em><em><br \/>\ni a la tia Pepa li&#8217;n darem un tall<br \/>\nAra ve Nadal, matarem el porc<br \/>\ni a la tia Pepa li&#8217;n darem un tros<\/em><\/strong><\/p>\n<p>Nadal se celebra de moltes formes a la nostra escola:<\/p>\n<ul>\n<li><strong>Arribada del ti\u00f3<\/strong> (pels alumnes d\u2019infantil i cicle inicial)<\/li>\n<li><strong>Gravaci\u00f3 de nadales a TV Matar\u00f3<\/strong> (a c\u00e0rrec dels alumnes de cinqu\u00e8 curs)<\/li>\n<li><strong>Cantada de nadales a les llars d\u2019infants de la poblaci\u00f3<\/strong> (Educaci\u00f3 Infantil)<\/li>\n<li><strong>Cantada de nadales a les resid\u00e8ncies d\u2019avis<\/strong>\u00a0 (tercer curs)<\/li>\n<li>I els esperats <strong>concerts de Nadal dels nens i nenes d\u2019infantil i de prim\u00e0ria<\/strong>. \u00c9s una ocasi\u00f3 \u00fanica per compartir un gran moment amb totes les fam\u00edlies. El concert es converteix en un niu d\u2019emocions diverses i una oportunitat per construir junts la nostra escola.<\/li>\n<\/ul>\n","protected":false},"excerpt":{"rendered":"<p>Ara ve Nadal, matarem el gall i a la tia Pepa li&#8217;n darem un tall Ara ve Nadal, matarem el porc i a la tia Pepa li&#8217;n darem un tros Nadal se celebra de moltes formes a la nostra escola: Arribada del ti\u00f3 (pels alumnes d\u2019infantil i cicle inicial) Gravaci\u00f3 de nadales a TV Matar\u00f3 [&hellip;]<\/p>\n","protected":false},"author":1,"featured_media":0,"parent":703,"menu_order":30,"comment_status":"closed","ping_status":"closed","template":"","meta":{"_bbp_topic_count":0,"_bbp_reply_count":0,"_bbp_total_topic_count":0,"_bbp_total_reply_count":0,"_bbp_voice_count":0,"_bbp_anonymous_reply_count":0,"_bbp_topic_count_hidden":0,"_bbp_reply_count_hidden":0,"_bbp_forum_subforum_count":0,"site-sidebar-layout":"default","site-content-layout":"","ast-site-content-layout":"default","site-content-style":"default","site-sidebar-style":"default","ast-global-header-display":"","ast-banner-title-visibility":"","ast-main-header-display":"","ast-hfb-above-header-display":"","ast-hfb-below-header-display":"","ast-hfb-mobile-header-display":"","site-post-title":"","ast-breadcrumbs-content":"","ast-featured-img":"","footer-sml-layout":"","theme-transparent-header-meta":"default","adv-header-id-meta":"","stick-header-meta":"","header-above-stick-meta":"","header-main-stick-meta":"","header-below-stick-meta":"","astra-migrate-meta-layouts":"set","ast-page-background-enabled":"default","ast-page-background-meta":{"desktop":{"background-color":"var(--ast-global-color-4)","background-image":"","background-repeat":"repeat","background-position":"center center","background-size":"auto","background-attachment":"scroll","background-type":"","background-media":"","overlay-type":"","overlay-color":"","overlay-opacity":"","overlay-gradient":""},"tablet":{"background-color":"","background-image":"","background-repeat":"repeat","background-position":"center center","background-size":"auto","background-attachment":"scroll","background-type":"","background-media":"","overlay-type":"","overlay-color":"","overlay-opacity":"","overlay-gradient":""},"mobile":{"background-color":"","background-image":"","background-repeat":"repeat","background-position":"center center","background-size":"auto","background-attachment":"scroll","background-type":"","background-media":"","overlay-type":"","overlay-color":"","overlay-opacity":"","overlay-gradient":""}},"ast-content-background-meta":{"desktop":{"background-color":"var(--ast-global-color-5)","background-image":"","background-repeat":"repeat","background-position":"center center","background-size":"auto","background-attachment":"scroll","background-type":"","background-media":"","overlay-type":"","overlay-color":"","overlay-opacity":"","overlay-gradient":""},"tablet":{"background-color":"var(--ast-global-color-5)","background-image":"","background-repeat":"repeat","background-position":"center center","background-size":"auto","background-attachment":"scroll","background-type":"","background-media":"","overlay-type":"","overlay-color":"","overlay-opacity":"","overlay-gradient":""},"mobile":{"background-color":"var(--ast-global-color-5)","background-image":"","background-repeat":"repeat","background-position":"center center","background-size":"auto","background-attachment":"scroll","background-type":"","background-media":"","overlay-type":"","overlay-color":"","overlay-opacity":"","overlay-gradient":""}},"footnotes":""},"class_list":["post-709","page","type-page","status-publish","hentry"],"post_mailing_queue_ids":[],"_links":{"self":[{"href":"https:\/\/agora.xtec.cat\/escolasantmarti\/wp-json\/wp\/v2\/pages\/709","targetHints":{"allow":["GET"]}}],"collection":[{"href":"https:\/\/agora.xtec.cat\/escolasantmarti\/wp-json\/wp\/v2\/pages"}],"about":[{"href":"https:\/\/agora.xtec.cat\/escolasantmarti\/wp-json\/wp\/v2\/types\/page"}],"author":[{"embeddable":true,"href":"https:\/\/agora.xtec.cat\/escolasantmarti\/wp-json\/wp\/v2\/users\/1"}],"replies":[{"embeddable":true,"href":"https:\/\/agora.xtec.cat\/escolasantmarti\/wp-json\/wp\/v2\/comments?post=709"}],"version-history":[{"count":3,"href":"https:\/\/agora.xtec.cat\/escolasantmarti\/wp-json\/wp\/v2\/pages\/709\/revisions"}],"predecessor-version":[{"id":8001,"href":"https:\/\/agora.xtec.cat\/escolasantmarti\/wp-json\/wp\/v2\/pages\/709\/revisions\/8001"}],"up":[{"embeddable":true,"href":"https:\/\/agora.xtec.cat\/escolasantmarti\/wp-json\/wp\/v2\/pages\/703"}],"wp:attachment":[{"href":"https:\/\/agora.xtec.cat\/escolasantmarti\/wp-json\/wp\/v2\/media?parent=709"}],"curies":[{"name":"wp","href":"https:\/\/api.w.org\/{rel}","templated":true}]}}