{"id":695,"date":"2018-02-27T07:58:09","date_gmt":"2018-02-27T06:58:09","guid":{"rendered":"http:\/\/agora.xtec.cat\/escolasantmarti\/?page_id=695"},"modified":"2023-09-07T09:50:46","modified_gmt":"2023-09-07T07:50:46","slug":"informacions","status":"publish","type":"page","link":"https:\/\/agora.xtec.cat\/escolasantmarti\/curs-2017-2018\/informacions\/","title":{"rendered":"Informacions d&#8217;inter\u00e8s"},"content":{"rendered":"<p><strong>HORARI DE VISITES (Amb cita pr\u00e8via)<\/strong><\/p>\n<p><em><strong>Direcci\u00f3 <\/strong><\/em>(amb cita pr\u00e8via)<em><strong>:<\/strong><\/em><\/p>\n<ul>\n<li>dimarts de 15 a 16.30 hores<\/li>\n<li>divendres de 9 a 10 hores<\/li>\n<\/ul>\n<p><em><strong>Cap d&#8217;estudis <\/strong><\/em>(amb cita pr\u00e8via)<em><strong>:\u00a0<\/strong><\/em><\/p>\n<ul>\n<li>dimarts de 15-16.30 hores<\/li>\n<\/ul>\n<p><em><strong>Secretaria <\/strong><\/em>(amb cita pr\u00e8via):<\/p>\n<ul>\n<li>dimecres de 15 a 16:30 hores<\/li>\n<\/ul>\n<p><em><strong>Informaci\u00f3 administrativa:<\/strong><\/em><\/p>\n<ul>\n<li>de dilluns a divendres de 9 a 12:30 hores i de 15 a 16:20 hores<\/li>\n<\/ul>\n<p><em><strong>Visita mestres <\/strong><\/em><strong>(<\/strong><em><strong>entrevistes fam\u00edlies; <\/strong><\/em>amb cita pr\u00e8via<strong>)<\/strong><\/p>\n<ul>\n<li>Dimarts de 12:30 a 13:25 hores<\/li>\n<\/ul>\n","protected":false},"excerpt":{"rendered":"<p>HORARI DE VISITES (Amb cita pr\u00e8via) Direcci\u00f3 (amb cita pr\u00e8via): dimarts de 15 a 16.30 hores divendres de 9 a 10 hores Cap d&#8217;estudis (amb cita pr\u00e8via):\u00a0 dimarts de 15-16.30 hores Secretaria (amb cita pr\u00e8via): dimecres de 15 a 16:30 hores Informaci\u00f3 administrativa: de dilluns a divendres de 9 a 12:30 hores i de 15 [&hellip;]<\/p>\n","protected":false},"author":1,"featured_media":0,"parent":691,"menu_order":50,"comment_status":"closed","ping_status":"closed","template":"page-templates\/side-menu.php","meta":{"_bbp_topic_count":0,"_bbp_reply_count":0,"_bbp_total_topic_count":0,"_bbp_total_reply_count":0,"_bbp_voice_count":0,"_bbp_anonymous_reply_count":0,"_bbp_topic_count_hidden":0,"_bbp_reply_count_hidden":0,"_bbp_forum_subforum_count":0,"site-sidebar-layout":"default","site-content-layout":"","ast-site-content-layout":"","site-content-style":"default","site-sidebar-style":"default","ast-global-header-display":"","ast-banner-title-visibility":"","ast-main-header-display":"","ast-hfb-above-header-display":"","ast-hfb-below-header-display":"","ast-hfb-mobile-header-display":"","site-post-title":"","ast-breadcrumbs-content":"","ast-featured-img":"","footer-sml-layout":"","theme-transparent-header-meta":"","adv-header-id-meta":"","stick-header-meta":"","header-above-stick-meta":"","header-main-stick-meta":"","header-below-stick-meta":"","astra-migrate-meta-layouts":"default","ast-page-background-enabled":"default","ast-page-background-meta":{"desktop":{"background-color":"var(--ast-global-color-4)","background-image":"","background-repeat":"repeat","background-position":"center center","background-size":"auto","background-attachment":"scroll","background-type":"","background-media":"","overlay-type":"","overlay-color":"","overlay-opacity":"","overlay-gradient":""},"tablet":{"background-color":"","background-image":"","background-repeat":"repeat","background-position":"center center","background-size":"auto","background-attachment":"scroll","background-type":"","background-media":"","overlay-type":"","overlay-color":"","overlay-opacity":"","overlay-gradient":""},"mobile":{"background-color":"","background-image":"","background-repeat":"repeat","background-position":"center center","background-size":"auto","background-attachment":"scroll","background-type":"","background-media":"","overlay-type":"","overlay-color":"","overlay-opacity":"","overlay-gradient":""}},"ast-content-background-meta":{"desktop":{"background-color":"var(--ast-global-color-5)","background-image":"","background-repeat":"repeat","background-position":"center center","background-size":"auto","background-attachment":"scroll","background-type":"","background-media":"","overlay-type":"","overlay-color":"","overlay-opacity":"","overlay-gradient":""},"tablet":{"background-color":"var(--ast-global-color-5)","background-image":"","background-repeat":"repeat","background-position":"center center","background-size":"auto","background-attachment":"scroll","background-type":"","background-media":"","overlay-type":"","overlay-color":"","overlay-opacity":"","overlay-gradient":""},"mobile":{"background-color":"var(--ast-global-color-5)","background-image":"","background-repeat":"repeat","background-position":"center center","background-size":"auto","background-attachment":"scroll","background-type":"","background-media":"","overlay-type":"","overlay-color":"","overlay-opacity":"","overlay-gradient":""}},"footnotes":""},"class_list":["post-695","page","type-page","status-publish","hentry"],"post_mailing_queue_ids":[],"_links":{"self":[{"href":"https:\/\/agora.xtec.cat\/escolasantmarti\/wp-json\/wp\/v2\/pages\/695","targetHints":{"allow":["GET"]}}],"collection":[{"href":"https:\/\/agora.xtec.cat\/escolasantmarti\/wp-json\/wp\/v2\/pages"}],"about":[{"href":"https:\/\/agora.xtec.cat\/escolasantmarti\/wp-json\/wp\/v2\/types\/page"}],"author":[{"embeddable":true,"href":"https:\/\/agora.xtec.cat\/escolasantmarti\/wp-json\/wp\/v2\/users\/1"}],"replies":[{"embeddable":true,"href":"https:\/\/agora.xtec.cat\/escolasantmarti\/wp-json\/wp\/v2\/comments?post=695"}],"version-history":[{"count":4,"href":"https:\/\/agora.xtec.cat\/escolasantmarti\/wp-json\/wp\/v2\/pages\/695\/revisions"}],"predecessor-version":[{"id":5464,"href":"https:\/\/agora.xtec.cat\/escolasantmarti\/wp-json\/wp\/v2\/pages\/695\/revisions\/5464"}],"up":[{"embeddable":true,"href":"https:\/\/agora.xtec.cat\/escolasantmarti\/wp-json\/wp\/v2\/pages\/691"}],"wp:attachment":[{"href":"https:\/\/agora.xtec.cat\/escolasantmarti\/wp-json\/wp\/v2\/media?parent=695"}],"curies":[{"name":"wp","href":"https:\/\/api.w.org\/{rel}","templated":true}]}}