{"id":685,"date":"2018-02-27T07:56:57","date_gmt":"2018-02-27T06:56:57","guid":{"rendered":"http:\/\/agora.xtec.cat\/escolasantmarti\/?page_id=685"},"modified":"2019-10-28T13:01:52","modified_gmt":"2019-10-28T12:01:52","slug":"educacio-musical","status":"publish","type":"page","link":"https:\/\/agora.xtec.cat\/escolasantmarti\/projectes-descola\/educacio-musical\/","title":{"rendered":"Les corals de l&#8217;escola"},"content":{"rendered":"<p>Molts estudis reflecteixen que la m\u00fasica afavoreix la capacitat dels nens per a la concentraci\u00f3 i l&#8217;atenci\u00f3, potenciant aix\u00ed el seu rendiment a l&#8217;escola.\u00a0 La m\u00fasica estimula la mem\u00f2ria, l&#8217;an\u00e0lisi, el raonament i l&#8217;aprenentatge. Treballem la m\u00fasica amb especialistes des de P3 fins a sis\u00e8.<\/p>\n<table style=\"width: 735px;\">\n<tbody>\n<tr>\n<td style=\"width: 258px;\"><a href=\"https:\/\/agora.xtec.cat\/escolasantmarti\/wp-content\/uploads\/usu1487\/2019\/10\/IMG_20191024_101603_2.jpg\" target=\"_blank\" rel=\"noopener noreferrer\"><img loading=\"lazy\" decoding=\"async\" class=\"aligncenter wp-image-1335 size-full\" src=\"https:\/\/agora.xtec.cat\/escolasantmarti\/wp-content\/uploads\/usu1487\/2019\/10\/IMG_20191024_101603_2.jpg\" alt=\"\" width=\"2080\" height=\"1168\" srcset=\"https:\/\/agora.xtec.cat\/escolasantmarti\/wp-content\/uploads\/usu1487\/2019\/10\/IMG_20191024_101603_2.jpg 2080w, https:\/\/agora.xtec.cat\/escolasantmarti\/wp-content\/uploads\/usu1487\/2019\/10\/IMG_20191024_101603_2-300x168.jpg 300w, https:\/\/agora.xtec.cat\/escolasantmarti\/wp-content\/uploads\/usu1487\/2019\/10\/IMG_20191024_101603_2-768x431.jpg 768w, https:\/\/agora.xtec.cat\/escolasantmarti\/wp-content\/uploads\/usu1487\/2019\/10\/IMG_20191024_101603_2-1024x575.jpg 1024w\" sizes=\"auto, (max-width: 2080px) 100vw, 2080px\" \/><\/a><\/td>\n<td style=\"width: 240px;\"><a href=\"https:\/\/agora.xtec.cat\/escolasantmarti\/wp-content\/uploads\/usu1487\/2019\/10\/IMG_20191023_152122-1_2.jpg\" target=\"_blank\" rel=\"noopener noreferrer\"><img loading=\"lazy\" decoding=\"async\" class=\"aligncenter wp-image-1334 size-full\" src=\"https:\/\/agora.xtec.cat\/escolasantmarti\/wp-content\/uploads\/usu1487\/2019\/10\/IMG_20191023_152122-1_2.jpg\" alt=\"\" width=\"2080\" height=\"1168\" srcset=\"https:\/\/agora.xtec.cat\/escolasantmarti\/wp-content\/uploads\/usu1487\/2019\/10\/IMG_20191023_152122-1_2.jpg 2080w, https:\/\/agora.xtec.cat\/escolasantmarti\/wp-content\/uploads\/usu1487\/2019\/10\/IMG_20191023_152122-1_2-300x168.jpg 300w, https:\/\/agora.xtec.cat\/escolasantmarti\/wp-content\/uploads\/usu1487\/2019\/10\/IMG_20191023_152122-1_2-768x431.jpg 768w, https:\/\/agora.xtec.cat\/escolasantmarti\/wp-content\/uploads\/usu1487\/2019\/10\/IMG_20191023_152122-1_2-1024x575.jpg 1024w\" sizes=\"auto, (max-width: 2080px) 100vw, 2080px\" \/><\/a><\/td>\n<td style=\"width: 227px;\"><a href=\"https:\/\/agora.xtec.cat\/escolasantmarti\/wp-content\/uploads\/usu1487\/2019\/10\/tv-matar\u00f3_2.jpg\" target=\"_blank\" rel=\"noopener noreferrer\"><img loading=\"lazy\" decoding=\"async\" class=\"aligncenter wp-image-1333\" src=\"https:\/\/agora.xtec.cat\/escolasantmarti\/wp-content\/uploads\/usu1487\/2019\/10\/tv-matar\u00f3_2.jpg\" alt=\"\" width=\"220\" height=\"124\" srcset=\"https:\/\/agora.xtec.cat\/escolasantmarti\/wp-content\/uploads\/usu1487\/2019\/10\/tv-matar\u00f3_2.jpg 1280w, https:\/\/agora.xtec.cat\/escolasantmarti\/wp-content\/uploads\/usu1487\/2019\/10\/tv-matar\u00f3_2-300x169.jpg 300w, https:\/\/agora.xtec.cat\/escolasantmarti\/wp-content\/uploads\/usu1487\/2019\/10\/tv-matar\u00f3_2-768x432.jpg 768w, https:\/\/agora.xtec.cat\/escolasantmarti\/wp-content\/uploads\/usu1487\/2019\/10\/tv-matar\u00f3_2-1024x576.jpg 1024w\" sizes=\"auto, (max-width: 220px) 100vw, 220px\" \/><\/a><\/td>\n<\/tr>\n<\/tbody>\n<\/table>\n<p>A m\u00e9s a l&#8217;escola tenim dues corals que participen a nivell local, comarcal i nacional a diferents trobades.<\/p>\n<p><strong>Coral Clau de Lluna<\/strong><\/p>\n<p><strong>Corals So de Riera<\/strong><\/p>\n","protected":false},"excerpt":{"rendered":"<p>Molts estudis reflecteixen que la m\u00fasica afavoreix la capacitat dels nens per a la concentraci\u00f3 i l&#8217;atenci\u00f3, potenciant aix\u00ed el seu rendiment a l&#8217;escola.\u00a0 La m\u00fasica estimula la mem\u00f2ria, l&#8217;an\u00e0lisi, el raonament i l&#8217;aprenentatge. Treballem la m\u00fasica amb especialistes des de P3 fins a sis\u00e8. A m\u00e9s a l&#8217;escola tenim dues corals que participen a [&hellip;]<\/p>\n","protected":false},"author":1,"featured_media":0,"parent":1290,"menu_order":40,"comment_status":"closed","ping_status":"closed","template":"page-templates\/side-menu.php","meta":{"_bbp_topic_count":0,"_bbp_reply_count":0,"_bbp_total_topic_count":0,"_bbp_total_reply_count":0,"_bbp_voice_count":0,"_bbp_anonymous_reply_count":0,"_bbp_topic_count_hidden":0,"_bbp_reply_count_hidden":0,"_bbp_forum_subforum_count":0,"site-sidebar-layout":"default","site-content-layout":"","ast-site-content-layout":"","site-content-style":"default","site-sidebar-style":"default","ast-global-header-display":"","ast-banner-title-visibility":"","ast-main-header-display":"","ast-hfb-above-header-display":"","ast-hfb-below-header-display":"","ast-hfb-mobile-header-display":"","site-post-title":"","ast-breadcrumbs-content":"","ast-featured-img":"","footer-sml-layout":"","theme-transparent-header-meta":"","adv-header-id-meta":"","stick-header-meta":"","header-above-stick-meta":"","header-main-stick-meta":"","header-below-stick-meta":"","astra-migrate-meta-layouts":"default","ast-page-background-enabled":"default","ast-page-background-meta":{"desktop":{"background-color":"var(--ast-global-color-4)","background-image":"","background-repeat":"repeat","background-position":"center center","background-size":"auto","background-attachment":"scroll","background-type":"","background-media":"","overlay-type":"","overlay-color":"","overlay-opacity":"","overlay-gradient":""},"tablet":{"background-color":"","background-image":"","background-repeat":"repeat","background-position":"center center","background-size":"auto","background-attachment":"scroll","background-type":"","background-media":"","overlay-type":"","overlay-color":"","overlay-opacity":"","overlay-gradient":""},"mobile":{"background-color":"","background-image":"","background-repeat":"repeat","background-position":"center center","background-size":"auto","background-attachment":"scroll","background-type":"","background-media":"","overlay-type":"","overlay-color":"","overlay-opacity":"","overlay-gradient":""}},"ast-content-background-meta":{"desktop":{"background-color":"var(--ast-global-color-5)","background-image":"","background-repeat":"repeat","background-position":"center center","background-size":"auto","background-attachment":"scroll","background-type":"","background-media":"","overlay-type":"","overlay-color":"","overlay-opacity":"","overlay-gradient":""},"tablet":{"background-color":"var(--ast-global-color-5)","background-image":"","background-repeat":"repeat","background-position":"center center","background-size":"auto","background-attachment":"scroll","background-type":"","background-media":"","overlay-type":"","overlay-color":"","overlay-opacity":"","overlay-gradient":""},"mobile":{"background-color":"var(--ast-global-color-5)","background-image":"","background-repeat":"repeat","background-position":"center center","background-size":"auto","background-attachment":"scroll","background-type":"","background-media":"","overlay-type":"","overlay-color":"","overlay-opacity":"","overlay-gradient":""}},"footnotes":""},"class_list":["post-685","page","type-page","status-publish","hentry"],"post_mailing_queue_ids":[],"_links":{"self":[{"href":"https:\/\/agora.xtec.cat\/escolasantmarti\/wp-json\/wp\/v2\/pages\/685","targetHints":{"allow":["GET"]}}],"collection":[{"href":"https:\/\/agora.xtec.cat\/escolasantmarti\/wp-json\/wp\/v2\/pages"}],"about":[{"href":"https:\/\/agora.xtec.cat\/escolasantmarti\/wp-json\/wp\/v2\/types\/page"}],"author":[{"embeddable":true,"href":"https:\/\/agora.xtec.cat\/escolasantmarti\/wp-json\/wp\/v2\/users\/1"}],"replies":[{"embeddable":true,"href":"https:\/\/agora.xtec.cat\/escolasantmarti\/wp-json\/wp\/v2\/comments?post=685"}],"version-history":[{"count":3,"href":"https:\/\/agora.xtec.cat\/escolasantmarti\/wp-json\/wp\/v2\/pages\/685\/revisions"}],"predecessor-version":[{"id":1336,"href":"https:\/\/agora.xtec.cat\/escolasantmarti\/wp-json\/wp\/v2\/pages\/685\/revisions\/1336"}],"up":[{"embeddable":true,"href":"https:\/\/agora.xtec.cat\/escolasantmarti\/wp-json\/wp\/v2\/pages\/1290"}],"wp:attachment":[{"href":"https:\/\/agora.xtec.cat\/escolasantmarti\/wp-json\/wp\/v2\/media?parent=685"}],"curies":[{"name":"wp","href":"https:\/\/api.w.org\/{rel}","templated":true}]}}