{"id":677,"date":"2018-02-27T07:55:48","date_gmt":"2018-02-27T06:55:48","guid":{"rendered":"http:\/\/agora.xtec.cat\/escolasantmarti\/?page_id=677"},"modified":"2019-10-22T09:38:37","modified_gmt":"2019-10-22T07:38:37","slug":"recollida-selectiva","status":"publish","type":"page","link":"https:\/\/agora.xtec.cat\/escolasantmarti\/projectes-descola\/sostenibilitat\/recollida-selectiva\/","title":{"rendered":"Recollida Selectiva"},"content":{"rendered":"<p>La recollida selectiva consisteix en la separaci\u00f3 dels diferents tipus de residus mitjan\u00e7ant diverses paperes que tenim a l&#8217;escola. Ens permet reciclar els materials que componen aquests residus i amb ells poder fabricar nous productes. Aix\u00f2 ens permet estalviar energia, aigua i recursos naturals.<\/p>\n<p>Aquest \u00e9s l&#8217;\u00faltim pas en la pol\u00edtica de les 3 R (Reduir, Reutilitzar i Reciclar), el reciclatge \u00e9s la darrera oportunitat que tenim de donar valor als residus que generem di\u00e0riament.<\/p>\n<p>Podem portar els nostres residus ordinaris (restes org\u00e0niques, paper i cartr\u00f3 i envasos) a les diferents papereres que tenim a les aules, passadissos i als patis.<br \/>\n<strong><span class=\"Estilo1\">Posa cada cosa al seu contenidor!<\/span><\/strong><\/p>\n","protected":false},"excerpt":{"rendered":"<p>La recollida selectiva consisteix en la separaci\u00f3 dels diferents tipus de residus mitjan\u00e7ant diverses paperes que tenim a l&#8217;escola. Ens permet reciclar els materials que componen aquests residus i amb ells poder fabricar nous productes. Aix\u00f2 ens permet estalviar energia, aigua i recursos naturals. Aquest \u00e9s l&#8217;\u00faltim pas en la pol\u00edtica de les 3 R [&hellip;]<\/p>\n","protected":false},"author":1,"featured_media":0,"parent":38,"menu_order":50,"comment_status":"closed","ping_status":"closed","template":"page-templates\/side-menu.php","meta":{"_bbp_topic_count":0,"_bbp_reply_count":0,"_bbp_total_topic_count":0,"_bbp_total_reply_count":0,"_bbp_voice_count":0,"_bbp_anonymous_reply_count":0,"_bbp_topic_count_hidden":0,"_bbp_reply_count_hidden":0,"_bbp_forum_subforum_count":0,"site-sidebar-layout":"default","site-content-layout":"","ast-site-content-layout":"","site-content-style":"default","site-sidebar-style":"default","ast-global-header-display":"","ast-banner-title-visibility":"","ast-main-header-display":"","ast-hfb-above-header-display":"","ast-hfb-below-header-display":"","ast-hfb-mobile-header-display":"","site-post-title":"","ast-breadcrumbs-content":"","ast-featured-img":"","footer-sml-layout":"","theme-transparent-header-meta":"","adv-header-id-meta":"","stick-header-meta":"","header-above-stick-meta":"","header-main-stick-meta":"","header-below-stick-meta":"","astra-migrate-meta-layouts":"default","ast-page-background-enabled":"default","ast-page-background-meta":{"desktop":{"background-color":"var(--ast-global-color-4)","background-image":"","background-repeat":"repeat","background-position":"center center","background-size":"auto","background-attachment":"scroll","background-type":"","background-media":"","overlay-type":"","overlay-color":"","overlay-opacity":"","overlay-gradient":""},"tablet":{"background-color":"","background-image":"","background-repeat":"repeat","background-position":"center center","background-size":"auto","background-attachment":"scroll","background-type":"","background-media":"","overlay-type":"","overlay-color":"","overlay-opacity":"","overlay-gradient":""},"mobile":{"background-color":"","background-image":"","background-repeat":"repeat","background-position":"center center","background-size":"auto","background-attachment":"scroll","background-type":"","background-media":"","overlay-type":"","overlay-color":"","overlay-opacity":"","overlay-gradient":""}},"ast-content-background-meta":{"desktop":{"background-color":"var(--ast-global-color-5)","background-image":"","background-repeat":"repeat","background-position":"center center","background-size":"auto","background-attachment":"scroll","background-type":"","background-media":"","overlay-type":"","overlay-color":"","overlay-opacity":"","overlay-gradient":""},"tablet":{"background-color":"var(--ast-global-color-5)","background-image":"","background-repeat":"repeat","background-position":"center center","background-size":"auto","background-attachment":"scroll","background-type":"","background-media":"","overlay-type":"","overlay-color":"","overlay-opacity":"","overlay-gradient":""},"mobile":{"background-color":"var(--ast-global-color-5)","background-image":"","background-repeat":"repeat","background-position":"center center","background-size":"auto","background-attachment":"scroll","background-type":"","background-media":"","overlay-type":"","overlay-color":"","overlay-opacity":"","overlay-gradient":""}},"footnotes":""},"class_list":["post-677","page","type-page","status-publish","hentry"],"post_mailing_queue_ids":[],"_links":{"self":[{"href":"https:\/\/agora.xtec.cat\/escolasantmarti\/wp-json\/wp\/v2\/pages\/677","targetHints":{"allow":["GET"]}}],"collection":[{"href":"https:\/\/agora.xtec.cat\/escolasantmarti\/wp-json\/wp\/v2\/pages"}],"about":[{"href":"https:\/\/agora.xtec.cat\/escolasantmarti\/wp-json\/wp\/v2\/types\/page"}],"author":[{"embeddable":true,"href":"https:\/\/agora.xtec.cat\/escolasantmarti\/wp-json\/wp\/v2\/users\/1"}],"replies":[{"embeddable":true,"href":"https:\/\/agora.xtec.cat\/escolasantmarti\/wp-json\/wp\/v2\/comments?post=677"}],"version-history":[{"count":3,"href":"https:\/\/agora.xtec.cat\/escolasantmarti\/wp-json\/wp\/v2\/pages\/677\/revisions"}],"predecessor-version":[{"id":828,"href":"https:\/\/agora.xtec.cat\/escolasantmarti\/wp-json\/wp\/v2\/pages\/677\/revisions\/828"}],"up":[{"embeddable":true,"href":"https:\/\/agora.xtec.cat\/escolasantmarti\/wp-json\/wp\/v2\/pages\/38"}],"wp:attachment":[{"href":"https:\/\/agora.xtec.cat\/escolasantmarti\/wp-json\/wp\/v2\/media?parent=677"}],"curies":[{"name":"wp","href":"https:\/\/api.w.org\/{rel}","templated":true}]}}