{"id":6048,"date":"2023-12-15T14:54:42","date_gmt":"2023-12-15T13:54:42","guid":{"rendered":"https:\/\/agora.xtec.cat\/escolasantmarti\/?page_id=6048"},"modified":"2024-04-04T12:08:56","modified_gmt":"2024-04-04T10:08:56","slug":"enfocament-restauratiu-global","status":"publish","type":"page","link":"https:\/\/agora.xtec.cat\/escolasantmarti\/projectes-descola\/enfocament-restauratiu-global\/","title":{"rendered":"Enfocament restauratiu global"},"content":{"rendered":"<p>Comencem a treballar com a centre que <strong>\u00a0vol per promoure la necessitat de canvi cap a una comunitat educativa restaurativa tenint en compte els valors i principis de l&#8217;Enfocament Restauratiu Global,<\/strong>\u00a0les noves habilitats a aprendre per construir relacions i crear comunitat, donar resposta positiva al conflicte, reparar danys i restaurar relacions definint els elements estructurals i organitzatius dins del projecte de conviv\u00e8ncia de centre.<\/p>\n<ul>\n<li>Incorporar procediments i estrat\u00e8gies que possibilitin la participaci\u00f3, la implicaci\u00f3 i el comprom\u00eds de la comunitat educativa per construir una conviv\u00e8ncia positiva.<\/li>\n<li>Facilitar el desenvolupament d&#8217;habilitats relacionals per fomentar una cultura del di\u00e0leg, de pau i no-viol\u00e8ncia, juntament amb els valors i principis del respecte, la inclusi\u00f3 i l&#8217;honestedat.<\/li>\n<li>Promoure en l&#8217;alumnat la ciutadania democr\u00e0tica, la consci\u00e8ncia global i el benestar emocional, alhora que s&#8217;implementen les pr\u00e0ctiques restauratives responsives per a la gesti\u00f3 positiva dels conflictes.<\/li>\n<li>Establir mecanismes de reparaci\u00f3 de relacions i danys per superar la punici\u00f3 i optar per processos inclusius i la millora de la conviv\u00e8ncia.<\/li>\n<li>Incorporar al Projecte de Conviv\u00e8ncia l&#8217;impacte de l&#8217;ERG pel que fa a l&#8217;aula, el centre, les fam\u00edlies i l&#8217;entorn.<img loading=\"lazy\" decoding=\"async\" class=\"size-full wp-image-6453 aligncenter\" src=\"https:\/\/agora.xtec.cat\/escolasantmarti\/wp-content\/uploads\/usu1487\/2024\/04\/infografia-principis.png\" alt=\"\" width=\"741\" height=\"1037\" srcset=\"https:\/\/agora.xtec.cat\/escolasantmarti\/wp-content\/uploads\/usu1487\/2024\/04\/infografia-principis.png 741w, https:\/\/agora.xtec.cat\/escolasantmarti\/wp-content\/uploads\/usu1487\/2024\/04\/infografia-principis-214x300.png 214w, https:\/\/agora.xtec.cat\/escolasantmarti\/wp-content\/uploads\/usu1487\/2024\/04\/infografia-principis-732x1024.png 732w\" sizes=\"auto, (max-width: 741px) 100vw, 741px\" \/><\/li>\n<\/ul>\n<p>&nbsp;<\/p>\n<p><img loading=\"lazy\" decoding=\"async\" class=\"size-full wp-image-6452 aligncenter\" src=\"https:\/\/agora.xtec.cat\/escolasantmarti\/wp-content\/uploads\/usu1487\/2024\/04\/info-restaurativa-1.png\" alt=\"\" width=\"738\" height=\"1057\" srcset=\"https:\/\/agora.xtec.cat\/escolasantmarti\/wp-content\/uploads\/usu1487\/2024\/04\/info-restaurativa-1.png 738w, https:\/\/agora.xtec.cat\/escolasantmarti\/wp-content\/uploads\/usu1487\/2024\/04\/info-restaurativa-1-209x300.png 209w, https:\/\/agora.xtec.cat\/escolasantmarti\/wp-content\/uploads\/usu1487\/2024\/04\/info-restaurativa-1-715x1024.png 715w\" sizes=\"auto, (max-width: 738px) 100vw, 738px\" \/><\/p>\n<p>&nbsp;<\/p>\n<p><img loading=\"lazy\" decoding=\"async\" class=\"size-full wp-image-6451 aligncenter\" src=\"https:\/\/agora.xtec.cat\/escolasantmarti\/wp-content\/uploads\/usu1487\/2024\/04\/Piramide-ERG.png\" alt=\"\" width=\"1728\" height=\"2304\" srcset=\"https:\/\/agora.xtec.cat\/escolasantmarti\/wp-content\/uploads\/usu1487\/2024\/04\/Piramide-ERG.png 1728w, https:\/\/agora.xtec.cat\/escolasantmarti\/wp-content\/uploads\/usu1487\/2024\/04\/Piramide-ERG-225x300.png 225w, https:\/\/agora.xtec.cat\/escolasantmarti\/wp-content\/uploads\/usu1487\/2024\/04\/Piramide-ERG-768x1024.png 768w, https:\/\/agora.xtec.cat\/escolasantmarti\/wp-content\/uploads\/usu1487\/2024\/04\/Piramide-ERG-1152x1536.png 1152w, https:\/\/agora.xtec.cat\/escolasantmarti\/wp-content\/uploads\/usu1487\/2024\/04\/Piramide-ERG-1536x2048.png 1536w\" sizes=\"auto, (max-width: 1728px) 100vw, 1728px\" \/><\/p>\n<p><img class=\"alignleft size-full wp-image-6452\" \/> <a href=\"https:\/\/projectes.xtec.cat\/convivenciapositiva\/categoria\/enfocament-restauratiu\/?_ga=2.57211817.249949065.1702469798-232378797.1696935036\">Conviv\u00e8ncia Positiva- Enfocament Restauratiu Global<\/a><\/p>\n","protected":false},"excerpt":{"rendered":"<p>Comencem a treballar com a centre que \u00a0vol per promoure la necessitat de canvi cap a una comunitat educativa restaurativa tenint en compte els valors i principis de l&#8217;Enfocament Restauratiu Global,\u00a0les noves habilitats a aprendre per construir relacions i crear comunitat, donar resposta positiva al conflicte, reparar danys i restaurar relacions definint els elements estructurals [&hellip;]<\/p>\n","protected":false},"author":1,"featured_media":0,"parent":1290,"menu_order":8,"comment_status":"closed","ping_status":"closed","template":"page-templates\/side-menu.php","meta":{"_bbp_topic_count":0,"_bbp_reply_count":0,"_bbp_total_topic_count":0,"_bbp_total_reply_count":0,"_bbp_voice_count":0,"_bbp_anonymous_reply_count":0,"_bbp_topic_count_hidden":0,"_bbp_reply_count_hidden":0,"_bbp_forum_subforum_count":0,"site-sidebar-layout":"default","site-content-layout":"","ast-site-content-layout":"","site-content-style":"default","site-sidebar-style":"default","ast-global-header-display":"","ast-banner-title-visibility":"","ast-main-header-display":"","ast-hfb-above-header-display":"","ast-hfb-below-header-display":"","ast-hfb-mobile-header-display":"","site-post-title":"","ast-breadcrumbs-content":"","ast-featured-img":"","footer-sml-layout":"","theme-transparent-header-meta":"","adv-header-id-meta":"","stick-header-meta":"","header-above-stick-meta":"","header-main-stick-meta":"","header-below-stick-meta":"","astra-migrate-meta-layouts":"default","ast-page-background-enabled":"default","ast-page-background-meta":{"desktop":{"background-color":"var(--ast-global-color-4)","background-image":"","background-repeat":"repeat","background-position":"center center","background-size":"auto","background-attachment":"scroll","background-type":"","background-media":"","overlay-type":"","overlay-color":"","overlay-opacity":"","overlay-gradient":""},"tablet":{"background-color":"","background-image":"","background-repeat":"repeat","background-position":"center center","background-size":"auto","background-attachment":"scroll","background-type":"","background-media":"","overlay-type":"","overlay-color":"","overlay-opacity":"","overlay-gradient":""},"mobile":{"background-color":"","background-image":"","background-repeat":"repeat","background-position":"center center","background-size":"auto","background-attachment":"scroll","background-type":"","background-media":"","overlay-type":"","overlay-color":"","overlay-opacity":"","overlay-gradient":""}},"ast-content-background-meta":{"desktop":{"background-color":"var(--ast-global-color-5)","background-image":"","background-repeat":"repeat","background-position":"center center","background-size":"auto","background-attachment":"scroll","background-type":"","background-media":"","overlay-type":"","overlay-color":"","overlay-opacity":"","overlay-gradient":""},"tablet":{"background-color":"var(--ast-global-color-5)","background-image":"","background-repeat":"repeat","background-position":"center center","background-size":"auto","background-attachment":"scroll","background-type":"","background-media":"","overlay-type":"","overlay-color":"","overlay-opacity":"","overlay-gradient":""},"mobile":{"background-color":"var(--ast-global-color-5)","background-image":"","background-repeat":"repeat","background-position":"center center","background-size":"auto","background-attachment":"scroll","background-type":"","background-media":"","overlay-type":"","overlay-color":"","overlay-opacity":"","overlay-gradient":""}},"footnotes":""},"class_list":["post-6048","page","type-page","status-publish","hentry"],"post_mailing_queue_ids":[],"_links":{"self":[{"href":"https:\/\/agora.xtec.cat\/escolasantmarti\/wp-json\/wp\/v2\/pages\/6048","targetHints":{"allow":["GET"]}}],"collection":[{"href":"https:\/\/agora.xtec.cat\/escolasantmarti\/wp-json\/wp\/v2\/pages"}],"about":[{"href":"https:\/\/agora.xtec.cat\/escolasantmarti\/wp-json\/wp\/v2\/types\/page"}],"author":[{"embeddable":true,"href":"https:\/\/agora.xtec.cat\/escolasantmarti\/wp-json\/wp\/v2\/users\/1"}],"replies":[{"embeddable":true,"href":"https:\/\/agora.xtec.cat\/escolasantmarti\/wp-json\/wp\/v2\/comments?post=6048"}],"version-history":[{"count":6,"href":"https:\/\/agora.xtec.cat\/escolasantmarti\/wp-json\/wp\/v2\/pages\/6048\/revisions"}],"predecessor-version":[{"id":6456,"href":"https:\/\/agora.xtec.cat\/escolasantmarti\/wp-json\/wp\/v2\/pages\/6048\/revisions\/6456"}],"up":[{"embeddable":true,"href":"https:\/\/agora.xtec.cat\/escolasantmarti\/wp-json\/wp\/v2\/pages\/1290"}],"wp:attachment":[{"href":"https:\/\/agora.xtec.cat\/escolasantmarti\/wp-json\/wp\/v2\/media?parent=6048"}],"curies":[{"name":"wp","href":"https:\/\/api.w.org\/{rel}","templated":true}]}}