{"id":30,"date":"2014-09-18T12:30:23","date_gmt":"2014-09-18T11:30:23","guid":{"rendered":"http:\/\/agora.xtec.cat\/escolasantmarti\/?page_id=30"},"modified":"2019-10-07T10:30:37","modified_gmt":"2019-10-07T08:30:37","slug":"instal%c2%b7lacions","status":"publish","type":"page","link":"https:\/\/agora.xtec.cat\/escolasantmarti\/lescola\/instal%c2%b7lacions\/","title":{"rendered":"Instal\u00b7lacions"},"content":{"rendered":"<p><b>\r\n\t<div class=\"slideshow_container slideshow_container_style-light\" style=\"height: 200px; \" data-slideshow-id=\"142\" data-style-name=\"style-light\" data-style-version=\"2.3.1\" >\r\n\r\n\t\t\t\t\t<div class=\"slideshow_loading_icon\"><\/div>\r\n\t\t\r\n\t\t<div class=\"slideshow_content\" style=\"display: none;\">\r\n\r\n\t\t\t<div class=\"slideshow_view\">\r\n\t\t\t\t<div class=\"slideshow_slide slideshow_slide_image\">\r\n\t\t\t\t\t\t\t\t\t\t\t<img src=\"https:\/\/agora.xtec.cat\/escolasantmarti\/wp-content\/uploads\/usu1487\/2014\/09\/Gimn\u00e0s.jpg\" alt=\"Gimn\u00e0s\" width=\"960\" height=\"720\" \/>\r\n\t\t\t\t\t\t\t\t\t\t<div class=\"slideshow_description_box slideshow_transparent\">\r\n\t\t\t\t\t\t<div class=\"slideshow_title\">Gimn\u00e0s<\/div>\t\t\t\t\t\t\t\t\t\t\t<\/div>\r\n\t\t\t\t<\/div>\r\n\r\n\t\t\t\t\t\t\r\n\t\t\t\t<div class=\"slideshow_slide slideshow_slide_image\">\r\n\t\t\t\t\t\t\t\t\t\t\t<img src=\"https:\/\/agora.xtec.cat\/escolasantmarti\/wp-content\/uploads\/usu1487\/2014\/09\/Psicomotricitat.jpg\" alt=\"Psicomotricitat\" width=\"960\" height=\"720\" \/>\r\n\t\t\t\t\t\t\t\t\t\t<div class=\"slideshow_description_box slideshow_transparent\">\r\n\t\t\t\t\t\t<div class=\"slideshow_title\">Psicomotricitat<\/div>\t\t\t\t\t\t\t\t\t\t\t<\/div>\r\n\t\t\t\t<\/div>\r\n\r\n\t\t\t\t\t\t<div style=\"clear: both;\"><\/div><\/div><div class=\"slideshow_view\">\r\n\t\t\t\t<div class=\"slideshow_slide slideshow_slide_image\">\r\n\t\t\t\t\t\t\t\t\t\t\t<img src=\"https:\/\/agora.xtec.cat\/escolasantmarti\/wp-content\/uploads\/usu1487\/2014\/09\/inform\u00e0tica.jpg\" alt=\"inform\u00e0tica\" width=\"960\" height=\"720\" \/>\r\n\t\t\t\t\t\t\t\t\t\t<div class=\"slideshow_description_box slideshow_transparent\">\r\n\t\t\t\t\t\t<div class=\"slideshow_title\">inform\u00e0tica<\/div>\t\t\t\t\t\t\t\t\t\t\t<\/div>\r\n\t\t\t\t<\/div>\r\n\r\n\t\t\t\t\t\t\r\n\t\t\t\t<div class=\"slideshow_slide slideshow_slide_image\">\r\n\t\t\t\t\t\t\t\t\t\t\t<img src=\"https:\/\/agora.xtec.cat\/escolasantmarti\/wp-content\/uploads\/usu1487\/2014\/09\/musica-1.jpg\" alt=\"Aula de m\u00fasica\" width=\"960\" height=\"720\" \/>\r\n\t\t\t\t\t\t\t\t\t\t<div class=\"slideshow_description_box slideshow_transparent\">\r\n\t\t\t\t\t\t<div class=\"slideshow_title\">Aula de m\u00fasica<\/div>\t\t\t\t\t\t\t\t\t\t\t<\/div>\r\n\t\t\t\t<\/div>\r\n\r\n\t\t\t\t\t\t<div style=\"clear: both;\"><\/div><\/div>\r\n\t\t<\/div>\r\n\r\n\t\t<div class=\"slideshow_controlPanel slideshow_transparent\" style=\"display: none;\"><ul><li class=\"slideshow_togglePlay\" data-play-text=\"Visualitza\" data-pause-text=\"Pausa\"><\/li><\/ul><\/div>\r\n\r\n\t\t<div class=\"slideshow_button slideshow_previous slideshow_transparent\" role=\"button\" data-previous-text=\"Anterior\" style=\"display: none;\"><\/div>\r\n\t\t<div class=\"slideshow_button slideshow_next slideshow_transparent\" role=\"button\" data-next-text=\"Seg\u00fcent\" style=\"display: none;\"><\/div>\r\n\r\n\t\t<div class=\"slideshow_pagination\" style=\"display: none;\" data-go-to-text=\"V\u00e9s a la diapositiva\"><div class=\"slideshow_pagination_center\"><\/div><\/div>\r\n\r\n\t\t<!-- WordPress Slideshow Version 2.3.1 -->\r\n\r\n\t\t\t<\/div>\r\n\r\n<\/b><\/p>\n<p><b>. Aula de M\u00fasica<br \/>\n<\/b>L&#8217;aula de m\u00fasica est\u00e0 situada a la segona planta. Disposa d&#8217;un piano electr\u00f2nic, una pissarrda digital interactiva, 10 ordinadors amb programes de m\u00fasica i un conjunt d&#8217;instruments \u00a0per a poder desenvolupar les diferents activitats\u00a0musicals.<b><br \/>\n<\/b><\/p>\n<p><b>. Aules d\u2019inform\u00e0tica<br \/>\n<\/b>Tamb\u00e9 a la segona planta hi ha l&#8217;aula d&#8217;inform\u00e0tica I amb 27 ordinadors, una impresora, un escanner i un monitor de projecci\u00f3 per a presentar a tot el grups les diferents activitats.<br \/>\nA m\u00e9s es disposa d&#8217;una segona aula d&#8217;inform\u00e0tica amb 16 ordinadors preparats per a l&#8217;edici\u00f3 multim\u00e8dia , on es desenvolupen els tallers audiovisuals.<br \/>\n<b><br \/>\n<\/b><b>. Aula de psicomotricitat<br \/>\n<\/b>L&#8217;aula de psicomotricitat es troba a la planta baixa i est\u00e0 dedicada integrament a les activitats que Educaci\u00f3 Infantil i Cicle Inicial desenvolupen. Disposa dels materials propis d&#8217;aquestes aules aix\u00ed com d&#8217;espatlleres i equips de so i v\u00eddeo.\u00a0<b><\/b><\/p>\n<p><b>. Gimn\u00e0s.<br \/>\n<\/b>El gimn\u00e0s es troba a la planta baixa de l&#8217;edifici. Dona directament al pati posterior i disposa de vestuaris i dutxes.<b><br \/>\n<\/b><\/p>\n<p><b>. Aula angl\u00e8s<br \/>\n<\/b>Es troba a la planta baixa i disposa d&#8217;un projector d&#8217;ordinador aix\u00ed com dels materials necessaris per acollir grans grups o grups partits que desenvolupen activitats orals i escrites d&#8217;angl\u00e8s.<\/p>\n<p><b>. Laboratori<br \/>\n<\/b>Situat a la segona planta recull tots els materials per al desenvolpament d&#8217;experiments. Disposa a m\u00e9s d&#8217;un ordinador i \u00a0pantalla port\u00e0til per a la presentaci\u00f3 de materials multim\u00e8dia.<\/p>\n<p><b>. Biblioteca<br \/>\n<\/b>De nova creaci\u00f3 la biblioteca est\u00e0 situada a la part baixa de l&#8217;edifici i disposa d&#8217;una entrada independent per tal de que se&#8217;n pugui fer \u00fas fora de les hores lectives. Hi ha una pissarra digital interactiva i ordinadors per a la consulta dels usuaris.<\/p>\n","protected":false},"excerpt":{"rendered":"<p>. Aula de M\u00fasica L&#8217;aula de m\u00fasica est\u00e0 situada a la segona planta. Disposa d&#8217;un piano electr\u00f2nic, una pissarrda digital interactiva, 10 ordinadors amb programes de m\u00fasica i un conjunt d&#8217;instruments \u00a0per a poder desenvolupar les diferents activitats\u00a0musicals. . Aules d\u2019inform\u00e0tica Tamb\u00e9 a la segona planta hi ha l&#8217;aula d&#8217;inform\u00e0tica I amb 27 ordinadors, una [&hellip;]<\/p>\n","protected":false},"author":1,"featured_media":0,"parent":22,"menu_order":30,"comment_status":"closed","ping_status":"closed","template":"page-templates\/side-menu.php","meta":{"_bbp_topic_count":0,"_bbp_reply_count":0,"_bbp_total_topic_count":0,"_bbp_total_reply_count":0,"_bbp_voice_count":0,"_bbp_anonymous_reply_count":0,"_bbp_topic_count_hidden":0,"_bbp_reply_count_hidden":0,"_bbp_forum_subforum_count":0,"site-sidebar-layout":"default","site-content-layout":"","ast-site-content-layout":"","site-content-style":"default","site-sidebar-style":"default","ast-global-header-display":"","ast-banner-title-visibility":"","ast-main-header-display":"","ast-hfb-above-header-display":"","ast-hfb-below-header-display":"","ast-hfb-mobile-header-display":"","site-post-title":"","ast-breadcrumbs-content":"","ast-featured-img":"","footer-sml-layout":"","theme-transparent-header-meta":"","adv-header-id-meta":"","stick-header-meta":"","header-above-stick-meta":"","header-main-stick-meta":"","header-below-stick-meta":"","astra-migrate-meta-layouts":"default","ast-page-background-enabled":"default","ast-page-background-meta":{"desktop":{"background-color":"var(--ast-global-color-4)","background-image":"","background-repeat":"repeat","background-position":"center center","background-size":"auto","background-attachment":"scroll","background-type":"","background-media":"","overlay-type":"","overlay-color":"","overlay-opacity":"","overlay-gradient":""},"tablet":{"background-color":"","background-image":"","background-repeat":"repeat","background-position":"center center","background-size":"auto","background-attachment":"scroll","background-type":"","background-media":"","overlay-type":"","overlay-color":"","overlay-opacity":"","overlay-gradient":""},"mobile":{"background-color":"","background-image":"","background-repeat":"repeat","background-position":"center center","background-size":"auto","background-attachment":"scroll","background-type":"","background-media":"","overlay-type":"","overlay-color":"","overlay-opacity":"","overlay-gradient":""}},"ast-content-background-meta":{"desktop":{"background-color":"var(--ast-global-color-5)","background-image":"","background-repeat":"repeat","background-position":"center center","background-size":"auto","background-attachment":"scroll","background-type":"","background-media":"","overlay-type":"","overlay-color":"","overlay-opacity":"","overlay-gradient":""},"tablet":{"background-color":"var(--ast-global-color-5)","background-image":"","background-repeat":"repeat","background-position":"center center","background-size":"auto","background-attachment":"scroll","background-type":"","background-media":"","overlay-type":"","overlay-color":"","overlay-opacity":"","overlay-gradient":""},"mobile":{"background-color":"var(--ast-global-color-5)","background-image":"","background-repeat":"repeat","background-position":"center center","background-size":"auto","background-attachment":"scroll","background-type":"","background-media":"","overlay-type":"","overlay-color":"","overlay-opacity":"","overlay-gradient":""}},"footnotes":""},"class_list":["post-30","page","type-page","status-publish","hentry"],"post_mailing_queue_ids":[],"_links":{"self":[{"href":"https:\/\/agora.xtec.cat\/escolasantmarti\/wp-json\/wp\/v2\/pages\/30","targetHints":{"allow":["GET"]}}],"collection":[{"href":"https:\/\/agora.xtec.cat\/escolasantmarti\/wp-json\/wp\/v2\/pages"}],"about":[{"href":"https:\/\/agora.xtec.cat\/escolasantmarti\/wp-json\/wp\/v2\/types\/page"}],"author":[{"embeddable":true,"href":"https:\/\/agora.xtec.cat\/escolasantmarti\/wp-json\/wp\/v2\/users\/1"}],"replies":[{"embeddable":true,"href":"https:\/\/agora.xtec.cat\/escolasantmarti\/wp-json\/wp\/v2\/comments?post=30"}],"version-history":[{"count":3,"href":"https:\/\/agora.xtec.cat\/escolasantmarti\/wp-json\/wp\/v2\/pages\/30\/revisions"}],"predecessor-version":[{"id":545,"href":"https:\/\/agora.xtec.cat\/escolasantmarti\/wp-json\/wp\/v2\/pages\/30\/revisions\/545"}],"up":[{"embeddable":true,"href":"https:\/\/agora.xtec.cat\/escolasantmarti\/wp-json\/wp\/v2\/pages\/22"}],"wp:attachment":[{"href":"https:\/\/agora.xtec.cat\/escolasantmarti\/wp-json\/wp\/v2\/media?parent=30"}],"curies":[{"name":"wp","href":"https:\/\/api.w.org\/{rel}","templated":true}]}}