{"id":28,"date":"2018-02-28T12:29:35","date_gmt":"2018-02-28T11:29:35","guid":{"rendered":"http:\/\/agora.xtec.cat\/escolasantmarti\/?page_id=28"},"modified":"2025-05-15T10:23:18","modified_gmt":"2025-05-15T08:23:18","slug":"menjador","status":"publish","type":"page","link":"https:\/\/agora.xtec.cat\/escolasantmarti\/serveis\/menjador\/","title":{"rendered":"Menjador Escolar"},"content":{"rendered":"<h4>Us donem la benvinguda al temps educatiu de migdia gestionat per 7 i TRIA\/Fundesplai, i us informem que en comen\u00e7ar el curs escolar 2024-2025, s\u2019iniciar\u00e0 el servei de menjador el mateix dilluns 9 de setembre de 2024.<\/h4>\n<h4>Des de 7 i TRIA\/Fundesplai entenem el menjador escolar com a espai complementari a l\u2019entorn familiar, i com un temps educatiu en qu\u00e8 les dimensions nutricional i relacional configuren els eixos principals.<\/h4>\n<h4>Treballem per oferir un espai educatiu on tots els agents: infants, monitoratge, equip de cuina, l\u2019escola i la fam\u00edlia en formin part activa. I treballem conjuntament per afavorir el benestar emocional i el desenvolupament aut\u00f2nom dels infants.<\/h4>\n<h4>Per aix\u00f2, vetllarem per garantir un bon funcionament del servei i per oferir uns canals de comunicaci\u00f3 fluids amb vosaltres.<\/h4>\n<h4>Dins de l\u2019horari de menjador diferenciem dos espais que conviuen durant aquest temps: l\u2019espai de dinar i l\u2019espai de lleure<\/h4>\n<h4>El rendiment escolar est\u00e0 directament relacionat amb uns h\u00e0bits alimentaris saludables dels infants, \u00e9s per aix\u00f2 que planifiquem uns men\u00fas variats i adap- tats a les necessitats dels alumnes, basats en l\u2019alimentaci\u00f3 mediterr\u00e0nia, la sostenibilitat del planeta i amb mat\u00e8ries primeres cuinades de manera saludable.<\/h4>\n<h4>Durant l\u2019estona de lleure els infants gaudiran de jocs, din\u00e0miques de grup, tallers, can\u00e7ons&#8230; creixent en valors i promovent actituds positives vers als altres i l\u2019entorn.<\/h4>\n<h4>Restem a la vostre disposici\u00f3 per qualsevol dubte, aclariment.<\/h4>\n<h4><span style=\"color: #ff6600;\">Equip de coordinaci\u00f3<\/span><\/h4>\n<h4><\/h4>\n<h4>L\u2019horari del servei de menjador ser\u00e0:<\/h4>\n<h4>Jornada ordin\u00e0ria: de 12,30h a 15h<\/h4>\n<h4>Jornada intensiva: de 13,00h a 15,30h.<\/h4>\n<h4>Per tal de poder mantenir una bona comunicaci\u00f3 amb les fam\u00edlies i resoldre qualsevol dubte referent al servei de menjador, posem a disposici\u00f3 de les fam\u00edlies diferents opcions:<\/h4>\n<h4>Horari d\u2019atenci\u00f3 a les fam\u00edlies de la Coordinadora de menjador de 08:30 \u2013 9:30 h<\/h4>\n<h4><span style=\"color: #ff6600;\">Telf. de contacte coordinadora de Menjador 675 94 49 21 ESTHER REYES<\/span><\/h4>\n<h4><span style=\"color: #ff6600;\">Correu electr\u00f3nic servei menjador:<\/span> <a href=\"mailto:coord.santmarti.arenysmunt@fundesplai.org\">coord.santmarti.arenysmunt@fundesplai.org<\/a><\/h4>\n<h4><span style=\"color: #ff6600;\">Informe P3:<\/span> els nens\/es de P3 rebreu, mitjan\u00e7ant l\u2019app, un petit informe diari per explicar-vos com ha estat el vostre fill\/a durant aquesta estona.<\/h4>\n<h4><span style=\"color: #ff6600;\">Informes de seguiment:<\/span> Al final de cada trimestre, totes les fam\u00edlies, rebreu un informe de com ha anat aquests mesos.<\/h4>\n<h4><span style=\"color: #ff6600;\">Full d\u2019incid\u00e8ncia:<\/span> El farem servir com a eina per possibles comunicacions i avisos de diferents caracter\u00edstiques<\/h4>\n<h4><span style=\"color: #ff6600;\">En funci\u00f3 de la necessitat de cada fam\u00edlia:<\/span> podeu contactar amb nosaltres per concertar entrevista, demanar informaci\u00f3, &#8230; sempre que ho necessiteu (presencialment tots els matins, per tel\u00e8fon, email o whastapp).<\/h4>\n<h4><span style=\"color: #ff6600;\">En el cas de malaltia seguirem el mateix protocol que l\u2019escola.<\/span><\/h4>\n<h4><span style=\"color: #ff6600;\">Medicaments:<\/span><\/h4>\n<h4>El personal del servei de menjador no est\u00e0 autoritzat a administrar medicaments als infants. Nom\u00e9s en casos en qu\u00e8 el tractament hagi de seguir una pauta durant l\u2019horari del servei de menjador es podr\u00e0 administrar si la fam\u00edlia ha lliurat la seg\u00fcent documentaci\u00f3:<\/h4>\n<h4>&#8211; La prescripci\u00f3 m\u00e8dica amb el nom del medicament, la dosi, l\u2019horari i els dies de tractament.<\/h4>\n<h4>&#8211; L\u2019autoritzaci\u00f3 signada pels tutors\/es legals.<\/h4>\n<h4><span style=\"color: #ff6600;\">Programaci\u00f3 d\u2019activitats:<\/span> la penjarem a l&#8217;apartat de Multim\u00e8dia de l&#8217;APP.<\/h4>\n<h4><span style=\"color: #ff6600;\">Telef\u00f2nicament:<\/span> sempre que la situaci\u00f3 ho requereixi, ens posarem en contacte telef\u00f2nic amb la fam\u00edlia per tal d\u2019informar-vos de qualsevol cosa important.<\/h4>\n<h4><span style=\"color: #ff6600;\">APP de menjador:<\/span> Amb l&#8217;usuari al donar-se d\u2019alta a la APP podreu accedir a l&#8217;apartat Multim\u00e8dia on trobareu informacions d&#8217;inter\u00e8s, fotos de les activitats, petits articles, men\u00fas , etc. relacionats amb el temps del migdia.<\/h4>\n<h3><span style=\"color: #ff6600;\">EL TEMPS DEL MIGDIA<\/span><\/h3>\n<h4>Els men\u00fas de7ITRIA estan planificats per una dietista i segueixen les recomanacions que marca la guia PREME de la Generalitat de Catalunya.<\/h4>\n<h4>Els podeu consultar a l&#8217;apartat de Multim\u00e8dia de l&#8217; APP.<\/h4>\n<h4>La metodologia del projecte SERVIM-NOS implementat en el servei de menjador, consisteix en que els infants siguin protagonistes actius de l&#8217;espai de migdia.<\/h4>\n<h3><span style=\"color: #ff6600;\">P\u00cdCNIC<\/span><\/h3>\n<h4>Els dies que l\u2019escola organitzi una sortida de tot el dia, els usuaris de menjador tindr\u00e0n un men\u00fa de p\u00edcnic. Aquest men\u00fa constar\u00e0 , amanida de pasta, nuggets , 1 pe\u00e7a de fruita, i el tovall\u00f3 i coberts.<\/h4>\n<h4>Es pot fer una ren\u00fancia d&#8217;aquest per escrit a la coordinadora que s&#8217;haur\u00e0 de renovar anualment.<\/h4>\n<h3><span style=\"color: #ff6600;\">INTOLER\u00c0NCIES ALIMENT\u00c0RIES I DIETES<\/span><\/h3>\n<h4>La fam\u00edlia \u00e9s la responsable d\u2019informar al servei de menjador de les situacions aliment\u00e0ries que l\u2019equip de cuina i monitoratge ha de tenir presents ( al\u00b7l\u00e8rgies, intoler\u00e0ncies, dietes&#8230;) mitjan\u00e7ant la fitxa sanit\u00e0ria de l\u2019alumnat i, durant el curs, adre\u00e7ant-se a la coordinadora del servei de menjador.<\/h4>\n<h4>Les fam\u00edlies que sol\u00b7licitin un men\u00fa adaptat a les necessitats de l\u2019infant per al\u00b7l\u00e8rgia, intoler\u00e0ncies o problemes metab\u00f2lics, hauran d\u2019entregar la seg\u00fcent documentaci\u00f3 a la coordinadora, abans no es faci \u00fas del servei de menjador:<\/h4>\n<h4>\u2714 Fitxa m\u00e8dica adjunta a la inscripci\u00f3 del servei de menjador<\/h4>\n<h4>\u2714 Informe m\u00e8dic amb la llista detallada dels aliments que pot i no pot consumir.<\/h4>\n<h4>Els infants que requereixin una dieta astringent per un per\u00edode superior a tres dies, hauran d\u2019aportar una prescripci\u00f3 m\u00e8dica.<\/h4>\n","protected":false},"excerpt":{"rendered":"<p>Us donem la benvinguda al temps educatiu de migdia gestionat per 7 i TRIA\/Fundesplai, i us informem que en comen\u00e7ar el curs escolar 2024-2025, s\u2019iniciar\u00e0 el servei de menjador el mateix dilluns 9 de setembre de 2024. Des de 7 i TRIA\/Fundesplai entenem el menjador escolar com a espai complementari a l\u2019entorn familiar, i com [&hellip;]<\/p>\n","protected":false},"author":1,"featured_media":0,"parent":66,"menu_order":10,"comment_status":"closed","ping_status":"closed","template":"page-templates\/side-menu.php","meta":{"_bbp_topic_count":0,"_bbp_reply_count":0,"_bbp_total_topic_count":0,"_bbp_total_reply_count":0,"_bbp_voice_count":0,"_bbp_anonymous_reply_count":0,"_bbp_topic_count_hidden":0,"_bbp_reply_count_hidden":0,"_bbp_forum_subforum_count":0,"site-sidebar-layout":"default","site-content-layout":"","ast-site-content-layout":"","site-content-style":"default","site-sidebar-style":"default","ast-global-header-display":"","ast-banner-title-visibility":"","ast-main-header-display":"","ast-hfb-above-header-display":"","ast-hfb-below-header-display":"","ast-hfb-mobile-header-display":"","site-post-title":"","ast-breadcrumbs-content":"","ast-featured-img":"","footer-sml-layout":"","theme-transparent-header-meta":"","adv-header-id-meta":"","stick-header-meta":"","header-above-stick-meta":"","header-main-stick-meta":"","header-below-stick-meta":"","astra-migrate-meta-layouts":"default","ast-page-background-enabled":"default","ast-page-background-meta":{"desktop":{"background-color":"var(--ast-global-color-4)","background-image":"","background-repeat":"repeat","background-position":"center center","background-size":"auto","background-attachment":"scroll","background-type":"","background-media":"","overlay-type":"","overlay-color":"","overlay-opacity":"","overlay-gradient":""},"tablet":{"background-color":"","background-image":"","background-repeat":"repeat","background-position":"center center","background-size":"auto","background-attachment":"scroll","background-type":"","background-media":"","overlay-type":"","overlay-color":"","overlay-opacity":"","overlay-gradient":""},"mobile":{"background-color":"","background-image":"","background-repeat":"repeat","background-position":"center center","background-size":"auto","background-attachment":"scroll","background-type":"","background-media":"","overlay-type":"","overlay-color":"","overlay-opacity":"","overlay-gradient":""}},"ast-content-background-meta":{"desktop":{"background-color":"var(--ast-global-color-5)","background-image":"","background-repeat":"repeat","background-position":"center center","background-size":"auto","background-attachment":"scroll","background-type":"","background-media":"","overlay-type":"","overlay-color":"","overlay-opacity":"","overlay-gradient":""},"tablet":{"background-color":"var(--ast-global-color-5)","background-image":"","background-repeat":"repeat","background-position":"center center","background-size":"auto","background-attachment":"scroll","background-type":"","background-media":"","overlay-type":"","overlay-color":"","overlay-opacity":"","overlay-gradient":""},"mobile":{"background-color":"var(--ast-global-color-5)","background-image":"","background-repeat":"repeat","background-position":"center center","background-size":"auto","background-attachment":"scroll","background-type":"","background-media":"","overlay-type":"","overlay-color":"","overlay-opacity":"","overlay-gradient":""}},"footnotes":""},"class_list":["post-28","page","type-page","status-publish","hentry"],"post_mailing_queue_ids":[],"_links":{"self":[{"href":"https:\/\/agora.xtec.cat\/escolasantmarti\/wp-json\/wp\/v2\/pages\/28","targetHints":{"allow":["GET"]}}],"collection":[{"href":"https:\/\/agora.xtec.cat\/escolasantmarti\/wp-json\/wp\/v2\/pages"}],"about":[{"href":"https:\/\/agora.xtec.cat\/escolasantmarti\/wp-json\/wp\/v2\/types\/page"}],"author":[{"embeddable":true,"href":"https:\/\/agora.xtec.cat\/escolasantmarti\/wp-json\/wp\/v2\/users\/1"}],"replies":[{"embeddable":true,"href":"https:\/\/agora.xtec.cat\/escolasantmarti\/wp-json\/wp\/v2\/comments?post=28"}],"version-history":[{"count":7,"href":"https:\/\/agora.xtec.cat\/escolasantmarti\/wp-json\/wp\/v2\/pages\/28\/revisions"}],"predecessor-version":[{"id":7711,"href":"https:\/\/agora.xtec.cat\/escolasantmarti\/wp-json\/wp\/v2\/pages\/28\/revisions\/7711"}],"up":[{"embeddable":true,"href":"https:\/\/agora.xtec.cat\/escolasantmarti\/wp-json\/wp\/v2\/pages\/66"}],"wp:attachment":[{"href":"https:\/\/agora.xtec.cat\/escolasantmarti\/wp-json\/wp\/v2\/media?parent=28"}],"curies":[{"name":"wp","href":"https:\/\/api.w.org\/{rel}","templated":true}]}}