{"id":26,"date":"2014-09-18T12:24:32","date_gmt":"2014-09-18T11:24:32","guid":{"rendered":"http:\/\/agora.xtec.cat\/escolasantmarti\/?page_id=26"},"modified":"2025-10-14T15:16:39","modified_gmt":"2025-10-14T13:16:39","slug":"historia","status":"publish","type":"page","link":"https:\/\/agora.xtec.cat\/escolasantmarti\/lescola\/historia\/","title":{"rendered":"Hist\u00f2ria"},"content":{"rendered":"<p><img loading=\"lazy\" decoding=\"async\" class=\"aligncenter\" src=\"https:\/\/75escolasantmarti.files.wordpress.com\/2012\/05\/logo-75c3a8-aniversari.jpg?w=497&amp;h=498\" width=\"188\" height=\"189\" \/><br \/>\nUs adjuntem tres\u00a0documents que creiem interessants per a con\u00e8ixer millor la nostra hist\u00f2ria.<\/p>\n<p><a href=\"https:\/\/docs.google.com\/presentation\/d\/1kaUD4xBL1-3T8hPH1_c1MdpRAowIwnYT-lYNpeYRlO4\/pub?start=false&amp;loop=false&amp;delayms=3000\" target=\"_blank\" rel=\"noopener\">-El llibre sobre l&#8217;escola Sant Mart\u00ed.<\/a> Una part de la nostra hist\u00f2ria.<\/p>\n<p>&#8211; <a href=\"https:\/\/75escolasantmarti.wordpress.com\/2012\/01\/20\/els-origens-de-lescola-sant-marti-per-francesc-forn-i-salva\/\" target=\"_blank\" rel=\"noopener\">L&#8217;article sobre els inicis \u00a0de l&#8217;escola Sant Mart\u00ed<\/a> al Bloc del 75 aniversari de l&#8217;escola.<\/p>\n<p>&#8211;<a href=\"http:\/\/www.slideshare.net\/sisemarti\/escola-sant-mart-arenys-de-munt-75-aniversari\" target=\"_blank\" rel=\"noopener\">La presentaci\u00f3 de la hist\u00f2ria de l&#8217;escola<\/a> dins del\u00a0<a href=\"https:\/\/es.slideshare.net\/sisemarti?utm_campaign=profiletracking&amp;utm_medium=sssite&amp;utm_source=ssslideview\" target=\"_blank\" rel=\"noopener\">projecte dels 75 anys d&#8217;hist\u00f2ria fet per sis\u00e8 el curs 2011-2012<\/a><br \/>\n<iframe loading=\"lazy\" src=\"https:\/\/www.slideshare.net\/slideshow\/embed_code\/13251037\" width=\"400\" height=\"337\" frameborder=\"0\" marginwidth=\"0\" marginheight=\"0\" scrolling=\"no\"><\/iframe><br\/><br \/>\n<a href=\"https:\/\/docs.google.com\/presentation\/d\/1kaUD4xBL1-3T8hPH1_c1MdpRAowIwnYT-lYNpeYRlO4\/pub?start=false&amp;loop=false&amp;delayms=3000\" target=\"_blank\" rel=\"noopener\"><img loading=\"lazy\" decoding=\"async\" class=\"alignleft\" src=\"https:\/\/lh3.googleusercontent.com\/By_OQIcs3rQuH93f8gXsle5PwFU2h-YThKtLSSk76j6PkrYJCILUus2J6339FRJJ8uznkGNM7nXKn1fbDLH-YZWYullFIVQ8ufxQXvMdsJV9m5dpS-TqwfUdtO3khOhpZ1mLREJ0wJCbkoW8jcWeRGLxxW51UXmPL0ok3c5ZcFMlJsQc8Kfo4O10g2pg8XrYtM3vf_o8sp-eFXxEu-_KkrjWTnJoNmu6FlyjmNGpUoiEGOl5NQ31Pv2woP8KCSZhhJ1UnsD4YoReE0S5wQu4HGZsvH3ZJgeMc2-YuKOXZ3YwCXvD4sFrfvLIqIGsGqdvybfHraT_nPSRO53bIhdvoDvIKR6V_ScdKwxYVtU8LBmImbutgDT0XkR7SpvptFh1NX5x49pO-hvVZOAEdUuPn-2345YVKFJWQg0ECDh6ft66ojO4kne8XnIAZKi5HELSZYrBJpQ_zDtLevyNpZKrUkHocfOQSR2RSgm5Z45Mldrsgf9_Uz2errsXkU8JhTU2-MLXhJdHA2j7Eio6i5EH6h_SiYNR6aMCz0hQtUY5hzJGo3GgZZ7eSOvz4Wuq4DWqL5-8hvYJgCWh__0zshvyMK2GZ6vYmVzl_7wDtkzfw5JZY1SUGxMtCuh_0ZZj-RVMcm-bi6g1oTxrl3ValjkU24iuvJkZu18HuoWqzxrNbw=w379-h549-no\" width=\"206\" height=\"299\" \/><\/a><\/p>\n<p>Aqu\u00ed podeu llegir el llibre que es va fer el curs 1997-1998 per Llu\u00eds Llovet i Maite Casquete.<\/p>\n<p><iframe loading=\"lazy\" src=\"https:\/\/docs.google.com\/presentation\/d\/1kaUD4xBL1-3T8hPH1_c1MdpRAowIwnYT-lYNpeYRlO4\/embed?start=false&amp;loop=false&amp;delayms=3000\" width=\"960\" height=\"749\" frameborder=\"0\" allowfullscreen=\"allowfullscreen\"><\/iframe><\/p>\n","protected":false},"excerpt":{"rendered":"<p>Us adjuntem tres\u00a0documents que creiem interessants per a con\u00e8ixer millor la nostra hist\u00f2ria. -El llibre sobre l&#8217;escola Sant Mart\u00ed. Una part de la nostra hist\u00f2ria. &#8211; L&#8217;article sobre els inicis \u00a0de l&#8217;escola Sant Mart\u00ed al Bloc del 75 aniversari de l&#8217;escola. &#8211;La presentaci\u00f3 de la hist\u00f2ria de l&#8217;escola dins del\u00a0projecte dels 75 anys d&#8217;hist\u00f2ria fet [&hellip;]<\/p>\n","protected":false},"author":1,"featured_media":0,"parent":22,"menu_order":2,"comment_status":"closed","ping_status":"closed","template":"","meta":{"_bbp_topic_count":0,"_bbp_reply_count":0,"_bbp_total_topic_count":0,"_bbp_total_reply_count":0,"_bbp_voice_count":0,"_bbp_anonymous_reply_count":0,"_bbp_topic_count_hidden":0,"_bbp_reply_count_hidden":0,"_bbp_forum_subforum_count":0,"site-sidebar-layout":"default","site-content-layout":"","ast-site-content-layout":"default","site-content-style":"default","site-sidebar-style":"default","ast-global-header-display":"","ast-banner-title-visibility":"","ast-main-header-display":"","ast-hfb-above-header-display":"","ast-hfb-below-header-display":"","ast-hfb-mobile-header-display":"","site-post-title":"","ast-breadcrumbs-content":"","ast-featured-img":"","footer-sml-layout":"","theme-transparent-header-meta":"default","adv-header-id-meta":"","stick-header-meta":"","header-above-stick-meta":"","header-main-stick-meta":"","header-below-stick-meta":"","astra-migrate-meta-layouts":"set","ast-page-background-enabled":"default","ast-page-background-meta":{"desktop":{"background-color":"var(--ast-global-color-4)","background-image":"","background-repeat":"repeat","background-position":"center center","background-size":"auto","background-attachment":"scroll","background-type":"","background-media":"","overlay-type":"","overlay-color":"","overlay-opacity":"","overlay-gradient":""},"tablet":{"background-color":"","background-image":"","background-repeat":"repeat","background-position":"center center","background-size":"auto","background-attachment":"scroll","background-type":"","background-media":"","overlay-type":"","overlay-color":"","overlay-opacity":"","overlay-gradient":""},"mobile":{"background-color":"","background-image":"","background-repeat":"repeat","background-position":"center center","background-size":"auto","background-attachment":"scroll","background-type":"","background-media":"","overlay-type":"","overlay-color":"","overlay-opacity":"","overlay-gradient":""}},"ast-content-background-meta":{"desktop":{"background-color":"var(--ast-global-color-5)","background-image":"","background-repeat":"repeat","background-position":"center center","background-size":"auto","background-attachment":"scroll","background-type":"","background-media":"","overlay-type":"","overlay-color":"","overlay-opacity":"","overlay-gradient":""},"tablet":{"background-color":"var(--ast-global-color-5)","background-image":"","background-repeat":"repeat","background-position":"center center","background-size":"auto","background-attachment":"scroll","background-type":"","background-media":"","overlay-type":"","overlay-color":"","overlay-opacity":"","overlay-gradient":""},"mobile":{"background-color":"var(--ast-global-color-5)","background-image":"","background-repeat":"repeat","background-position":"center center","background-size":"auto","background-attachment":"scroll","background-type":"","background-media":"","overlay-type":"","overlay-color":"","overlay-opacity":"","overlay-gradient":""}},"footnotes":""},"class_list":["post-26","page","type-page","status-publish","hentry"],"post_mailing_queue_ids":[],"_links":{"self":[{"href":"https:\/\/agora.xtec.cat\/escolasantmarti\/wp-json\/wp\/v2\/pages\/26","targetHints":{"allow":["GET"]}}],"collection":[{"href":"https:\/\/agora.xtec.cat\/escolasantmarti\/wp-json\/wp\/v2\/pages"}],"about":[{"href":"https:\/\/agora.xtec.cat\/escolasantmarti\/wp-json\/wp\/v2\/types\/page"}],"author":[{"embeddable":true,"href":"https:\/\/agora.xtec.cat\/escolasantmarti\/wp-json\/wp\/v2\/users\/1"}],"replies":[{"embeddable":true,"href":"https:\/\/agora.xtec.cat\/escolasantmarti\/wp-json\/wp\/v2\/comments?post=26"}],"version-history":[{"count":5,"href":"https:\/\/agora.xtec.cat\/escolasantmarti\/wp-json\/wp\/v2\/pages\/26\/revisions"}],"predecessor-version":[{"id":7989,"href":"https:\/\/agora.xtec.cat\/escolasantmarti\/wp-json\/wp\/v2\/pages\/26\/revisions\/7989"}],"up":[{"embeddable":true,"href":"https:\/\/agora.xtec.cat\/escolasantmarti\/wp-json\/wp\/v2\/pages\/22"}],"wp:attachment":[{"href":"https:\/\/agora.xtec.cat\/escolasantmarti\/wp-json\/wp\/v2\/media?parent=26"}],"curies":[{"name":"wp","href":"https:\/\/api.w.org\/{rel}","templated":true}]}}