{"id":1372,"date":"2019-11-04T14:39:02","date_gmt":"2019-11-04T13:39:02","guid":{"rendered":"http:\/\/agora.xtec.cat\/escolasantmarti\/?page_id=1372"},"modified":"2019-11-25T13:22:59","modified_gmt":"2019-11-25T12:22:59","slug":"consell-de-delegats","status":"publish","type":"page","link":"https:\/\/agora.xtec.cat\/escolasantmarti\/projectes-descola\/consell-de-delegats\/","title":{"rendered":"Consell de delegats"},"content":{"rendered":"<p><a href=\"https:\/\/agora.xtec.cat\/escolasantmarti\/wp-content\/uploads\/usu1487\/2019\/11\/IMG-20191114-WA0002.jpg\"><img loading=\"lazy\" decoding=\"async\" class=\"alignright  wp-image-1546\" src=\"https:\/\/agora.xtec.cat\/escolasantmarti\/wp-content\/uploads\/usu1487\/2019\/11\/IMG-20191114-WA0002-300x225.jpg\" alt=\"\" width=\"367\" height=\"275\" srcset=\"https:\/\/agora.xtec.cat\/escolasantmarti\/wp-content\/uploads\/usu1487\/2019\/11\/IMG-20191114-WA0002-300x225.jpg 300w, https:\/\/agora.xtec.cat\/escolasantmarti\/wp-content\/uploads\/usu1487\/2019\/11\/IMG-20191114-WA0002-768x576.jpg 768w, https:\/\/agora.xtec.cat\/escolasantmarti\/wp-content\/uploads\/usu1487\/2019\/11\/IMG-20191114-WA0002-1024x768.jpg 1024w, https:\/\/agora.xtec.cat\/escolasantmarti\/wp-content\/uploads\/usu1487\/2019\/11\/IMG-20191114-WA0002-200x150.jpg 200w, https:\/\/agora.xtec.cat\/escolasantmarti\/wp-content\/uploads\/usu1487\/2019\/11\/IMG-20191114-WA0002.jpg 2048w\" sizes=\"auto, (max-width: 367px) 100vw, 367px\" \/><\/a>Fa anys que\u00a0 valorem molt positivament el funcionament en el nostre centre del consell de delegats i per aix\u00f2 apostem per la seva continu\u00eftat. Cal que els nens\/es es sentin protagonistes del funcionament de la seva escola. Per aquesta ra\u00f3 , els delegats i subdelegats\u00a0 de tercer a sis\u00e8 es reuneixen mensualment per prendre decisions que afecten en el dia a dia del centre.<\/p>\n<p>Les funcions de la Comissi\u00f3 s\u00f3n:<\/p>\n<ul>\n<li>Potenciar la implicaci\u00f3 de l&#8217;alumnat en la vida escolar en general.<\/li>\n<li>Recollir propostes dels alumnes i intentar aplicar-les. (inversi\u00f3 diners fira)<\/li>\n<li>Dinamitzar l&#8217;hora de tutoria de les aules convertint-les en un\u00a0 espai de di\u00e0leg.<\/li>\n<li>Donar responsabilitat als delegats escollits democr\u00e0ticament pels seus companys.<\/li>\n<li>Decidir les ordres de carnestoltes.<\/li>\n<li>Participar a la revista escolar.<\/li>\n<li>Formar part del Jurat dels r\u00e8tols de Sant Jordi.<\/li>\n<li>Fer-se responsables del calendari de m\u00fasiques d\u2019entrades i sortides.<\/li>\n<li>Aportar idees per la setmana cultural.<\/li>\n<\/ul>\n<p>Pr\u00e8viament a la reuni\u00f3 s&#8217;elaborar\u00e0 un ordre del dia\u00a0 a partir de\u00a0 les propostes dels seus components. Aquest ordre del dia permet als delegats fer les consultes convenients als seus companys durant l&#8217;hora de tutoria. Un cop reunida la comissi\u00f3 la Cap d&#8217;Estudis junt amb els delegats d\u2019una classe (de forma rotativa) elaboraran una acta de les conclusions a qu\u00e8 s&#8217;ha arribat . Els delegats les traspassen als seus companys pel mateix mitj\u00e0.<\/p>\n<p>Malgrat els delegats de tercer, sobretot a principi de curs, encara s\u00f3n petits poc a poc entren en el funcionament de les reunions i fan les seves aportacions<\/p>\n<p>&nbsp;<\/p>\n","protected":false},"excerpt":{"rendered":"<p>Fa anys que\u00a0 valorem molt positivament el funcionament en el nostre centre del consell de delegats i per aix\u00f2 apostem per la seva continu\u00eftat. Cal que els nens\/es es sentin protagonistes del funcionament de la seva escola. Per aquesta ra\u00f3 , els delegats i subdelegats\u00a0 de tercer a sis\u00e8 es reuneixen mensualment per prendre decisions [&hellip;]<\/p>\n","protected":false},"author":8,"featured_media":0,"parent":1290,"menu_order":60,"comment_status":"closed","ping_status":"closed","template":"page-templates\/side-menu.php","meta":{"_bbp_topic_count":0,"_bbp_reply_count":0,"_bbp_total_topic_count":0,"_bbp_total_reply_count":0,"_bbp_voice_count":0,"_bbp_anonymous_reply_count":0,"_bbp_topic_count_hidden":0,"_bbp_reply_count_hidden":0,"_bbp_forum_subforum_count":0,"site-sidebar-layout":"default","site-content-layout":"","ast-site-content-layout":"","site-content-style":"default","site-sidebar-style":"default","ast-global-header-display":"","ast-banner-title-visibility":"","ast-main-header-display":"","ast-hfb-above-header-display":"","ast-hfb-below-header-display":"","ast-hfb-mobile-header-display":"","site-post-title":"","ast-breadcrumbs-content":"","ast-featured-img":"","footer-sml-layout":"","theme-transparent-header-meta":"","adv-header-id-meta":"","stick-header-meta":"","header-above-stick-meta":"","header-main-stick-meta":"","header-below-stick-meta":"","astra-migrate-meta-layouts":"default","ast-page-background-enabled":"default","ast-page-background-meta":{"desktop":{"background-color":"var(--ast-global-color-4)","background-image":"","background-repeat":"repeat","background-position":"center center","background-size":"auto","background-attachment":"scroll","background-type":"","background-media":"","overlay-type":"","overlay-color":"","overlay-opacity":"","overlay-gradient":""},"tablet":{"background-color":"","background-image":"","background-repeat":"repeat","background-position":"center center","background-size":"auto","background-attachment":"scroll","background-type":"","background-media":"","overlay-type":"","overlay-color":"","overlay-opacity":"","overlay-gradient":""},"mobile":{"background-color":"","background-image":"","background-repeat":"repeat","background-position":"center center","background-size":"auto","background-attachment":"scroll","background-type":"","background-media":"","overlay-type":"","overlay-color":"","overlay-opacity":"","overlay-gradient":""}},"ast-content-background-meta":{"desktop":{"background-color":"var(--ast-global-color-5)","background-image":"","background-repeat":"repeat","background-position":"center center","background-size":"auto","background-attachment":"scroll","background-type":"","background-media":"","overlay-type":"","overlay-color":"","overlay-opacity":"","overlay-gradient":""},"tablet":{"background-color":"var(--ast-global-color-5)","background-image":"","background-repeat":"repeat","background-position":"center center","background-size":"auto","background-attachment":"scroll","background-type":"","background-media":"","overlay-type":"","overlay-color":"","overlay-opacity":"","overlay-gradient":""},"mobile":{"background-color":"var(--ast-global-color-5)","background-image":"","background-repeat":"repeat","background-position":"center center","background-size":"auto","background-attachment":"scroll","background-type":"","background-media":"","overlay-type":"","overlay-color":"","overlay-opacity":"","overlay-gradient":""}},"footnotes":""},"class_list":["post-1372","page","type-page","status-publish","hentry"],"post_mailing_queue_ids":[],"_links":{"self":[{"href":"https:\/\/agora.xtec.cat\/escolasantmarti\/wp-json\/wp\/v2\/pages\/1372","targetHints":{"allow":["GET"]}}],"collection":[{"href":"https:\/\/agora.xtec.cat\/escolasantmarti\/wp-json\/wp\/v2\/pages"}],"about":[{"href":"https:\/\/agora.xtec.cat\/escolasantmarti\/wp-json\/wp\/v2\/types\/page"}],"author":[{"embeddable":true,"href":"https:\/\/agora.xtec.cat\/escolasantmarti\/wp-json\/wp\/v2\/users\/8"}],"replies":[{"embeddable":true,"href":"https:\/\/agora.xtec.cat\/escolasantmarti\/wp-json\/wp\/v2\/comments?post=1372"}],"version-history":[{"count":3,"href":"https:\/\/agora.xtec.cat\/escolasantmarti\/wp-json\/wp\/v2\/pages\/1372\/revisions"}],"predecessor-version":[{"id":1548,"href":"https:\/\/agora.xtec.cat\/escolasantmarti\/wp-json\/wp\/v2\/pages\/1372\/revisions\/1548"}],"up":[{"embeddable":true,"href":"https:\/\/agora.xtec.cat\/escolasantmarti\/wp-json\/wp\/v2\/pages\/1290"}],"wp:attachment":[{"href":"https:\/\/agora.xtec.cat\/escolasantmarti\/wp-json\/wp\/v2\/media?parent=1372"}],"curies":[{"name":"wp","href":"https:\/\/api.w.org\/{rel}","templated":true}]}}