{"id":1281,"date":"2019-10-18T13:16:13","date_gmt":"2019-10-18T11:16:13","guid":{"rendered":"http:\/\/agora.xtec.cat\/escolasantmarti\/?page_id=1281"},"modified":"2019-10-18T13:16:13","modified_gmt":"2019-10-18T11:16:13","slug":"potenciacio-de-la-llegua-anglesa","status":"publish","type":"page","link":"https:\/\/agora.xtec.cat\/escolasantmarti\/projectes\/potenciacio-de-la-llegua-anglesa\/","title":{"rendered":"Potenciaci\u00f3 de la llegua anglesa"},"content":{"rendered":"<p>L\u2019escola assumeix l\u2019angl\u00e8s com una eina vital pel futur desenvolupament del nostre alumnat. El nostre projecte d\u2019angl\u00e8s es centra en els seg\u00fcents aspectes:<\/p>\n<ul>\n<li>Angl\u00e8s a tots els cursos d\u2019ensenyament (de P3 a 6\u00e8) amb especialista.<\/li>\n<li>Desdoblar l\u2019angl\u00e8s a CS per a fer un treball m\u00e9s sistem\u00e0tic d\u2019expressi\u00f3 oral.<\/li>\n<li>Implementar l\u2019angl\u00e8s a l\u2019\u00e0rea de m\u00fasica a CI i CM.<\/li>\n<li>Fer tallers en angl\u00e8s a cada cicle.<\/li>\n<li>Sol\u00b7licitar un auxiliar d\u2019angl\u00e8s.<\/li>\n<li>Anar, un cop al curs, a veure una obra de teatre en angl\u00e8s (des de P4)<\/li>\n<li>Fer intercanvis amb altres centres en llengua anglesa (E-twinning)<\/li>\n<\/ul>\n<p>La proposta de l\u2019escola va m\u00e9s enll\u00e0 d\u2019aquestes innovacions. Volem a mig termini poder comptar amb mestres de perfil en llengua anglesa i que l\u2019educaci\u00f3 f\u00edsica del centre i altres \u00e0rees es puguin fer en angl\u00e8s.<\/p>\n<p>&nbsp;<\/p>\n","protected":false},"excerpt":{"rendered":"<p>L\u2019escola assumeix l\u2019angl\u00e8s com una eina vital pel futur desenvolupament del nostre alumnat. El nostre projecte d\u2019angl\u00e8s es centra en els seg\u00fcents aspectes: Angl\u00e8s a tots els cursos d\u2019ensenyament (de P3 a 6\u00e8) amb especialista. Desdoblar l\u2019angl\u00e8s a CS per a fer un treball m\u00e9s sistem\u00e0tic d\u2019expressi\u00f3 oral. Implementar l\u2019angl\u00e8s a l\u2019\u00e0rea de m\u00fasica a [&hellip;]<\/p>\n","protected":false},"author":8,"featured_media":0,"parent":36,"menu_order":30,"comment_status":"closed","ping_status":"closed","template":"page-templates\/side-menu.php","meta":{"_bbp_topic_count":0,"_bbp_reply_count":0,"_bbp_total_topic_count":0,"_bbp_total_reply_count":0,"_bbp_voice_count":0,"_bbp_anonymous_reply_count":0,"_bbp_topic_count_hidden":0,"_bbp_reply_count_hidden":0,"_bbp_forum_subforum_count":0,"site-sidebar-layout":"default","site-content-layout":"","ast-site-content-layout":"","site-content-style":"default","site-sidebar-style":"default","ast-global-header-display":"","ast-banner-title-visibility":"","ast-main-header-display":"","ast-hfb-above-header-display":"","ast-hfb-below-header-display":"","ast-hfb-mobile-header-display":"","site-post-title":"","ast-breadcrumbs-content":"","ast-featured-img":"","footer-sml-layout":"","theme-transparent-header-meta":"","adv-header-id-meta":"","stick-header-meta":"","header-above-stick-meta":"","header-main-stick-meta":"","header-below-stick-meta":"","astra-migrate-meta-layouts":"default","ast-page-background-enabled":"default","ast-page-background-meta":{"desktop":{"background-color":"var(--ast-global-color-4)","background-image":"","background-repeat":"repeat","background-position":"center center","background-size":"auto","background-attachment":"scroll","background-type":"","background-media":"","overlay-type":"","overlay-color":"","overlay-opacity":"","overlay-gradient":""},"tablet":{"background-color":"","background-image":"","background-repeat":"repeat","background-position":"center center","background-size":"auto","background-attachment":"scroll","background-type":"","background-media":"","overlay-type":"","overlay-color":"","overlay-opacity":"","overlay-gradient":""},"mobile":{"background-color":"","background-image":"","background-repeat":"repeat","background-position":"center center","background-size":"auto","background-attachment":"scroll","background-type":"","background-media":"","overlay-type":"","overlay-color":"","overlay-opacity":"","overlay-gradient":""}},"ast-content-background-meta":{"desktop":{"background-color":"var(--ast-global-color-5)","background-image":"","background-repeat":"repeat","background-position":"center center","background-size":"auto","background-attachment":"scroll","background-type":"","background-media":"","overlay-type":"","overlay-color":"","overlay-opacity":"","overlay-gradient":""},"tablet":{"background-color":"var(--ast-global-color-5)","background-image":"","background-repeat":"repeat","background-position":"center center","background-size":"auto","background-attachment":"scroll","background-type":"","background-media":"","overlay-type":"","overlay-color":"","overlay-opacity":"","overlay-gradient":""},"mobile":{"background-color":"var(--ast-global-color-5)","background-image":"","background-repeat":"repeat","background-position":"center center","background-size":"auto","background-attachment":"scroll","background-type":"","background-media":"","overlay-type":"","overlay-color":"","overlay-opacity":"","overlay-gradient":""}},"footnotes":""},"class_list":["post-1281","page","type-page","status-publish","hentry"],"post_mailing_queue_ids":[],"_links":{"self":[{"href":"https:\/\/agora.xtec.cat\/escolasantmarti\/wp-json\/wp\/v2\/pages\/1281","targetHints":{"allow":["GET"]}}],"collection":[{"href":"https:\/\/agora.xtec.cat\/escolasantmarti\/wp-json\/wp\/v2\/pages"}],"about":[{"href":"https:\/\/agora.xtec.cat\/escolasantmarti\/wp-json\/wp\/v2\/types\/page"}],"author":[{"embeddable":true,"href":"https:\/\/agora.xtec.cat\/escolasantmarti\/wp-json\/wp\/v2\/users\/8"}],"replies":[{"embeddable":true,"href":"https:\/\/agora.xtec.cat\/escolasantmarti\/wp-json\/wp\/v2\/comments?post=1281"}],"version-history":[{"count":1,"href":"https:\/\/agora.xtec.cat\/escolasantmarti\/wp-json\/wp\/v2\/pages\/1281\/revisions"}],"predecessor-version":[{"id":1282,"href":"https:\/\/agora.xtec.cat\/escolasantmarti\/wp-json\/wp\/v2\/pages\/1281\/revisions\/1282"}],"up":[{"embeddable":true,"href":"https:\/\/agora.xtec.cat\/escolasantmarti\/wp-json\/wp\/v2\/pages\/36"}],"wp:attachment":[{"href":"https:\/\/agora.xtec.cat\/escolasantmarti\/wp-json\/wp\/v2\/media?parent=1281"}],"curies":[{"name":"wp","href":"https:\/\/api.w.org\/{rel}","templated":true}]}}