{"id":1276,"date":"2019-10-18T13:10:35","date_gmt":"2019-10-18T11:10:35","guid":{"rendered":"http:\/\/agora.xtec.cat\/escolasantmarti\/?page_id=1276"},"modified":"2019-11-14T12:06:10","modified_gmt":"2019-11-14T11:06:10","slug":"treball-per-ambients","status":"publish","type":"page","link":"https:\/\/agora.xtec.cat\/escolasantmarti\/projectes\/treball-per-ambients\/","title":{"rendered":"Treball per ambients"},"content":{"rendered":"<p>El treball per ambients \u00e9s una proposta centrada en diferents espais on els nostres alumnes poden realitzar de manera simult\u00e0nia activitats de tipus cognitiu, manipulatiu i simb\u00f2lic.<\/p>\n<p>Molts estudis han demostrat que qualsevol capacitat es desenvolupa millor amb el\u00a0<strong>joc<\/strong>. A partir d\u2019aquesta afirmaci\u00f3 podem considerar que el joc \u00e9s el millor mitj\u00e0 educatiu per\u00a0afavorir l\u2019aprenentatge i el coneixement. Est\u00e0 demostrat que all\u00f2 que el nen apr\u00e8n a trav\u00e9s d\u2019un joc es transfereix a altres conductes<\/p>\n<p>Els ambients s\u00f3n diferents\u00a0<strong>espais d\u2019aprenentatge<\/strong>, de relaci\u00f3 i comunicaci\u00f3 on a partir de diferents propostes els infants poden actuar, observar, experimentar, construir, inventar, imaginar, compartir, relacionar-se, emocionar-se\u2026i interactuar amb els altres.<\/p>\n<p>Aquest plantejament de treball \u00a0respon a la necessitat que mostren els infants de jugar i relacionar-se. \u00c9s una manera de poder donar resposta als interessos i necessitats dels infants i respectar els diferents ritmes d\u2019aprenentatge.<\/p>\n<p>Els infants disposen d\u2019un temps\u00a0<strong>d\u2019experi\u00e8ncia activa<\/strong>, constru\u00efda per l\u2019adult, per\u00f2 reconstru\u00efda per ells mateixos, on nens i nenes es reuneixen per explorar diverses possibilitats de joc i dels materials.<\/p>\n<p>Els ambients segueixen el model\u00a0<strong>socioconstructivista<\/strong>, el qual parteix d\u2019un aprenentatge significatiu per part de l\u2019alumne, que t\u00e9 en compte els seus coneixements previs i en el qual destaca la gran import\u00e0ncia que t\u00e9 la relaci\u00f3 amb els companys\/es.<\/p>\n<p><strong><u>AMBIENT D\u2019EXPERIMENTACI\u00d3<\/u><\/strong><\/p>\n<p>Es plantejaran diferents propostes per anar treballant:<\/p>\n<ul>\n<li>Safates de manipulaci\u00f3 amb s\u00e8mola, farina, arr\u00f2s&#8230; i amb estris per potenciar el transvasament (pots, coladors, embuts, culleres&#8230; de diferents mides).<\/li>\n<li>Agrupacions amb materials naturals: pedretes, petxines, pinyes&#8230;<\/li>\n<li>Construcci\u00f3 de minimons amb materials naturals i animals.<\/li>\n<li>Experimentaci\u00f3 del pes de diferents materials amb balances<\/li>\n<\/ul>\n<table>\n<tbody>\n<tr>\n<td><strong><u><a href=\"https:\/\/agora.xtec.cat\/escolasantmarti\/wp-content\/uploads\/usu1487\/2019\/10\/IMG-20191021-WA0006.jpg\"><img loading=\"lazy\" decoding=\"async\" class=\"alignright size-medium wp-image-1356\" src=\"https:\/\/agora.xtec.cat\/escolasantmarti\/wp-content\/uploads\/usu1487\/2019\/10\/IMG-20191021-WA0006-300x225.jpg\" alt=\"\" width=\"300\" height=\"225\" srcset=\"https:\/\/agora.xtec.cat\/escolasantmarti\/wp-content\/uploads\/usu1487\/2019\/10\/IMG-20191021-WA0006-300x225.jpg 300w, https:\/\/agora.xtec.cat\/escolasantmarti\/wp-content\/uploads\/usu1487\/2019\/10\/IMG-20191021-WA0006-768x576.jpg 768w, https:\/\/agora.xtec.cat\/escolasantmarti\/wp-content\/uploads\/usu1487\/2019\/10\/IMG-20191021-WA0006-1024x768.jpg 1024w, https:\/\/agora.xtec.cat\/escolasantmarti\/wp-content\/uploads\/usu1487\/2019\/10\/IMG-20191021-WA0006-200x150.jpg 200w, https:\/\/agora.xtec.cat\/escolasantmarti\/wp-content\/uploads\/usu1487\/2019\/10\/IMG-20191021-WA0006.jpg 1600w\" sizes=\"auto, (max-width: 300px) 100vw, 300px\" \/><\/a><\/u><\/strong><\/td>\n<td><a href=\"https:\/\/agora.xtec.cat\/escolasantmarti\/wp-content\/uploads\/usu1487\/2019\/10\/IMG-20191021-WA0004.jpg\"><img loading=\"lazy\" decoding=\"async\" class=\"alignright size-medium wp-image-1357\" src=\"https:\/\/agora.xtec.cat\/escolasantmarti\/wp-content\/uploads\/usu1487\/2019\/10\/IMG-20191021-WA0004-300x225.jpg\" alt=\"\" width=\"300\" height=\"225\" srcset=\"https:\/\/agora.xtec.cat\/escolasantmarti\/wp-content\/uploads\/usu1487\/2019\/10\/IMG-20191021-WA0004-300x225.jpg 300w, https:\/\/agora.xtec.cat\/escolasantmarti\/wp-content\/uploads\/usu1487\/2019\/10\/IMG-20191021-WA0004-768x576.jpg 768w, https:\/\/agora.xtec.cat\/escolasantmarti\/wp-content\/uploads\/usu1487\/2019\/10\/IMG-20191021-WA0004-1024x768.jpg 1024w, https:\/\/agora.xtec.cat\/escolasantmarti\/wp-content\/uploads\/usu1487\/2019\/10\/IMG-20191021-WA0004-200x150.jpg 200w, https:\/\/agora.xtec.cat\/escolasantmarti\/wp-content\/uploads\/usu1487\/2019\/10\/IMG-20191021-WA0004.jpg 1600w\" sizes=\"auto, (max-width: 300px) 100vw, 300px\" \/><\/a><\/td>\n<\/tr>\n<\/tbody>\n<\/table>\n<p><strong><u>AMBIENT SIMB\u00d2LIC<\/u><\/strong><\/p>\n<p><strong>Botigueta:<\/strong> Els clients podran anar a comprar al botiguer\/a i demanar, pagar i emportar-se all\u00f2 que necessiti. El client haur\u00e0 de pagar amb euros, per tan s\u2019inicia la compra-venda de productes i moltes operacions matem\u00e0tiques. \u201cLa Botigueta\u201d est\u00e0 abastida amb tot tipus de productes amb el seu preu corresponent, fins i tot les ofertes del dia.<\/p>\n<table>\n<tbody>\n<tr>\n<td><a href=\"https:\/\/agora.xtec.cat\/escolasantmarti\/wp-content\/uploads\/usu1487\/2019\/11\/IMG_20191105_153933_2.jpg\"><img loading=\"lazy\" decoding=\"async\" class=\"alignright size-medium wp-image-1414\" src=\"https:\/\/agora.xtec.cat\/escolasantmarti\/wp-content\/uploads\/usu1487\/2019\/11\/IMG_20191105_153933_2-300x168.jpg\" alt=\"\" width=\"300\" height=\"168\" srcset=\"https:\/\/agora.xtec.cat\/escolasantmarti\/wp-content\/uploads\/usu1487\/2019\/11\/IMG_20191105_153933_2-300x168.jpg 300w, https:\/\/agora.xtec.cat\/escolasantmarti\/wp-content\/uploads\/usu1487\/2019\/11\/IMG_20191105_153933_2-768x431.jpg 768w, https:\/\/agora.xtec.cat\/escolasantmarti\/wp-content\/uploads\/usu1487\/2019\/11\/IMG_20191105_153933_2-1024x575.jpg 1024w\" sizes=\"auto, (max-width: 300px) 100vw, 300px\" \/><\/a><\/td>\n<td><a href=\"https:\/\/agora.xtec.cat\/escolasantmarti\/wp-content\/uploads\/usu1487\/2019\/11\/IMG_20191105_153858_2.jpg\"><img loading=\"lazy\" decoding=\"async\" class=\"alignright size-medium wp-image-1413\" src=\"https:\/\/agora.xtec.cat\/escolasantmarti\/wp-content\/uploads\/usu1487\/2019\/11\/IMG_20191105_153858_2-300x168.jpg\" alt=\"\" width=\"300\" height=\"168\" srcset=\"https:\/\/agora.xtec.cat\/escolasantmarti\/wp-content\/uploads\/usu1487\/2019\/11\/IMG_20191105_153858_2-300x168.jpg 300w, https:\/\/agora.xtec.cat\/escolasantmarti\/wp-content\/uploads\/usu1487\/2019\/11\/IMG_20191105_153858_2-768x431.jpg 768w, https:\/\/agora.xtec.cat\/escolasantmarti\/wp-content\/uploads\/usu1487\/2019\/11\/IMG_20191105_153858_2-1024x575.jpg 1024w\" sizes=\"auto, (max-width: 300px) 100vw, 300px\" \/><\/a><\/td>\n<\/tr>\n<\/tbody>\n<\/table>\n<p><strong>Cuineta-restaurant:<\/strong> Hi haur\u00e0 un altre espai on es podr\u00e0 cuinar i servir al restaurant. Aquest ambient ens possibilitar\u00e0 iniciar-nos a l\u2019escriptura, adquirir formes de salutacions b\u00e0siques i pautes de comportament\u00a0 i respecte per viure en societat. Tamb\u00e9 ser\u00e0 el moment de jugar a\u00a0 jocs de taula amb els companys\/es i passar una bona estona, on els client i els cambrers tindran clarament definits els seus rols.<\/p>\n<p><strong><u>AMBIENT DE CONSTRUCCIONS<\/u><\/strong><\/p>\n<p>Ser\u00e0 un espai on poder explorar, crear, manipular, experimentar, construir\u2026 amb diferents tipus de material: fustes, legos i playmobils. El material estar\u00e0 classificat per tem\u00e0tiques (ninos, animals, eines, peces, nins, fustes naturals&#8230;) ;<\/p>\n<table>\n<tbody>\n<tr>\n<td><a href=\"https:\/\/agora.xtec.cat\/escolasantmarti\/wp-content\/uploads\/usu1487\/2019\/10\/IMG-20191021-WA0022.jpg\"><img loading=\"lazy\" decoding=\"async\" class=\"alignright size-medium wp-image-1358\" src=\"https:\/\/agora.xtec.cat\/escolasantmarti\/wp-content\/uploads\/usu1487\/2019\/10\/IMG-20191021-WA0022-300x225.jpg\" alt=\"\" width=\"300\" height=\"225\" srcset=\"https:\/\/agora.xtec.cat\/escolasantmarti\/wp-content\/uploads\/usu1487\/2019\/10\/IMG-20191021-WA0022-300x225.jpg 300w, https:\/\/agora.xtec.cat\/escolasantmarti\/wp-content\/uploads\/usu1487\/2019\/10\/IMG-20191021-WA0022-768x576.jpg 768w, https:\/\/agora.xtec.cat\/escolasantmarti\/wp-content\/uploads\/usu1487\/2019\/10\/IMG-20191021-WA0022-1024x768.jpg 1024w, https:\/\/agora.xtec.cat\/escolasantmarti\/wp-content\/uploads\/usu1487\/2019\/10\/IMG-20191021-WA0022-200x150.jpg 200w, https:\/\/agora.xtec.cat\/escolasantmarti\/wp-content\/uploads\/usu1487\/2019\/10\/IMG-20191021-WA0022.jpg 1600w\" sizes=\"auto, (max-width: 300px) 100vw, 300px\" \/><\/a><\/td>\n<td><a href=\"https:\/\/agora.xtec.cat\/escolasantmarti\/wp-content\/uploads\/usu1487\/2019\/10\/IMG-20191021-WA0012.jpg\"><img loading=\"lazy\" decoding=\"async\" class=\"alignright size-medium wp-image-1361\" src=\"https:\/\/agora.xtec.cat\/escolasantmarti\/wp-content\/uploads\/usu1487\/2019\/10\/IMG-20191021-WA0012-300x225.jpg\" alt=\"\" width=\"300\" height=\"225\" srcset=\"https:\/\/agora.xtec.cat\/escolasantmarti\/wp-content\/uploads\/usu1487\/2019\/10\/IMG-20191021-WA0012-300x225.jpg 300w, https:\/\/agora.xtec.cat\/escolasantmarti\/wp-content\/uploads\/usu1487\/2019\/10\/IMG-20191021-WA0012-768x576.jpg 768w, https:\/\/agora.xtec.cat\/escolasantmarti\/wp-content\/uploads\/usu1487\/2019\/10\/IMG-20191021-WA0012-1024x768.jpg 1024w, https:\/\/agora.xtec.cat\/escolasantmarti\/wp-content\/uploads\/usu1487\/2019\/10\/IMG-20191021-WA0012-200x150.jpg 200w, https:\/\/agora.xtec.cat\/escolasantmarti\/wp-content\/uploads\/usu1487\/2019\/10\/IMG-20191021-WA0012.jpg 1600w\" sizes=\"auto, (max-width: 300px) 100vw, 300px\" \/><\/a><\/td>\n<\/tr>\n<\/tbody>\n<\/table>\n<p><strong><u>AMBIENT ART\u00cdSTIC<\/u><\/strong><\/p>\n<p>Es presentaran diferents propostes creatives perqu\u00e8 puguin escollir o anar passant per diferents manera d\u2019expressar la seva creativitat:<\/p>\n<ul>\n<li>Un espai de pintura lliure on ells siguin prou aut\u00f2noms per escollir els colors, per fer barreges o per escollir els diferents estris (pinzells, dits, esponges&#8230;)<\/li>\n<li>Un espai m\u00e9s manipulatiu amb plantilles, tampons, papers i tisores, colors i retoladors, cintes adhesives de diferents de colors&#8230;<\/li>\n<\/ul>\n<table>\n<tbody>\n<tr>\n<td><a href=\"https:\/\/agora.xtec.cat\/escolasantmarti\/wp-content\/uploads\/usu1487\/2019\/10\/IMG-20191021-WA0015.jpg\"><img loading=\"lazy\" decoding=\"async\" class=\"alignright size-medium wp-image-1355\" src=\"https:\/\/agora.xtec.cat\/escolasantmarti\/wp-content\/uploads\/usu1487\/2019\/10\/IMG-20191021-WA0015-300x225.jpg\" alt=\"\" width=\"300\" height=\"225\" srcset=\"https:\/\/agora.xtec.cat\/escolasantmarti\/wp-content\/uploads\/usu1487\/2019\/10\/IMG-20191021-WA0015-300x225.jpg 300w, https:\/\/agora.xtec.cat\/escolasantmarti\/wp-content\/uploads\/usu1487\/2019\/10\/IMG-20191021-WA0015-768x576.jpg 768w, https:\/\/agora.xtec.cat\/escolasantmarti\/wp-content\/uploads\/usu1487\/2019\/10\/IMG-20191021-WA0015-1024x768.jpg 1024w, https:\/\/agora.xtec.cat\/escolasantmarti\/wp-content\/uploads\/usu1487\/2019\/10\/IMG-20191021-WA0015-200x150.jpg 200w, https:\/\/agora.xtec.cat\/escolasantmarti\/wp-content\/uploads\/usu1487\/2019\/10\/IMG-20191021-WA0015.jpg 1600w\" sizes=\"auto, (max-width: 300px) 100vw, 300px\" \/><\/a><\/td>\n<td><a href=\"https:\/\/agora.xtec.cat\/escolasantmarti\/wp-content\/uploads\/usu1487\/2019\/10\/IMG-20191021-WA0017.jpg\"><img loading=\"lazy\" decoding=\"async\" class=\"alignright size-medium wp-image-1354\" src=\"https:\/\/agora.xtec.cat\/escolasantmarti\/wp-content\/uploads\/usu1487\/2019\/10\/IMG-20191021-WA0017-300x225.jpg\" alt=\"\" width=\"300\" height=\"225\" srcset=\"https:\/\/agora.xtec.cat\/escolasantmarti\/wp-content\/uploads\/usu1487\/2019\/10\/IMG-20191021-WA0017-300x225.jpg 300w, https:\/\/agora.xtec.cat\/escolasantmarti\/wp-content\/uploads\/usu1487\/2019\/10\/IMG-20191021-WA0017-768x576.jpg 768w, https:\/\/agora.xtec.cat\/escolasantmarti\/wp-content\/uploads\/usu1487\/2019\/10\/IMG-20191021-WA0017-1024x768.jpg 1024w, https:\/\/agora.xtec.cat\/escolasantmarti\/wp-content\/uploads\/usu1487\/2019\/10\/IMG-20191021-WA0017-200x150.jpg 200w, https:\/\/agora.xtec.cat\/escolasantmarti\/wp-content\/uploads\/usu1487\/2019\/10\/IMG-20191021-WA0017.jpg 1600w\" sizes=\"auto, (max-width: 300px) 100vw, 300px\" \/><\/a><\/td>\n<\/tr>\n<\/tbody>\n<\/table>\n<p><strong><u>AMBIENT TECNOL\u00d2GIC<\/u><\/strong><\/p>\n<p>Aquest espai constar\u00e0 d\u2019una pissarra digital, un espai amb ordinadors, un altre amb tablets i un altre amb mouse o beebots. La intenci\u00f3 \u00e9s que puguin ser aut\u00f2noms i autosuficients en les diferents t\u00e8cniques tecnol\u00f2giques. Poden compartir i els m\u00e9s grans ajudar als m\u00e9s petits.<\/p>\n<table style=\"height: 271px; width: 948px;\" width=\"654\">\n<tbody>\n<tr>\n<td style=\"width: 306px; text-align: center;\"><a href=\"https:\/\/agora.xtec.cat\/escolasantmarti\/wp-content\/uploads\/usu1487\/2019\/10\/IMG-20191021-WA0001.jpg\"><img loading=\"lazy\" decoding=\"async\" class=\"alignright wp-image-1352 size-medium\" src=\"https:\/\/agora.xtec.cat\/escolasantmarti\/wp-content\/uploads\/usu1487\/2019\/10\/IMG-20191021-WA0001-300x225.jpg\" alt=\"\" width=\"300\" height=\"225\" srcset=\"https:\/\/agora.xtec.cat\/escolasantmarti\/wp-content\/uploads\/usu1487\/2019\/10\/IMG-20191021-WA0001-300x225.jpg 300w, https:\/\/agora.xtec.cat\/escolasantmarti\/wp-content\/uploads\/usu1487\/2019\/10\/IMG-20191021-WA0001-768x576.jpg 768w, https:\/\/agora.xtec.cat\/escolasantmarti\/wp-content\/uploads\/usu1487\/2019\/10\/IMG-20191021-WA0001-1024x768.jpg 1024w, https:\/\/agora.xtec.cat\/escolasantmarti\/wp-content\/uploads\/usu1487\/2019\/10\/IMG-20191021-WA0001-200x150.jpg 200w, https:\/\/agora.xtec.cat\/escolasantmarti\/wp-content\/uploads\/usu1487\/2019\/10\/IMG-20191021-WA0001.jpg 1600w\" sizes=\"auto, (max-width: 300px) 100vw, 300px\" \/><\/a><\/td>\n<td style=\"width: 316px; text-align: center;\"><a href=\"https:\/\/agora.xtec.cat\/escolasantmarti\/wp-content\/uploads\/usu1487\/2019\/10\/IMG-20191021-WA0023.jpg\"><img loading=\"lazy\" decoding=\"async\" class=\"alignright wp-image-1351 size-medium\" src=\"https:\/\/agora.xtec.cat\/escolasantmarti\/wp-content\/uploads\/usu1487\/2019\/10\/IMG-20191021-WA0023-300x225.jpg\" alt=\"\" width=\"300\" height=\"225\" srcset=\"https:\/\/agora.xtec.cat\/escolasantmarti\/wp-content\/uploads\/usu1487\/2019\/10\/IMG-20191021-WA0023-300x225.jpg 300w, https:\/\/agora.xtec.cat\/escolasantmarti\/wp-content\/uploads\/usu1487\/2019\/10\/IMG-20191021-WA0023-768x576.jpg 768w, https:\/\/agora.xtec.cat\/escolasantmarti\/wp-content\/uploads\/usu1487\/2019\/10\/IMG-20191021-WA0023-1024x768.jpg 1024w, https:\/\/agora.xtec.cat\/escolasantmarti\/wp-content\/uploads\/usu1487\/2019\/10\/IMG-20191021-WA0023-200x150.jpg 200w, https:\/\/agora.xtec.cat\/escolasantmarti\/wp-content\/uploads\/usu1487\/2019\/10\/IMG-20191021-WA0023.jpg 1600w\" sizes=\"auto, (max-width: 300px) 100vw, 300px\" \/><\/a><\/td>\n<td style=\"width: 316px; text-align: center;\"><a href=\"https:\/\/agora.xtec.cat\/escolasantmarti\/wp-content\/uploads\/usu1487\/2019\/10\/IMG-20191021-WA0002.jpg\"><img loading=\"lazy\" decoding=\"async\" class=\"alignright size-full wp-image-1353\" src=\"https:\/\/agora.xtec.cat\/escolasantmarti\/wp-content\/uploads\/usu1487\/2019\/10\/IMG-20191021-WA0002.jpg\" alt=\"\" width=\"1600\" height=\"1200\" srcset=\"https:\/\/agora.xtec.cat\/escolasantmarti\/wp-content\/uploads\/usu1487\/2019\/10\/IMG-20191021-WA0002.jpg 1600w, https:\/\/agora.xtec.cat\/escolasantmarti\/wp-content\/uploads\/usu1487\/2019\/10\/IMG-20191021-WA0002-300x225.jpg 300w, https:\/\/agora.xtec.cat\/escolasantmarti\/wp-content\/uploads\/usu1487\/2019\/10\/IMG-20191021-WA0002-768x576.jpg 768w, https:\/\/agora.xtec.cat\/escolasantmarti\/wp-content\/uploads\/usu1487\/2019\/10\/IMG-20191021-WA0002-1024x768.jpg 1024w, https:\/\/agora.xtec.cat\/escolasantmarti\/wp-content\/uploads\/usu1487\/2019\/10\/IMG-20191021-WA0002-200x150.jpg 200w\" sizes=\"auto, (max-width: 1600px) 100vw, 1600px\" \/><\/a><\/td>\n<\/tr>\n<\/tbody>\n<\/table>\n<p><strong><u>AMBIENT LLUM I OMBRES<\/u><\/strong><\/p>\n<p>Taula de llum, llanternes, retroprojector\u2026En aquest ambient hi trobaran diferents materials on la foscor ser\u00e0 protagonista, sempre amb uns punts de llum com ser\u00e0 un retroprojector, una taula de llum, caixes fosques, lots\u2026. o un rac\u00f3 on hi haur\u00e0 instal\u00b7lada una llum freda on els infants podran jugar amb objectes i materials fosforescents on podran crear, comparar\u2026tot un m\u00f3n m\u00e0gic que ajudar\u00e0 a no tenir por a la foscor sin\u00f3 tot al contrari, a gaudir d\u2019ella.<\/p>\n<table style=\"width: 917px;\">\n<tbody>\n<tr>\n<td style=\"width: 308px;\"><img loading=\"lazy\" decoding=\"async\" class=\"alignright size-medium wp-image-1395\" src=\"https:\/\/agora.xtec.cat\/escolasantmarti\/wp-content\/uploads\/usu1487\/2019\/11\/Llum-i-ombre-02-300x150.jpg\" alt=\"\" width=\"300\" height=\"150\" srcset=\"https:\/\/agora.xtec.cat\/escolasantmarti\/wp-content\/uploads\/usu1487\/2019\/11\/Llum-i-ombre-02-300x150.jpg 300w, https:\/\/agora.xtec.cat\/escolasantmarti\/wp-content\/uploads\/usu1487\/2019\/11\/Llum-i-ombre-02-768x384.jpg 768w, https:\/\/agora.xtec.cat\/escolasantmarti\/wp-content\/uploads\/usu1487\/2019\/11\/Llum-i-ombre-02-1024x512.jpg 1024w, https:\/\/agora.xtec.cat\/escolasantmarti\/wp-content\/uploads\/usu1487\/2019\/11\/Llum-i-ombre-02.jpg 2016w\" sizes=\"auto, (max-width: 300px) 100vw, 300px\" \/><\/td>\n<td style=\"width: 300px;\"><img loading=\"lazy\" decoding=\"async\" class=\"alignright size-medium wp-image-1392\" src=\"https:\/\/agora.xtec.cat\/escolasantmarti\/wp-content\/uploads\/usu1487\/2019\/11\/Llum-i-ombre-03-300x150.jpg\" alt=\"\" width=\"300\" height=\"150\" srcset=\"https:\/\/agora.xtec.cat\/escolasantmarti\/wp-content\/uploads\/usu1487\/2019\/11\/Llum-i-ombre-03-300x150.jpg 300w, https:\/\/agora.xtec.cat\/escolasantmarti\/wp-content\/uploads\/usu1487\/2019\/11\/Llum-i-ombre-03-768x384.jpg 768w, https:\/\/agora.xtec.cat\/escolasantmarti\/wp-content\/uploads\/usu1487\/2019\/11\/Llum-i-ombre-03-1024x512.jpg 1024w, https:\/\/agora.xtec.cat\/escolasantmarti\/wp-content\/uploads\/usu1487\/2019\/11\/Llum-i-ombre-03.jpg 2016w\" sizes=\"auto, (max-width: 300px) 100vw, 300px\" \/><\/td>\n<td style=\"width: 299px;\"><img loading=\"lazy\" decoding=\"async\" class=\"alignright size-medium wp-image-1393\" src=\"https:\/\/agora.xtec.cat\/escolasantmarti\/wp-content\/uploads\/usu1487\/2019\/11\/Llum-i-ombre-04-300x150.jpg\" alt=\"\" width=\"300\" height=\"150\" srcset=\"https:\/\/agora.xtec.cat\/escolasantmarti\/wp-content\/uploads\/usu1487\/2019\/11\/Llum-i-ombre-04-300x150.jpg 300w, https:\/\/agora.xtec.cat\/escolasantmarti\/wp-content\/uploads\/usu1487\/2019\/11\/Llum-i-ombre-04-768x384.jpg 768w, https:\/\/agora.xtec.cat\/escolasantmarti\/wp-content\/uploads\/usu1487\/2019\/11\/Llum-i-ombre-04-1024x512.jpg 1024w, https:\/\/agora.xtec.cat\/escolasantmarti\/wp-content\/uploads\/usu1487\/2019\/11\/Llum-i-ombre-04.jpg 2016w\" sizes=\"auto, (max-width: 300px) 100vw, 300px\" \/><\/td>\n<\/tr>\n<\/tbody>\n<\/table>\n<p><u><strong>AMBIENT DE TEATRE i\u00a0REPRESENTACI\u00d3<\/strong><\/u><\/p>\n<p>Un espai a on els nens i les nenes poden transformar la seva pr\u00f2pia identitat i convertir-se en diferents personatges per mitj\u00e0 de les disfresses, barrets, m\u00e0scares, collarets &#8230; maquillatge, titelles.<\/p>\n<p>L&#8217;ambient de teatre i creativitat es fonamenta en diferents espais:<\/p>\n<ul>\n<li>L&#8217;espai dedicat a les disfresses o ornaments a on trien lliurament com es poden vestir, qu\u00e8 es volen posar amb la possibilitat d&#8217;observar al mirall aquest proc\u00e9s de transformaci\u00f3.<\/li>\n<li>L&#8217;espai de maquillatge amb miralls petits i a on es podem maquillar ells mateixos.<\/li>\n<li>Un espai de titelles amb teatre.<\/li>\n<li>Un espai per fer representacions teatrals<\/li>\n<\/ul>\n<p><strong><u>AMBIENT DE VOLUM\u00a0<\/u><\/strong><\/p>\n<p>En aquest ambient es permet desenvolupar la creativitat. Els infants poden jugar a modelar, crear, inventar, pintar amb diferents materials i recursos art\u00edstics.<\/p>\n<p>La proposta d&#8217;aquest ambient gira al voltant de quatre espais:<\/p>\n<ul>\n<li><strong>Fang<\/strong>: Es presenta el fang conjuntament amb altres materials diversos per potenciar les possibilitats creatives dels infants (pals de gelat, escuradents, pedres, neteja-pipes, xapes, taps, plomes &#8230;.)<\/li>\n<li><strong>Plastilina<\/strong>: Espai de modelatge amb plastilina i eines (motlles, tisores, corrons, &#8230;)<\/li>\n<li><strong>Retoladors<\/strong> tipus &#8220;Posca&#8221; per poder pintar elementes de la natura com pals o pedres<\/li>\n<li><strong>Material reciclat<\/strong>: Fer creacions lliurement amb materials reciclats que tenen al seu abast<\/li>\n<\/ul>\n","protected":false},"excerpt":{"rendered":"<p>El treball per ambients \u00e9s una proposta centrada en diferents espais on els nostres alumnes poden realitzar de manera simult\u00e0nia activitats de tipus cognitiu, manipulatiu i simb\u00f2lic. Molts estudis han demostrat que qualsevol capacitat es desenvolupa millor amb el\u00a0joc. A partir d\u2019aquesta afirmaci\u00f3 podem considerar que el joc \u00e9s el millor mitj\u00e0 educatiu per\u00a0afavorir l\u2019aprenentatge [&hellip;]<\/p>\n","protected":false},"author":8,"featured_media":0,"parent":36,"menu_order":10,"comment_status":"closed","ping_status":"closed","template":"page-templates\/side-menu.php","meta":{"_bbp_topic_count":0,"_bbp_reply_count":0,"_bbp_total_topic_count":0,"_bbp_total_reply_count":0,"_bbp_voice_count":0,"_bbp_anonymous_reply_count":0,"_bbp_topic_count_hidden":0,"_bbp_reply_count_hidden":0,"_bbp_forum_subforum_count":0,"site-sidebar-layout":"default","site-content-layout":"","ast-site-content-layout":"","site-content-style":"default","site-sidebar-style":"default","ast-global-header-display":"","ast-banner-title-visibility":"","ast-main-header-display":"","ast-hfb-above-header-display":"","ast-hfb-below-header-display":"","ast-hfb-mobile-header-display":"","site-post-title":"","ast-breadcrumbs-content":"","ast-featured-img":"","footer-sml-layout":"","theme-transparent-header-meta":"","adv-header-id-meta":"","stick-header-meta":"","header-above-stick-meta":"","header-main-stick-meta":"","header-below-stick-meta":"","astra-migrate-meta-layouts":"default","ast-page-background-enabled":"default","ast-page-background-meta":{"desktop":{"background-color":"var(--ast-global-color-4)","background-image":"","background-repeat":"repeat","background-position":"center center","background-size":"auto","background-attachment":"scroll","background-type":"","background-media":"","overlay-type":"","overlay-color":"","overlay-opacity":"","overlay-gradient":""},"tablet":{"background-color":"","background-image":"","background-repeat":"repeat","background-position":"center center","background-size":"auto","background-attachment":"scroll","background-type":"","background-media":"","overlay-type":"","overlay-color":"","overlay-opacity":"","overlay-gradient":""},"mobile":{"background-color":"","background-image":"","background-repeat":"repeat","background-position":"center center","background-size":"auto","background-attachment":"scroll","background-type":"","background-media":"","overlay-type":"","overlay-color":"","overlay-opacity":"","overlay-gradient":""}},"ast-content-background-meta":{"desktop":{"background-color":"var(--ast-global-color-5)","background-image":"","background-repeat":"repeat","background-position":"center center","background-size":"auto","background-attachment":"scroll","background-type":"","background-media":"","overlay-type":"","overlay-color":"","overlay-opacity":"","overlay-gradient":""},"tablet":{"background-color":"var(--ast-global-color-5)","background-image":"","background-repeat":"repeat","background-position":"center center","background-size":"auto","background-attachment":"scroll","background-type":"","background-media":"","overlay-type":"","overlay-color":"","overlay-opacity":"","overlay-gradient":""},"mobile":{"background-color":"var(--ast-global-color-5)","background-image":"","background-repeat":"repeat","background-position":"center center","background-size":"auto","background-attachment":"scroll","background-type":"","background-media":"","overlay-type":"","overlay-color":"","overlay-opacity":"","overlay-gradient":""}},"footnotes":""},"class_list":["post-1276","page","type-page","status-publish","hentry"],"post_mailing_queue_ids":[],"_links":{"self":[{"href":"https:\/\/agora.xtec.cat\/escolasantmarti\/wp-json\/wp\/v2\/pages\/1276","targetHints":{"allow":["GET"]}}],"collection":[{"href":"https:\/\/agora.xtec.cat\/escolasantmarti\/wp-json\/wp\/v2\/pages"}],"about":[{"href":"https:\/\/agora.xtec.cat\/escolasantmarti\/wp-json\/wp\/v2\/types\/page"}],"author":[{"embeddable":true,"href":"https:\/\/agora.xtec.cat\/escolasantmarti\/wp-json\/wp\/v2\/users\/8"}],"replies":[{"embeddable":true,"href":"https:\/\/agora.xtec.cat\/escolasantmarti\/wp-json\/wp\/v2\/comments?post=1276"}],"version-history":[{"count":3,"href":"https:\/\/agora.xtec.cat\/escolasantmarti\/wp-json\/wp\/v2\/pages\/1276\/revisions"}],"predecessor-version":[{"id":1419,"href":"https:\/\/agora.xtec.cat\/escolasantmarti\/wp-json\/wp\/v2\/pages\/1276\/revisions\/1419"}],"up":[{"embeddable":true,"href":"https:\/\/agora.xtec.cat\/escolasantmarti\/wp-json\/wp\/v2\/pages\/36"}],"wp:attachment":[{"href":"https:\/\/agora.xtec.cat\/escolasantmarti\/wp-json\/wp\/v2\/media?parent=1276"}],"curies":[{"name":"wp","href":"https:\/\/api.w.org\/{rel}","templated":true}]}}