{"id":24,"date":"2014-09-18T12:23:15","date_gmt":"2014-09-18T11:23:15","guid":{"rendered":"http:\/\/agora.xtec.cat\/escolasantjulia\/?page_id=24"},"modified":"2022-11-14T11:48:15","modified_gmt":"2022-11-14T10:48:15","slug":"on-som","status":"publish","type":"page","link":"https:\/\/agora.xtec.cat\/escolasantjulia\/on-som\/","title":{"rendered":"On som"},"content":{"rendered":"<table style=\"width: 95.7149%; height: 472px;\" width=\"463\">\n<tbody>\n<tr>\n<td width=\"180\"><strong>\u00a0<\/strong><\/td>\n<td width=\"283\"><strong>\u00a0<\/strong><\/td>\n<\/tr>\n<tr>\n<td width=\"180\">\n<h3><strong>Nom del centre<\/strong><\/h3>\n<\/td>\n<td width=\"283\">\n<h3>Escola Sant Juli\u00e0<\/h3>\n<\/td>\n<\/tr>\n<tr>\n<td width=\"180\">\n<h3><strong>Codi del centre<\/strong><\/h3>\n<\/td>\n<td width=\"283\">\n<h3>43000378<\/h3>\n<\/td>\n<\/tr>\n<tr>\n<td width=\"180\">\n<h3><strong>Adre\u00e7a<\/strong><\/h3>\n<\/td>\n<td width=\"283\">\n<h3>Av. Priorat s\/n<\/h3>\n<\/td>\n<\/tr>\n<tr>\n<td width=\"180\">\n<h3><strong>Tel\u00e8fon fixe<\/strong><\/h3>\n<\/td>\n<td width=\"283\">\n<h3>977671353<\/h3>\n<\/td>\n<\/tr>\n<tr>\n<td width=\"180\">\n<h3><strong>Tel\u00e8fon m\u00f2bil<\/strong><\/h3>\n<\/td>\n<td width=\"283\">\n<h3>620685437<\/h3>\n<\/td>\n<\/tr>\n<tr>\n<td width=\"180\">\n<h3><strong>e-mail<\/strong><\/h3>\n<\/td>\n<td width=\"283\">\n<h3>e3000378@xtec.cat<\/h3>\n<\/td>\n<\/tr>\n<tr>\n<td width=\"180\">\n<h3><strong>URL (adre\u00e7a internet)<\/strong><\/h3>\n<\/td>\n<td width=\"283\">\n<h3><a href=\"https:\/\/agora.xtec.cat\/escolasantjulia\/\">https:\/\/agora.xtec.cat\/escolasantjulia\/<\/a><\/h3>\n<\/td>\n<\/tr>\n<\/tbody>\n<\/table>\n<p><iframe loading=\"lazy\" src=\"https:\/\/www.google.com\/maps\/embed?pb=!1m18!1m12!1m3!1d23991.103458730853!2d1.577657110228773!3d41.26777592360375!2m3!1f0!2f0!3f0!3m2!1i1024!2i768!4f13.1!3m3!1m2!1s0x0%3A0x0!2zNDHCsDE2JzA0LjAiTiAxwrAzNSc0Mi42IkU!5e0!3m2!1sca!2ses!4v1446848196208\" width=\"600\" height=\"450\" frameborder=\"0\"><\/iframe><\/p>\n","protected":false},"excerpt":{"rendered":"<p>\u00a0 \u00a0 Nom del centre Escola Sant Juli\u00e0 Codi del centre 43000378 Adre\u00e7a Av. Priorat s\/n Tel\u00e8fon fixe 977671353 Tel\u00e8fon m\u00f2bil 620685437 e-mail e3000378@xtec.cat URL (adre\u00e7a internet) https:\/\/agora.xtec.cat\/escolasantjulia\/<\/p>\n","protected":false},"author":2,"featured_media":0,"parent":0,"menu_order":10,"comment_status":"closed","ping_status":"closed","template":"page-templates\/side-menu.php","meta":{"_bbp_topic_count":0,"_bbp_reply_count":0,"_bbp_total_topic_count":0,"_bbp_total_reply_count":0,"_bbp_voice_count":0,"_bbp_anonymous_reply_count":0,"_bbp_topic_count_hidden":0,"_bbp_reply_count_hidden":0,"_bbp_forum_subforum_count":0,"site-sidebar-layout":"default","site-content-layout":"","ast-site-content-layout":"","site-content-style":"default","site-sidebar-style":"default","ast-global-header-display":"","ast-banner-title-visibility":"","ast-main-header-display":"","ast-hfb-above-header-display":"","ast-hfb-below-header-display":"","ast-hfb-mobile-header-display":"","site-post-title":"","ast-breadcrumbs-content":"","ast-featured-img":"","footer-sml-layout":"","theme-transparent-header-meta":"","adv-header-id-meta":"","stick-header-meta":"","header-above-stick-meta":"","header-main-stick-meta":"","header-below-stick-meta":"","astra-migrate-meta-layouts":"default","ast-page-background-enabled":"default","ast-page-background-meta":{"desktop":{"background-color":"var(--ast-global-color-4)","background-image":"","background-repeat":"repeat","background-position":"center center","background-size":"auto","background-attachment":"scroll","background-type":"","background-media":"","overlay-type":"","overlay-color":"","overlay-opacity":"","overlay-gradient":""},"tablet":{"background-color":"","background-image":"","background-repeat":"repeat","background-position":"center center","background-size":"auto","background-attachment":"scroll","background-type":"","background-media":"","overlay-type":"","overlay-color":"","overlay-opacity":"","overlay-gradient":""},"mobile":{"background-color":"","background-image":"","background-repeat":"repeat","background-position":"center center","background-size":"auto","background-attachment":"scroll","background-type":"","background-media":"","overlay-type":"","overlay-color":"","overlay-opacity":"","overlay-gradient":""}},"ast-content-background-meta":{"desktop":{"background-color":"var(--ast-global-color-5)","background-image":"","background-repeat":"repeat","background-position":"center center","background-size":"auto","background-attachment":"scroll","background-type":"","background-media":"","overlay-type":"","overlay-color":"","overlay-opacity":"","overlay-gradient":""},"tablet":{"background-color":"var(--ast-global-color-5)","background-image":"","background-repeat":"repeat","background-position":"center center","background-size":"auto","background-attachment":"scroll","background-type":"","background-media":"","overlay-type":"","overlay-color":"","overlay-opacity":"","overlay-gradient":""},"mobile":{"background-color":"var(--ast-global-color-5)","background-image":"","background-repeat":"repeat","background-position":"center center","background-size":"auto","background-attachment":"scroll","background-type":"","background-media":"","overlay-type":"","overlay-color":"","overlay-opacity":"","overlay-gradient":""}},"footnotes":""},"class_list":["post-24","page","type-page","status-publish","hentry"],"post_mailing_queue_ids":[],"_links":{"self":[{"href":"https:\/\/agora.xtec.cat\/escolasantjulia\/wp-json\/wp\/v2\/pages\/24","targetHints":{"allow":["GET"]}}],"collection":[{"href":"https:\/\/agora.xtec.cat\/escolasantjulia\/wp-json\/wp\/v2\/pages"}],"about":[{"href":"https:\/\/agora.xtec.cat\/escolasantjulia\/wp-json\/wp\/v2\/types\/page"}],"author":[{"embeddable":true,"href":"https:\/\/agora.xtec.cat\/escolasantjulia\/wp-json\/wp\/v2\/users\/2"}],"replies":[{"embeddable":true,"href":"https:\/\/agora.xtec.cat\/escolasantjulia\/wp-json\/wp\/v2\/comments?post=24"}],"version-history":[{"count":4,"href":"https:\/\/agora.xtec.cat\/escolasantjulia\/wp-json\/wp\/v2\/pages\/24\/revisions"}],"predecessor-version":[{"id":4704,"href":"https:\/\/agora.xtec.cat\/escolasantjulia\/wp-json\/wp\/v2\/pages\/24\/revisions\/4704"}],"wp:attachment":[{"href":"https:\/\/agora.xtec.cat\/escolasantjulia\/wp-json\/wp\/v2\/media?parent=24"}],"curies":[{"name":"wp","href":"https:\/\/api.w.org\/{rel}","templated":true}]}}