{"id":1571,"date":"2009-03-04T13:07:23","date_gmt":"2009-03-04T12:07:23","guid":{"rendered":"http:\/\/blocs.xtec.cat\/ceipstjulia\/horari\/"},"modified":"2022-11-17T13:01:49","modified_gmt":"2022-11-17T12:01:49","slug":"horari","status":"publish","type":"page","link":"https:\/\/agora.xtec.cat\/escolasantjulia\/horari\/","title":{"rendered":"Horari direcci\u00f3 i secretaria"},"content":{"rendered":"<p style=\"text-align: justify;\"><span style=\"text-decoration: underline;\"><strong><span style=\"color: #ff6600; text-decoration: underline;\">Horari de direcci\u00f3<\/span> <\/strong><\/span><\/p>\n<p style=\"text-align: justify;\">Es pot demanar entrevistes per fer consultes, suggeriments o comunicacions a la directora, a la cap d\u2019estudis i al secretari del centre. <strong>Sempre cal concertar les entrevistes amb antelaci\u00f3, llevat d\u2019alguna urg\u00e8ncia. <\/strong><\/p>\n<p style=\"text-align: justify;\"><strong>S\u2019ha de trucar a secretaria al n\u00fam. 977 67 13 53 o b\u00e9 al m\u00f2bil 620 685 437<\/strong><\/p>\n<p style=\"text-align: justify;\">El correu electr\u00f2nic \u00e9s el e3000378@xtec.cat<\/p>\n<p style=\"text-align: justify;\">Adre\u00e7a del bloc de l&#8217;escola: http:\/\/agora.xtec.cat\/escolasantjulia<\/p>\n<p style=\"text-align: justify;\"><span style=\"text-decoration: underline; color: #ff6600;\"><strong>Horari d&#8217;administraci\u00f3 (Marina Garc\u00eda)<\/strong><\/span><\/p>\n<ul>\n<li>Via telef\u00f2nica de dilluns a divendres<\/li>\n<\/ul>\n","protected":false},"excerpt":{"rendered":"<p>Horari de direcci\u00f3 Es pot demanar entrevistes per fer consultes, suggeriments o comunicacions a la directora, a la cap d\u2019estudis i al secretari del centre. Sempre cal concertar les entrevistes amb antelaci\u00f3, llevat d\u2019alguna urg\u00e8ncia. S\u2019ha de trucar a secretaria al n\u00fam. 977 67 13 53 o b\u00e9 al m\u00f2bil 620 685 437 El correu [&hellip;]<\/p>\n","protected":false},"author":1,"featured_media":0,"parent":0,"menu_order":70,"comment_status":"closed","ping_status":"closed","template":"page-templates\/side-menu.php","meta":{"_bbp_topic_count":0,"_bbp_reply_count":0,"_bbp_total_topic_count":0,"_bbp_total_reply_count":0,"_bbp_voice_count":0,"_bbp_anonymous_reply_count":0,"_bbp_topic_count_hidden":0,"_bbp_reply_count_hidden":0,"_bbp_forum_subforum_count":0,"site-sidebar-layout":"default","site-content-layout":"","ast-site-content-layout":"","site-content-style":"default","site-sidebar-style":"default","ast-global-header-display":"","ast-banner-title-visibility":"","ast-main-header-display":"","ast-hfb-above-header-display":"","ast-hfb-below-header-display":"","ast-hfb-mobile-header-display":"","site-post-title":"","ast-breadcrumbs-content":"","ast-featured-img":"","footer-sml-layout":"","theme-transparent-header-meta":"","adv-header-id-meta":"","stick-header-meta":"","header-above-stick-meta":"","header-main-stick-meta":"","header-below-stick-meta":"","astra-migrate-meta-layouts":"default","ast-page-background-enabled":"default","ast-page-background-meta":{"desktop":{"background-color":"var(--ast-global-color-4)","background-image":"","background-repeat":"repeat","background-position":"center center","background-size":"auto","background-attachment":"scroll","background-type":"","background-media":"","overlay-type":"","overlay-color":"","overlay-opacity":"","overlay-gradient":""},"tablet":{"background-color":"","background-image":"","background-repeat":"repeat","background-position":"center center","background-size":"auto","background-attachment":"scroll","background-type":"","background-media":"","overlay-type":"","overlay-color":"","overlay-opacity":"","overlay-gradient":""},"mobile":{"background-color":"","background-image":"","background-repeat":"repeat","background-position":"center center","background-size":"auto","background-attachment":"scroll","background-type":"","background-media":"","overlay-type":"","overlay-color":"","overlay-opacity":"","overlay-gradient":""}},"ast-content-background-meta":{"desktop":{"background-color":"var(--ast-global-color-5)","background-image":"","background-repeat":"repeat","background-position":"center center","background-size":"auto","background-attachment":"scroll","background-type":"","background-media":"","overlay-type":"","overlay-color":"","overlay-opacity":"","overlay-gradient":""},"tablet":{"background-color":"var(--ast-global-color-5)","background-image":"","background-repeat":"repeat","background-position":"center center","background-size":"auto","background-attachment":"scroll","background-type":"","background-media":"","overlay-type":"","overlay-color":"","overlay-opacity":"","overlay-gradient":""},"mobile":{"background-color":"var(--ast-global-color-5)","background-image":"","background-repeat":"repeat","background-position":"center center","background-size":"auto","background-attachment":"scroll","background-type":"","background-media":"","overlay-type":"","overlay-color":"","overlay-opacity":"","overlay-gradient":""}},"footnotes":""},"class_list":["post-1571","page","type-page","status-publish","hentry"],"post_mailing_queue_ids":[],"_links":{"self":[{"href":"https:\/\/agora.xtec.cat\/escolasantjulia\/wp-json\/wp\/v2\/pages\/1571","targetHints":{"allow":["GET"]}}],"collection":[{"href":"https:\/\/agora.xtec.cat\/escolasantjulia\/wp-json\/wp\/v2\/pages"}],"about":[{"href":"https:\/\/agora.xtec.cat\/escolasantjulia\/wp-json\/wp\/v2\/types\/page"}],"author":[{"embeddable":true,"href":"https:\/\/agora.xtec.cat\/escolasantjulia\/wp-json\/wp\/v2\/users\/1"}],"replies":[{"embeddable":true,"href":"https:\/\/agora.xtec.cat\/escolasantjulia\/wp-json\/wp\/v2\/comments?post=1571"}],"version-history":[{"count":6,"href":"https:\/\/agora.xtec.cat\/escolasantjulia\/wp-json\/wp\/v2\/pages\/1571\/revisions"}],"predecessor-version":[{"id":4708,"href":"https:\/\/agora.xtec.cat\/escolasantjulia\/wp-json\/wp\/v2\/pages\/1571\/revisions\/4708"}],"wp:attachment":[{"href":"https:\/\/agora.xtec.cat\/escolasantjulia\/wp-json\/wp\/v2\/media?parent=1571"}],"curies":[{"name":"wp","href":"https:\/\/api.w.org\/{rel}","templated":true}]}}