{"id":4913,"date":"2026-01-26T12:51:31","date_gmt":"2026-01-26T11:51:31","guid":{"rendered":"https:\/\/agora.xtec.cat\/escolasantjordi\/?page_id=4913"},"modified":"2026-01-27T15:18:26","modified_gmt":"2026-01-27T14:18:26","slug":"qui-som","status":"publish","type":"page","link":"https:\/\/agora.xtec.cat\/escolasantjordi\/qui-som\/","title":{"rendered":"Qui som?"},"content":{"rendered":"\n<p class=\"has-medium-font-size\">Educaci\u00f3 Infantil<\/p>\n\n\n\n<pre class=\"wp-block-preformatted\"><strong>Infantil 3<\/strong>: Vero Haro<br><strong>Infantil 4<\/strong>: Montse Serra<br><strong>infantil 5<\/strong>: N\u00faria Adrogu\u00e9<\/pre>\n\n\n\n<p class=\"has-medium-font-size\">Educaci\u00f3 Prim\u00e0ria<\/p>\n\n\n\n<pre class=\"wp-block-preformatted\"><strong>Prim\u00e0ria 1<\/strong>: Anna Privat<br><strong>Prim\u00e0ria 2<\/strong>: Samara Garofalo<br><strong>Prim\u00e0ria 3<\/strong>: S\u00f2nia Vi\u00f1olas<br><strong>Prim\u00e0ria 4<\/strong>: Carmen Sanju\u00e1n<br><strong>Prim\u00e0ria 5<\/strong>: Albert Comas<br><strong>Prim\u00e0ria 6<\/strong>: Raquel Acosta<\/pre>\n\n\n\n<p class=\"has-medium-font-size\">Especialitats<\/p>\n\n\n\n<pre class=\"wp-block-preformatted\"><strong>Educaci\u00f3 musical<\/strong>: N\u00faria Itchart<br><strong>Educaci\u00f3 f\u00edsica<\/strong>: Ariadna Ros<br><strong>Educaci\u00f3 especial<\/strong>: Lola Creus<br><strong>Llengua anglesa<\/strong>: S\u00edlvia Belmonte<\/pre>\n\n\n\n<p class=\"has-medium-font-size\">Suport <\/p>\n\n\n\n<pre class=\"wp-block-preformatted\"><strong>Cotutor Prim\u00e0ria 6<\/strong>: \u00c0lex Lozano<br><strong>TEI<\/strong>: Anna Morralla<br><strong>Vetlladora<\/strong>: N\u00faria Curto<\/pre>\n\n\n\n<p>PAS<\/p>\n\n\n\n<pre class=\"wp-block-preformatted\"><strong>Administraci\u00f3:<\/strong> Marta Tom\u00e0s<br><strong>Conserge:<\/strong> Ivan<br><strong>Coordinadora menjador:<\/strong> Mariona Homs<\/pre>\n\n\n\n<p><\/p>\n","protected":false},"excerpt":{"rendered":"<p>Educaci\u00f3 Infantil Infantil 3: Vero HaroInfantil 4: Montse Serrainfantil 5: N\u00faria Adrogu\u00e9 Educaci\u00f3 Prim\u00e0ria Prim\u00e0ria 1: Anna PrivatPrim\u00e0ria 2: Samara [&hellip;]<\/p>\n","protected":false},"author":1,"featured_media":0,"parent":0,"menu_order":0,"comment_status":"closed","ping_status":"close","template":"","meta":{"site-sidebar-layout":"default","site-content-layout":"","ast-site-content-layout":"default","site-content-style":"default","site-sidebar-style":"default","ast-global-header-display":"","ast-banner-title-visibility":"","ast-main-header-display":"","ast-hfb-above-header-display":"","ast-hfb-below-header-display":"","ast-hfb-mobile-header-display":"","site-post-title":"","ast-breadcrumbs-content":"","ast-featured-img":"","footer-sml-layout":"","theme-transparent-header-meta":"","adv-header-id-meta":"","stick-header-meta":"","header-above-stick-meta":"","header-main-stick-meta":"","header-below-stick-meta":"","astra-migrate-meta-layouts":"set","ast-page-background-enabled":"default","ast-page-background-meta":{"desktop":{"background-color":"var(--ast-global-color-4)","background-image":"","background-repeat":"repeat","background-position":"center center","background-size":"auto","background-attachment":"scroll","background-type":"","background-media":"","overlay-type":"","overlay-color":"","overlay-opacity":"","overlay-gradient":""},"tablet":{"background-color":"","background-image":"","background-repeat":"repeat","background-position":"center center","background-size":"auto","background-attachment":"scroll","background-type":"","background-media":"","overlay-type":"","overlay-color":"","overlay-opacity":"","overlay-gradient":""},"mobile":{"background-color":"","background-image":"","background-repeat":"repeat","background-position":"center center","background-size":"auto","background-attachment":"scroll","background-type":"","background-media":"","overlay-type":"","overlay-color":"","overlay-opacity":"","overlay-gradient":""}},"ast-content-background-meta":{"desktop":{"background-color":"var(--ast-global-color-5)","background-image":"","background-repeat":"repeat","background-position":"center center","background-size":"auto","background-attachment":"scroll","background-type":"","background-media":"","overlay-type":"","overlay-color":"","overlay-opacity":"","overlay-gradient":""},"tablet":{"background-color":"var(--ast-global-color-5)","background-image":"","background-repeat":"repeat","background-position":"center center","background-size":"auto","background-attachment":"scroll","background-type":"","background-media":"","overlay-type":"","overlay-color":"","overlay-opacity":"","overlay-gradient":""},"mobile":{"background-color":"var(--ast-global-color-5)","background-image":"","background-repeat":"repeat","background-position":"center center","background-size":"auto","background-attachment":"scroll","background-type":"","background-media":"","overlay-type":"","overlay-color":"","overlay-opacity":"","overlay-gradient":""}},"footnotes":""},"class_list":["post-4913","page","type-page","status-publish","hentry"],"post_mailing_queue_ids":[],"_links":{"self":[{"href":"https:\/\/agora.xtec.cat\/escolasantjordi\/wp-json\/wp\/v2\/pages\/4913","targetHints":{"allow":["GET"]}}],"collection":[{"href":"https:\/\/agora.xtec.cat\/escolasantjordi\/wp-json\/wp\/v2\/pages"}],"about":[{"href":"https:\/\/agora.xtec.cat\/escolasantjordi\/wp-json\/wp\/v2\/types\/page"}],"author":[{"embeddable":true,"href":"https:\/\/agora.xtec.cat\/escolasantjordi\/wp-json\/wp\/v2\/users\/1"}],"replies":[{"embeddable":true,"href":"https:\/\/agora.xtec.cat\/escolasantjordi\/wp-json\/wp\/v2\/comments?post=4913"}],"version-history":[{"count":3,"href":"https:\/\/agora.xtec.cat\/escolasantjordi\/wp-json\/wp\/v2\/pages\/4913\/revisions"}],"predecessor-version":[{"id":4935,"href":"https:\/\/agora.xtec.cat\/escolasantjordi\/wp-json\/wp\/v2\/pages\/4913\/revisions\/4935"}],"wp:attachment":[{"href":"https:\/\/agora.xtec.cat\/escolasantjordi\/wp-json\/wp\/v2\/media?parent=4913"}],"curies":[{"name":"wp","href":"https:\/\/api.w.org\/{rel}","templated":true}]}}