{"id":956,"date":"2017-11-24T22:46:38","date_gmt":"2017-11-24T21:46:38","guid":{"rendered":"http:\/\/agora.xtec.cat\/escolasantiagorusinol\/?page_id=956"},"modified":"2024-05-24T12:04:54","modified_gmt":"2024-05-24T10:04:54","slug":"guia-del-curs-2019-20","status":"publish","type":"page","link":"https:\/\/agora.xtec.cat\/escolasantiagorusinol\/lescola\/guia-del-curs-2019-20\/","title":{"rendered":"Curs Actual"},"content":{"rendered":"<p style=\"text-align: justify;\">Benvolgudes fam\u00edlies,<\/p>\n<p style=\"text-align: justify;\">L\u2019equip docent de l&#8217;Escola Santiago Rusi\u00f1ol d\u00f3na la benvinguda a totes les fam\u00edlies i us convida a participar i col\u00b7laborar activament en aquest projecte d\u2019escola p\u00fablica, arrelada al barri, integradora, inclusiva, solid\u00e0ria i oberta a tots els sectors de la comunitat educativa.<\/p>\n<div>\n<div>\n<p><span style=\"color: #000000; font-family: 'trebuchet ms', sans-serif;\"><b><span lang=\"CA\">RELACI\u00d3 FAM\u00cdLIA-ESCOLA<\/span><\/b><\/span><\/p>\n<p><span style=\"text-decoration: underline;\"><strong><span lang=\"CA\">Reunions de classe a inici de curs<\/span><\/strong><\/span><\/p>\n<\/div>\n<div>\n<p><span lang=\"CA\">Totes les classes faran dues reunions de classe. Una a inici del nou curs i altra al mes de febrer per valorar la marxa del grup classe i fer propostes de millora. M\u00e9s endavant s\u2019informaran les dates previstes. La vostra assist\u00e8ncia \u00e9s important. Us hi esperem. \u00a0 <\/span><\/p>\n<div><span style=\"color: #000000; font-family: 'trebuchet ms', sans-serif;\"><a href=\"https:\/\/sites.google.com\/site\/escolasantiagorusinol\/familia-escola\/home\/S1020259.JPG?attredirects=0\"><img loading=\"lazy\" decoding=\"async\" class=\"alignright\" src=\"https:\/\/sites.google.com\/site\/escolasantiagorusinol\/familia-escola\/home\/S1020259.JPG\" alt=\"\" width=\"340\" height=\"191\" border=\"0\" \/><\/a><\/span><span style=\"text-decoration: underline;\"><strong><span lang=\"CA\">Entrevistes<\/span><\/strong><\/span><\/div>\n<div><\/div>\n<div><\/div>\n<p style=\"text-align: justify;\"><span lang=\"CA\">Al llarg del curs es fa una entrevista amb cada fam\u00edlia.\u00a0 El\/la tutor\/a us convocar\u00e0 en el moment que cregui m\u00e9s convenient.<\/span><\/p>\n<p style=\"text-align: justify;\"><span lang=\"CA\">Si la fam\u00edlia veu la necessitat de tenir una entrevista feu la petici\u00f3 per escrit mitjan\u00e7ant la agenda escolar. El\/la tutor\/a us confirmar\u00e0 data i hora. Us preguem que feu tot el possible per adaptar-vos a l\u2019horari de l\u2019escola per no perjudicar-ne l\u2019organitzaci\u00f3 interna.<\/span><\/p>\n<p><span style=\"text-decoration: underline;\"><strong><span lang=\"CA\">Asociaci\u00f3 de Fam\u00edlies d\u2019Alumnes (AFA)<\/span><\/strong><\/span><\/p>\n<p><span lang=\"CA\">L\u2019AFA participa, col\u00b7labora i s\u2019implica d\u2019una manera molt directa en el projecte educatiu de l\u2019escola organitzant:<\/span><\/p>\n<ul>\n<li><span lang=\"CA\">Activitats extraescolars diverses<\/span><\/li>\n<li><span lang=\"CA\">\u00a0<\/span><span lang=\"CA\">Xerrades informatives i educatives diverses.<\/span><\/li>\n<li><span lang=\"CA\">Festes tradicionals i l\u00fadiques al llarg del curs.<\/span><\/li>\n<li><span lang=\"CA\">Campanyes solid\u00e0ries.<\/span><\/li>\n<\/ul>\n<p><b><u><span lang=\"CA\"><span style=\"color: #000000; font-family: 'trebuchet ms', sans-serif;\">LLIBRES I MATERIAL DID\u00c0CTIC.<\/span><\/span><\/u><\/b><\/p>\n<p><span style=\"font-family: 'trebuchet ms', sans-serif;\"><b><span lang=\"CA\"><span style=\"color: #000000;\">Quota \u00fanica de llibres i material.<\/span><\/span><\/b><\/span><\/p>\n<p>Per poder disposar dels llibres i material corresponent amb el descompte de l\u2019escola caldr\u00e0 fer un <strong><u>\u00fanic pagament<\/u><\/strong>\u00a0en el n\u00ba de compte seg\u00fcent de\u00a0<strong>CAIXABANK:<\/strong><\/p>\n<h4 style=\"text-align: center;\"><strong><u>ES28 2100 0718 5602 0013 1211<\/u><\/strong><\/h4>\n<p><strong>\u00c9s imprescindible fer constar\u00a0<u>el nom de l\u2019alumne\/a i el curs<\/u>. Concepte: <em>Llibres i material escolar<\/em><\/strong><\/p>\n<p><strong>Us informem que aquesta quota inclou:<\/strong><\/p>\n<ul>\n<li style=\"list-style-type: none;\">\n<ul>\n<li style=\"list-style-type: none;\">\n<ul>\n<li>Llibres i quaderns d\u2019aprenentatge de l\u2019alumne de 1r a 6\u00e8.<\/li>\n<li>Piscina a 1r i 6\u00e8.<\/li>\n<li>L\u2019agenda escolar.<\/li>\n<li>Material escolar fungible.<\/li>\n<li>Material d\u2019elaboraci\u00f3 pr\u00f2pia.<\/li>\n<li>Material especialitats (Angl\u00e8s, Ed. F\u00edsica, M\u00fasica\u2026).<\/li>\n<li>Fotoc\u00f2pies.<\/li>\n<li>Recursos did\u00e0ctics inform\u00e0tics.<\/li>\n<li>I totes aquelles activitats complement\u00e0ries que es facin al centre: teatres, actuacions musicals, tallers\u2026<\/li>\n<\/ul>\n<\/li>\n<\/ul>\n<\/li>\n<\/ul>\n<p>&nbsp;<\/p>\n<\/div>\n<\/div>\n","protected":false},"excerpt":{"rendered":"<p>Benvolgudes fam\u00edlies, L\u2019equip docent de l&#8217;Escola Santiago Rusi\u00f1ol d\u00f3na la benvinguda a totes les fam\u00edlies i us convida a participar i col\u00b7laborar activament en aquest projecte d\u2019escola p\u00fablica, arrelada al barri, integradora, inclusiva, solid\u00e0ria i oberta a tots els sectors de la comunitat educativa. RELACI\u00d3 FAM\u00cdLIA-ESCOLA Reunions de classe a inici de curs Totes les [&hellip;]<\/p>\n","protected":false},"author":1,"featured_media":0,"parent":22,"menu_order":65,"comment_status":"closed","ping_status":"closed","template":"page-templates\/side-menu.php","meta":{"_bbp_topic_count":0,"_bbp_reply_count":0,"_bbp_total_topic_count":0,"_bbp_total_reply_count":0,"_bbp_voice_count":0,"_bbp_anonymous_reply_count":0,"_bbp_topic_count_hidden":0,"_bbp_reply_count_hidden":0,"_bbp_forum_subforum_count":0,"site-sidebar-layout":"default","site-content-layout":"","ast-site-content-layout":"","site-content-style":"default","site-sidebar-style":"default","ast-global-header-display":"","ast-banner-title-visibility":"","ast-main-header-display":"","ast-hfb-above-header-display":"","ast-hfb-below-header-display":"","ast-hfb-mobile-header-display":"","site-post-title":"","ast-breadcrumbs-content":"","ast-featured-img":"","footer-sml-layout":"","theme-transparent-header-meta":"","adv-header-id-meta":"","stick-header-meta":"","header-above-stick-meta":"","header-main-stick-meta":"","header-below-stick-meta":"","astra-migrate-meta-layouts":"default","ast-page-background-enabled":"default","ast-page-background-meta":{"desktop":{"background-color":"var(--ast-global-color-4)","background-image":"","background-repeat":"repeat","background-position":"center center","background-size":"auto","background-attachment":"scroll","background-type":"","background-media":"","overlay-type":"","overlay-color":"","overlay-opacity":"","overlay-gradient":""},"tablet":{"background-color":"","background-image":"","background-repeat":"repeat","background-position":"center center","background-size":"auto","background-attachment":"scroll","background-type":"","background-media":"","overlay-type":"","overlay-color":"","overlay-opacity":"","overlay-gradient":""},"mobile":{"background-color":"","background-image":"","background-repeat":"repeat","background-position":"center center","background-size":"auto","background-attachment":"scroll","background-type":"","background-media":"","overlay-type":"","overlay-color":"","overlay-opacity":"","overlay-gradient":""}},"ast-content-background-meta":{"desktop":{"background-color":"var(--ast-global-color-5)","background-image":"","background-repeat":"repeat","background-position":"center center","background-size":"auto","background-attachment":"scroll","background-type":"","background-media":"","overlay-type":"","overlay-color":"","overlay-opacity":"","overlay-gradient":""},"tablet":{"background-color":"var(--ast-global-color-5)","background-image":"","background-repeat":"repeat","background-position":"center center","background-size":"auto","background-attachment":"scroll","background-type":"","background-media":"","overlay-type":"","overlay-color":"","overlay-opacity":"","overlay-gradient":""},"mobile":{"background-color":"var(--ast-global-color-5)","background-image":"","background-repeat":"repeat","background-position":"center center","background-size":"auto","background-attachment":"scroll","background-type":"","background-media":"","overlay-type":"","overlay-color":"","overlay-opacity":"","overlay-gradient":""}},"footnotes":""},"class_list":["post-956","page","type-page","status-publish","hentry"],"post_mailing_queue_ids":[],"_links":{"self":[{"href":"https:\/\/agora.xtec.cat\/escolasantiagorusinol\/wp-json\/wp\/v2\/pages\/956","targetHints":{"allow":["GET"]}}],"collection":[{"href":"https:\/\/agora.xtec.cat\/escolasantiagorusinol\/wp-json\/wp\/v2\/pages"}],"about":[{"href":"https:\/\/agora.xtec.cat\/escolasantiagorusinol\/wp-json\/wp\/v2\/types\/page"}],"author":[{"embeddable":true,"href":"https:\/\/agora.xtec.cat\/escolasantiagorusinol\/wp-json\/wp\/v2\/users\/1"}],"replies":[{"embeddable":true,"href":"https:\/\/agora.xtec.cat\/escolasantiagorusinol\/wp-json\/wp\/v2\/comments?post=956"}],"version-history":[{"count":6,"href":"https:\/\/agora.xtec.cat\/escolasantiagorusinol\/wp-json\/wp\/v2\/pages\/956\/revisions"}],"predecessor-version":[{"id":8404,"href":"https:\/\/agora.xtec.cat\/escolasantiagorusinol\/wp-json\/wp\/v2\/pages\/956\/revisions\/8404"}],"up":[{"embeddable":true,"href":"https:\/\/agora.xtec.cat\/escolasantiagorusinol\/wp-json\/wp\/v2\/pages\/22"}],"wp:attachment":[{"href":"https:\/\/agora.xtec.cat\/escolasantiagorusinol\/wp-json\/wp\/v2\/media?parent=956"}],"curies":[{"name":"wp","href":"https:\/\/api.w.org\/{rel}","templated":true}]}}