{"id":73,"date":"2014-09-18T14:01:51","date_gmt":"2014-09-18T13:01:51","guid":{"rendered":"http:\/\/agora.xtec.cat\/escolasantiagorusinol\/?page_id=73"},"modified":"2026-02-16T08:29:46","modified_gmt":"2026-02-16T07:29:46","slug":"menjador-escolar","status":"publish","type":"page","link":"https:\/\/agora.xtec.cat\/escolasantiagorusinol\/serveis\/menjador-escolar\/","title":{"rendered":"Espai Migdia"},"content":{"rendered":"<p><strong>L\u2019Espai Migdia<\/strong> est\u00e0 integrat dins de l\u2019\u00e0mbit educatiu de l\u2019Escola i compr\u00e8n tant l\u2019estona de dinar com l\u2019estona de lleure. L\u2019Escola l\u2019ent\u00e9n com un servei de suport a les fam\u00edlies i, alhora, com un espai\u00a0 educatiu.<\/p>\n<p>Al centre s&#8217;ofereixen tamb\u00e9 els serveis d&#8217;<strong>acollida matinal<\/strong> i <strong>extraescolars:<\/strong><\/p>\n<ul>\n<li>SERVEI D&#8217;ACOLLIDA MATINAL (tots els dies de 7:30h a 9:00h.)<\/li>\n<li>SERVEI DE PERMAN\u00c8NCIA TARDA (tots els dies de 16:30h a 17:45h)<\/li>\n<li>LUDOTECA: per a nens\/es d&#8217;educaci\u00f3 infantil. Tots els dilluns i divendres de 16:30h a 18:30 h<\/li>\n<\/ul>\n<h6><a href=\"https:\/\/agora.xtec.cat\/escolasantiagorusinol\/serveis\/attachment\/extraescolars-santiago-25-26-1\/\" rel=\"attachment wp-att-10554\">Preus i informaci\u00f3 acollida i extraescolars Santiago 25-26 <\/a><\/h6>\n<p>&nbsp;<\/p>\n<p><b><u><span lang=\"CA\">Servei de menjador<\/span><\/u><\/b><\/p>\n<p><span lang=\"CA\">\u00a0El servei de menjador est\u00e0 encomanat a l\u2019empresa <b><i>\u201cIPP VALORS I LLEURE\u201d<\/i><\/b><\/span><\/p>\n<p><strong><span style=\"color: #3366ff;\">INSCRIPCI\u00d3 AL SERVEI DE MENJADOR<\/span><\/strong><br \/>\nPer fer \u00fas del servei de menjador, \u00e9s imprescindible omplir degudament i en la seva totalitat el full d\u2019inscripci\u00f3 ( online a trav\u00e9s de l\u2019aplicatiu <a href=\"https:\/\/inscripcions.somvalors.com\/login\/\" target=\"_blank\" rel=\"noopener noreferrer\">inscripcions.somvalors.com<\/a> ) <strong>Codi de centre SAN1010<\/strong><\/p>\n<p>L\u2019horari d\u2019atenci\u00f3 telef\u00f2nica \u00e9s de 9h a 12h al tel\u00e8fon <strong>646170308<\/strong> (Gemma &#8211; Coordinadora)<br \/>\nPer notificar abs\u00e8ncies podeu fer-ho tamb\u00e9 a trav\u00e9s del correu electr\u00f2nic a <strong>gemasanchez@somvalors.com<\/strong> .<\/p>\n<p><span lang=\"CA\">Coordinadora de menjador: Gema Sanchez<strong>.<\/strong><\/span><\/p>\n<p><b><span lang=\"CA\"><span style=\"color: #0000ff;\">PREUS SERVEI DE MENJADOR 25-26<\/span><\/span><\/b><\/p>\n<p>Comensal fix 7.54\u20ac<br \/>\nComensal espor\u00e0dic 8.28\u20ac.<\/p>\n<p><span lang=\"CA\">El servei de menjador disposa d&#8217;unes\u00a0<b>NORMES DE FUNCIONAMENT INTERN<\/b>\u00a0aprovades pel Consell Escolar del centre.<\/span><\/p>\n<p><span lang=\"CA\">Els men\u00fas es reparteixen cada mes als alumnes que utilitzen habitualment aquest servei.\u00a0<i><br \/>\n<\/i><\/span><\/p>\n<p>&nbsp;<\/p>\n<p style=\"text-align: center;\"><span lang=\"CA\"><i>\u00a0<\/i><\/span><b><span lang=\"CA\"> <u><span style=\"font-size: medium;\">NOTA INFORMATIVA PER A LES FAM\u00cdLIES<\/span><\/u><\/span><\/b><\/p>\n<p><span style=\"font-size: medium;\"><span lang=\"CA\">Us informem que hem posat en marxa un nou servei d\u2019atenci\u00f3 a totes les fam\u00edlies del centre i molt especialment a aquelles fam\u00edlies usu\u00e0ries del menjador. Aquest servei inclou un n\u00famero de tel\u00e8fon d\u2019atenci\u00f3 directa amb una persona responsable del menjador, Norma, i un correu electr\u00f2nic per tal de facilitar la comunicaci\u00f3 directa i altres gestions del servei.<\/span><\/span><\/p>\n<p><span style=\"font-size: medium;\"><span lang=\"CA\">Qualsevol d\u2019aquestes dues vies de comunicaci\u00f3 es pot\u00a0\u00a0utilitzar per:<\/span><\/span><\/p>\n<ul>\n<li><span style=\"font-size: medium;\"><span lang=\"CA\">Avisar d\u2019una abs\u00e8ncia di\u00e0ria d\u2019un alumne.<\/span><\/span><\/li>\n<li><span style=\"font-size: medium;\"><span lang=\"CA\">Comunicar altes i baixes del servei.<\/span><\/span><\/li>\n<li><span style=\"font-size: medium;\"><span lang=\"CA\">Gestionar aspectes econ\u00f2mics.<\/span><br \/>\n<\/span><\/li>\n<\/ul>\n<p><span style=\"font-size: medium;\"><b>\u00a0 \u00a0 \u00a0 \u00a0 \u00a0 Mail:\u00a0<\/b><b>gemasanchez@somvalors.com<\/b><\/span><\/p>\n<p><span style=\"font-size: medium;\"><b>L&#8217;ALIMENTACI\u00d3 SALUDABLE EN L&#8217;ETAPA ESCOLA<\/b><\/span><\/p>\n<p><span style=\"font-size: medium;\">Us oferim tota una s\u00e8rie de pautes, recomanacions i consells molt \u00fatils de com ha de ser una alimentaci\u00f3 saludable dels nostres infants.<br \/>\nMereix la pena dedicar un temps a llegir-lo i comentar-lo en fam\u00edlia.<\/span><\/p>\n<p style=\"text-align: center;\"><span style=\"font-size: medium;\"><b><a href=\"http:\/\/salutweb.gencat.cat\/web\/.content\/home\/ambits_tematics\/per_perfils\/centres_educatius\/menus_escolars\/programa_revisio_programacions_menus_escolars_catalunya_preme\/documents\/arxius\/guialimentacio.pdf\" target=\"_blank\" rel=\"noopener noreferrer\"><u><i>PDF l&#8217;alimentaci\u00f3 saludable<\/i><\/u><\/a><\/b><\/span><\/p>\n","protected":false},"excerpt":{"rendered":"<p>L\u2019Espai Migdia est\u00e0 integrat dins de l\u2019\u00e0mbit educatiu de l\u2019Escola i compr\u00e8n tant l\u2019estona de dinar com l\u2019estona de lleure. L\u2019Escola l\u2019ent\u00e9n com un servei de suport a les fam\u00edlies i, alhora, com un espai\u00a0 educatiu. Al centre s&#8217;ofereixen tamb\u00e9 els serveis d&#8217;acollida matinal i extraescolars: SERVEI D&#8217;ACOLLIDA MATINAL (tots els dies de 7:30h a [&hellip;]<\/p>\n","protected":false},"author":1,"featured_media":0,"parent":66,"menu_order":10,"comment_status":"closed","ping_status":"closed","template":"","meta":{"_bbp_topic_count":0,"_bbp_reply_count":0,"_bbp_total_topic_count":0,"_bbp_total_reply_count":0,"_bbp_voice_count":0,"_bbp_anonymous_reply_count":0,"_bbp_topic_count_hidden":0,"_bbp_reply_count_hidden":0,"_bbp_forum_subforum_count":0,"site-sidebar-layout":"default","site-content-layout":"","ast-site-content-layout":"default","site-content-style":"default","site-sidebar-style":"default","ast-global-header-display":"","ast-banner-title-visibility":"","ast-main-header-display":"","ast-hfb-above-header-display":"","ast-hfb-below-header-display":"","ast-hfb-mobile-header-display":"","site-post-title":"","ast-breadcrumbs-content":"","ast-featured-img":"","footer-sml-layout":"","theme-transparent-header-meta":"default","adv-header-id-meta":"","stick-header-meta":"","header-above-stick-meta":"","header-main-stick-meta":"","header-below-stick-meta":"","astra-migrate-meta-layouts":"set","ast-page-background-enabled":"default","ast-page-background-meta":{"desktop":{"background-color":"var(--ast-global-color-4)","background-image":"","background-repeat":"repeat","background-position":"center center","background-size":"auto","background-attachment":"scroll","background-type":"","background-media":"","overlay-type":"","overlay-color":"","overlay-opacity":"","overlay-gradient":""},"tablet":{"background-color":"","background-image":"","background-repeat":"repeat","background-position":"center center","background-size":"auto","background-attachment":"scroll","background-type":"","background-media":"","overlay-type":"","overlay-color":"","overlay-opacity":"","overlay-gradient":""},"mobile":{"background-color":"","background-image":"","background-repeat":"repeat","background-position":"center center","background-size":"auto","background-attachment":"scroll","background-type":"","background-media":"","overlay-type":"","overlay-color":"","overlay-opacity":"","overlay-gradient":""}},"ast-content-background-meta":{"desktop":{"background-color":"var(--ast-global-color-5)","background-image":"","background-repeat":"repeat","background-position":"center center","background-size":"auto","background-attachment":"scroll","background-type":"","background-media":"","overlay-type":"","overlay-color":"","overlay-opacity":"","overlay-gradient":""},"tablet":{"background-color":"var(--ast-global-color-5)","background-image":"","background-repeat":"repeat","background-position":"center center","background-size":"auto","background-attachment":"scroll","background-type":"","background-media":"","overlay-type":"","overlay-color":"","overlay-opacity":"","overlay-gradient":""},"mobile":{"background-color":"var(--ast-global-color-5)","background-image":"","background-repeat":"repeat","background-position":"center center","background-size":"auto","background-attachment":"scroll","background-type":"","background-media":"","overlay-type":"","overlay-color":"","overlay-opacity":"","overlay-gradient":""}},"footnotes":""},"class_list":["post-73","page","type-page","status-publish","hentry"],"post_mailing_queue_ids":[],"_links":{"self":[{"href":"https:\/\/agora.xtec.cat\/escolasantiagorusinol\/wp-json\/wp\/v2\/pages\/73","targetHints":{"allow":["GET"]}}],"collection":[{"href":"https:\/\/agora.xtec.cat\/escolasantiagorusinol\/wp-json\/wp\/v2\/pages"}],"about":[{"href":"https:\/\/agora.xtec.cat\/escolasantiagorusinol\/wp-json\/wp\/v2\/types\/page"}],"author":[{"embeddable":true,"href":"https:\/\/agora.xtec.cat\/escolasantiagorusinol\/wp-json\/wp\/v2\/users\/1"}],"replies":[{"embeddable":true,"href":"https:\/\/agora.xtec.cat\/escolasantiagorusinol\/wp-json\/wp\/v2\/comments?post=73"}],"version-history":[{"count":7,"href":"https:\/\/agora.xtec.cat\/escolasantiagorusinol\/wp-json\/wp\/v2\/pages\/73\/revisions"}],"predecessor-version":[{"id":10559,"href":"https:\/\/agora.xtec.cat\/escolasantiagorusinol\/wp-json\/wp\/v2\/pages\/73\/revisions\/10559"}],"up":[{"embeddable":true,"href":"https:\/\/agora.xtec.cat\/escolasantiagorusinol\/wp-json\/wp\/v2\/pages\/66"}],"wp:attachment":[{"href":"https:\/\/agora.xtec.cat\/escolasantiagorusinol\/wp-json\/wp\/v2\/media?parent=73"}],"curies":[{"name":"wp","href":"https:\/\/api.w.org\/{rel}","templated":true}]}}