{"id":6970,"date":"2022-10-13T09:44:42","date_gmt":"2022-10-13T07:44:42","guid":{"rendered":"https:\/\/agora.xtec.cat\/escolasantiagorusinol\/?page_id=6970"},"modified":"2022-10-13T14:54:34","modified_gmt":"2022-10-13T12:54:34","slug":"caixa-deines","status":"publish","type":"page","link":"https:\/\/agora.xtec.cat\/escolasantiagorusinol\/lescola\/projecte-educatiu\/caixa-deines\/","title":{"rendered":"Caixa  d&#8217;eines \ud83c\udfb5"},"content":{"rendered":"<p><a href=\"https:\/\/www.pladebarris.barcelona\/ca\/el-pla-dels-barris-de-barcelona\" rel=\"attachment wp-att-6980\"><img loading=\"lazy\" decoding=\"async\" class=\"size-medium wp-image-6980 aligncenter\" src=\"https:\/\/agora.xtec.cat\/escolasantiagorusinol\/wp-content\/uploads\/usu1729\/2022\/10\/logo-banner-300x271.png\" alt=\"\" width=\"300\" height=\"271\" srcset=\"https:\/\/agora.xtec.cat\/escolasantiagorusinol\/wp-content\/uploads\/usu1729\/2022\/10\/logo-banner-300x271.png 300w, https:\/\/agora.xtec.cat\/escolasantiagorusinol\/wp-content\/uploads\/usu1729\/2022\/10\/logo-banner-768x695.png 768w, https:\/\/agora.xtec.cat\/escolasantiagorusinol\/wp-content\/uploads\/usu1729\/2022\/10\/logo-banner.png 880w\" sizes=\"auto, (max-width: 300px) 100vw, 300px\" \/><\/a><\/p>\n<div class=\"field field-name-field-lead field-type-text-long field-label-hidden\">\n<div class=\"field-items\">\n<div class=\"field-item even\"><\/div>\n<\/div>\n<\/div>\n<div>\n<div>\n<div>\n<p style=\"text-align: justify;\">\u00c9s una iniciativa municipal amb horitz\u00f3 4 anys per revertir l\u2019actual situaci\u00f3 de desigualtat en alguns \u00e0mbits de la ciutat.<\/p>\n<\/div>\n<\/div>\n<\/div>\n<div style=\"text-align: justify;\">\n<div>\n<div>\n<div>\n<p><a href=\"https:\/\/www.pladebarris.barcelona\/\" target=\"_blank\" rel=\"noopener\" data-saferedirecturl=\"https:\/\/www.google.com\/url?q=https:\/\/www.pladebarris.barcelona\/&amp;source=gmail&amp;ust=1665750584094000&amp;usg=AOvVaw3080kXdaHLIGl3kweDKbqK\">El Pla de Barris<\/a>\u00a0\u00e9s un programa extraordinari amb el qual es vol implicar als i les ciutadanes en el desenvolupament de projectes dinamitzadors dels seus barris i amb un pressupost assignat extraordinari i intensiu durant un temps acotat.<\/p>\n<p>A l\u2019Escola Santiago Rusi\u00f1ol aquest projecte es concreta en un projecte de Dansa, mitjan\u00e7ant l\u2019acompanyament per part de dos ballarins professionals a tots els nivells educatius realitzant, per una banda, la formaci\u00f3 en dansa i moviment al professorat, i d\u2019altra, sessions setmanals amb l\u2019alumnat de tot el centre. Gr\u00e0cies a aquest projecte tindrem l&#8217;oportunitat de treballar la consci\u00e8ncia i l&#8217;expressi\u00f3 corporal, aix\u00ed com les emocions a trav\u00e9s del cos, entre d&#8217;altres.<\/p>\n<p>Aquest espai s\u2019anir\u00e0 actualitzant al llarg del curs amb les diferents informacions respecte a aquest projecte.<\/p>\n<p>A continuaci\u00f3 teniu la <a style=\"font-family: inherit; font-size: 1em;\" href=\"https:\/\/drive.google.com\/file\/d\/132AkpipX35VrN5L23TAtxOegdblxGgV4\/view?usp=sharing\" target=\"_blank\" rel=\"noopener\" data-saferedirecturl=\"https:\/\/www.google.com\/url?q=https:\/\/drive.google.com\/file\/d\/132AkpipX35VrN5L23TAtxOegdblxGgV4\/view?usp%3Dsharing&amp;source=gmail&amp;ust=1665750584094000&amp;usg=AOvVaw38rR3ZNSp_IdweFoQMqRzv\">presentaci\u00f3<\/a><span style=\"font-family: inherit; font-size: 1em;\">\u00a0dels ballarins que ens acompanyaran el curs 22-23<\/span><\/p>\n<\/div>\n<\/div>\n<\/div>\n<\/div>\n<p><a href=\"https:\/\/drive.google.com\/file\/d\/132AkpipX35VrN5L23TAtxOegdblxGgV4\/view\" rel=\"attachment wp-att-6978\"><img loading=\"lazy\" decoding=\"async\" class=\"size-medium wp-image-6978 aligncenter\" src=\"https:\/\/agora.xtec.cat\/escolasantiagorusinol\/wp-content\/uploads\/usu1729\/2022\/10\/ballarins1-300x208.jpg\" alt=\"\" width=\"300\" height=\"208\" srcset=\"https:\/\/agora.xtec.cat\/escolasantiagorusinol\/wp-content\/uploads\/usu1729\/2022\/10\/ballarins1-300x208.jpg 300w, https:\/\/agora.xtec.cat\/escolasantiagorusinol\/wp-content\/uploads\/usu1729\/2022\/10\/ballarins1.jpg 519w\" sizes=\"auto, (max-width: 300px) 100vw, 300px\" \/><\/a><\/p>\n<p>&nbsp;<\/p>\n","protected":false},"excerpt":{"rendered":"<p>\u00c9s una iniciativa municipal amb horitz\u00f3 4 anys per revertir l\u2019actual situaci\u00f3 de desigualtat en alguns \u00e0mbits de la ciutat. El Pla de Barris\u00a0\u00e9s un programa extraordinari amb el qual es vol implicar als i les ciutadanes en el desenvolupament de projectes dinamitzadors dels seus barris i amb un pressupost assignat extraordinari i intensiu durant [&hellip;]<\/p>\n","protected":false},"author":1,"featured_media":0,"parent":64,"menu_order":0,"comment_status":"closed","ping_status":"closed","template":"","meta":{"_bbp_topic_count":0,"_bbp_reply_count":0,"_bbp_total_topic_count":0,"_bbp_total_reply_count":0,"_bbp_voice_count":0,"_bbp_anonymous_reply_count":0,"_bbp_topic_count_hidden":0,"_bbp_reply_count_hidden":0,"_bbp_forum_subforum_count":0,"site-sidebar-layout":"default","site-content-layout":"","ast-site-content-layout":"","site-content-style":"default","site-sidebar-style":"default","ast-global-header-display":"","ast-banner-title-visibility":"","ast-main-header-display":"","ast-hfb-above-header-display":"","ast-hfb-below-header-display":"","ast-hfb-mobile-header-display":"","site-post-title":"","ast-breadcrumbs-content":"","ast-featured-img":"","footer-sml-layout":"","theme-transparent-header-meta":"","adv-header-id-meta":"","stick-header-meta":"","header-above-stick-meta":"","header-main-stick-meta":"","header-below-stick-meta":"","astra-migrate-meta-layouts":"default","ast-page-background-enabled":"default","ast-page-background-meta":{"desktop":{"background-color":"var(--ast-global-color-4)","background-image":"","background-repeat":"repeat","background-position":"center center","background-size":"auto","background-attachment":"scroll","background-type":"","background-media":"","overlay-type":"","overlay-color":"","overlay-opacity":"","overlay-gradient":""},"tablet":{"background-color":"","background-image":"","background-repeat":"repeat","background-position":"center center","background-size":"auto","background-attachment":"scroll","background-type":"","background-media":"","overlay-type":"","overlay-color":"","overlay-opacity":"","overlay-gradient":""},"mobile":{"background-color":"","background-image":"","background-repeat":"repeat","background-position":"center center","background-size":"auto","background-attachment":"scroll","background-type":"","background-media":"","overlay-type":"","overlay-color":"","overlay-opacity":"","overlay-gradient":""}},"ast-content-background-meta":{"desktop":{"background-color":"var(--ast-global-color-5)","background-image":"","background-repeat":"repeat","background-position":"center center","background-size":"auto","background-attachment":"scroll","background-type":"","background-media":"","overlay-type":"","overlay-color":"","overlay-opacity":"","overlay-gradient":""},"tablet":{"background-color":"var(--ast-global-color-5)","background-image":"","background-repeat":"repeat","background-position":"center center","background-size":"auto","background-attachment":"scroll","background-type":"","background-media":"","overlay-type":"","overlay-color":"","overlay-opacity":"","overlay-gradient":""},"mobile":{"background-color":"var(--ast-global-color-5)","background-image":"","background-repeat":"repeat","background-position":"center center","background-size":"auto","background-attachment":"scroll","background-type":"","background-media":"","overlay-type":"","overlay-color":"","overlay-opacity":"","overlay-gradient":""}},"footnotes":""},"class_list":["post-6970","page","type-page","status-publish","hentry"],"post_mailing_queue_ids":[],"_links":{"self":[{"href":"https:\/\/agora.xtec.cat\/escolasantiagorusinol\/wp-json\/wp\/v2\/pages\/6970","targetHints":{"allow":["GET"]}}],"collection":[{"href":"https:\/\/agora.xtec.cat\/escolasantiagorusinol\/wp-json\/wp\/v2\/pages"}],"about":[{"href":"https:\/\/agora.xtec.cat\/escolasantiagorusinol\/wp-json\/wp\/v2\/types\/page"}],"author":[{"embeddable":true,"href":"https:\/\/agora.xtec.cat\/escolasantiagorusinol\/wp-json\/wp\/v2\/users\/1"}],"replies":[{"embeddable":true,"href":"https:\/\/agora.xtec.cat\/escolasantiagorusinol\/wp-json\/wp\/v2\/comments?post=6970"}],"version-history":[{"count":3,"href":"https:\/\/agora.xtec.cat\/escolasantiagorusinol\/wp-json\/wp\/v2\/pages\/6970\/revisions"}],"predecessor-version":[{"id":6986,"href":"https:\/\/agora.xtec.cat\/escolasantiagorusinol\/wp-json\/wp\/v2\/pages\/6970\/revisions\/6986"}],"up":[{"embeddable":true,"href":"https:\/\/agora.xtec.cat\/escolasantiagorusinol\/wp-json\/wp\/v2\/pages\/64"}],"wp:attachment":[{"href":"https:\/\/agora.xtec.cat\/escolasantiagorusinol\/wp-json\/wp\/v2\/media?parent=6970"}],"curies":[{"name":"wp","href":"https:\/\/api.w.org\/{rel}","templated":true}]}}