{"id":6951,"date":"2022-10-04T12:53:10","date_gmt":"2022-10-04T10:53:10","guid":{"rendered":"https:\/\/agora.xtec.cat\/escolasantiagorusinol\/?page_id=6951"},"modified":"2024-06-19T12:27:45","modified_gmt":"2024-06-19T10:27:45","slug":"documentacio","status":"publish","type":"page","link":"https:\/\/agora.xtec.cat\/escolasantiagorusinol\/documentacio\/","title":{"rendered":"Documentaci\u00f3"},"content":{"rendered":"<p>Comunicaci\u00f3 Dinantia<\/p>\n<ul>\n<li style=\"list-style-type: none;\">\n<ul>\n<li><a href=\"https:\/\/agora.xtec.cat\/escolasantiagorusinol\/documentacio\/attachment\/dinantia-instalacio-inicial-ca-27-9\/\" target=\"_blank\" rel=\"attachment noopener wp-att-8569\">Tutorial Dinantia Catal\u00e0<\/a><\/li>\n<li><a href=\"https:\/\/agora.xtec.cat\/escolasantiagorusinol\/documentacio\/attachment\/dinantia-instalacion-inicial-es-27-9-1\/\" target=\"_blank\" rel=\"attachment noopener wp-att-8570\">Tutorial Dinantia Castell\u00e0<\/a><\/li>\n<\/ul>\n<\/li>\n<\/ul>\n<p>Autoritzacions<\/p>\n<ul>\n<li>Sortida de l&#8217;alumne\/a del centre fora de l&#8217;horari lectiu <a href=\"https:\/\/agora.xtec.cat\/escolasantiagorusinol\/documentacio\/attachment\/sortida-sol-o-recollida-altra-persona\/\" rel=\"attachment wp-att-6957\">SOL\/A O UNA ALTRA PERSONA<\/a><\/li>\n<li>Administraci\u00f3 de medicaments: <a href=\"https:\/\/agora.xtec.cat\/escolasantiagorusinol\/documentacio\/attachment\/administracioparacetamol\/\" rel=\"attachment wp-att-6959\">PARACETAMOL<\/a><\/li>\n<li>Autoritzaci\u00f3 <a href=\"https:\/\/documents.espai.educacio.gencat.cat\/FormularisModels\/ProteccioDades\/A251.pdf\">\u00fas d&#8217;imatges, publicaci\u00f3 de dades personals i de material que elaboren.<\/a><\/li>\n<\/ul>\n<p>Protocols<\/p>\n<ul>\n<li><a href=\"https:\/\/agora.xtec.cat\/escolasantiagorusinol\/wp-content\/uploads\/usu1729\/2023\/11\/Criteris_no_assistencia_alumnat_a_escola_o_llar_infants_durant_periode_temps_determinat_causa_malalties_transmissibles.pdf\">Criteris de no assist\u00e8ncia de l&#8217;alumnat a l&#8217;escola durant un per\u00edode determinat de temps a causa de malalties transmissibles.<\/a><\/li>\n<\/ul>\n","protected":false},"excerpt":{"rendered":"<p>Comunicaci\u00f3 Dinantia Tutorial Dinantia Catal\u00e0 Tutorial Dinantia Castell\u00e0 Autoritzacions Sortida de l&#8217;alumne\/a del centre fora de l&#8217;horari lectiu SOL\/A O UNA ALTRA PERSONA Administraci\u00f3 de medicaments: PARACETAMOL Autoritzaci\u00f3 \u00fas d&#8217;imatges, publicaci\u00f3 de dades personals i de material que elaboren. Protocols Criteris de no assist\u00e8ncia de l&#8217;alumnat a l&#8217;escola durant un per\u00edode determinat de temps a [&hellip;]<\/p>\n","protected":false},"author":1,"featured_media":0,"parent":0,"menu_order":0,"comment_status":"closed","ping_status":"closed","template":"","meta":{"_bbp_topic_count":0,"_bbp_reply_count":0,"_bbp_total_topic_count":0,"_bbp_total_reply_count":0,"_bbp_voice_count":0,"_bbp_anonymous_reply_count":0,"_bbp_topic_count_hidden":0,"_bbp_reply_count_hidden":0,"_bbp_forum_subforum_count":0,"site-sidebar-layout":"default","site-content-layout":"","ast-site-content-layout":"","site-content-style":"default","site-sidebar-style":"default","ast-global-header-display":"","ast-banner-title-visibility":"","ast-main-header-display":"","ast-hfb-above-header-display":"","ast-hfb-below-header-display":"","ast-hfb-mobile-header-display":"","site-post-title":"","ast-breadcrumbs-content":"","ast-featured-img":"","footer-sml-layout":"","theme-transparent-header-meta":"","adv-header-id-meta":"","stick-header-meta":"","header-above-stick-meta":"","header-main-stick-meta":"","header-below-stick-meta":"","astra-migrate-meta-layouts":"default","ast-page-background-enabled":"default","ast-page-background-meta":{"desktop":{"background-color":"var(--ast-global-color-4)","background-image":"","background-repeat":"repeat","background-position":"center center","background-size":"auto","background-attachment":"scroll","background-type":"","background-media":"","overlay-type":"","overlay-color":"","overlay-opacity":"","overlay-gradient":""},"tablet":{"background-color":"","background-image":"","background-repeat":"repeat","background-position":"center center","background-size":"auto","background-attachment":"scroll","background-type":"","background-media":"","overlay-type":"","overlay-color":"","overlay-opacity":"","overlay-gradient":""},"mobile":{"background-color":"","background-image":"","background-repeat":"repeat","background-position":"center center","background-size":"auto","background-attachment":"scroll","background-type":"","background-media":"","overlay-type":"","overlay-color":"","overlay-opacity":"","overlay-gradient":""}},"ast-content-background-meta":{"desktop":{"background-color":"var(--ast-global-color-5)","background-image":"","background-repeat":"repeat","background-position":"center center","background-size":"auto","background-attachment":"scroll","background-type":"","background-media":"","overlay-type":"","overlay-color":"","overlay-opacity":"","overlay-gradient":""},"tablet":{"background-color":"var(--ast-global-color-5)","background-image":"","background-repeat":"repeat","background-position":"center center","background-size":"auto","background-attachment":"scroll","background-type":"","background-media":"","overlay-type":"","overlay-color":"","overlay-opacity":"","overlay-gradient":""},"mobile":{"background-color":"var(--ast-global-color-5)","background-image":"","background-repeat":"repeat","background-position":"center center","background-size":"auto","background-attachment":"scroll","background-type":"","background-media":"","overlay-type":"","overlay-color":"","overlay-opacity":"","overlay-gradient":""}},"footnotes":""},"class_list":["post-6951","page","type-page","status-publish","hentry"],"post_mailing_queue_ids":[],"_links":{"self":[{"href":"https:\/\/agora.xtec.cat\/escolasantiagorusinol\/wp-json\/wp\/v2\/pages\/6951","targetHints":{"allow":["GET"]}}],"collection":[{"href":"https:\/\/agora.xtec.cat\/escolasantiagorusinol\/wp-json\/wp\/v2\/pages"}],"about":[{"href":"https:\/\/agora.xtec.cat\/escolasantiagorusinol\/wp-json\/wp\/v2\/types\/page"}],"author":[{"embeddable":true,"href":"https:\/\/agora.xtec.cat\/escolasantiagorusinol\/wp-json\/wp\/v2\/users\/1"}],"replies":[{"embeddable":true,"href":"https:\/\/agora.xtec.cat\/escolasantiagorusinol\/wp-json\/wp\/v2\/comments?post=6951"}],"version-history":[{"count":6,"href":"https:\/\/agora.xtec.cat\/escolasantiagorusinol\/wp-json\/wp\/v2\/pages\/6951\/revisions"}],"predecessor-version":[{"id":8571,"href":"https:\/\/agora.xtec.cat\/escolasantiagorusinol\/wp-json\/wp\/v2\/pages\/6951\/revisions\/8571"}],"wp:attachment":[{"href":"https:\/\/agora.xtec.cat\/escolasantiagorusinol\/wp-json\/wp\/v2\/media?parent=6951"}],"curies":[{"name":"wp","href":"https:\/\/api.w.org\/{rel}","templated":true}]}}