{"id":495,"date":"2017-11-13T21:54:32","date_gmt":"2017-11-13T20:54:32","guid":{"rendered":"http:\/\/agora.xtec.cat\/escolasantiagorusinol\/?page_id=495"},"modified":"2022-09-12T12:04:09","modified_gmt":"2022-09-12T10:04:09","slug":"qui-som","status":"publish","type":"page","link":"https:\/\/agora.xtec.cat\/escolasantiagorusinol\/lescola\/qui-som\/","title":{"rendered":"Qui som?"},"content":{"rendered":"<p style=\"text-align: justify;\"><span style=\"font-size: large;\"><span lang=\"CA\"><b>L\u2019Escola Santiago Rusi\u00f1ol<\/b>\u00a0\u00e9s un centre p\u00fablic que dep\u00e8n del Departament d\u2019Ensenyament de la Generalitat de Catalunya.<\/span><\/span><\/p>\n<p style=\"text-align: justify;\"><span style=\"font-size: large;\"><span lang=\"CA\">Aquesta escola va sorgir com a\u00a0<\/span><\/span><span style=\"font-size: large;\"><span lang=\"CA\">\u00a0resultat de les reivindicacions de l\u2019AAVV del barri al llarg de tres anys i va ser inaugurada el 18 d\u2019octubre de l\u2019any 1979 (curs 1979-80).<\/span><\/span><\/p>\n<p style=\"text-align: justify;\"><span style=\"font-size: large;\"><span lang=\"CA\">L\u2019escola fa m\u00e9s de 40 anys que d\u00f3na servei i forma persones al barri. Actualment 450 alumnes cursen els seus estudis d\u2019Educaci\u00f3 Infantil i Prim\u00e0ria i en s\u00f3n responsables 35 mestres, personal d\u2019administraci\u00f3 i serveis, vetlladora, monitors d\u2019activitats de menjador, personal de cuina, personal de neteja i monitors d\u2019activitats extraescolars.<\/span><\/span><\/p>\n<p style=\"text-align: justify;\"><span style=\"font-size: large;\"><span lang=\"CA\">El clima emocional, de conviv\u00e8ncia i de cohesi\u00f3 social s\u00f3n caracter\u00edstiques del centre, fonamentals per poder aconseguir l\u2019educaci\u00f3 integral dels vostres fills i filles.<\/span><\/span><\/p>\n<p style=\"text-align: justify;\"><span style=\"font-size: large;\"><span lang=\"CA\">A<\/span><span lang=\"CA\">ra m\u00e9s que mai,\u00a0<b>hem de compartir, practicar i garantir l\u2019educaci\u00f3 global<\/b>, aquella que neix de la bona relaci\u00f3 entre escola i fam\u00edlia. A l\u2019escola no sols es transmeten coneixements, tamb\u00e9 s\u2019educa en valors\u00a0principals com la solidaritat i la inclusi\u00f3, l&#8217;esfor\u00e7, l&#8217;actitud democr\u00e0tica, la cultura de la pau i de la toler\u00e0ncia, el civisme i el respecte per l\u2019entorn natural.<\/span><\/span><\/p>\n<p style=\"text-align: justify;\"><span style=\"font-size: large;\"><span lang=\"CA\">La nostra Escola us espera!!<\/span><\/span><\/p>\n","protected":false},"excerpt":{"rendered":"<p>L\u2019Escola Santiago Rusi\u00f1ol\u00a0\u00e9s un centre p\u00fablic que dep\u00e8n del Departament d\u2019Ensenyament de la Generalitat de Catalunya. Aquesta escola va sorgir com a\u00a0\u00a0resultat de les reivindicacions de l\u2019AAVV del barri al llarg de tres anys i va ser inaugurada el 18 d\u2019octubre de l\u2019any 1979 (curs 1979-80). L\u2019escola fa m\u00e9s de 40 anys que d\u00f3na servei [&hellip;]<\/p>\n","protected":false},"author":1,"featured_media":0,"parent":22,"menu_order":10,"comment_status":"closed","ping_status":"closed","template":"page-templates\/side-menu.php","meta":{"_bbp_topic_count":0,"_bbp_reply_count":0,"_bbp_total_topic_count":0,"_bbp_total_reply_count":0,"_bbp_voice_count":0,"_bbp_anonymous_reply_count":0,"_bbp_topic_count_hidden":0,"_bbp_reply_count_hidden":0,"_bbp_forum_subforum_count":0,"site-sidebar-layout":"default","site-content-layout":"","ast-site-content-layout":"","site-content-style":"default","site-sidebar-style":"default","ast-global-header-display":"","ast-banner-title-visibility":"","ast-main-header-display":"","ast-hfb-above-header-display":"","ast-hfb-below-header-display":"","ast-hfb-mobile-header-display":"","site-post-title":"","ast-breadcrumbs-content":"","ast-featured-img":"","footer-sml-layout":"","theme-transparent-header-meta":"","adv-header-id-meta":"","stick-header-meta":"","header-above-stick-meta":"","header-main-stick-meta":"","header-below-stick-meta":"","astra-migrate-meta-layouts":"default","ast-page-background-enabled":"default","ast-page-background-meta":{"desktop":{"background-color":"var(--ast-global-color-4)","background-image":"","background-repeat":"repeat","background-position":"center center","background-size":"auto","background-attachment":"scroll","background-type":"","background-media":"","overlay-type":"","overlay-color":"","overlay-opacity":"","overlay-gradient":""},"tablet":{"background-color":"","background-image":"","background-repeat":"repeat","background-position":"center center","background-size":"auto","background-attachment":"scroll","background-type":"","background-media":"","overlay-type":"","overlay-color":"","overlay-opacity":"","overlay-gradient":""},"mobile":{"background-color":"","background-image":"","background-repeat":"repeat","background-position":"center center","background-size":"auto","background-attachment":"scroll","background-type":"","background-media":"","overlay-type":"","overlay-color":"","overlay-opacity":"","overlay-gradient":""}},"ast-content-background-meta":{"desktop":{"background-color":"var(--ast-global-color-5)","background-image":"","background-repeat":"repeat","background-position":"center center","background-size":"auto","background-attachment":"scroll","background-type":"","background-media":"","overlay-type":"","overlay-color":"","overlay-opacity":"","overlay-gradient":""},"tablet":{"background-color":"var(--ast-global-color-5)","background-image":"","background-repeat":"repeat","background-position":"center center","background-size":"auto","background-attachment":"scroll","background-type":"","background-media":"","overlay-type":"","overlay-color":"","overlay-opacity":"","overlay-gradient":""},"mobile":{"background-color":"var(--ast-global-color-5)","background-image":"","background-repeat":"repeat","background-position":"center center","background-size":"auto","background-attachment":"scroll","background-type":"","background-media":"","overlay-type":"","overlay-color":"","overlay-opacity":"","overlay-gradient":""}},"footnotes":""},"class_list":["post-495","page","type-page","status-publish","hentry"],"post_mailing_queue_ids":[],"_links":{"self":[{"href":"https:\/\/agora.xtec.cat\/escolasantiagorusinol\/wp-json\/wp\/v2\/pages\/495","targetHints":{"allow":["GET"]}}],"collection":[{"href":"https:\/\/agora.xtec.cat\/escolasantiagorusinol\/wp-json\/wp\/v2\/pages"}],"about":[{"href":"https:\/\/agora.xtec.cat\/escolasantiagorusinol\/wp-json\/wp\/v2\/types\/page"}],"author":[{"embeddable":true,"href":"https:\/\/agora.xtec.cat\/escolasantiagorusinol\/wp-json\/wp\/v2\/users\/1"}],"replies":[{"embeddable":true,"href":"https:\/\/agora.xtec.cat\/escolasantiagorusinol\/wp-json\/wp\/v2\/comments?post=495"}],"version-history":[{"count":4,"href":"https:\/\/agora.xtec.cat\/escolasantiagorusinol\/wp-json\/wp\/v2\/pages\/495\/revisions"}],"predecessor-version":[{"id":6894,"href":"https:\/\/agora.xtec.cat\/escolasantiagorusinol\/wp-json\/wp\/v2\/pages\/495\/revisions\/6894"}],"up":[{"embeddable":true,"href":"https:\/\/agora.xtec.cat\/escolasantiagorusinol\/wp-json\/wp\/v2\/pages\/22"}],"wp:attachment":[{"href":"https:\/\/agora.xtec.cat\/escolasantiagorusinol\/wp-json\/wp\/v2\/media?parent=495"}],"curies":[{"name":"wp","href":"https:\/\/api.w.org\/{rel}","templated":true}]}}