{"id":489,"date":"2022-09-07T09:46:48","date_gmt":"2022-09-07T07:46:48","guid":{"rendered":"http:\/\/agora.xtec.cat\/escolasantiagorusinol\/?page_id=489"},"modified":"2025-10-03T14:47:52","modified_gmt":"2025-10-03T12:47:52","slug":"equip-docent","status":"publish","type":"page","link":"https:\/\/agora.xtec.cat\/escolasantiagorusinol\/lescola\/equip-docent\/","title":{"rendered":"Equip"},"content":{"rendered":"<p>Curs 25-26<\/p>\n<table dir=\"ltr\" style=\"width: 21%; height: 1298px;\" border=\"1\" cellspacing=\"0\" cellpadding=\"0\">\n<colgroup>\n<col width=\"36\" \/>\n<col width=\"103\" \/><\/colgroup>\n<tbody>\n<tr style=\"height: 32px;\">\n<td style=\"width: 33.9744%; height: 32px;\" data-sheets-value=\"{&quot;1&quot;:2,&quot;2&quot;:&quot;I3&quot;}\">TEI<\/td>\n<td style=\"width: 65.3846%; height: 32px;\" data-sheets-value=\"{&quot;1&quot;:2,&quot;2&quot;:&quot;Encarni G.&quot;}\">Encarni G.<\/td>\n<\/tr>\n<tr style=\"height: 32px;\">\n<td style=\"width: 33.9744%; height: 32px;\" data-sheets-value=\"{&quot;1&quot;:2,&quot;2&quot;:&quot;I3A&quot;}\">Tutoria I3A<\/td>\n<td style=\"width: 65.3846%; height: 32px;\" data-sheets-value=\"{&quot;1&quot;:2,&quot;2&quot;:&quot;Mireia M.&quot;}\">Mireia<\/td>\n<\/tr>\n<tr style=\"height: 32px;\">\n<td style=\"width: 33.9744%; height: 32px;\" data-sheets-value=\"{&quot;1&quot;:2,&quot;2&quot;:&quot;I3B&quot;}\">Tutoria I3B<\/td>\n<td style=\"width: 65.3846%; height: 32px;\" data-sheets-value=\"{&quot;1&quot;:2,&quot;2&quot;:&quot;Elena M.&quot;}\">Ester<\/td>\n<\/tr>\n<tr style=\"height: 32px;\">\n<td style=\"width: 33.9744%; height: 32px;\" data-sheets-value=\"{&quot;1&quot;:2,&quot;2&quot;:&quot;I4A&quot;}\">Tutoria I4A<\/td>\n<td style=\"width: 65.3846%; height: 32px;\" data-sheets-value=\"{&quot;1&quot;:2,&quot;2&quot;:&quot;Cristina I.&quot;}\">Nerea<\/td>\n<\/tr>\n<tr style=\"height: 32px;\">\n<td style=\"width: 33.9744%; height: 32px;\" data-sheets-value=\"{&quot;1&quot;:2,&quot;2&quot;:&quot;I4B&quot;}\">Tutoria I4B<\/td>\n<td style=\"width: 65.3846%; height: 32px;\" data-sheets-value=\"{&quot;1&quot;:2,&quot;2&quot;:&quot;Silvia F.&quot;}\">Noem\u00ed<\/td>\n<\/tr>\n<tr style=\"height: 32px;\">\n<td style=\"width: 33.9744%; height: 32px;\" data-sheets-value=\"{&quot;1&quot;:2,&quot;2&quot;:&quot;I5A&quot;}\">Tutoria I5A<\/td>\n<td style=\"width: 65.3846%; height: 32px;\" data-sheets-value=\"{&quot;1&quot;:2,&quot;2&quot;:&quot;Elsa V.&quot;}\">Cristina<\/td>\n<\/tr>\n<tr style=\"height: 32px;\">\n<td style=\"width: 33.9744%; height: 32px;\" data-sheets-value=\"{&quot;1&quot;:2,&quot;2&quot;:&quot;I5B&quot;}\">Tutoria I5B<\/td>\n<td style=\"width: 65.3846%; height: 32px;\" data-sheets-value=\"{&quot;1&quot;:2,&quot;2&quot;:&quot;Bea S.&quot;}\">S\u00edlvia<\/td>\n<\/tr>\n<tr style=\"height: 49px;\">\n<td style=\"width: 33.9744%; height: 49px;\">Coordinaci\u00f3 Infantil<\/td>\n<td style=\"width: 65.3846%; height: 49px;\">Nerea<\/td>\n<\/tr>\n<tr style=\"height: 32px;\">\n<td style=\"width: 33.9744%; height: 32px;\" data-sheets-value=\"{&quot;1&quot;:2,&quot;2&quot;:&quot;1A&quot;}\">Tutoria 1A<\/td>\n<td style=\"width: 65.3846%; height: 32px;\" data-sheets-value=\"{&quot;1&quot;:2,&quot;2&quot;:&quot;Xavi &quot;}\">Mayte<\/td>\n<\/tr>\n<tr style=\"height: 32px;\">\n<td style=\"width: 33.9744%; height: 32px;\" data-sheets-value=\"{&quot;1&quot;:2,&quot;2&quot;:&quot;1B&quot;}\">Tutoria 1B<\/td>\n<td style=\"width: 65.3846%; height: 32px;\" data-sheets-value=\"{&quot;1&quot;:2,&quot;2&quot;:&quot;Marga S.&quot;}\">Maria<\/td>\n<\/tr>\n<tr style=\"height: 32px;\">\n<td style=\"width: 33.9744%; height: 32px;\" data-sheets-value=\"{&quot;1&quot;:2,&quot;2&quot;:&quot;2A&quot;}\">Tutoria 2A<\/td>\n<td style=\"width: 65.3846%; height: 32px;\" data-sheets-value=\"{&quot;1&quot;:2,&quot;2&quot;:&quot;?&quot;}\">Sami<\/td>\n<\/tr>\n<tr style=\"height: 32px;\">\n<td style=\"width: 33.9744%; height: 32px;\" data-sheets-value=\"{&quot;1&quot;:2,&quot;2&quot;:&quot;2B&quot;}\">Tutoria 2B<\/td>\n<td style=\"width: 65.3846%; height: 32px;\" data-sheets-value=\"{&quot;1&quot;:2,&quot;2&quot;:&quot;Laia A.&quot;}\">Marga<\/td>\n<\/tr>\n<tr style=\"height: 32px;\">\n<td style=\"width: 33.9744%; height: 32px;\" data-sheets-value=\"{&quot;1&quot;:2,&quot;2&quot;:&quot;3A&quot;}\">Tutoria 3A<\/td>\n<td style=\"width: 65.3846%; height: 32px;\" data-sheets-value=\"{&quot;1&quot;:2,&quot;2&quot;:&quot;Vanessa P&quot;}\">Judit<\/td>\n<\/tr>\n<tr style=\"height: 32px;\">\n<td style=\"width: 33.9744%; height: 32px;\" data-sheets-value=\"{&quot;1&quot;:2,&quot;2&quot;:&quot;3B&quot;}\">Tutoria 3B<\/td>\n<td style=\"width: 65.3846%; height: 32px;\" data-sheets-value=\"{&quot;1&quot;:2,&quot;2&quot;:&quot;Cristina E.&quot;}\">Raquel<\/td>\n<\/tr>\n<tr style=\"height: 32px;\">\n<td style=\"width: 33.9744%; height: 32px;\" data-sheets-value=\"{&quot;1&quot;:2,&quot;2&quot;:&quot;4A&quot;}\">Tutoria 4A<\/td>\n<td style=\"width: 65.3846%; height: 32px;\" data-sheets-value=\"{&quot;1&quot;:2,&quot;2&quot;:&quot;Laura S.&quot;}\">Cristina G<\/td>\n<\/tr>\n<tr style=\"height: 32px;\">\n<td style=\"width: 33.9744%; height: 32px;\" data-sheets-value=\"{&quot;1&quot;:2,&quot;2&quot;:&quot;4B&quot;}\">Tutoria 4B<\/td>\n<td style=\"width: 65.3846%; height: 32px;\" data-sheets-value=\"{&quot;1&quot;:2,&quot;2&quot;:&quot;Guille C.&quot;}\">Pilar<\/td>\n<\/tr>\n<tr style=\"height: 32px;\">\n<td style=\"width: 33.9744%; height: 32px;\" data-sheets-value=\"{&quot;1&quot;:2,&quot;2&quot;:&quot;5A&quot;}\">Tutoria 5A<\/td>\n<td style=\"width: 65.3846%; height: 32px;\" data-sheets-value=\"{&quot;1&quot;:2,&quot;2&quot;:&quot;Cristina G.&quot;}\">Eva<\/td>\n<\/tr>\n<tr style=\"height: 32px;\">\n<td style=\"width: 33.9744%; height: 36px;\" data-sheets-value=\"{&quot;1&quot;:2,&quot;2&quot;:&quot;5B&quot;}\">Tutoria 5B<\/td>\n<td style=\"width: 65.3846%; height: 36px;\" data-sheets-value=\"{&quot;1&quot;:2,&quot;2&quot;:&quot;Raquel C.&quot;}\">Raquel<\/td>\n<\/tr>\n<tr style=\"height: 32px;\">\n<td style=\"width: 33.9744%; height: 32px;\" data-sheets-value=\"{&quot;1&quot;:2,&quot;2&quot;:&quot;6A&quot;}\">Tutoria 6A<\/td>\n<td style=\"width: 65.3846%; height: 32px;\" data-sheets-value=\"{&quot;1&quot;:2,&quot;2&quot;:&quot;Eli C.&quot;}\">Blanca<\/td>\n<\/tr>\n<tr style=\"height: 32px;\">\n<td style=\"width: 33.9744%; height: 32px;\" data-sheets-value=\"{&quot;1&quot;:2,&quot;2&quot;:&quot;6B&quot;}\">Tutoria 6B<\/td>\n<td style=\"width: 65.3846%; height: 32px;\" data-sheets-value=\"{&quot;1&quot;:2,&quot;2&quot;:&quot;Empar M.&quot;}\">Eli<\/td>\n<\/tr>\n<tr style=\"height: 32px;\">\n<td style=\"width: 33.9744%; height: 32px;\">Religi\u00f3<\/td>\n<td style=\"width: 65.3846%; height: 32px;\" data-sheets-value=\"{&quot;1&quot;:2,&quot;2&quot;:&quot;Montse A&quot;}\">Maria<\/td>\n<\/tr>\n<tr style=\"height: 48px;\">\n<td style=\"width: 33.9744%; height: 48px;\">Psicomotricitat i Educaci\u00f3 F\u00edsica CI<\/td>\n<td style=\"width: 65.3846%; height: 48px;\" data-sheets-value=\"{&quot;1&quot;:2,&quot;2&quot;:&quot;Anna M.&quot;}\">Txema<\/td>\n<\/tr>\n<tr style=\"height: 65px;\">\n<td style=\"width: 33.9744%; height: 65px;\">Educaci\u00f3 F\u00edsica CM i CS<\/td>\n<td style=\"width: 65.3846%; height: 65px;\">Laura<\/td>\n<\/tr>\n<tr style=\"height: 32px;\">\n<td style=\"width: 33.9744%; height: 32px;\">M\u00fasica<\/td>\n<td style=\"width: 65.3846%; height: 32px;\" data-sheets-value=\"{&quot;1&quot;:2,&quot;2&quot;:&quot;Lourdes C.&quot;}\">Anna<\/td>\n<\/tr>\n<tr style=\"height: 32px;\">\n<td style=\"width: 33.9744%; height: 32px;\">Angl\u00e8s<\/td>\n<td style=\"width: 65.3846%; height: 32px;\" data-sheets-value=\"{&quot;1&quot;:2,&quot;2&quot;:&quot;David B.&quot;}\">David G.<\/td>\n<\/tr>\n<tr style=\"height: 32px;\">\n<td style=\"width: 33.9744%; height: 32px;\">Angl\u00e8s<\/td>\n<td style=\"width: 65.3846%; height: 32px;\" data-sheets-value=\"{&quot;1&quot;:2,&quot;2&quot;:&quot;Deivit G.&quot;}\">Olivia<\/td>\n<\/tr>\n<tr style=\"height: 48px;\">\n<td style=\"width: 33.9744%; height: 48px;\">Atenci\u00f3 diversitat<\/td>\n<td style=\"width: 65.3846%; height: 48px;\" data-sheets-value=\"{&quot;1&quot;:2,&quot;2&quot;:&quot;Dulce J.&quot;}\">Dulce J.<\/td>\n<\/tr>\n<tr style=\"height: 32px;\">\n<td style=\"width: 33.9744%; height: 32px;\">Suport NEE<\/td>\n<td style=\"width: 65.3846%; height: 32px;\" data-sheets-value=\"{&quot;1&quot;:2,&quot;2&quot;:&quot;Esther A.&quot;}\">Esther A.\/ Kim<\/td>\n<\/tr>\n<tr style=\"height: 48px;\">\n<td style=\"width: 33.9744%; height: 48px;\">Consergeria<\/td>\n<td style=\"width: 65.3846%; height: 48px;\" data-sheets-value=\"{&quot;1&quot;:2,&quot;2&quot;:&quot;Raquel M (consergeria)&quot;}\">Laura<\/td>\n<\/tr>\n<tr style=\"height: 32px;\">\n<td style=\"width: 33.9744%; height: 32px;\">Tecno<\/td>\n<td style=\"width: 65.3846%; height: 32px;\" data-sheets-value=\"{&quot;1&quot;:2,&quot;2&quot;:&quot;Digital&quot;}\">Mayte, Judit, Silvia i Eva<\/td>\n<\/tr>\n<tr style=\"height: 32px;\">\n<td style=\"width: 33.9744%; height: 32px;\"><\/td>\n<td style=\"width: 65.3846%; height: 32px;\" data-sheets-value=\"{&quot;1&quot;:2,&quot;2&quot;:&quot;Sara O&quot;}\"><\/td>\n<\/tr>\n<tr style=\"height: 48px;\">\n<td style=\"width: 33.9744%; height: 48px;\">Atenci\u00f3 Emocional<\/td>\n<td style=\"width: 65.3846%; height: 48px;\" data-sheets-value=\"{&quot;1&quot;:2,&quot;2&quot;:&quot;Alba C&quot;}\">Alba C<\/td>\n<\/tr>\n<tr style=\"height: 32px;\">\n<td style=\"width: 33.9744%; height: 12px;\">Atenci\u00f3 Diversitat<\/td>\n<td style=\"width: 65.3846%; height: 12px;\" data-sheets-value=\"{&quot;1&quot;:2,&quot;2&quot;:&quot;Marc&quot;}\">Alba F<\/p>\n<p>Silvia<\/p>\n<p>Dulce<\/td>\n<\/tr>\n<tr style=\"height: 32px;\">\n<td style=\"width: 33.9744%; height: 32px;\">Aula acollida<\/td>\n<td style=\"width: 65.3846%; height: 32px;\" data-sheets-value=\"{&quot;1&quot;:2,&quot;2&quot;:&quot;Cristina D.&quot;}\">Cristina D.<\/td>\n<\/tr>\n<tr style=\"height: 48px;\">\n<td style=\"width: 33.9744%; height: 48px;\">Cap d&#8217;estudis<\/td>\n<td style=\"width: 65.3846%; height: 48px;\" data-sheets-value=\"{&quot;1&quot;:2,&quot;2&quot;:&quot;Montse T.&quot;}\">Alexis<\/td>\n<\/tr>\n<tr style=\"height: 32px;\">\n<td style=\"width: 33.9744%; height: 32px;\">Secretaria<\/td>\n<td style=\"width: 65.3846%; height: 32px;\" data-sheets-value=\"{&quot;1&quot;:2,&quot;2&quot;:&quot;M\u00aa\u00c0ngels P.&quot;}\">Eli<\/td>\n<\/tr>\n<tr style=\"height: 32px;\">\n<td style=\"width: 33.9744%; height: 32px;\">Direcci\u00f3<\/td>\n<td style=\"width: 65.3846%; height: 32px;\" data-sheets-value=\"{&quot;1&quot;:2,&quot;2&quot;:&quot;Laura B.&quot;}\">Lourdes<\/td>\n<\/tr>\n<\/tbody>\n<\/table>\n<p><a href=\"https:\/\/agora.xtec.cat\/escolasantiagorusinol\/lescola\/equip-docent\/attachment\/whatsapp-image-2025-10-03-at-13-27-09\/\" rel=\"attachment wp-att-10126\"><img loading=\"lazy\" decoding=\"async\" class=\"alignnone wp-image-10126 size-full\" src=\"https:\/\/agora.xtec.cat\/escolasantiagorusinol\/wp-content\/uploads\/usu1729\/2025\/10\/WhatsApp-Image-2025-10-03-at-13.27.09.jpeg\" alt=\"\" width=\"907\" height=\"482\" srcset=\"https:\/\/agora.xtec.cat\/escolasantiagorusinol\/wp-content\/uploads\/usu1729\/2025\/10\/WhatsApp-Image-2025-10-03-at-13.27.09.jpeg 907w, https:\/\/agora.xtec.cat\/escolasantiagorusinol\/wp-content\/uploads\/usu1729\/2025\/10\/WhatsApp-Image-2025-10-03-at-13.27.09-300x159.jpeg 300w, https:\/\/agora.xtec.cat\/escolasantiagorusinol\/wp-content\/uploads\/usu1729\/2025\/10\/WhatsApp-Image-2025-10-03-at-13.27.09-768x408.jpeg 768w\" sizes=\"auto, (max-width: 907px) 100vw, 907px\" \/><\/a><\/p>\n<p>&nbsp;<\/p>\n<p>&nbsp;<\/p>\n","protected":false},"excerpt":{"rendered":"<p>Curs 25-26 TEI Encarni G. Tutoria I3A Mireia Tutoria I3B Ester Tutoria I4A Nerea Tutoria I4B Noem\u00ed Tutoria I5A Cristina Tutoria I5B S\u00edlvia Coordinaci\u00f3 Infantil Nerea Tutoria 1A Mayte Tutoria 1B Maria Tutoria 2A Sami Tutoria 2B Marga Tutoria 3A Judit Tutoria 3B Raquel Tutoria 4A Cristina G Tutoria 4B Pilar Tutoria 5A Eva Tutoria [&hellip;]<\/p>\n","protected":false},"author":1,"featured_media":0,"parent":22,"menu_order":40,"comment_status":"closed","ping_status":"closed","template":"","meta":{"_bbp_topic_count":0,"_bbp_reply_count":0,"_bbp_total_topic_count":0,"_bbp_total_reply_count":0,"_bbp_voice_count":0,"_bbp_anonymous_reply_count":0,"_bbp_topic_count_hidden":0,"_bbp_reply_count_hidden":0,"_bbp_forum_subforum_count":0,"site-sidebar-layout":"default","site-content-layout":"","ast-site-content-layout":"default","site-content-style":"default","site-sidebar-style":"default","ast-global-header-display":"","ast-banner-title-visibility":"","ast-main-header-display":"","ast-hfb-above-header-display":"","ast-hfb-below-header-display":"","ast-hfb-mobile-header-display":"","site-post-title":"","ast-breadcrumbs-content":"","ast-featured-img":"","footer-sml-layout":"","theme-transparent-header-meta":"default","adv-header-id-meta":"","stick-header-meta":"","header-above-stick-meta":"","header-main-stick-meta":"","header-below-stick-meta":"","astra-migrate-meta-layouts":"set","ast-page-background-enabled":"default","ast-page-background-meta":{"desktop":{"background-color":"var(--ast-global-color-4)","background-image":"","background-repeat":"repeat","background-position":"center center","background-size":"auto","background-attachment":"scroll","background-type":"","background-media":"","overlay-type":"","overlay-color":"","overlay-opacity":"","overlay-gradient":""},"tablet":{"background-color":"","background-image":"","background-repeat":"repeat","background-position":"center center","background-size":"auto","background-attachment":"scroll","background-type":"","background-media":"","overlay-type":"","overlay-color":"","overlay-opacity":"","overlay-gradient":""},"mobile":{"background-color":"","background-image":"","background-repeat":"repeat","background-position":"center center","background-size":"auto","background-attachment":"scroll","background-type":"","background-media":"","overlay-type":"","overlay-color":"","overlay-opacity":"","overlay-gradient":""}},"ast-content-background-meta":{"desktop":{"background-color":"var(--ast-global-color-5)","background-image":"","background-repeat":"repeat","background-position":"center center","background-size":"auto","background-attachment":"scroll","background-type":"","background-media":"","overlay-type":"","overlay-color":"","overlay-opacity":"","overlay-gradient":""},"tablet":{"background-color":"var(--ast-global-color-5)","background-image":"","background-repeat":"repeat","background-position":"center center","background-size":"auto","background-attachment":"scroll","background-type":"","background-media":"","overlay-type":"","overlay-color":"","overlay-opacity":"","overlay-gradient":""},"mobile":{"background-color":"var(--ast-global-color-5)","background-image":"","background-repeat":"repeat","background-position":"center center","background-size":"auto","background-attachment":"scroll","background-type":"","background-media":"","overlay-type":"","overlay-color":"","overlay-opacity":"","overlay-gradient":""}},"footnotes":""},"class_list":["post-489","page","type-page","status-publish","hentry"],"post_mailing_queue_ids":[],"_links":{"self":[{"href":"https:\/\/agora.xtec.cat\/escolasantiagorusinol\/wp-json\/wp\/v2\/pages\/489","targetHints":{"allow":["GET"]}}],"collection":[{"href":"https:\/\/agora.xtec.cat\/escolasantiagorusinol\/wp-json\/wp\/v2\/pages"}],"about":[{"href":"https:\/\/agora.xtec.cat\/escolasantiagorusinol\/wp-json\/wp\/v2\/types\/page"}],"author":[{"embeddable":true,"href":"https:\/\/agora.xtec.cat\/escolasantiagorusinol\/wp-json\/wp\/v2\/users\/1"}],"replies":[{"embeddable":true,"href":"https:\/\/agora.xtec.cat\/escolasantiagorusinol\/wp-json\/wp\/v2\/comments?post=489"}],"version-history":[{"count":7,"href":"https:\/\/agora.xtec.cat\/escolasantiagorusinol\/wp-json\/wp\/v2\/pages\/489\/revisions"}],"predecessor-version":[{"id":10127,"href":"https:\/\/agora.xtec.cat\/escolasantiagorusinol\/wp-json\/wp\/v2\/pages\/489\/revisions\/10127"}],"up":[{"embeddable":true,"href":"https:\/\/agora.xtec.cat\/escolasantiagorusinol\/wp-json\/wp\/v2\/pages\/22"}],"wp:attachment":[{"href":"https:\/\/agora.xtec.cat\/escolasantiagorusinol\/wp-json\/wp\/v2\/media?parent=489"}],"curies":[{"name":"wp","href":"https:\/\/api.w.org\/{rel}","templated":true}]}}