{"id":38,"date":"2014-09-18T12:34:08","date_gmt":"2014-09-18T10:34:08","guid":{"rendered":"http:\/\/agora.xtec.cat\/escolasantiagorusinol\/?page_id=38"},"modified":"2022-02-11T18:28:15","modified_gmt":"2022-02-11T17:28:15","slug":"salut","status":"publish","type":"page","link":"https:\/\/agora.xtec.cat\/escolasantiagorusinol\/lescola\/salut\/","title":{"rendered":"Salut"},"content":{"rendered":"<h4><\/h4>\n<h4 style=\"text-align: center;\"><span style=\"color: #3366ff;\"><strong><span style=\"text-decoration: underline;\">INFORMACI\u00d3 PER A LES FAM\u00cdLIES SOBRE EL CORONAVIRUS<\/span><\/strong><\/span><\/h4>\n<p><strong>Per a m\u00e9s informaci\u00f3 sobre el coronavirus, consulteu aquest enlla\u00e7 del Canal Salut:<\/strong><\/p>\n<h4 style=\"text-align: center;\"><span style=\"color: #0000ff;\"><strong><em><a style=\"color: #0000ff;\" href=\"http:\/\/canalsalut.gencat.cat\/coronavirus?fbclid=IwAR1xYC6hWeDfurCQmsvtPFsJgCNUQasJVFIQgmAFaxys1KJoFP4Tak3Y1-4\" target=\"_blank\" rel=\"noopener nofollow noreferrer\" data-ft=\"{&quot;tn&quot;:&quot;-U&quot;}\" data-lynx-mode=\"async\" data-lynx-uri=\"https:\/\/l.facebook.com\/l.php?u=http%3A%2F%2Fcanalsalut.gencat.cat%2Fcoronavirus%3Ffbclid%3DIwAR1xYC6hWeDfurCQmsvtPFsJgCNUQasJVFIQgmAFaxys1KJoFP4Tak3Y1-4&amp;h=AT0GC4gO5CA8spmdeIgwoLh1T02-RY1a7lDTEw3ljTj8W1HOsdBP1HUUrK1YpikRg2cUXbwcbNtNnl88qtv_lUEA9JdqpSnG8cmmebvB6Yi4U1nBhHP-9Yj_KQ09_NU4q9KoaNpmfeuigZlU-vqPyHIME8Wny-QpKPALCSRWHx-DTl1j9kAp1BCfvuTj0ZxqS4Yvfvop0nO9EdtZUrtzUqR4nNOSNuG8w2zPDE-4IceMWi7eCyye8DWjjRkbmUomFVQyy-oLBaVxK-HJGP7TOlBjYQztzr29-WO5Sew2myL82sXvCuZ-wAQrvSM0fwRGd1Iwo6n1fy_Gy43LtWX1kfzGumxYYJDDBiJwIKi-F71hpUvQqCpz6G3jDNCSIg75WNXkCTJ-FLnlu8sF9o9-Bxd998KJc2slB-Nllxk5JjgB7Z5drlybdC9qpVZiwFRrvqGbjfw_hN6ImRfeIzRD05g6fgpuausHUxlx_Xja83_m2cgkBSOIyS2Nh_cSpQ2zF73nJAerG_b8SnqVb-s0OVNuKJv_L6QwofPOd1m6UQbE2nSNcPiZtRmzysgsuXWuCpGUYvQrxazjQPuCF57RY_2sfYSZeIzWE8rN93EyMBQ2SVtwkG57mqbNPVXpamNALRtx3wk\">canalsalut.gencat.cat\/coronavirus<\/a><\/em>.<\/strong><\/span><\/h4>\n<p>Podeu estar al cas de totes les informacions al canal de telegram que ofereix\u00a0 : <a href=\"https:\/\/t.me\/SalutEscolaCAT\" target=\"_blank\" rel=\"noopener noreferrer\">https:\/\/t.me\/SalutEscolaCAT<\/a><\/p>\n<h4><\/h4>\n<h4 style=\"text-align: center;\"><span style=\"text-decoration: underline; color: #3366ff;\"><strong>LA SALUT DELS INFANTS A L&#8217;ESCOLA<\/strong><\/span><\/h4>\n<p>Segons estableix el Departament de Sanitat i el Departament d\u2019Educaci\u00f3 de la Generalitat de Catalunya, us volem informar del\u00a0<b>PROTOCOL<\/b>\u00a0que seguir\u00e0 l\u2019Escola pel que fa a l\u2019<b>ADMINISTRACI\u00d3 DE MEDICAMENTS I PRIMERES CURES<\/b><\/p>\n<p><span style=\"color: #3366ff;\"><b>Administraci\u00f3 de medicaments<\/b><\/span><br \/>\n\u2013 Cal que el pare, mare o tutor legal porti una recepta o informe del metge en qu\u00e8 hi consti la pauta i el nom del medicament que ha de prendre.<br \/>\n\u2013\u00a0El pare, mare o tutor legal, ha de portar un escrit en qu\u00e8 demani i autoritzi que el personal del centre docent administri al fill\/a la medicaci\u00f3 prescrita<br \/>\n\u2013 L\u2019administraci\u00f3 de medicaments es far\u00e0 a casa sempre que sigui possible, fins i tot en el cas d\u2019antibi\u00f2tics.<\/p>\n<p><span style=\"color: #3366ff;\"><b>Polls<\/b><\/span><br \/>\nCal que els pares vigilin la possible aparici\u00f3 d\u2019ous.<br \/>\nPrevenci\u00f3 (per a no contaminar els altres). S\u2019haur\u00e0 de comunicar a l\u2019escola quan en tinguin i a m\u00e9s a m\u00e9s seguir unes mesures higi\u00e8niques a casa:<br \/>\n\u2013 Revisar el cap, sobretot darrere de les orelles, el clatell i el serrell.<br \/>\n\u2013 Rentar-se amb freq\u00fc\u00e8ncia els cabells: dues o tres vegades per setmana.<br \/>\n\u2013 Pentinar-se di\u00e0riament els cabells.<br \/>\n\u2013 Netejar les pintes i els raspalls sovint.<br \/>\n\u2013 No deixar els estris de neteja als germans o companys de classe.<br \/>\n\u2013 Quan es tenen polls, cal consultar el metge o farmac\u00e8utic i cal seguir el tractament indicat.<br \/>\nTractament (per eliminar-los). Es fan servir insecticides de contacte que produeixen la mort del poll per par\u00e0lisi. El Departament de Sanitat recomana que quan un alumne estigui parasitat no assisteixi a l\u2019escola fins que no segueixi el tractament.<\/p>\n<p><span style=\"color: #3366ff;\"><b>Conjuntivitis<\/b><\/span><br \/>\nEl Departament de Sanitat recomana no assistir a l\u2019escola fins tenir una valoraci\u00f3 m\u00e8dica i\/o haver iniciat el tractament si escau. En el cas de la conjuntivitis purulenta el Departament de Sanitat recomana no assistir a l\u2019escola fins 24 hores despr\u00e9s d\u2019iniciar el tractament.<\/p>\n<p><span style=\"color: #3366ff;\"><b>Diarrea<\/b><\/span><br \/>\nEs d\u00f3na dieta astringent, quan la fam\u00edlia ho sol\u00b7licita.<br \/>\nSi la dieta ha de ser d\u2019un per\u00edode llarg es necessita la indicaci\u00f3 m\u00e8dica. Si hi ha sospita de diarrea produ\u00efda per Giardia Lamblia, rotavirus, adenovirus, Campylobacter, el Departament de Sanitat recomana la no assist\u00e8ncia a l\u2019escola fins que les deposicions es normalitzin. En cas de Salmonella, Shigella, E. Coli, el Departament de Sanitat recomana la no assist\u00e8ncia a l\u2019escola fins 48 hores despr\u00e9s que les deposicions es normalitzin.<\/p>\n<p><span style=\"color: #3366ff;\"><b>Aftes<\/b><\/span><br \/>\nEn el cas d\u2019aftes per herpes simple el Departament de Sanitat recomana no assistir a l\u2019escola fins que les lesions estiguin seques i amb crosta.<\/p>\n<p>&nbsp;<\/p>\n<h3><span style=\"color: #3366ff;\"><b>Actuaci\u00f3 a l\u2019escola davant d\u2019una ferida lleu<\/b><\/span><\/h3>\n<p>1. La persona que realitza la cura s\u2019ha de rentar les mans amb aigua abans de comen\u00e7ar la cura i utilitzar els guants d\u2019un sol \u00fas.<br \/>\n2. Netejar abundantment amb aigua i sab\u00f3 la ferida de dins cap a fora.<br \/>\n3. Treure els cossos estranys visibles: estelles, sorra\u2026<br \/>\n4. Si hi ha hemorr\u00e0gia es prem sobre la ferida amb una gasa durant tres minuts.<br \/>\n5. Aplicaci\u00f3 d\u2019antis\u00e8ptic iodat.<br \/>\n6. Es protegir\u00e0 la ferida amb una tireta, una bena o esparadrap.<br \/>\nS\u2019avisar\u00e0 la fam\u00edlia perqu\u00e8 vingui a buscar el seu fill o filla de l\u2019escola i decideixi el pare, mare o tutor si el porta al centre asistencial<\/p>\n<p><span style=\"color: #3366ff;\"><b>Cops i caigudes<\/b><\/span><br \/>\nEs comprimir\u00e0 la zona amb alguna cosa freda, com ara gel embolicat. Si la lesi\u00f3 \u00e9s en una extremitat, cal evitar el moviment.<br \/>\nS\u2019avisar\u00e0 la fam\u00edlia perqu\u00e8 vingui a buscar el seu fill o filla a l\u2019escola i decideixi el pare, mare o tutor si el porta al centre assistencial.<br \/>\nEn cas que la caiguda o el cop sigui important i faci sospitar de gravetat, s\u2019avisar\u00e0 el servei m\u00e8dic o b\u00e9 es traslladar\u00e0 el nen a un centre m\u00e8dic, avisant simult\u00e0niament la fam\u00edlia<\/p>\n<p><span style=\"color: #3366ff;\"><b>Picades<\/b><\/span><br \/>\n1. Netejar amb aigua i sab\u00f3.<br \/>\n2. Aplicar d\u2019antis\u00e8ptic iodat.<br \/>\n3. Posar una tireta.<br \/>\nAvisar la fam\u00edlia.<\/p>\n<p><span style=\"color: #3366ff;\"><b>Febre<\/b><\/span><br \/>\nSi la febre \u00e9s moderada, eliminar roba. Oferir aigua sense insistir. Vigilar que la temperatura no superi els 38,5 \u00baC. Si la febre \u00e9s intensa (&gt;38,5\u00ba) eliminar tamb\u00e9 roba. Aplicar tovalloles amb aigua t\u00e8bia. Oferir aigua sense insistir.<br \/>\nS\u2019avisar\u00e0 la fam\u00edlia perqu\u00e8 vinguin a buscar el seu fill o filla.<\/p>\n<p><span style=\"color: #3366ff;\"><b>Mal de cap<\/b><\/span><br \/>\nComprovar si hi ha febre. Posar un drap mullat al front. Ajeure\u2019l\/la en un lloc tranquil sense soroll i poca llum.<br \/>\nS\u2019avisar\u00e0 la fam\u00edlia i s\u2019intentar\u00e0 tranquilizar-lo\/la.<\/p>\n<p><span style=\"color: #3366ff;\"><b>Hemorragia<\/b><\/span><br \/>\nEs comprimir\u00e0 el costat del nas que sagna i es far\u00e0 inclinar el cap endavant. Al cap d\u2019una estona es comprovar\u00e0 que hagi deixat de sagnar. Si no ha parat de sagnar, s\u2019avisar\u00e0 la fam\u00edlia per anar a un servei d\u2019urg\u00e8ncies mantenint la compressi\u00f3.<\/p>\n<p><span style=\"color: #3366ff;\"><b>Diarrea<\/b><\/span><br \/>\nSi no hi ha v\u00f2mits, se\u2019l fa beure aigua. Si hi ha v\u00f2mits, l\u2019aigua es d\u00f3na en quantitats petites i amb freq\u00fc\u00e8ncia. Es comunica a la fam\u00edlia<\/p>\n<p><span style=\"color: #3366ff;\"><b>V\u00f2mits<\/b><\/span><br \/>\nS\u2019ajuda l\u2019alumne a relaxar-se. Es subjecta el cap. Si est\u00e0 endormiscat\/a, cal ajeure\u2019l\/la sobre el costat esquerre. Si t\u00e9 set, se li d\u00f3na aigua amb sucre a petites cullerades i sovint. Es comunica a la fam\u00edlia.<\/p>\n<p><span style=\"color: #3366ff;\"><b>Actuaci\u00f3 en les sortides<\/b><\/span><br \/>\nSe seguiran les mateixes indicacions i protocol que es fan a l\u2019escola. S\u2019avisar\u00e0 la fam\u00edlia. En cas d\u2019urg\u00e8ncia es portar\u00e0 l\u2019alumne\/a al servei m\u00e8dic de la zona.<\/p>\n<p><span style=\"color: #3366ff;\"><b>Al\u00b7l\u00e8rgies i\/ o malalties<br \/>\n<\/b><\/span>Els pares hauran d\u2019informar per escrit, al centre escolar d\u2019aquelles al\u00b7lergies i\/o malalties que pateix el seu fill\/a i en el cassos que es cregui oport\u00fa caldr\u00e0 escriure un protocol d\u2019actuaci\u00f3, revisat per l\u2019equip m\u00e8dic corresponent.<\/p>\n<p>La persona que el centre estableix com a responsable de la farmaciola \u00e9s el conserge.<\/p>\n<p>Els alumnes que pateixin un accident utilitzaran el servei de la Seguretat Social m\u00e9s proper al centre.<br \/>\nAbans d\u2019anar al centre m\u00e8dic s\u2019intentar\u00e0 localitzar als pares de l\u2019alumne\/a .<\/p>\n<p>El mestre\/a o responsable de l\u2019activitat podr\u00e0 prendre la decisi\u00f3 que cregui m\u00e9s adequada en cas d\u2019urg\u00e8ncia.<\/p>\n<p>&nbsp;<\/p>\n<p>&nbsp;<\/p>\n<p>&nbsp;<\/p>\n<p>&nbsp;<\/p>\n<p>&nbsp;<\/p>\n","protected":false},"excerpt":{"rendered":"<p>INFORMACI\u00d3 PER A LES FAM\u00cdLIES SOBRE EL CORONAVIRUS Per a m\u00e9s informaci\u00f3 sobre el coronavirus, consulteu aquest enlla\u00e7 del Canal Salut: canalsalut.gencat.cat\/coronavirus. Podeu estar al cas de totes les informacions al canal de telegram que ofereix\u00a0 : https:\/\/t.me\/SalutEscolaCAT LA SALUT DELS INFANTS A L&#8217;ESCOLA Segons estableix el Departament de Sanitat i el Departament d\u2019Educaci\u00f3 de [&hellip;]<\/p>\n","protected":false},"author":1,"featured_media":0,"parent":22,"menu_order":80,"comment_status":"closed","ping_status":"closed","template":"page-templates\/side-menu.php","meta":{"_bbp_topic_count":0,"_bbp_reply_count":0,"_bbp_total_topic_count":0,"_bbp_total_reply_count":0,"_bbp_voice_count":0,"_bbp_anonymous_reply_count":0,"_bbp_topic_count_hidden":0,"_bbp_reply_count_hidden":0,"_bbp_forum_subforum_count":0,"site-sidebar-layout":"default","site-content-layout":"","ast-site-content-layout":"","site-content-style":"default","site-sidebar-style":"default","ast-global-header-display":"","ast-banner-title-visibility":"","ast-main-header-display":"","ast-hfb-above-header-display":"","ast-hfb-below-header-display":"","ast-hfb-mobile-header-display":"","site-post-title":"","ast-breadcrumbs-content":"","ast-featured-img":"","footer-sml-layout":"","theme-transparent-header-meta":"","adv-header-id-meta":"","stick-header-meta":"","header-above-stick-meta":"","header-main-stick-meta":"","header-below-stick-meta":"","astra-migrate-meta-layouts":"default","ast-page-background-enabled":"default","ast-page-background-meta":{"desktop":{"background-color":"var(--ast-global-color-4)","background-image":"","background-repeat":"repeat","background-position":"center center","background-size":"auto","background-attachment":"scroll","background-type":"","background-media":"","overlay-type":"","overlay-color":"","overlay-opacity":"","overlay-gradient":""},"tablet":{"background-color":"","background-image":"","background-repeat":"repeat","background-position":"center center","background-size":"auto","background-attachment":"scroll","background-type":"","background-media":"","overlay-type":"","overlay-color":"","overlay-opacity":"","overlay-gradient":""},"mobile":{"background-color":"","background-image":"","background-repeat":"repeat","background-position":"center center","background-size":"auto","background-attachment":"scroll","background-type":"","background-media":"","overlay-type":"","overlay-color":"","overlay-opacity":"","overlay-gradient":""}},"ast-content-background-meta":{"desktop":{"background-color":"var(--ast-global-color-5)","background-image":"","background-repeat":"repeat","background-position":"center center","background-size":"auto","background-attachment":"scroll","background-type":"","background-media":"","overlay-type":"","overlay-color":"","overlay-opacity":"","overlay-gradient":""},"tablet":{"background-color":"var(--ast-global-color-5)","background-image":"","background-repeat":"repeat","background-position":"center center","background-size":"auto","background-attachment":"scroll","background-type":"","background-media":"","overlay-type":"","overlay-color":"","overlay-opacity":"","overlay-gradient":""},"mobile":{"background-color":"var(--ast-global-color-5)","background-image":"","background-repeat":"repeat","background-position":"center center","background-size":"auto","background-attachment":"scroll","background-type":"","background-media":"","overlay-type":"","overlay-color":"","overlay-opacity":"","overlay-gradient":""}},"footnotes":""},"class_list":["post-38","page","type-page","status-publish","hentry"],"post_mailing_queue_ids":[],"_links":{"self":[{"href":"https:\/\/agora.xtec.cat\/escolasantiagorusinol\/wp-json\/wp\/v2\/pages\/38","targetHints":{"allow":["GET"]}}],"collection":[{"href":"https:\/\/agora.xtec.cat\/escolasantiagorusinol\/wp-json\/wp\/v2\/pages"}],"about":[{"href":"https:\/\/agora.xtec.cat\/escolasantiagorusinol\/wp-json\/wp\/v2\/types\/page"}],"author":[{"embeddable":true,"href":"https:\/\/agora.xtec.cat\/escolasantiagorusinol\/wp-json\/wp\/v2\/users\/1"}],"replies":[{"embeddable":true,"href":"https:\/\/agora.xtec.cat\/escolasantiagorusinol\/wp-json\/wp\/v2\/comments?post=38"}],"version-history":[{"count":3,"href":"https:\/\/agora.xtec.cat\/escolasantiagorusinol\/wp-json\/wp\/v2\/pages\/38\/revisions"}],"predecessor-version":[{"id":6362,"href":"https:\/\/agora.xtec.cat\/escolasantiagorusinol\/wp-json\/wp\/v2\/pages\/38\/revisions\/6362"}],"up":[{"embeddable":true,"href":"https:\/\/agora.xtec.cat\/escolasantiagorusinol\/wp-json\/wp\/v2\/pages\/22"}],"wp:attachment":[{"href":"https:\/\/agora.xtec.cat\/escolasantiagorusinol\/wp-json\/wp\/v2\/media?parent=38"}],"curies":[{"name":"wp","href":"https:\/\/api.w.org\/{rel}","templated":true}]}}