{"id":3335,"date":"2020-01-27T13:46:31","date_gmt":"2020-01-27T12:46:31","guid":{"rendered":"http:\/\/agora.xtec.cat\/escolasantiagorusinol\/?page_id=3335"},"modified":"2024-01-31T10:26:13","modified_gmt":"2024-01-31T09:26:13","slug":"nofc-normes-dorganitzacio-i-funcionament-de-centre","status":"publish","type":"page","link":"https:\/\/agora.xtec.cat\/escolasantiagorusinol\/lescola\/projecte-educatiu\/nofc-normes-dorganitzacio-i-funcionament-de-centre\/","title":{"rendered":"NOFC Normes d&#8217;organitzaci\u00f3 i funcionament de centre"},"content":{"rendered":"<p style=\"text-align: justify;\">La Llei d\u2019educaci\u00f3 de Catalunya (LEC) estableix que un dels principis organitzatius pel qual s\u2019ha de regir el sistema educatiu ha de ser el de l\u2019autonomia de cada centre. Aix\u00ed doncs, la present Normativa d\u2019Organitzaci\u00f3 i Funcionament de Centre ha estat elaborada per l\u2019Equip Directiu amb l\u2019aportaci\u00f3 de criteris i propostes per part dels docents, degudament aprovat en Claustre i t\u00e9 el suport del Consell Escolar, d\u2019acord amb la normativa vigent.<\/p>\n<p style=\"text-align: justify;\" align=\"justify\">Les Normes d\u2019Organitzaci\u00f3 i Funcionament del Centre, que formen part del projecte educatiu, \u00e9s el document que recull de manera ordenada els preceptes que regeixen la nostra organitzaci\u00f3 i les interrelacions de la vida escolar: explicita l\u2019estructura; defineix els vincles; recull les funcions, els drets i els deures dels diferents sectors que formen l\u2019escola; fixa els procediments; adapta la normativa general a la nostra realitat i estableix l\u2019espec\u00edfica pel nostre centre educatiu.<\/p>\n<p style=\"text-align: justify;\" align=\"justify\">Les normes d\u2019organitzaci\u00f3 i funcionament del centre \u00e9s un document viu amb constant renovaci\u00f3 a proposta de tots els sectors, per a la millora i compliment de la seva funci\u00f3 i s\u00f3n aprovades pel Claustre i presentades en Consell Escolar.<\/p>\n<p style=\"text-align: justify;\" align=\"justify\">Donades les seves caracter\u00edstiques \u00e9s convenient que siguin conegudes per tota la comunitat escolar i, amb aquest objectiu, s\u2019inclouran els aspectes m\u00e9s rellevants en els diferents documents que fem arribar a les fam\u00edlies. De tota manera, el document, est\u00e0 a la disposici\u00f3 de qualsevol membre de la comunitat escolar que el vulgui consultar. Per aquest motiu, us deixem les nostres NOFC.<\/p>\n<h5 style=\"text-align: center;\" align=\"justify\"><em><strong>Document PDF:<span style=\"color: #0000ff;\"> <a href=\"https:\/\/drive.google.com\/file\/d\/1fOy8dUsE8iozhJx5jUg0iGY2kah7OMJI\/view?usp=drive_link\">NOFC 2019-2020 <\/a><\/span><\/strong><\/em><em><strong><span style=\"color: #0000ff;\">&#8211; SANTIAGO RUSI\u00d1OL<\/span><\/strong><\/em><\/h5>\n<p style=\"text-align: center;\"><strong><a href=\"https:\/\/drive.google.com\/file\/d\/1lNn29JUoijaLcr_miMrPmRAuATBVCy1K\/view?usp=drive_link\">\u00a0 \u00a0 \u00a0 \u00a0 \u00a0 \u00a0 \u00a0 \u00a0 \u00a0 \u00a0 \u00a0 \u00a0 \u00a0NOFC 2022-2023 &#8211;<\/a><em><span style=\"color: #0000ff;\">&#8211; SANTIAGO RUSI\u00d1OL<\/span><\/em><\/strong><\/p>\n<p>&nbsp;<\/p>\n<h5 style=\"text-align: center;\" align=\"justify\"><\/h5>\n<p style=\"text-align: justify;\" align=\"justify\"><strong>Normativa reguladora<\/strong><\/p>\n<p style=\"text-align: justify;\" align=\"justify\"><sup>\u2013 Llei Org\u00e0nica 2\/2006, de 3 de maig, d\u2019Educaci\u00f3.<\/sup><\/p>\n<p style=\"text-align: justify;\" align=\"justify\"><sup>\u2013 Llei Org\u00e0nica 12\/2009, del 10 de juliol, d\u2019Educaci\u00f3.\u00a0<\/sup><\/p>\n","protected":false},"excerpt":{"rendered":"<p>La Llei d\u2019educaci\u00f3 de Catalunya (LEC) estableix que un dels principis organitzatius pel qual s\u2019ha de regir el sistema educatiu ha de ser el de l\u2019autonomia de cada centre. Aix\u00ed doncs, la present Normativa d\u2019Organitzaci\u00f3 i Funcionament de Centre ha estat elaborada per l\u2019Equip Directiu amb l\u2019aportaci\u00f3 de criteris i propostes per part dels docents, [&hellip;]<\/p>\n","protected":false},"author":1,"featured_media":0,"parent":64,"menu_order":0,"comment_status":"closed","ping_status":"closed","template":"","meta":{"_bbp_topic_count":0,"_bbp_reply_count":0,"_bbp_total_topic_count":0,"_bbp_total_reply_count":0,"_bbp_voice_count":0,"_bbp_anonymous_reply_count":0,"_bbp_topic_count_hidden":0,"_bbp_reply_count_hidden":0,"_bbp_forum_subforum_count":0,"site-sidebar-layout":"default","site-content-layout":"","ast-site-content-layout":"","site-content-style":"default","site-sidebar-style":"default","ast-global-header-display":"","ast-banner-title-visibility":"","ast-main-header-display":"","ast-hfb-above-header-display":"","ast-hfb-below-header-display":"","ast-hfb-mobile-header-display":"","site-post-title":"","ast-breadcrumbs-content":"","ast-featured-img":"","footer-sml-layout":"","theme-transparent-header-meta":"","adv-header-id-meta":"","stick-header-meta":"","header-above-stick-meta":"","header-main-stick-meta":"","header-below-stick-meta":"","astra-migrate-meta-layouts":"default","ast-page-background-enabled":"default","ast-page-background-meta":{"desktop":{"background-color":"var(--ast-global-color-4)","background-image":"","background-repeat":"repeat","background-position":"center center","background-size":"auto","background-attachment":"scroll","background-type":"","background-media":"","overlay-type":"","overlay-color":"","overlay-opacity":"","overlay-gradient":""},"tablet":{"background-color":"","background-image":"","background-repeat":"repeat","background-position":"center center","background-size":"auto","background-attachment":"scroll","background-type":"","background-media":"","overlay-type":"","overlay-color":"","overlay-opacity":"","overlay-gradient":""},"mobile":{"background-color":"","background-image":"","background-repeat":"repeat","background-position":"center center","background-size":"auto","background-attachment":"scroll","background-type":"","background-media":"","overlay-type":"","overlay-color":"","overlay-opacity":"","overlay-gradient":""}},"ast-content-background-meta":{"desktop":{"background-color":"var(--ast-global-color-5)","background-image":"","background-repeat":"repeat","background-position":"center center","background-size":"auto","background-attachment":"scroll","background-type":"","background-media":"","overlay-type":"","overlay-color":"","overlay-opacity":"","overlay-gradient":""},"tablet":{"background-color":"var(--ast-global-color-5)","background-image":"","background-repeat":"repeat","background-position":"center center","background-size":"auto","background-attachment":"scroll","background-type":"","background-media":"","overlay-type":"","overlay-color":"","overlay-opacity":"","overlay-gradient":""},"mobile":{"background-color":"var(--ast-global-color-5)","background-image":"","background-repeat":"repeat","background-position":"center center","background-size":"auto","background-attachment":"scroll","background-type":"","background-media":"","overlay-type":"","overlay-color":"","overlay-opacity":"","overlay-gradient":""}},"footnotes":""},"class_list":["post-3335","page","type-page","status-publish","hentry"],"post_mailing_queue_ids":[],"_links":{"self":[{"href":"https:\/\/agora.xtec.cat\/escolasantiagorusinol\/wp-json\/wp\/v2\/pages\/3335","targetHints":{"allow":["GET"]}}],"collection":[{"href":"https:\/\/agora.xtec.cat\/escolasantiagorusinol\/wp-json\/wp\/v2\/pages"}],"about":[{"href":"https:\/\/agora.xtec.cat\/escolasantiagorusinol\/wp-json\/wp\/v2\/types\/page"}],"author":[{"embeddable":true,"href":"https:\/\/agora.xtec.cat\/escolasantiagorusinol\/wp-json\/wp\/v2\/users\/1"}],"replies":[{"embeddable":true,"href":"https:\/\/agora.xtec.cat\/escolasantiagorusinol\/wp-json\/wp\/v2\/comments?post=3335"}],"version-history":[{"count":6,"href":"https:\/\/agora.xtec.cat\/escolasantiagorusinol\/wp-json\/wp\/v2\/pages\/3335\/revisions"}],"predecessor-version":[{"id":8033,"href":"https:\/\/agora.xtec.cat\/escolasantiagorusinol\/wp-json\/wp\/v2\/pages\/3335\/revisions\/8033"}],"up":[{"embeddable":true,"href":"https:\/\/agora.xtec.cat\/escolasantiagorusinol\/wp-json\/wp\/v2\/pages\/64"}],"wp:attachment":[{"href":"https:\/\/agora.xtec.cat\/escolasantiagorusinol\/wp-json\/wp\/v2\/media?parent=3335"}],"curies":[{"name":"wp","href":"https:\/\/api.w.org\/{rel}","templated":true}]}}