{"id":22,"date":"2014-09-18T12:19:57","date_gmt":"2014-09-18T11:19:57","guid":{"rendered":"http:\/\/agora.xtec.cat\/escolasantiagorusinol\/?page_id=22"},"modified":"2019-03-21T12:10:07","modified_gmt":"2019-03-21T11:10:07","slug":"lescola","status":"publish","type":"page","link":"https:\/\/agora.xtec.cat\/escolasantiagorusinol\/lescola\/","title":{"rendered":"L&#8217;escola"},"content":{"rendered":"<h3 style=\"text-align: center;\"><b>&#8220;EDUQUEM PER A CONVIURE EN UN M\u00d3N OBERT&#8221;<\/b><\/h3>\n<div><b>Som una escola oberta<\/b><b>\u00a0i arrelada a l\u2019entorn<br \/>\n<\/b><\/p>\n<div><b><span lang=\"CA\"><br \/>\nLA NOSTRA VISI\u00d3<\/span><\/b><b><span lang=\"CA\">\u00a0DE L\u2019EDUCACI\u00d3:<\/span><\/b><\/div>\n<\/div>\n<div>\n<p><span style=\"font-size: medium;\"><span lang=\"CA\">Amb la ferma determinaci\u00f3 d\u2019aconseguir una bona qualitat educativa, una\u00a0\u00a0millora del servei de l\u2019escola i dels resultats dels nostres alumnes:<\/span><\/span><\/p>\n<ul>\n<li><span style=\"font-size: medium;\"><span lang=\"CA\">Volem ser un centre capa\u00e7 de crear un clima de treball en equip i col\u00b7laboratiu per part de totes les persones implicades en el centre que propici\u00ef una formaci\u00f3 integral, de qualitat i adaptada als canvis socials i tecnol\u00f2gics, amb un professorat implicat, obert al canvi i en constant renovaci\u00f3 pedag\u00f2gica.<\/span><\/span><\/li>\n<li><span style=\"font-size: medium;\"><span lang=\"CA\">Volem tenir un projecte com\u00fa, coherent i compartit\u00a0\u00a0per tots els\u00a0\u00a0sectors de la comunitat educativa per a poder oferir una educaci\u00f3 de qualitat\u00a0\u00a0i afavorir la cohesi\u00f3 social.<\/span><\/span><\/li>\n<li><span style=\"font-size: medium;\"><span lang=\"CA\">Desitgem formar persones amb uns valors fonamentals, competents, aut\u00f2noms i responsables. Serem curosos amb el benestar emocional de totes les persones que formen la comunitat educativa.<\/span><\/span><\/li>\n<li><span style=\"font-size: medium;\"><span lang=\"CA\">\u00a0<\/span><span lang=\"CA\">Volem que les nostres fam\u00edlies col\u00b7laborin, s\u2019identifiquin i es comprometin amb el projecte\u00a0\u00a0educatiu de centre.<\/span><\/span><\/li>\n<\/ul>\n<h4><span style=\"font-size: large;\"><b>FEM DE L\u2019ESCOLA UN PROJECTE COM\u00da, UN PROJECTE COMPARTIT AMB ELS DOCENTS, ELS NO DOCENTS, LES FAM\u00cdLIES, L\u2019ALUMNAT I L\u2019ENTORN.<\/b><\/span><\/h4>\n<div>\n<ul>\n<li><span style=\"font-size: medium;\"><b><span lang=\"CA\">Equip docent format per mestres i especialistes que vetllen per l\u2019atenci\u00f3 personalitzada de l\u2019alumnat,\u00a0\u00a0la renovaci\u00f3 pedag\u00f2gica, l\u2019exig\u00e8ncia metodol\u00f2gica i la seva formaci\u00f3 constant.<\/span><\/b><\/span><\/li>\n<li><span style=\"font-size: medium;\"><b><span lang=\"CA\">Equip d\u2019Assessorament Psicopedag\u00f2gic (EAP).<\/span><\/b><\/span><\/li>\n<li><span style=\"font-size: medium;\"><b><span lang=\"CA\">Atenci\u00f3 a la diversitat<\/span><\/b><span lang=\"CA\">: Agrupaments flexibles, desdoblaments i suport en petits grups amb atenci\u00f3 especial dels alumnes amb necessitats educatives especials.<\/span><\/span><\/li>\n<li><span style=\"font-size: medium;\"><b><span lang=\"CA\">Potenciem l\u2019acci\u00f3 tutorial<\/span><\/b><span lang=\"CA\">: implicant a les fam\u00edlies en el proc\u00e9s d\u2019aprenentatge dels seus fills\/es.<\/span><\/span><\/li>\n<li><span style=\"font-size: medium;\"><b><span lang=\"CA\">Comunicaci\u00f3 amb les fam\u00edlies<\/span><\/b><span lang=\"CA\">: Agenda escolar, reunions d\u2019aula i entrevistes personals, delegades de classe i una estreta relaci\u00f3 amb l\u2019AMPA.<\/span><\/span><\/li>\n<li><span style=\"font-size: medium;\"><b><span lang=\"CA\">Desenvolupament de la compet\u00e8ncia digital\u00a0<\/span><\/b><span lang=\"CA\">a trav\u00e9s del treball i aplicaci\u00f3 dels recursos inform\u00e0tics i\u00a0\u00a0multim\u00e8dia per a l\u2019aprenentatge a partir de 3 anys.<\/span><\/span><\/li>\n<li><span style=\"font-size: medium;\"><b><span lang=\"CA\">Aprenentatge de l\u2019Angl\u00e8s a partir de 3 anys.<\/span><\/b><\/span><\/li>\n<li><span style=\"font-size: medium;\"><span lang=\"CA\">Activitat de\u00a0<b>piscina\u00a0<\/b><b>pels alumnes de 1r i 6\u00e8 curs d\u2019Educaci\u00f3 Prim\u00e0ria.<\/b><\/span><\/span><\/li>\n<li><span style=\"font-size: medium;\"><span lang=\"CA\">Els dimecres:\u00a0<b>dia de la fruita.<\/b><\/span><\/span><\/li>\n<li><span style=\"font-size: medium;\"><b><span lang=\"CA\">Sortides escolars<\/span><\/b><span lang=\"CA\">\u00a0\u00a0per curs i\/o cicle: culturals, l\u00fadiques i esportives.<\/span><\/span><\/li>\n<li><span style=\"font-size: medium;\"><b><span lang=\"CA\">Celebraci\u00f3 de les\u00a0festes\u00a0tradicionals al llarg del curs<\/span><\/b><span lang=\"CA\">\u00a0(La Castanyada, Festa de Santa Cec\u00edlia, Festival de Nadal, Carnestoltes, La Rusi\u00f1esport, Sant Jordi-Jocs Florals, Festival de danses, Festa final de curs i Comiat de 6\u00e8.<\/span><\/span><\/li>\n<li><span style=\"font-size: medium;\"><b><span lang=\"CA\">Festes obertes a les fam\u00edlies.\u00a0<\/span><\/b><span lang=\"CA\">Participaci\u00f3 i col\u00b7laboraci\u00f3 de les fam\u00edlies.<\/span><\/span><\/li>\n<\/ul>\n<\/div>\n<\/div>\n","protected":false},"excerpt":{"rendered":"<p>&#8220;EDUQUEM PER A CONVIURE EN UN M\u00d3N OBERT&#8221; Som una escola oberta\u00a0i arrelada a l\u2019entorn LA NOSTRA VISI\u00d3\u00a0DE L\u2019EDUCACI\u00d3: Amb la ferma determinaci\u00f3 d\u2019aconseguir una bona qualitat educativa, una\u00a0\u00a0millora del servei de l\u2019escola i dels resultats dels nostres alumnes: Volem ser un centre capa\u00e7 de crear un clima de treball en equip i col\u00b7laboratiu per [&hellip;]<\/p>\n","protected":false},"author":1,"featured_media":0,"parent":0,"menu_order":0,"comment_status":"closed","ping_status":"closed","template":"page-templates\/side-menu.php","meta":{"_bbp_topic_count":0,"_bbp_reply_count":0,"_bbp_total_topic_count":0,"_bbp_total_reply_count":0,"_bbp_voice_count":0,"_bbp_anonymous_reply_count":0,"_bbp_topic_count_hidden":0,"_bbp_reply_count_hidden":0,"_bbp_forum_subforum_count":0,"site-sidebar-layout":"default","site-content-layout":"","ast-site-content-layout":"","site-content-style":"default","site-sidebar-style":"default","ast-global-header-display":"","ast-banner-title-visibility":"","ast-main-header-display":"","ast-hfb-above-header-display":"","ast-hfb-below-header-display":"","ast-hfb-mobile-header-display":"","site-post-title":"","ast-breadcrumbs-content":"","ast-featured-img":"","footer-sml-layout":"","theme-transparent-header-meta":"","adv-header-id-meta":"","stick-header-meta":"","header-above-stick-meta":"","header-main-stick-meta":"","header-below-stick-meta":"","astra-migrate-meta-layouts":"default","ast-page-background-enabled":"default","ast-page-background-meta":{"desktop":{"background-color":"var(--ast-global-color-4)","background-image":"","background-repeat":"repeat","background-position":"center center","background-size":"auto","background-attachment":"scroll","background-type":"","background-media":"","overlay-type":"","overlay-color":"","overlay-opacity":"","overlay-gradient":""},"tablet":{"background-color":"","background-image":"","background-repeat":"repeat","background-position":"center center","background-size":"auto","background-attachment":"scroll","background-type":"","background-media":"","overlay-type":"","overlay-color":"","overlay-opacity":"","overlay-gradient":""},"mobile":{"background-color":"","background-image":"","background-repeat":"repeat","background-position":"center center","background-size":"auto","background-attachment":"scroll","background-type":"","background-media":"","overlay-type":"","overlay-color":"","overlay-opacity":"","overlay-gradient":""}},"ast-content-background-meta":{"desktop":{"background-color":"var(--ast-global-color-5)","background-image":"","background-repeat":"repeat","background-position":"center center","background-size":"auto","background-attachment":"scroll","background-type":"","background-media":"","overlay-type":"","overlay-color":"","overlay-opacity":"","overlay-gradient":""},"tablet":{"background-color":"var(--ast-global-color-5)","background-image":"","background-repeat":"repeat","background-position":"center center","background-size":"auto","background-attachment":"scroll","background-type":"","background-media":"","overlay-type":"","overlay-color":"","overlay-opacity":"","overlay-gradient":""},"mobile":{"background-color":"var(--ast-global-color-5)","background-image":"","background-repeat":"repeat","background-position":"center center","background-size":"auto","background-attachment":"scroll","background-type":"","background-media":"","overlay-type":"","overlay-color":"","overlay-opacity":"","overlay-gradient":""}},"footnotes":""},"class_list":["post-22","page","type-page","status-publish","hentry"],"post_mailing_queue_ids":[],"_links":{"self":[{"href":"https:\/\/agora.xtec.cat\/escolasantiagorusinol\/wp-json\/wp\/v2\/pages\/22","targetHints":{"allow":["GET"]}}],"collection":[{"href":"https:\/\/agora.xtec.cat\/escolasantiagorusinol\/wp-json\/wp\/v2\/pages"}],"about":[{"href":"https:\/\/agora.xtec.cat\/escolasantiagorusinol\/wp-json\/wp\/v2\/types\/page"}],"author":[{"embeddable":true,"href":"https:\/\/agora.xtec.cat\/escolasantiagorusinol\/wp-json\/wp\/v2\/users\/1"}],"replies":[{"embeddable":true,"href":"https:\/\/agora.xtec.cat\/escolasantiagorusinol\/wp-json\/wp\/v2\/comments?post=22"}],"version-history":[{"count":4,"href":"https:\/\/agora.xtec.cat\/escolasantiagorusinol\/wp-json\/wp\/v2\/pages\/22\/revisions"}],"predecessor-version":[{"id":2744,"href":"https:\/\/agora.xtec.cat\/escolasantiagorusinol\/wp-json\/wp\/v2\/pages\/22\/revisions\/2744"}],"wp:attachment":[{"href":"https:\/\/agora.xtec.cat\/escolasantiagorusinol\/wp-json\/wp\/v2\/media?parent=22"}],"curies":[{"name":"wp","href":"https:\/\/api.w.org\/{rel}","templated":true}]}}