{"id":1416,"date":"2018-02-23T09:38:26","date_gmt":"2018-02-23T08:38:26","guid":{"rendered":"http:\/\/agora.xtec.cat\/escolasantiagorusinol\/?page_id=1416"},"modified":"2022-02-11T18:28:24","modified_gmt":"2022-02-11T17:28:24","slug":"pas-a-secundaria","status":"publish","type":"page","link":"https:\/\/agora.xtec.cat\/escolasantiagorusinol\/lescola\/pas-a-secundaria\/","title":{"rendered":"Pas a secund\u00e0ria"},"content":{"rendered":"<p>&nbsp;<\/p>\n<p>Com a Escola vetllem pel tal que el canvi de prim\u00e0ria a secund\u00e0ria sigui el m\u00e9s proper possible. \u00c9s per aix\u00f2 que durant el curs de 6\u00e8 els i les alumnes son convidats a con\u00e8ixer els diferents Instituts de la zona.<\/p>\n<p>Us facilitem les adreces de les diferents p\u00e0gines web dels instituts clicant a sobre\u00a0 per tal que podeu donar un cop d&#8217;ull als projectes educatius que us proposen.<\/p>\n<p><strong>\u00a0 \u00a0 <span style=\"color: #3366ff;\">\u00a0 \u00a0 \u00a0 \u00a0 \u00a0 \u00a0 \u00a0 \u00a0 \u00a0 \u00a0 \u00a0\u00a0<\/span><\/strong><strong style=\"font-family: inherit; font-size: 1em;\"><span style=\"color: #3366ff;\">\u00a0 \u00a0 \u00a0 \u00a0\u00a0<\/span><\/strong><span style=\"font-family: inherit; font-size: 1em;\">\u00a0 \u00a0 \u00a0 \u00a0 \u00a0 \u00a0 \u00a0 \u00a0<\/span><strong style=\"font-family: inherit; font-size: 1em;\"><span style=\"color: #3366ff;\"> \u00a0 \u00a0 \u00a0 \u00a0 <a href=\"https:\/\/agora.xtec.cat\/escolasantiagorusinol\/wp-content\/uploads\/usu1729\/2021\/02\/icona_RGB_417x417.png\">\u00a0<\/a><\/span><\/strong><\/p>\n<p>&nbsp;<\/p>\n<p><strong>\u00a0 \u00a0 \u00a0 \u00a0 \u00a0 \u00a0 <span style=\"color: #3366ff;\"><a href=\"https:\/\/agora.xtec.cat\/ies-santandreu\/\" target=\"_blank\" rel=\"noopener noreferrer\">IES NOU BARRIS<\/a>\u00a0 \u00a0 \u00a0 \u00a0 \u00a0 \u00a0 \u00a0 \u00a0 \u00a0 \u00a0 \u00a0 \u00a0 \u00a0 \u00a0 \u00a0 \u00a0 \u00a0 \u00a0 \u00a0 \u00a0 \u00a0 \u00a0 \u00a0 \u00a0 \u00a0 \u00a0 \u00a0 \u00a0 \u00a0 \u00a0 \u00a0 \u00a0 \u00a0 \u00a0 \u00a0 \u00a0 \u00a0 \u00a0 \u00a0 \u00a0<\/span><\/strong><strong><span style=\"color: #3366ff;\"><a style=\"color: #3366ff;\" href=\"https:\/\/agora.xtec.cat\/iesflosicalcat\/\" target=\"_blank\" rel=\"noopener noreferrer\">IES FLOS I CALCAT\u00a0<\/a>\u00a0\u00a0<\/span><\/strong><\/p>\n<p><a style=\"color: #2795b6;\" href=\"https:\/\/agora.xtec.cat\/escolasantiagorusinol\/wp-content\/uploads\/usu1729\/2021\/02\/icona_RGB_417x417.png\">\u00a0 \u00a0 \u00a0 \u00a0 \u00a0 \u00a0 \u00a0 <img loading=\"lazy\" decoding=\"async\" class=\"wp-image-5006 alignnone\" src=\"https:\/\/agora.xtec.cat\/escolasantiagorusinol\/wp-content\/uploads\/usu1729\/2021\/02\/icona_RGB_417x417-150x150.png\" alt=\"\" width=\"70\" height=\"70\" srcset=\"https:\/\/agora.xtec.cat\/escolasantiagorusinol\/wp-content\/uploads\/usu1729\/2021\/02\/icona_RGB_417x417-150x150.png 150w, https:\/\/agora.xtec.cat\/escolasantiagorusinol\/wp-content\/uploads\/usu1729\/2021\/02\/icona_RGB_417x417-300x300.png 300w, https:\/\/agora.xtec.cat\/escolasantiagorusinol\/wp-content\/uploads\/usu1729\/2021\/02\/icona_RGB_417x417.png 417w\" sizes=\"auto, (max-width: 70px) 100vw, 70px\" \/> \u00a0 \u00a0 \u00a0 \u00a0 \u00a0 \u00a0 \u00a0 \u00a0 \u00a0 \u00a0 \u00a0 \u00a0 \u00a0 \u00a0 \u00a0 \u00a0 \u00a0 \u00a0 \u00a0 \u00a0 \u00a0 \u00a0 \u00a0 \u00a0 \u00a0 \u00a0 \u00a0 \u00a0 \u00a0 \u00a0 \u00a0 \u00a0 \u00a0 \u00a0 \u00a0 \u00a0 \u00a0 \u00a0 \u00a0 \u00a0 \u00a0 \u00a0 \u00a0 \u00a0 \u00a0 \u00a0 \u00a0 \u00a0 \u00a0 \u00a0 <\/a><img loading=\"lazy\" decoding=\"async\" class=\"wp-image-5007 alignnone\" src=\"https:\/\/agora.xtec.cat\/escolasantiagorusinol\/wp-content\/uploads\/usu1729\/2021\/02\/Logo-Flos-TRANSP1-150x150.png\" alt=\"\" width=\"76\" height=\"76\" srcset=\"https:\/\/agora.xtec.cat\/escolasantiagorusinol\/wp-content\/uploads\/usu1729\/2021\/02\/Logo-Flos-TRANSP1-150x150.png 150w, https:\/\/agora.xtec.cat\/escolasantiagorusinol\/wp-content\/uploads\/usu1729\/2021\/02\/Logo-Flos-TRANSP1-300x300.png 300w, https:\/\/agora.xtec.cat\/escolasantiagorusinol\/wp-content\/uploads\/usu1729\/2021\/02\/Logo-Flos-TRANSP1.png 587w\" sizes=\"auto, (max-width: 76px) 100vw, 76px\" \/><\/p>\n<p>&nbsp;<\/p>\n<p><strong><span style=\"color: #3366ff;\"> \u00a0\u00a0 \u00a0\u00a0 <a style=\"color: #3366ff;\" href=\"https:\/\/agora.xtec.cat\/iesgalileo\/categoria\/inici\/\" target=\"_blank\" rel=\"noopener noreferrer\">\u00a0\u00a0<\/a>\u00a0<\/span><\/strong><strong>\u00a0<a href=\"http:\/\/institutvalldemossa.cat\/\" target=\"_blank\" rel=\"noopener noreferrer\">\u00a0IES VALLDEMOSSA<\/a><\/strong><strong style=\"font-family: inherit; font-size: 1em;\">\u00a0 \u00a0 \u00a0 \u00a0 \u00a0 \u00a0 \u00a0 \u00a0 \u00a0 \u00a0 \u00a0 \u00a0 \u00a0 \u00a0 \u00a0 \u00a0 \u00a0 \u00a0 \u00a0 \u00a0 \u00a0 \u00a0 \u00a0 \u00a0 \u00a0 \u00a0 \u00a0 \u00a0 \u00a0 \u00a0 \u00a0 \u00a0 \u00a0 \u00a0 \u00a0 \u00a0 <\/strong><strong style=\"font-family: inherit; font-size: 1em;\">\u00a0 \u00a0\u00a0<\/strong><strong style=\"font-family: inherit; font-size: 1em;\"><span style=\"color: #3366ff;\">\u00a0<a style=\"color: #3366ff;\" href=\"https:\/\/agora.xtec.cat\/iesgalileo\/categoria\/inici\/\" target=\"_blank\" rel=\"noopener noreferrer\">IES GALILEO GALILEI\u00a0<\/a><\/span><\/strong><strong style=\"font-family: inherit; font-size: 1em;\">\u00a0 \u00a0 \u00a0 \u00a0 \u00a0 \u00a0 \u00a0 \u00a0 <\/strong><strong style=\"font-family: inherit; font-size: 1em;\">\u00a0 \u00a0\u00a0<\/strong><\/p>\n<p><strong style=\"font-family: inherit; font-size: 1em;\">\u00a0 \u00a0 \u00a0 <img loading=\"lazy\" decoding=\"async\" class=\"alignnone size-full wp-image-5010\" src=\"https:\/\/agora.xtec.cat\/escolasantiagorusinol\/wp-content\/uploads\/usu1729\/2021\/02\/valldemossa-e1613842254416.png\" alt=\"\" width=\"200\" height=\"85\" \/> \u00a0 \u00a0 \u00a0 \u00a0 <\/strong><strong style=\"font-family: inherit; font-size: 1em;\">\u00a0 \u00a0<\/strong><strong style=\"font-family: inherit; font-size: 1em;\"> \u00a0 \u00a0 \u00a0 \u00a0 \u00a0 \u00a0 \u00a0 \u00a0 <\/strong><strong style=\"font-family: inherit; font-size: 1em;\">\u00a0 \u00a0 \u00a0 \u00a0 \u00a0 \u00a0 \u00a0 \u00a0 \u00a0 \u00a0 \u00a0 \u00a0 \u00a0 \u00a0 \u00a0 \u00a0 \u00a0 \u00a0 \u00a0 \u00a0 \u00a0 \u00a0 \u00a0 \u00a0 \u00a0 \u00a0 \u00a0 <\/strong><img loading=\"lazy\" decoding=\"async\" class=\"wp-image-5008 alignnone\" src=\"https:\/\/agora.xtec.cat\/escolasantiagorusinol\/wp-content\/uploads\/usu1729\/2021\/02\/logo-transparecc80ncia-e1351971993660.png\" alt=\"\" width=\"77\" height=\"62\" \/><\/p>\n<p><strong style=\"font-family: inherit; font-size: 1em;\">\u00a0 \u00a0 \u00a0 \u00a0 \u00a0 \u00a0 \u00a0 \u00a0 \u00a0 \u00a0 \u00a0 \u00a0 \u00a0 \u00a0 \u00a0 \u00a0\u00a0<\/strong><strong style=\"font-family: inherit; font-size: 1em;\">\u00a0 \u00a0 \u00a0 \u00a0 \u00a0 \u00a0 \u00a0 \u00a0 \u00a0 \u00a0 \u00a0 \u00a0 \u00a0 \u00a0 \u00a0 \u00a0 \u00a0 \u00a0\u00a0<\/strong><\/p>\n<p>&nbsp;<\/p>\n<p>&nbsp;<\/p>\n<p>&nbsp;<\/p>\n<p>&nbsp;<\/p>\n<p>&nbsp;<\/p>\n<p>&nbsp;<\/p>\n<p>&nbsp;<\/p>\n<p>&nbsp;<\/p>\n","protected":false},"excerpt":{"rendered":"<p>&nbsp; Com a Escola vetllem pel tal que el canvi de prim\u00e0ria a secund\u00e0ria sigui el m\u00e9s proper possible. \u00c9s per aix\u00f2 que durant el curs de 6\u00e8 els i les alumnes son convidats a con\u00e8ixer els diferents Instituts de la zona. Us facilitem les adreces de les diferents p\u00e0gines web dels instituts clicant a [&hellip;]<\/p>\n","protected":false},"author":1,"featured_media":0,"parent":22,"menu_order":90,"comment_status":"closed","ping_status":"closed","template":"page-templates\/side-menu.php","meta":{"_bbp_topic_count":0,"_bbp_reply_count":0,"_bbp_total_topic_count":0,"_bbp_total_reply_count":0,"_bbp_voice_count":0,"_bbp_anonymous_reply_count":0,"_bbp_topic_count_hidden":0,"_bbp_reply_count_hidden":0,"_bbp_forum_subforum_count":0,"site-sidebar-layout":"default","site-content-layout":"","ast-site-content-layout":"","site-content-style":"default","site-sidebar-style":"default","ast-global-header-display":"","ast-banner-title-visibility":"","ast-main-header-display":"","ast-hfb-above-header-display":"","ast-hfb-below-header-display":"","ast-hfb-mobile-header-display":"","site-post-title":"","ast-breadcrumbs-content":"","ast-featured-img":"","footer-sml-layout":"","theme-transparent-header-meta":"","adv-header-id-meta":"","stick-header-meta":"","header-above-stick-meta":"","header-main-stick-meta":"","header-below-stick-meta":"","astra-migrate-meta-layouts":"default","ast-page-background-enabled":"default","ast-page-background-meta":{"desktop":{"background-color":"var(--ast-global-color-4)","background-image":"","background-repeat":"repeat","background-position":"center center","background-size":"auto","background-attachment":"scroll","background-type":"","background-media":"","overlay-type":"","overlay-color":"","overlay-opacity":"","overlay-gradient":""},"tablet":{"background-color":"","background-image":"","background-repeat":"repeat","background-position":"center center","background-size":"auto","background-attachment":"scroll","background-type":"","background-media":"","overlay-type":"","overlay-color":"","overlay-opacity":"","overlay-gradient":""},"mobile":{"background-color":"","background-image":"","background-repeat":"repeat","background-position":"center center","background-size":"auto","background-attachment":"scroll","background-type":"","background-media":"","overlay-type":"","overlay-color":"","overlay-opacity":"","overlay-gradient":""}},"ast-content-background-meta":{"desktop":{"background-color":"var(--ast-global-color-5)","background-image":"","background-repeat":"repeat","background-position":"center center","background-size":"auto","background-attachment":"scroll","background-type":"","background-media":"","overlay-type":"","overlay-color":"","overlay-opacity":"","overlay-gradient":""},"tablet":{"background-color":"var(--ast-global-color-5)","background-image":"","background-repeat":"repeat","background-position":"center center","background-size":"auto","background-attachment":"scroll","background-type":"","background-media":"","overlay-type":"","overlay-color":"","overlay-opacity":"","overlay-gradient":""},"mobile":{"background-color":"var(--ast-global-color-5)","background-image":"","background-repeat":"repeat","background-position":"center center","background-size":"auto","background-attachment":"scroll","background-type":"","background-media":"","overlay-type":"","overlay-color":"","overlay-opacity":"","overlay-gradient":""}},"footnotes":""},"class_list":["post-1416","page","type-page","status-publish","hentry"],"post_mailing_queue_ids":[],"_links":{"self":[{"href":"https:\/\/agora.xtec.cat\/escolasantiagorusinol\/wp-json\/wp\/v2\/pages\/1416","targetHints":{"allow":["GET"]}}],"collection":[{"href":"https:\/\/agora.xtec.cat\/escolasantiagorusinol\/wp-json\/wp\/v2\/pages"}],"about":[{"href":"https:\/\/agora.xtec.cat\/escolasantiagorusinol\/wp-json\/wp\/v2\/types\/page"}],"author":[{"embeddable":true,"href":"https:\/\/agora.xtec.cat\/escolasantiagorusinol\/wp-json\/wp\/v2\/users\/1"}],"replies":[{"embeddable":true,"href":"https:\/\/agora.xtec.cat\/escolasantiagorusinol\/wp-json\/wp\/v2\/comments?post=1416"}],"version-history":[{"count":4,"href":"https:\/\/agora.xtec.cat\/escolasantiagorusinol\/wp-json\/wp\/v2\/pages\/1416\/revisions"}],"predecessor-version":[{"id":6363,"href":"https:\/\/agora.xtec.cat\/escolasantiagorusinol\/wp-json\/wp\/v2\/pages\/1416\/revisions\/6363"}],"up":[{"embeddable":true,"href":"https:\/\/agora.xtec.cat\/escolasantiagorusinol\/wp-json\/wp\/v2\/pages\/22"}],"wp:attachment":[{"href":"https:\/\/agora.xtec.cat\/escolasantiagorusinol\/wp-json\/wp\/v2\/media?parent=1416"}],"curies":[{"name":"wp","href":"https:\/\/api.w.org\/{rel}","templated":true}]}}