{"id":1175,"date":"2018-01-30T09:27:32","date_gmt":"2018-01-30T08:27:32","guid":{"rendered":"http:\/\/agora.xtec.cat\/escolasantiagorusinol\/?page_id=1175"},"modified":"2026-01-21T11:46:08","modified_gmt":"2026-01-21T10:46:08","slug":"portes-obertes-2","status":"publish","type":"page","link":"https:\/\/agora.xtec.cat\/escolasantiagorusinol\/lescola\/projecte-educatiu\/portes-obertes-2\/","title":{"rendered":"Portes Obertes 26-27"},"content":{"rendered":"<p><a href=\"https:\/\/docs.google.com\/forms\/d\/e\/1FAIpQLSfUCZWa906Vxj2hR-il-n1NLT--Pj3ch_G_kGBCkwV0o4e2uw\/viewform?usp=header\"><img loading=\"lazy\" decoding=\"async\" class=\"alignnone wp-image-10424 size-full\" src=\"https:\/\/agora.xtec.cat\/escolasantiagorusinol\/wp-content\/uploads\/usu1729\/2026\/01\/reuniONS-FAMILIES-INICI-DE-CURS-2.png\" alt=\"\" width=\"1080\" height=\"1080\" srcset=\"https:\/\/agora.xtec.cat\/escolasantiagorusinol\/wp-content\/uploads\/usu1729\/2026\/01\/reuniONS-FAMILIES-INICI-DE-CURS-2.png 1080w, https:\/\/agora.xtec.cat\/escolasantiagorusinol\/wp-content\/uploads\/usu1729\/2026\/01\/reuniONS-FAMILIES-INICI-DE-CURS-2-300x300.png 300w, https:\/\/agora.xtec.cat\/escolasantiagorusinol\/wp-content\/uploads\/usu1729\/2026\/01\/reuniONS-FAMILIES-INICI-DE-CURS-2-1024x1024.png 1024w, https:\/\/agora.xtec.cat\/escolasantiagorusinol\/wp-content\/uploads\/usu1729\/2026\/01\/reuniONS-FAMILIES-INICI-DE-CURS-2-150x150.png 150w, https:\/\/agora.xtec.cat\/escolasantiagorusinol\/wp-content\/uploads\/usu1729\/2026\/01\/reuniONS-FAMILIES-INICI-DE-CURS-2-768x768.png 768w\" sizes=\"auto, (max-width: 1080px) 100vw, 1080px\" \/><\/a><\/p>\n<p>Durant la jornada de portes obertes us explicarem el funcionament general de l\u2019escola, el projecte educatiu i el dia a dia del centre. Les dades de contacte ens serviran per fer una previsi\u00f3 d\u2019assist\u00e8ncia i contactar amb vosaltres en cas de qualsevol incid\u00e8ncia.<\/p>\n<p><a href=\"https:\/\/docs.google.com\/forms\/d\/e\/1FAIpQLSfUCZWa906Vxj2hR-il-n1NLT--Pj3ch_G_kGBCkwV0o4e2uw\/viewform?usp=header\">FORMULARI<\/a><\/p>\n<p><a href=\"https:\/\/agora.xtec.cat\/escolasantiagorusinol\/wp-content\/uploads\/usu1729\/2022\/02\/QUE-FEM-A-EDUCACIO-INFANTIL.pdf\" target=\"_blank\" rel=\"noopener\">QU\u00c8 FEM A EDUCACI\u00d3 INFANTIL?<\/a><\/p>\n<p><a href=\"https:\/\/agora.xtec.cat\/escolasantiagorusinol\/lescola\/projecte-educatiu\/portes-obertes-2\/attachment\/1-10\/\" rel=\"attachment wp-att-8196\"><img loading=\"lazy\" decoding=\"async\" class=\"alignnone size-full wp-image-8196\" src=\"https:\/\/agora.xtec.cat\/escolasantiagorusinol\/wp-content\/uploads\/usu1729\/2024\/03\/1-1.jpg\" alt=\"\" width=\"800\" height=\"2000\" srcset=\"https:\/\/agora.xtec.cat\/escolasantiagorusinol\/wp-content\/uploads\/usu1729\/2024\/03\/1-1.jpg 800w, https:\/\/agora.xtec.cat\/escolasantiagorusinol\/wp-content\/uploads\/usu1729\/2024\/03\/1-1-120x300.jpg 120w, https:\/\/agora.xtec.cat\/escolasantiagorusinol\/wp-content\/uploads\/usu1729\/2024\/03\/1-1-410x1024.jpg 410w, https:\/\/agora.xtec.cat\/escolasantiagorusinol\/wp-content\/uploads\/usu1729\/2024\/03\/1-1-768x1920.jpg 768w, https:\/\/agora.xtec.cat\/escolasantiagorusinol\/wp-content\/uploads\/usu1729\/2024\/03\/1-1-614x1536.jpg 614w\" sizes=\"auto, (max-width: 800px) 100vw, 800px\" \/><\/a> <a href=\"https:\/\/agora.xtec.cat\/escolasantiagorusinol\/lescola\/projecte-educatiu\/portes-obertes-2\/attachment\/2-10\/\" rel=\"attachment wp-att-8197\"><img loading=\"lazy\" decoding=\"async\" class=\"alignnone wp-image-8197 size-full\" src=\"https:\/\/agora.xtec.cat\/escolasantiagorusinol\/wp-content\/uploads\/usu1729\/2024\/03\/2-1.jpg\" alt=\"\" width=\"800\" height=\"2000\" srcset=\"https:\/\/agora.xtec.cat\/escolasantiagorusinol\/wp-content\/uploads\/usu1729\/2024\/03\/2-1.jpg 800w, https:\/\/agora.xtec.cat\/escolasantiagorusinol\/wp-content\/uploads\/usu1729\/2024\/03\/2-1-120x300.jpg 120w, https:\/\/agora.xtec.cat\/escolasantiagorusinol\/wp-content\/uploads\/usu1729\/2024\/03\/2-1-410x1024.jpg 410w, https:\/\/agora.xtec.cat\/escolasantiagorusinol\/wp-content\/uploads\/usu1729\/2024\/03\/2-1-768x1920.jpg 768w, https:\/\/agora.xtec.cat\/escolasantiagorusinol\/wp-content\/uploads\/usu1729\/2024\/03\/2-1-614x1536.jpg 614w\" sizes=\"auto, (max-width: 800px) 100vw, 800px\" \/><\/a> <a href=\"https:\/\/agora.xtec.cat\/escolasantiagorusinol\/lescola\/projecte-educatiu\/portes-obertes-2\/attachment\/3-30\/\" rel=\"attachment wp-att-8198\"><img loading=\"lazy\" decoding=\"async\" class=\"alignnone wp-image-8198 size-full\" src=\"https:\/\/agora.xtec.cat\/escolasantiagorusinol\/wp-content\/uploads\/usu1729\/2024\/03\/3-1.jpg\" alt=\"\" width=\"800\" height=\"2000\" srcset=\"https:\/\/agora.xtec.cat\/escolasantiagorusinol\/wp-content\/uploads\/usu1729\/2024\/03\/3-1.jpg 800w, https:\/\/agora.xtec.cat\/escolasantiagorusinol\/wp-content\/uploads\/usu1729\/2024\/03\/3-1-120x300.jpg 120w, https:\/\/agora.xtec.cat\/escolasantiagorusinol\/wp-content\/uploads\/usu1729\/2024\/03\/3-1-410x1024.jpg 410w, https:\/\/agora.xtec.cat\/escolasantiagorusinol\/wp-content\/uploads\/usu1729\/2024\/03\/3-1-768x1920.jpg 768w, https:\/\/agora.xtec.cat\/escolasantiagorusinol\/wp-content\/uploads\/usu1729\/2024\/03\/3-1-614x1536.jpg 614w\" sizes=\"auto, (max-width: 800px) 100vw, 800px\" \/><\/a><\/p>\n<p>&nbsp;<\/p>\n<p>&nbsp;<\/p>\n<p>&nbsp;<\/p>\n<p><a href=\"https:\/\/agora.xtec.cat\/escolasantiagorusinol\/wp-content\/uploads\/usu1729\/2022\/02\/QUE-FEM-A-EDUCACIO-PRIMARIA.pdf\" target=\"_blank\" rel=\"noopener\">QU\u00c8 FEM A EDUCACI\u00d3 PRIM\u00c0RIA?<\/a><\/p>\n<p><a href=\"https:\/\/agora.xtec.cat\/escolasantiagorusinol\/lescola\/projecte-educatiu\/portes-obertes-2\/attachment\/1-9\/\" rel=\"attachment wp-att-8192\"><img loading=\"lazy\" decoding=\"async\" class=\"alignnone wp-image-8192 size-full\" src=\"https:\/\/agora.xtec.cat\/escolasantiagorusinol\/wp-content\/uploads\/usu1729\/2024\/03\/1.jpg\" alt=\"\" width=\"800\" height=\"2000\" srcset=\"https:\/\/agora.xtec.cat\/escolasantiagorusinol\/wp-content\/uploads\/usu1729\/2024\/03\/1.jpg 800w, https:\/\/agora.xtec.cat\/escolasantiagorusinol\/wp-content\/uploads\/usu1729\/2024\/03\/1-120x300.jpg 120w, https:\/\/agora.xtec.cat\/escolasantiagorusinol\/wp-content\/uploads\/usu1729\/2024\/03\/1-410x1024.jpg 410w, https:\/\/agora.xtec.cat\/escolasantiagorusinol\/wp-content\/uploads\/usu1729\/2024\/03\/1-768x1920.jpg 768w, https:\/\/agora.xtec.cat\/escolasantiagorusinol\/wp-content\/uploads\/usu1729\/2024\/03\/1-614x1536.jpg 614w\" sizes=\"auto, (max-width: 800px) 100vw, 800px\" \/><\/a><a href=\"https:\/\/agora.xtec.cat\/escolasantiagorusinol\/lescola\/projecte-educatiu\/portes-obertes-2\/attachment\/2-9\/\" rel=\"attachment wp-att-8193\"><img loading=\"lazy\" decoding=\"async\" class=\"alignnone wp-image-8193 size-full\" src=\"https:\/\/agora.xtec.cat\/escolasantiagorusinol\/wp-content\/uploads\/usu1729\/2024\/03\/2.jpg\" alt=\"\" width=\"800\" height=\"2000\" srcset=\"https:\/\/agora.xtec.cat\/escolasantiagorusinol\/wp-content\/uploads\/usu1729\/2024\/03\/2.jpg 800w, https:\/\/agora.xtec.cat\/escolasantiagorusinol\/wp-content\/uploads\/usu1729\/2024\/03\/2-120x300.jpg 120w, https:\/\/agora.xtec.cat\/escolasantiagorusinol\/wp-content\/uploads\/usu1729\/2024\/03\/2-410x1024.jpg 410w, https:\/\/agora.xtec.cat\/escolasantiagorusinol\/wp-content\/uploads\/usu1729\/2024\/03\/2-768x1920.jpg 768w, https:\/\/agora.xtec.cat\/escolasantiagorusinol\/wp-content\/uploads\/usu1729\/2024\/03\/2-614x1536.jpg 614w\" sizes=\"auto, (max-width: 800px) 100vw, 800px\" \/><\/a><a href=\"https:\/\/agora.xtec.cat\/escolasantiagorusinol\/lescola\/projecte-educatiu\/portes-obertes-2\/attachment\/3-8\/\" rel=\"attachment wp-att-8194\"><img loading=\"lazy\" decoding=\"async\" class=\"alignnone wp-image-8194 size-full\" src=\"https:\/\/agora.xtec.cat\/escolasantiagorusinol\/wp-content\/uploads\/usu1729\/2024\/03\/3.jpg\" alt=\"\" width=\"800\" height=\"2000\" srcset=\"https:\/\/agora.xtec.cat\/escolasantiagorusinol\/wp-content\/uploads\/usu1729\/2024\/03\/3.jpg 800w, https:\/\/agora.xtec.cat\/escolasantiagorusinol\/wp-content\/uploads\/usu1729\/2024\/03\/3-120x300.jpg 120w, https:\/\/agora.xtec.cat\/escolasantiagorusinol\/wp-content\/uploads\/usu1729\/2024\/03\/3-410x1024.jpg 410w, https:\/\/agora.xtec.cat\/escolasantiagorusinol\/wp-content\/uploads\/usu1729\/2024\/03\/3-768x1920.jpg 768w, https:\/\/agora.xtec.cat\/escolasantiagorusinol\/wp-content\/uploads\/usu1729\/2024\/03\/3-614x1536.jpg 614w\" sizes=\"auto, (max-width: 800px) 100vw, 800px\" \/><\/a><\/p>\n<p>&nbsp;<\/p>\n<p>&nbsp;<\/p>\n","protected":false},"excerpt":{"rendered":"<p>Durant la jornada de portes obertes us explicarem el funcionament general de l\u2019escola, el projecte educatiu i el dia a dia del centre. Les dades de contacte ens serviran per fer una previsi\u00f3 d\u2019assist\u00e8ncia i contactar amb vosaltres en cas de qualsevol incid\u00e8ncia. FORMULARI QU\u00c8 FEM A EDUCACI\u00d3 INFANTIL? &nbsp; &nbsp; &nbsp; QU\u00c8 FEM A [&hellip;]<\/p>\n","protected":false},"author":1,"featured_media":0,"parent":64,"menu_order":0,"comment_status":"closed","ping_status":"closed","template":"","meta":{"_bbp_topic_count":0,"_bbp_reply_count":0,"_bbp_total_topic_count":0,"_bbp_total_reply_count":0,"_bbp_voice_count":0,"_bbp_anonymous_reply_count":0,"_bbp_topic_count_hidden":0,"_bbp_reply_count_hidden":0,"_bbp_forum_subforum_count":0,"site-sidebar-layout":"default","site-content-layout":"","ast-site-content-layout":"default","site-content-style":"default","site-sidebar-style":"default","ast-global-header-display":"","ast-banner-title-visibility":"","ast-main-header-display":"","ast-hfb-above-header-display":"","ast-hfb-below-header-display":"","ast-hfb-mobile-header-display":"","site-post-title":"","ast-breadcrumbs-content":"","ast-featured-img":"","footer-sml-layout":"","theme-transparent-header-meta":"default","adv-header-id-meta":"","stick-header-meta":"","header-above-stick-meta":"","header-main-stick-meta":"","header-below-stick-meta":"","astra-migrate-meta-layouts":"set","ast-page-background-enabled":"default","ast-page-background-meta":{"desktop":{"background-color":"var(--ast-global-color-4)","background-image":"","background-repeat":"repeat","background-position":"center center","background-size":"auto","background-attachment":"scroll","background-type":"","background-media":"","overlay-type":"","overlay-color":"","overlay-opacity":"","overlay-gradient":""},"tablet":{"background-color":"","background-image":"","background-repeat":"repeat","background-position":"center center","background-size":"auto","background-attachment":"scroll","background-type":"","background-media":"","overlay-type":"","overlay-color":"","overlay-opacity":"","overlay-gradient":""},"mobile":{"background-color":"","background-image":"","background-repeat":"repeat","background-position":"center center","background-size":"auto","background-attachment":"scroll","background-type":"","background-media":"","overlay-type":"","overlay-color":"","overlay-opacity":"","overlay-gradient":""}},"ast-content-background-meta":{"desktop":{"background-color":"var(--ast-global-color-5)","background-image":"","background-repeat":"repeat","background-position":"center center","background-size":"auto","background-attachment":"scroll","background-type":"","background-media":"","overlay-type":"","overlay-color":"","overlay-opacity":"","overlay-gradient":""},"tablet":{"background-color":"var(--ast-global-color-5)","background-image":"","background-repeat":"repeat","background-position":"center center","background-size":"auto","background-attachment":"scroll","background-type":"","background-media":"","overlay-type":"","overlay-color":"","overlay-opacity":"","overlay-gradient":""},"mobile":{"background-color":"var(--ast-global-color-5)","background-image":"","background-repeat":"repeat","background-position":"center center","background-size":"auto","background-attachment":"scroll","background-type":"","background-media":"","overlay-type":"","overlay-color":"","overlay-opacity":"","overlay-gradient":""}},"footnotes":""},"class_list":["post-1175","page","type-page","status-publish","hentry"],"post_mailing_queue_ids":[],"_links":{"self":[{"href":"https:\/\/agora.xtec.cat\/escolasantiagorusinol\/wp-json\/wp\/v2\/pages\/1175","targetHints":{"allow":["GET"]}}],"collection":[{"href":"https:\/\/agora.xtec.cat\/escolasantiagorusinol\/wp-json\/wp\/v2\/pages"}],"about":[{"href":"https:\/\/agora.xtec.cat\/escolasantiagorusinol\/wp-json\/wp\/v2\/types\/page"}],"author":[{"embeddable":true,"href":"https:\/\/agora.xtec.cat\/escolasantiagorusinol\/wp-json\/wp\/v2\/users\/1"}],"replies":[{"embeddable":true,"href":"https:\/\/agora.xtec.cat\/escolasantiagorusinol\/wp-json\/wp\/v2\/comments?post=1175"}],"version-history":[{"count":7,"href":"https:\/\/agora.xtec.cat\/escolasantiagorusinol\/wp-json\/wp\/v2\/pages\/1175\/revisions"}],"predecessor-version":[{"id":10461,"href":"https:\/\/agora.xtec.cat\/escolasantiagorusinol\/wp-json\/wp\/v2\/pages\/1175\/revisions\/10461"}],"up":[{"embeddable":true,"href":"https:\/\/agora.xtec.cat\/escolasantiagorusinol\/wp-json\/wp\/v2\/pages\/64"}],"wp:attachment":[{"href":"https:\/\/agora.xtec.cat\/escolasantiagorusinol\/wp-json\/wp\/v2\/media?parent=1175"}],"curies":[{"name":"wp","href":"https:\/\/api.w.org\/{rel}","templated":true}]}}