{"id":22,"date":"2014-09-18T12:19:57","date_gmt":"2014-09-18T11:19:57","guid":{"rendered":"http:\/\/agora.xtec.cat\/escolasantbonifaci\/?page_id=22"},"modified":"2022-07-06T12:05:53","modified_gmt":"2022-07-06T10:05:53","slug":"lescola","status":"publish","type":"page","link":"https:\/\/agora.xtec.cat\/escolasantbonifaci\/lescola\/","title":{"rendered":"L&#8217;escola"},"content":{"rendered":"<p>L\u2019escola Sant Bonifaci, \u00e9s una escola que forma part de la ZER RIU SET, a les Garrigues.<\/p>\n<p>Som, aproximadament, uns 30 alumnes.<\/p>\n<p>Des del curs 16\/17 tenim integrada a l\u2019escola la Llar d\u2019infants.<\/p>\n<p>&nbsp;<\/p>\n<p>La nostra adre\u00e7a i tel\u00e8fon \u00e9s:<\/p>\n<p>Crta. Lleida s\/n, Vinaixa\u00a0 25440.<\/p>\n<p>Tfn fixe 973 17 50\u00a0 13<\/p>\n","protected":false},"excerpt":{"rendered":"<p>L\u2019escola Sant Bonifaci, \u00e9s una escola que forma part de la ZER RIU SET, a les Garrigues.<br \/>\nSom, aproximadament, uns 30 alumnes.<br \/>\nDes del curs 16\/17 tenim integrada a l\u2019escola la Llar d\u2019infants.<br \/>\n&nbsp;<br \/>\nLa nostra adre\u00e7a i tel\u00e8fon \u00e9s:<br \/>\nCrta. Lleida s\/n, Vinaixa\u00a0 25440.<br \/>\nTfn fixe 973 17 50\u00a0 13<\/p>\n","protected":false},"author":1,"featured_media":0,"parent":0,"menu_order":0,"comment_status":"closed","ping_status":"closed","template":"page-templates\/side-menu.php","meta":{"_bbp_topic_count":0,"_bbp_reply_count":0,"_bbp_total_topic_count":0,"_bbp_total_reply_count":0,"_bbp_voice_count":0,"_bbp_anonymous_reply_count":0,"_bbp_topic_count_hidden":0,"_bbp_reply_count_hidden":0,"_bbp_forum_subforum_count":0,"footnotes":""},"class_list":["post-22","page","type-page","status-publish","hentry"],"post_mailing_queue_ids":[],"_links":{"self":[{"href":"https:\/\/agora.xtec.cat\/escolasantbonifaci\/wp-json\/wp\/v2\/pages\/22","targetHints":{"allow":["GET"]}}],"collection":[{"href":"https:\/\/agora.xtec.cat\/escolasantbonifaci\/wp-json\/wp\/v2\/pages"}],"about":[{"href":"https:\/\/agora.xtec.cat\/escolasantbonifaci\/wp-json\/wp\/v2\/types\/page"}],"author":[{"embeddable":true,"href":"https:\/\/agora.xtec.cat\/escolasantbonifaci\/wp-json\/wp\/v2\/users\/1"}],"replies":[{"embeddable":true,"href":"https:\/\/agora.xtec.cat\/escolasantbonifaci\/wp-json\/wp\/v2\/comments?post=22"}],"version-history":[{"count":1,"href":"https:\/\/agora.xtec.cat\/escolasantbonifaci\/wp-json\/wp\/v2\/pages\/22\/revisions"}],"predecessor-version":[{"id":504,"href":"https:\/\/agora.xtec.cat\/escolasantbonifaci\/wp-json\/wp\/v2\/pages\/22\/revisions\/504"}],"wp:attachment":[{"href":"https:\/\/agora.xtec.cat\/escolasantbonifaci\/wp-json\/wp\/v2\/media?parent=22"}],"curies":[{"name":"wp","href":"https:\/\/api.w.org\/{rel}","templated":true}]}}