{"id":803,"date":"2018-02-26T10:50:39","date_gmt":"2018-02-26T09:50:39","guid":{"rendered":"http:\/\/agora.xtec.cat\/escolasantbernat\/?page_id=803"},"modified":"2026-03-26T14:20:41","modified_gmt":"2026-03-26T13:20:41","slug":"carta-de-compromis","status":"publish","type":"page","link":"https:\/\/agora.xtec.cat\/escolasantbernat\/families-sbc\/carta-de-compromis\/","title":{"rendered":"Carta de comprom\u00eds"},"content":{"rendered":"<p>L&#8217;objectiu de la carta de comprom\u00eds \u00e9s expressar els objectius necessaris per assolir un entorn de conviv\u00e8ncia i respecte pel desenvolupament de les activitats educatives. Cada centre confecciona la seva carta de comprom\u00eds educatiu: centre i fam\u00edlia s&#8217;han d&#8217;avenir a compartir els principis que inspiren la carta, i que han de respectar els drets i les llibertats de les fam\u00edlies, aix\u00ed com el projecte educatiu del centre.<\/p>\n<p>En el moment de fer la matr\u00edcula\u00a0dels vostres fills\u00a0podeu formalitzar la carta de comprom\u00eds educatiu, que t\u00e9 els objectius seg\u00fcents:<\/p>\n<ul>\n<li>Que la fam\u00edlia conegui el projecte educatiu del centre i s&#8217;hi comprometi.<\/li>\n<li>Millorar la informaci\u00f3 i comunicaci\u00f3 entre el centre educatiu i les fam\u00edlies.<\/li>\n<li>Facilitar el compliment dels drets i deures de la comunitat educativa.<\/li>\n<li>Fomentar la conviv\u00e8ncia i el bon clima escolar.<\/li>\n<li>Corresponsabilitzar el centre i la fam\u00edlia en les diferents mesures educatives que puguin rebre els vostres fills.<\/li>\n<\/ul>\n<p>Cada centre confecciona la seva pr\u00f2pia carta de comprom\u00eds educatiu. En aquest document s&#8217;expressen els compromisos entre les fam\u00edlies i el centre: acceptaci\u00f3 del projecte educatiu del centre, respecte a les conviccions ideol\u00f2giques i morals de les fam\u00edlies, adopci\u00f3 de mesures correctores per a la bona conviv\u00e8ncia, comunicaci\u00f3 i diferents maneres que les fam\u00edlies tenen per poder participar en els centres.<\/p>\n<p><a href=\"https:\/\/drive.google.com\/file\/d\/1bFXLdUipDsQH30bYVVZCwdf_4K1pelOa\/view?usp=sharing\" target=\"_blank\" rel=\"noopener\">CARTA COMPROM\u00cdS<\/a><\/p>\n","protected":false},"excerpt":{"rendered":"<p>L&#8217;objectiu de la carta de comprom\u00eds \u00e9s expressar els objectius necessaris per assolir un entorn de conviv\u00e8ncia i respecte pel desenvolupament de les activitats educatives. Cada centre confecciona la seva carta de comprom\u00eds educatiu: centre i fam\u00edlia s&#8217;han d&#8217;avenir a compartir els principis que inspiren&hellip;  <a href=\"https:\/\/agora.xtec.cat\/escolasantbernat\/families-sbc\/carta-de-compromis\/\" title=\"Read Carta de comprom\u00eds\">Llegeix m\u00e9s\u00bb<\/a><\/p>\n","protected":false},"author":1,"featured_media":0,"parent":767,"menu_order":60,"comment_status":"closed","ping_status":"closed","template":"page-templates\/side-menu.php","meta":{"_bbp_topic_count":0,"_bbp_reply_count":0,"_bbp_total_topic_count":0,"_bbp_total_reply_count":0,"_bbp_voice_count":0,"_bbp_anonymous_reply_count":0,"_bbp_topic_count_hidden":0,"_bbp_reply_count_hidden":0,"_bbp_forum_subforum_count":0,"footnotes":""},"class_list":["post-803","page","type-page","status-publish","hentry"],"post_mailing_queue_ids":[],"_links":{"self":[{"href":"https:\/\/agora.xtec.cat\/escolasantbernat\/wp-json\/wp\/v2\/pages\/803","targetHints":{"allow":["GET"]}}],"collection":[{"href":"https:\/\/agora.xtec.cat\/escolasantbernat\/wp-json\/wp\/v2\/pages"}],"about":[{"href":"https:\/\/agora.xtec.cat\/escolasantbernat\/wp-json\/wp\/v2\/types\/page"}],"author":[{"embeddable":true,"href":"https:\/\/agora.xtec.cat\/escolasantbernat\/wp-json\/wp\/v2\/users\/1"}],"replies":[{"embeddable":true,"href":"https:\/\/agora.xtec.cat\/escolasantbernat\/wp-json\/wp\/v2\/comments?post=803"}],"version-history":[{"count":4,"href":"https:\/\/agora.xtec.cat\/escolasantbernat\/wp-json\/wp\/v2\/pages\/803\/revisions"}],"predecessor-version":[{"id":6825,"href":"https:\/\/agora.xtec.cat\/escolasantbernat\/wp-json\/wp\/v2\/pages\/803\/revisions\/6825"}],"up":[{"embeddable":true,"href":"https:\/\/agora.xtec.cat\/escolasantbernat\/wp-json\/wp\/v2\/pages\/767"}],"wp:attachment":[{"href":"https:\/\/agora.xtec.cat\/escolasantbernat\/wp-json\/wp\/v2\/media?parent=803"}],"curies":[{"name":"wp","href":"https:\/\/api.w.org\/{rel}","templated":true}]}}