{"id":801,"date":"2018-02-26T10:48:26","date_gmt":"2018-02-26T09:48:26","guid":{"rendered":"http:\/\/agora.xtec.cat\/escolasantbernat\/?page_id=801"},"modified":"2021-02-21T20:48:52","modified_gmt":"2021-02-21T19:48:52","slug":"pla-educatiu-dentorn","status":"publish","type":"page","link":"https:\/\/agora.xtec.cat\/escolasantbernat\/projecte-educatiu\/pla-educatiu-dentorn\/","title":{"rendered":"Pla Educatiu d&#8217;Entorn"},"content":{"rendered":"<p><strong>Els Plans educatius<\/strong>\u00a0<strong>d\u2019entorn\u00a0<\/strong>s\u00f3n una proposta educativa que vol donar resposta a les m\u00faltiples necessitats de la nostra societat. S\u00f3n instruments per donar una resposta integrada i comunit\u00e0ria a les necessitats educatives, coordinant i dinamitzant l\u2019acci\u00f3 educativa en els diferents \u00e0mbits de la vida dels infants i joves.<\/p>\n<p><a href=\"http:\/\/xtec.gencat.cat\/ca\/comunitat\/entorn_pee\/\">http:\/\/xtec.gencat.cat\/ca\/comunitat\/entorn_pee\/<\/a><\/p>\n<p>&nbsp;<\/p>\n","protected":false},"excerpt":{"rendered":"<p>Els Plans educatius\u00a0d\u2019entorn\u00a0s\u00f3n una proposta educativa que vol donar resposta a les m\u00faltiples necessitats de la nostra societat. S\u00f3n instruments per donar una resposta integrada i comunit\u00e0ria a les necessitats educatives, coordinant i dinamitzant l\u2019acci\u00f3 educativa en els diferents \u00e0mbits de la vida dels infants&hellip;  <a href=\"https:\/\/agora.xtec.cat\/escolasantbernat\/projecte-educatiu\/pla-educatiu-dentorn\/\" title=\"Read Pla Educatiu d&#8217;Entorn\">Llegeix m\u00e9s\u00bb<\/a><\/p>\n","protected":false},"author":1,"featured_media":0,"parent":64,"menu_order":80,"comment_status":"closed","ping_status":"closed","template":"page-templates\/side-menu.php","meta":{"_bbp_topic_count":0,"_bbp_reply_count":0,"_bbp_total_topic_count":0,"_bbp_total_reply_count":0,"_bbp_voice_count":0,"_bbp_anonymous_reply_count":0,"_bbp_topic_count_hidden":0,"_bbp_reply_count_hidden":0,"_bbp_forum_subforum_count":0,"footnotes":""},"class_list":["post-801","page","type-page","status-publish","hentry"],"post_mailing_queue_ids":[],"_links":{"self":[{"href":"https:\/\/agora.xtec.cat\/escolasantbernat\/wp-json\/wp\/v2\/pages\/801","targetHints":{"allow":["GET"]}}],"collection":[{"href":"https:\/\/agora.xtec.cat\/escolasantbernat\/wp-json\/wp\/v2\/pages"}],"about":[{"href":"https:\/\/agora.xtec.cat\/escolasantbernat\/wp-json\/wp\/v2\/types\/page"}],"author":[{"embeddable":true,"href":"https:\/\/agora.xtec.cat\/escolasantbernat\/wp-json\/wp\/v2\/users\/1"}],"replies":[{"embeddable":true,"href":"https:\/\/agora.xtec.cat\/escolasantbernat\/wp-json\/wp\/v2\/comments?post=801"}],"version-history":[{"count":2,"href":"https:\/\/agora.xtec.cat\/escolasantbernat\/wp-json\/wp\/v2\/pages\/801\/revisions"}],"predecessor-version":[{"id":4290,"href":"https:\/\/agora.xtec.cat\/escolasantbernat\/wp-json\/wp\/v2\/pages\/801\/revisions\/4290"}],"up":[{"embeddable":true,"href":"https:\/\/agora.xtec.cat\/escolasantbernat\/wp-json\/wp\/v2\/pages\/64"}],"wp:attachment":[{"href":"https:\/\/agora.xtec.cat\/escolasantbernat\/wp-json\/wp\/v2\/media?parent=801"}],"curies":[{"name":"wp","href":"https:\/\/api.w.org\/{rel}","templated":true}]}}