{"id":798,"date":"2018-02-26T10:47:42","date_gmt":"2018-02-26T09:47:42","guid":{"rendered":"http:\/\/agora.xtec.cat\/escolasantbernat\/?page_id=798"},"modified":"2018-02-27T00:14:56","modified_gmt":"2018-02-26T23:14:56","slug":"fruita-a-lescola","status":"publish","type":"page","link":"https:\/\/agora.xtec.cat\/escolasantbernat\/projecte-educatiu\/programa-si\/fruita-a-lescola\/","title":{"rendered":"Fruita a l&#8217;escola"},"content":{"rendered":"<h2 class=\"subtitle\">A casa i a l&#8217;escola fem equip amb la fruita!<\/h2>\n<div class=\"basic_text col-xs-12\">\n<div class=\"pd-15x\">\n<p>Per millorar la salut cal menjar fruita i verdura en cada \u00e0pat, tant a casa com a l&#8217;escola.<\/p>\n<p>I a m\u00e9s cal tenir un estil de vida actiu: caminar, pujar escales, jugar, fer esport&#8230;<\/p>\n<p>Cal potenciar accions que afavoreixin la salut dels infants.<\/p>\n<\/div>\n<\/div>\n<div class=\"col-sm-8 basic_text_peq\">\n<div class=\"imatge_amb_peu amb_text noticia clearfix col-sm-12\"><img loading=\"lazy\" decoding=\"async\" class=\"widthResponsive\" src=\"http:\/\/agricultura.gencat.cat\/web\/.content\/04-alimentacio\/pla-consum-fruita-escoles\/imatges\/fitxers-binaris\/pla-consum-fruita-escoles-2017-750x530.jpg_478095149.jpg\" alt=\"A casa i a l'escola fem equip amb la fruita! Pla de consum de fruita a les escoles\" width=\"750\" height=\"530\" \/><\/div>\n<\/div>\n<div class=\"imatge_amb_peu amb_text noticia clearfix col-sm-12\"><\/div>\n<div class=\"imatge_amb_peu amb_text noticia clearfix col-sm-12\">\n<div class=\"panel-heading\">\n<h2 class=\"panel-title\"><a class=\"\" href=\"http:\/\/agricultura.gencat.cat\/ca\/ambits\/alimentacio\/fruites-hortalisses\/fruita-escoles\/#bloc1\" data-toggle=\"collapse\" data-parent=\"#acordio_distribuidora\">A l&#8217;escola, la fruita no t\u00e9 rival!<\/a><\/h2>\n<\/div>\n<div id=\"bloc1\" class=\"panel-collapse collapse in\">\n<div class=\"col-xs-12\">\n<div class=\"cos_bloc basic_text_peq pd-15\">\n<p>Molts estudis demostren els beneficis de consumir cinc racions al dia de fruites i verdures<\/p>\n<p>\u00c9s a dir tres peces de fruita i dues racions de verdura.<\/p>\n<p><strong>Qu\u00e8 \u00e9s una raci\u00f3 de fruita<\/strong>?<\/p>\n<ul>\n<li>Una pe\u00e7a mitjana com ara poma, pera, taronja, pr\u00e9ssec, etc.<\/li>\n<li>Un o dos talls de s\u00edndria, mel\u00f3, pinya, etc.<\/li>\n<li>Un bol de cireres, maduixes, etc.<\/li>\n<\/ul>\n<p><strong><br \/>\nQu\u00e8 \u00e9s una raci\u00f3 de verdura<\/strong>?<\/p>\n<ul>\n<li>Un plat de verdura cuita, mongeta tendra, espinacs, crema de carbass\u00f3, minestra, etc.<\/li>\n<li>Un o dos tom\u00e0quets amanits, etc.<\/li>\n<li>Un plat d\u2019amanida variada, etc.<\/li>\n<\/ul>\n<p>Durant el curs escolar, una setmana de cada mes, es distribueix la fruita i verdura seleccionada en funci\u00f3 de l\u2019estaci\u00f3 de l\u2019any, la proximitat de producci\u00f3 i la qualitat.<\/p>\n<p>La fruita es reparteix a l&#8217;escola entre els nens i les nenes a l&#8217;escola durant l&#8217;esmorzar o el berenar.<\/p>\n<p>Es pret\u00e9n amb aix\u00f2 afavorir la salut dels infants i promoure el consum de fruites, verdures, fruita seca, llegums, aigua i joc actiu.<\/p>\n<p>I tamb\u00e9 reduir el consum llaminadures, begudes refrescants, brioxeria i videojocs sedentaris.<\/p>\n<\/div>\n<\/div>\n<\/div>\n<\/div>\n<div class=\"imatge_amb_peu amb_text noticia clearfix col-sm-12\"><\/div>\n<div class=\"imatge_amb_peu amb_text noticia clearfix col-sm-12\"><\/div>\n<div class=\"imatge_amb_peu amb_text noticia clearfix col-sm-12\"><a href=\"http:\/\/familiaiescola.gencat.cat\/ca\/educar-creixer-en-familia\/habits-saludables\/\" target=\"_blank\" rel=\"noopener noreferrer\">http:\/\/familiaiescola.gencat.cat\/ca\/educar-creixer-en-familia\/habits-saludables\/<\/a><\/div>\n<div class=\"imatge_amb_peu amb_text noticia clearfix col-sm-12\"><\/div>\n<div class=\"imatge_amb_peu amb_text noticia clearfix col-sm-12\"><\/div>\n","protected":false},"excerpt":{"rendered":"<p>A casa i a l&#8217;escola fem equip amb la fruita!<\/p>\n<p>Per millorar la salut cal menjar fruita i verdura en cada \u00e0pat, tant a casa com a l&#8217;escola.<br \/>\nI a m\u00e9s cal tenir un estil de vida actiu: caminar, pujar escales, jugar, fer esport&#8230;<br \/>\nCal potenciar accions que&hellip;  <a href=\"https:\/\/agora.xtec.cat\/escolasantbernat\/projecte-educatiu\/programa-si\/fruita-a-lescola\/\" title=\"Read Fruita a l&#8217;escola\">Llegeix m\u00e9s\u00bb<\/a><\/p>\n","protected":false},"author":1,"featured_media":0,"parent":796,"menu_order":10,"comment_status":"closed","ping_status":"closed","template":"page-templates\/side-menu.php","meta":{"_bbp_topic_count":0,"_bbp_reply_count":0,"_bbp_total_topic_count":0,"_bbp_total_reply_count":0,"_bbp_voice_count":0,"_bbp_anonymous_reply_count":0,"_bbp_topic_count_hidden":0,"_bbp_reply_count_hidden":0,"_bbp_forum_subforum_count":0,"footnotes":""},"class_list":["post-798","page","type-page","status-publish","hentry"],"post_mailing_queue_ids":[],"_links":{"self":[{"href":"https:\/\/agora.xtec.cat\/escolasantbernat\/wp-json\/wp\/v2\/pages\/798","targetHints":{"allow":["GET"]}}],"collection":[{"href":"https:\/\/agora.xtec.cat\/escolasantbernat\/wp-json\/wp\/v2\/pages"}],"about":[{"href":"https:\/\/agora.xtec.cat\/escolasantbernat\/wp-json\/wp\/v2\/types\/page"}],"author":[{"embeddable":true,"href":"https:\/\/agora.xtec.cat\/escolasantbernat\/wp-json\/wp\/v2\/users\/1"}],"replies":[{"embeddable":true,"href":"https:\/\/agora.xtec.cat\/escolasantbernat\/wp-json\/wp\/v2\/comments?post=798"}],"version-history":[{"count":3,"href":"https:\/\/agora.xtec.cat\/escolasantbernat\/wp-json\/wp\/v2\/pages\/798\/revisions"}],"predecessor-version":[{"id":934,"href":"https:\/\/agora.xtec.cat\/escolasantbernat\/wp-json\/wp\/v2\/pages\/798\/revisions\/934"}],"up":[{"embeddable":true,"href":"https:\/\/agora.xtec.cat\/escolasantbernat\/wp-json\/wp\/v2\/pages\/796"}],"wp:attachment":[{"href":"https:\/\/agora.xtec.cat\/escolasantbernat\/wp-json\/wp\/v2\/media?parent=798"}],"curies":[{"name":"wp","href":"https:\/\/api.w.org\/{rel}","templated":true}]}}