{"id":796,"date":"2018-02-26T10:47:03","date_gmt":"2018-02-26T09:47:03","guid":{"rendered":"http:\/\/agora.xtec.cat\/escolasantbernat\/?page_id=796"},"modified":"2018-02-27T00:14:47","modified_gmt":"2018-02-26T23:14:47","slug":"programa-si","status":"publish","type":"page","link":"https:\/\/agora.xtec.cat\/escolasantbernat\/projecte-educatiu\/programa-si\/","title":{"rendered":"Programa SI!"},"content":{"rendered":"<p>Les malalties cardiovasculars s\u00f3n la primera causa de mortalitat al m\u00f3n. Diversos estudis posen de manifest que els principals factors de risc d\u2019aquestes patologies s\u00f3n l\u2019obesitat i els fators associats a ella (la diabetis i la hipertensi\u00f3 arterial), fruit d\u2019una alimentaci\u00f3 incorrecta i de la manca d\u2019activitat f\u00edsica.<\/p>\n<p>Tenint en compte que els h\u00e0bits apresos durant la inf\u00e0ncia es mantenen en l\u2019edat adulta, el Departament d\u2019Ensenyament i la\u00a0<a title=\"Fundaci\u00f3 SHE\" href=\"http:\/\/fundacionshe.org\/\" target=\"_blank\" rel=\"noopener noreferrer\">Fundaci\u00f3 SHE<\/a>, liderada pel Dr Valent\u00ed Fuster<span lang=\"ca-ES\">, impulsen el Programa SI!, dirigit a escolars de 3 a 16 anys i a les seves fam\u00edlies.<\/span><\/p>\n<p><a href=\"http:\/\/www.programasi.org\/ca\/\" target=\"_blank\" rel=\"noopener noreferrer\"><img loading=\"lazy\" decoding=\"async\" class=\"alignnone size-full wp-image-931\" src=\"http:\/\/agora.xtec.cat\/escolasantbernat\/wp-content\/uploads\/usu1228\/2018\/02\/programa-salu-integral.jpg_1595044798.jpg\" alt=\"\" width=\"538\" height=\"538\" srcset=\"https:\/\/agora.xtec.cat\/escolasantbernat\/wp-content\/uploads\/usu1228\/2018\/02\/programa-salu-integral.jpg_1595044798.jpg 538w, https:\/\/agora.xtec.cat\/escolasantbernat\/wp-content\/uploads\/usu1228\/2018\/02\/programa-salu-integral.jpg_1595044798-150x150.jpg 150w, https:\/\/agora.xtec.cat\/escolasantbernat\/wp-content\/uploads\/usu1228\/2018\/02\/programa-salu-integral.jpg_1595044798-300x300.jpg 300w\" sizes=\"auto, (max-width: 538px) 100vw, 538px\" \/><\/a><\/p>\n<p><span lang=\"ca-ES\">Amb una visi\u00f3 global de promoci\u00f3 integral de la salut, el Programa SI! incideix en quatre components b\u00e0sics interrelacionats: l\u2019adquisici\u00f3 d\u2019h\u00e0bits d\u2019alimentaci\u00f3 saludable, el desenvolupament d\u2019activitat f\u00edsica, el coneixement del cos i la gesti\u00f3 emocional com a factor de protecci\u00f3 envers les addiccions.<\/span><\/p>\n<p><img decoding=\"async\" title=\"ProgSI-HabitsSaludables\" src=\"http:\/\/xtec.gencat.cat\/web\/.content\/comunitat\/salutescola\/programa-salut-integral\/caracteristiques-00001\/ProgSI-HabitsSaludables.JPG\" alt=\"\" height=\"338\" \/><\/p>\n<p align=\"justify\"><span lang=\"ca-ES\">Aquests eixos b\u00e0sics estan \u00edntimament relacionats amb el desenvolupament de la persona. Per aix\u00f2, el Programa SI! tamb\u00e9 pret\u00e9n\u00a0proveir l\u2019individu amb les habilitats i valors necessaris que permetin el nen i el jove actuar positivament en relaci\u00f3 amb la seva pr\u00f2pia salut durant tota la vida.<\/span><\/p>\n<p lang=\"ca-ES\" align=\"justify\"><span lang=\"ca-ES\">El Programa SI!, posant els alumnes al centre de la intervenci\u00f3, ofereix activitats per a l\u2019aula i per a les fam\u00edlies, aix\u00ed com formaci\u00f3 pel professorat i propostes pel foment d\u2019un ambient escolar saludable. Les activitats d\u2019aula es desenvolupen a trav\u00e9s de metodologies globalitzadores.<\/span><\/p>\n<p align=\"justify\"><img decoding=\"async\" title=\"ProgSI-NivellsIntervencio REV\" src=\"http:\/\/xtec.gencat.cat\/web\/.content\/comunitat\/salutescola\/programa-salut-integral\/caracteristiques-00001\/ProgSI-NivellsIntervencio-REV.JPG\" alt=\"\" height=\"266\" \/><\/p>\n","protected":false},"excerpt":{"rendered":"<p>Les malalties cardiovasculars s\u00f3n la primera causa de mortalitat al m\u00f3n. Diversos estudis posen de manifest que els principals factors de risc d\u2019aquestes patologies s\u00f3n l\u2019obesitat i els fators associats a ella (la diabetis i la hipertensi\u00f3 arterial), fruit d\u2019una alimentaci\u00f3 incorrecta i de la&hellip;  <a href=\"https:\/\/agora.xtec.cat\/escolasantbernat\/projecte-educatiu\/programa-si\/\" title=\"Read Programa SI!\">Llegeix m\u00e9s\u00bb<\/a><\/p>\n","protected":false},"author":1,"featured_media":0,"parent":64,"menu_order":70,"comment_status":"closed","ping_status":"closed","template":"page-templates\/side-menu.php","meta":{"_bbp_topic_count":0,"_bbp_reply_count":0,"_bbp_total_topic_count":0,"_bbp_total_reply_count":0,"_bbp_voice_count":0,"_bbp_anonymous_reply_count":0,"_bbp_topic_count_hidden":0,"_bbp_reply_count_hidden":0,"_bbp_forum_subforum_count":0,"footnotes":""},"class_list":["post-796","page","type-page","status-publish","hentry"],"post_mailing_queue_ids":[],"_links":{"self":[{"href":"https:\/\/agora.xtec.cat\/escolasantbernat\/wp-json\/wp\/v2\/pages\/796","targetHints":{"allow":["GET"]}}],"collection":[{"href":"https:\/\/agora.xtec.cat\/escolasantbernat\/wp-json\/wp\/v2\/pages"}],"about":[{"href":"https:\/\/agora.xtec.cat\/escolasantbernat\/wp-json\/wp\/v2\/types\/page"}],"author":[{"embeddable":true,"href":"https:\/\/agora.xtec.cat\/escolasantbernat\/wp-json\/wp\/v2\/users\/1"}],"replies":[{"embeddable":true,"href":"https:\/\/agora.xtec.cat\/escolasantbernat\/wp-json\/wp\/v2\/comments?post=796"}],"version-history":[{"count":3,"href":"https:\/\/agora.xtec.cat\/escolasantbernat\/wp-json\/wp\/v2\/pages\/796\/revisions"}],"predecessor-version":[{"id":932,"href":"https:\/\/agora.xtec.cat\/escolasantbernat\/wp-json\/wp\/v2\/pages\/796\/revisions\/932"}],"up":[{"embeddable":true,"href":"https:\/\/agora.xtec.cat\/escolasantbernat\/wp-json\/wp\/v2\/pages\/64"}],"wp:attachment":[{"href":"https:\/\/agora.xtec.cat\/escolasantbernat\/wp-json\/wp\/v2\/media?parent=796"}],"curies":[{"name":"wp","href":"https:\/\/api.w.org\/{rel}","templated":true}]}}