{"id":791,"date":"2018-02-26T10:44:43","date_gmt":"2018-02-26T09:44:43","guid":{"rendered":"http:\/\/agora.xtec.cat\/escolasantbernat\/?page_id=791"},"modified":"2022-11-17T15:06:14","modified_gmt":"2022-11-17T14:06:14","slug":"extraescolars","status":"publish","type":"page","link":"https:\/\/agora.xtec.cat\/escolasantbernat\/ampa-2\/extraescolars\/","title":{"rendered":"Extraescolars"},"content":{"rendered":"<p>Us recordem que per utilitzar qualsevol servei de l&#8217;AMPA cal ser-ne soci i no tenir <span style=\"text-decoration: underline;\">cap deute pendent.<\/span><\/p>\n<p>Per aix\u00f2 us demanem que feu el corresponen ingr\u00e9s de la quota (la quantitat continua essent de <strong>20\u20ac<\/strong> per fam\u00edlia). El pagament s&#8217;ha de fer al caixer autom\u00e0tic del Banc de Sabadell amb qualsevol targeta de cr\u00e8dit, el codi AMPA \u00e9s el <strong>001986<\/strong> i \u00e9s molt important que indiqueu els cognoms de la fam\u00edlia. Cal retornar el rebut del pagament juntament amb el full d&#8217;inscripci\u00f3 de l&#8217;AMPA.<\/p>\n<p>&nbsp;<\/p>\n<p><img loading=\"lazy\" decoding=\"async\" class=\"alignnone size-large wp-image-792\" src=\"http:\/\/agora.xtec.cat\/escolasantbernat\/wp-content\/uploads\/usu1228\/2018\/02\/baner-familia.png_1459700458-1024x85.png\" alt=\"\" width=\"1024\" height=\"85\" srcset=\"https:\/\/agora.xtec.cat\/escolasantbernat\/wp-content\/uploads\/usu1228\/2018\/02\/baner-familia.png_1459700458-1024x85.png 1024w, https:\/\/agora.xtec.cat\/escolasantbernat\/wp-content\/uploads\/usu1228\/2018\/02\/baner-familia.png_1459700458-300x25.png 300w, https:\/\/agora.xtec.cat\/escolasantbernat\/wp-content\/uploads\/usu1228\/2018\/02\/baner-familia.png_1459700458-768x64.png 768w, https:\/\/agora.xtec.cat\/escolasantbernat\/wp-content\/uploads\/usu1228\/2018\/02\/baner-familia.png_1459700458.png 1435w\" sizes=\"auto, (max-width: 1024px) 100vw, 1024px\" \/><\/p>\n<p>Web del departament:\u00a0<a href=\"http:\/\/familiaiescola.gencat.cat\/ca\/escolaritat\/lleure-activitats-extraescolars\/activitats-extraescolars\/\" target=\"_blank\" rel=\"noopener noreferrer\">Junts x l&#8217;Educaci\u00f3<\/a><\/p>\n<p>&nbsp;<\/p>\n<p>Al seg\u00fcent PDF trobareu totes les activitats va oferir l&#8217;AMPA de l&#8217;escola.<\/p>\n<p>AMPA EXTRAESCOLARS<\/p>\n<p><a href=\"http:\/\/robotixpenedes.com\/blog\/\" target=\"_blank\" rel=\"noopener noreferrer\"><img loading=\"lazy\" decoding=\"async\" class=\"alignnone wp-image-1904\" src=\"http:\/\/agora.xtec.cat\/escolasantbernat\/wp-content\/uploads\/usu1228\/2018\/02\/robotica.jpg\" alt=\"\" width=\"217\" height=\"217\" srcset=\"https:\/\/agora.xtec.cat\/escolasantbernat\/wp-content\/uploads\/usu1228\/2018\/02\/robotica.jpg 500w, https:\/\/agora.xtec.cat\/escolasantbernat\/wp-content\/uploads\/usu1228\/2018\/02\/robotica-150x150.jpg 150w, https:\/\/agora.xtec.cat\/escolasantbernat\/wp-content\/uploads\/usu1228\/2018\/02\/robotica-300x300.jpg 300w\" sizes=\"auto, (max-width: 217px) 100vw, 217px\" \/><\/a><\/p>\n<p><a href=\"http:\/\/academiaspeakout.com\/\" target=\"_blank\" rel=\"noopener noreferrer\"><img loading=\"lazy\" decoding=\"async\" class=\"alignnone size-full wp-image-1905\" src=\"http:\/\/agora.xtec.cat\/escolasantbernat\/wp-content\/uploads\/usu1228\/2018\/02\/logo-web.png\" alt=\"\" width=\"170\" height=\"57\" \/><\/a><\/p>\n<p><a href=\"http:\/\/agora.xtec.cat\/escolasantbernat\/wp-content\/uploads\/usu1228\/2018\/02\/Alemany_redonda.jpg\"><img loading=\"lazy\" decoding=\"async\" class=\"alignnone wp-image-2189\" src=\"http:\/\/agora.xtec.cat\/escolasantbernat\/wp-content\/uploads\/usu1228\/2018\/02\/Alemany_redonda-1024x1024.jpg\" alt=\"\" width=\"172\" height=\"172\" srcset=\"https:\/\/agora.xtec.cat\/escolasantbernat\/wp-content\/uploads\/usu1228\/2018\/02\/Alemany_redonda-1024x1024.jpg 1024w, https:\/\/agora.xtec.cat\/escolasantbernat\/wp-content\/uploads\/usu1228\/2018\/02\/Alemany_redonda-150x150.jpg 150w, https:\/\/agora.xtec.cat\/escolasantbernat\/wp-content\/uploads\/usu1228\/2018\/02\/Alemany_redonda-300x300.jpg 300w, https:\/\/agora.xtec.cat\/escolasantbernat\/wp-content\/uploads\/usu1228\/2018\/02\/Alemany_redonda-768x768.jpg 768w\" sizes=\"auto, (max-width: 172px) 100vw, 172px\" \/><\/a><\/p>\n<p>Per apuntar als vostres fills i filles dirigiu-vos a l&#8217;oficina de l&#8217;AMPA.<\/p>\n","protected":false},"excerpt":{"rendered":"<p>Us recordem que per utilitzar qualsevol servei de l&#8217;AMPA cal ser-ne soci i no tenir cap deute pendent.<br \/>\nPer aix\u00f2 us demanem que feu el corresponen ingr\u00e9s de la quota (la quantitat continua essent de 20\u20ac per fam\u00edlia). El pagament s&#8217;ha de fer al caixer autom\u00e0tic&hellip;  <a href=\"https:\/\/agora.xtec.cat\/escolasantbernat\/ampa-2\/extraescolars\/\" title=\"Read Extraescolars\">Llegeix m\u00e9s\u00bb<\/a><\/p>\n","protected":false},"author":1,"featured_media":0,"parent":66,"menu_order":40,"comment_status":"closed","ping_status":"closed","template":"page-templates\/side-menu.php","meta":{"_bbp_topic_count":0,"_bbp_reply_count":0,"_bbp_total_topic_count":0,"_bbp_total_reply_count":0,"_bbp_voice_count":0,"_bbp_anonymous_reply_count":0,"_bbp_topic_count_hidden":0,"_bbp_reply_count_hidden":0,"_bbp_forum_subforum_count":0,"footnotes":""},"class_list":["post-791","page","type-page","status-publish","hentry"],"post_mailing_queue_ids":[],"_links":{"self":[{"href":"https:\/\/agora.xtec.cat\/escolasantbernat\/wp-json\/wp\/v2\/pages\/791","targetHints":{"allow":["GET"]}}],"collection":[{"href":"https:\/\/agora.xtec.cat\/escolasantbernat\/wp-json\/wp\/v2\/pages"}],"about":[{"href":"https:\/\/agora.xtec.cat\/escolasantbernat\/wp-json\/wp\/v2\/types\/page"}],"author":[{"embeddable":true,"href":"https:\/\/agora.xtec.cat\/escolasantbernat\/wp-json\/wp\/v2\/users\/1"}],"replies":[{"embeddable":true,"href":"https:\/\/agora.xtec.cat\/escolasantbernat\/wp-json\/wp\/v2\/comments?post=791"}],"version-history":[{"count":5,"href":"https:\/\/agora.xtec.cat\/escolasantbernat\/wp-json\/wp\/v2\/pages\/791\/revisions"}],"predecessor-version":[{"id":5331,"href":"https:\/\/agora.xtec.cat\/escolasantbernat\/wp-json\/wp\/v2\/pages\/791\/revisions\/5331"}],"up":[{"embeddable":true,"href":"https:\/\/agora.xtec.cat\/escolasantbernat\/wp-json\/wp\/v2\/pages\/66"}],"wp:attachment":[{"href":"https:\/\/agora.xtec.cat\/escolasantbernat\/wp-json\/wp\/v2\/media?parent=791"}],"curies":[{"name":"wp","href":"https:\/\/api.w.org\/{rel}","templated":true}]}}