{"id":774,"date":"2018-02-26T10:33:29","date_gmt":"2018-02-26T09:33:29","guid":{"rendered":"http:\/\/agora.xtec.cat\/escolasantbernat\/?page_id=774"},"modified":"2018-03-14T00:23:54","modified_gmt":"2018-03-13T23:23:54","slug":"el-protagonista","status":"publish","type":"page","link":"https:\/\/agora.xtec.cat\/escolasantbernat\/families-sbc\/el-protagonista\/","title":{"rendered":"El Protagonista"},"content":{"rendered":"<p>&nbsp;<\/p>\n<p><b>El protagonista de la setmana\u00a0<\/b><b>a les classes de P3<\/b><span style=\"font-weight: 400;\">. <\/span><\/p>\n<p><span style=\"font-weight: 400;\">Es tracta d&#8217;una activitat que es duu a terme al llarg de tot el curs, l&#8217;objectiu que persegueix \u00e9s potenciar una bona autoestima i afavorir el vincle fam\u00edlia-escola.<\/span><\/p>\n<p><span style=\"font-weight: 400;\">Consisteix a dedicar una setmana del curs a cada un dels infants de l&#8217;aula, i compartir una tarda amb les fam\u00edlies, explicant la seva hist\u00f2ria i les seves aficions, creant un bon vincle i tenint una gran experi\u00e8ncia. Tots plegats tenim una bona viv\u00e8ncia i un gran record.<\/span><\/p>\n<p style=\"text-align: center;\"><a href=\"http:\/\/agora.xtec.cat\/escolasantbernat\/wp-content\/uploads\/usu1228\/2018\/02\/collage-2017-28.png\"><img loading=\"lazy\" decoding=\"async\" class=\"alignnone size-full wp-image-2122\" src=\"http:\/\/agora.xtec.cat\/escolasantbernat\/wp-content\/uploads\/usu1228\/2018\/02\/collage-2017-28.png\" alt=\"\" width=\"960\" height=\"540\" srcset=\"https:\/\/agora.xtec.cat\/escolasantbernat\/wp-content\/uploads\/usu1228\/2018\/02\/collage-2017-28.png 960w, https:\/\/agora.xtec.cat\/escolasantbernat\/wp-content\/uploads\/usu1228\/2018\/02\/collage-2017-28-300x169.png 300w, https:\/\/agora.xtec.cat\/escolasantbernat\/wp-content\/uploads\/usu1228\/2018\/02\/collage-2017-28-768x432.png 768w\" sizes=\"auto, (max-width: 960px) 100vw, 960px\" \/><\/a><\/p>\n","protected":false},"excerpt":{"rendered":"<p>&nbsp;<br \/>\nEl protagonista de la setmana\u00a0a les classes de P3.<br \/>\nEs tracta d&#8217;una activitat que es duu a terme al llarg de tot el curs, l&#8217;objectiu que persegueix \u00e9s potenciar una bona autoestima i afavorir el vincle fam\u00edlia-escola.<br \/>\nConsisteix a dedicar una setmana del curs a cada&hellip;  <a href=\"https:\/\/agora.xtec.cat\/escolasantbernat\/families-sbc\/el-protagonista\/\" title=\"Read El Protagonista\">Llegeix m\u00e9s\u00bb<\/a><\/p>\n","protected":false},"author":1,"featured_media":0,"parent":767,"menu_order":30,"comment_status":"closed","ping_status":"closed","template":"page-templates\/side-menu.php","meta":{"_bbp_topic_count":0,"_bbp_reply_count":0,"_bbp_total_topic_count":0,"_bbp_total_reply_count":0,"_bbp_voice_count":0,"_bbp_anonymous_reply_count":0,"_bbp_topic_count_hidden":0,"_bbp_reply_count_hidden":0,"_bbp_forum_subforum_count":0,"footnotes":""},"class_list":["post-774","page","type-page","status-publish","hentry"],"post_mailing_queue_ids":[],"_links":{"self":[{"href":"https:\/\/agora.xtec.cat\/escolasantbernat\/wp-json\/wp\/v2\/pages\/774","targetHints":{"allow":["GET"]}}],"collection":[{"href":"https:\/\/agora.xtec.cat\/escolasantbernat\/wp-json\/wp\/v2\/pages"}],"about":[{"href":"https:\/\/agora.xtec.cat\/escolasantbernat\/wp-json\/wp\/v2\/types\/page"}],"author":[{"embeddable":true,"href":"https:\/\/agora.xtec.cat\/escolasantbernat\/wp-json\/wp\/v2\/users\/1"}],"replies":[{"embeddable":true,"href":"https:\/\/agora.xtec.cat\/escolasantbernat\/wp-json\/wp\/v2\/comments?post=774"}],"version-history":[{"count":3,"href":"https:\/\/agora.xtec.cat\/escolasantbernat\/wp-json\/wp\/v2\/pages\/774\/revisions"}],"predecessor-version":[{"id":2187,"href":"https:\/\/agora.xtec.cat\/escolasantbernat\/wp-json\/wp\/v2\/pages\/774\/revisions\/2187"}],"up":[{"embeddable":true,"href":"https:\/\/agora.xtec.cat\/escolasantbernat\/wp-json\/wp\/v2\/pages\/767"}],"wp:attachment":[{"href":"https:\/\/agora.xtec.cat\/escolasantbernat\/wp-json\/wp\/v2\/media?parent=774"}],"curies":[{"name":"wp","href":"https:\/\/api.w.org\/{rel}","templated":true}]}}