{"id":769,"date":"2018-02-26T10:31:49","date_gmt":"2018-02-26T09:31:49","guid":{"rendered":"http:\/\/agora.xtec.cat\/escolasantbernat\/?page_id=769"},"modified":"2018-03-01T00:05:16","modified_gmt":"2018-02-28T23:05:16","slug":"family-link","status":"publish","type":"page","link":"https:\/\/agora.xtec.cat\/escolasantbernat\/families-sbc\/family-link\/","title":{"rendered":"Family Link"},"content":{"rendered":"<p><strong>Considerem \u201cpare o mare enlla\u00e7\u201d d\u2019un grup-classe, un pare o mare que, volunt\u00e0riament, es presenta per estimular la col\u00b7laboraci\u00f3 de les fam\u00edlies a l\u2019escola.<\/strong><\/p>\n<p><strong>Cada grup classe (d&#8217;Educaci\u00f3 Infantil i Cicle Inicial) t\u00e9 una Family Link que es tria a la reuni\u00f3 d&#8217;inici de curs.<\/strong><\/p>\n<p><strong>La figura de \u201cpare-mare enlla\u00e7\u201d pret\u00e9n ser un lligam de comunicaci\u00f3 m\u00e9s propera entre el seu grup classe i la resta de la comunitat educativa (AMPA i equip docent).<\/strong><\/p>\n<p><strong>Ha de poder obrir noves i m\u00e9s r\u00e0pides vies de comunicaci\u00f3 perqu\u00e8 hi hagi un bon i fluid intercanvi d&#8217; informaci\u00f3 per ambdues parts.<\/strong><\/p>\n<p><strong>Entenem que algunes de les funcions del pare o mare enlla\u00e7 s\u00f3n:<br \/>\n&#8211;\u00a0\u00a0\u00a0 Animar a la participaci\u00f3 en activitats escolars obertes a fam\u00edlies.<br \/>\n&#8211;\u00a0\u00a0\u00a0 Informar de les propostes i peticions de col\u00b7laboraci\u00f3 de part del professorat en activitats escolars.<br \/>\n&#8211;\u00a0\u00a0\u00a0 Col\u00b7laborar amb q\u00fcestions concretes proposades pel centre.<br \/>\n&#8211;\u00a0\u00a0\u00a0 Proposar elements de participaci\u00f3 i col\u00b7laboraci\u00f3 familiar al centre.<br \/>\n&#8211;\u00a0\u00a0\u00a0 Informar de les propostes i peticions de col\u00b7laboraci\u00f3 de part de l&#8217;AMPA.<br \/>\n&#8211;\u00a0\u00a0\u00a0 Potenciar la participaci\u00f3 a les activitats de l\u2019AMPA de l\u2019escola.<\/strong><\/p>\n","protected":false},"excerpt":{"rendered":"<p>Considerem \u201cpare o mare enlla\u00e7\u201d d\u2019un grup-classe, un pare o mare que, volunt\u00e0riament, es presenta per estimular la col\u00b7laboraci\u00f3 de les fam\u00edlies a l\u2019escola.<br \/>\nCada grup classe (d&#8217;Educaci\u00f3 Infantil i Cicle Inicial) t\u00e9 una Family Link que es tria a la reuni\u00f3 d&#8217;inici de curs.<br \/>\nLa figura&hellip;  <a href=\"https:\/\/agora.xtec.cat\/escolasantbernat\/families-sbc\/family-link\/\" title=\"Read Family Link\">Llegeix m\u00e9s\u00bb<\/a><\/p>\n","protected":false},"author":1,"featured_media":0,"parent":767,"menu_order":10,"comment_status":"closed","ping_status":"closed","template":"page-templates\/side-menu.php","meta":{"_bbp_topic_count":0,"_bbp_reply_count":0,"_bbp_total_topic_count":0,"_bbp_total_reply_count":0,"_bbp_voice_count":0,"_bbp_anonymous_reply_count":0,"_bbp_topic_count_hidden":0,"_bbp_reply_count_hidden":0,"_bbp_forum_subforum_count":0,"footnotes":""},"class_list":["post-769","page","type-page","status-publish","hentry"],"post_mailing_queue_ids":[],"_links":{"self":[{"href":"https:\/\/agora.xtec.cat\/escolasantbernat\/wp-json\/wp\/v2\/pages\/769","targetHints":{"allow":["GET"]}}],"collection":[{"href":"https:\/\/agora.xtec.cat\/escolasantbernat\/wp-json\/wp\/v2\/pages"}],"about":[{"href":"https:\/\/agora.xtec.cat\/escolasantbernat\/wp-json\/wp\/v2\/types\/page"}],"author":[{"embeddable":true,"href":"https:\/\/agora.xtec.cat\/escolasantbernat\/wp-json\/wp\/v2\/users\/1"}],"replies":[{"embeddable":true,"href":"https:\/\/agora.xtec.cat\/escolasantbernat\/wp-json\/wp\/v2\/comments?post=769"}],"version-history":[{"count":4,"href":"https:\/\/agora.xtec.cat\/escolasantbernat\/wp-json\/wp\/v2\/pages\/769\/revisions"}],"predecessor-version":[{"id":1869,"href":"https:\/\/agora.xtec.cat\/escolasantbernat\/wp-json\/wp\/v2\/pages\/769\/revisions\/1869"}],"up":[{"embeddable":true,"href":"https:\/\/agora.xtec.cat\/escolasantbernat\/wp-json\/wp\/v2\/pages\/767"}],"wp:attachment":[{"href":"https:\/\/agora.xtec.cat\/escolasantbernat\/wp-json\/wp\/v2\/media?parent=769"}],"curies":[{"name":"wp","href":"https:\/\/api.w.org\/{rel}","templated":true}]}}