{"id":744,"date":"2018-02-26T10:02:56","date_gmt":"2018-02-26T09:02:56","guid":{"rendered":"http:\/\/agora.xtec.cat\/escolasantbernat\/?page_id=744"},"modified":"2018-04-06T00:26:06","modified_gmt":"2018-04-05T22:26:06","slug":"dispositius-mobils","status":"publish","type":"page","link":"https:\/\/agora.xtec.cat\/escolasantbernat\/projecte-educatiu\/noves-tecnologies\/dispositius-mobils\/","title":{"rendered":"Dispositius m\u00f2bils"},"content":{"rendered":"<p>Amb el nou pla TAC progressivament anirem adquirint totes les tauletes necess\u00e0ries per desenvolupar al m\u00e0xim la compet\u00e8ncia digital.<\/p>\n<p>Ens agrada molt treballar amb les tauletes!<\/p>\n<p><a href=\"http:\/\/agora.xtec.cat\/escolasantbernat\/wp-content\/uploads\/usu1228\/2018\/04\/2018-04-06-00.18.53.jpg\"><img loading=\"lazy\" decoding=\"async\" class=\"alignnone size-full wp-image-2419\" src=\"http:\/\/agora.xtec.cat\/escolasantbernat\/wp-content\/uploads\/usu1228\/2018\/04\/2018-04-06-00.18.53.jpg\" alt=\"\" width=\"511\" height=\"288\" srcset=\"https:\/\/agora.xtec.cat\/escolasantbernat\/wp-content\/uploads\/usu1228\/2018\/04\/2018-04-06-00.18.53.jpg 511w, https:\/\/agora.xtec.cat\/escolasantbernat\/wp-content\/uploads\/usu1228\/2018\/04\/2018-04-06-00.18.53-300x169.jpg 300w\" sizes=\"auto, (max-width: 511px) 100vw, 511px\" \/><\/a><a href=\"http:\/\/agora.xtec.cat\/escolasantbernat\/wp-content\/uploads\/usu1228\/2018\/04\/2018-04-06-00.21.00.jpg\"><img loading=\"lazy\" decoding=\"async\" class=\"alignnone size-full wp-image-2420\" src=\"http:\/\/agora.xtec.cat\/escolasantbernat\/wp-content\/uploads\/usu1228\/2018\/04\/2018-04-06-00.21.00.jpg\" alt=\"\" width=\"511\" height=\"288\" srcset=\"https:\/\/agora.xtec.cat\/escolasantbernat\/wp-content\/uploads\/usu1228\/2018\/04\/2018-04-06-00.21.00.jpg 511w, https:\/\/agora.xtec.cat\/escolasantbernat\/wp-content\/uploads\/usu1228\/2018\/04\/2018-04-06-00.21.00-300x169.jpg 300w\" sizes=\"auto, (max-width: 511px) 100vw, 511px\" \/><\/a><a href=\"http:\/\/agora.xtec.cat\/escolasantbernat\/wp-content\/uploads\/usu1228\/2018\/04\/2018-04-06-00.20.42.jpg\"><img loading=\"lazy\" decoding=\"async\" class=\"alignnone size-full wp-image-2421\" src=\"http:\/\/agora.xtec.cat\/escolasantbernat\/wp-content\/uploads\/usu1228\/2018\/04\/2018-04-06-00.20.42.jpg\" alt=\"\" width=\"511\" height=\"288\" srcset=\"https:\/\/agora.xtec.cat\/escolasantbernat\/wp-content\/uploads\/usu1228\/2018\/04\/2018-04-06-00.20.42.jpg 511w, https:\/\/agora.xtec.cat\/escolasantbernat\/wp-content\/uploads\/usu1228\/2018\/04\/2018-04-06-00.20.42-300x169.jpg 300w\" sizes=\"auto, (max-width: 511px) 100vw, 511px\" \/><\/a><a href=\"http:\/\/agora.xtec.cat\/escolasantbernat\/wp-content\/uploads\/usu1228\/2018\/02\/recurs-06_gran.jpg\"><img loading=\"lazy\" decoding=\"async\" class=\"alignnone size-full wp-image-2342\" src=\"http:\/\/agora.xtec.cat\/escolasantbernat\/wp-content\/uploads\/usu1228\/2018\/02\/recurs-06_gran.jpg\" alt=\"\" width=\"350\" height=\"450\" srcset=\"https:\/\/agora.xtec.cat\/escolasantbernat\/wp-content\/uploads\/usu1228\/2018\/02\/recurs-06_gran.jpg 350w, https:\/\/agora.xtec.cat\/escolasantbernat\/wp-content\/uploads\/usu1228\/2018\/02\/recurs-06_gran-233x300.jpg 233w\" sizes=\"auto, (max-width: 350px) 100vw, 350px\" \/><\/a><\/p>\n","protected":false},"excerpt":{"rendered":"<p>Amb el nou pla TAC progressivament anirem adquirint totes les tauletes necess\u00e0ries per desenvolupar al m\u00e0xim la compet\u00e8ncia digital.<br \/>\nEns agrada molt treballar amb les tauletes!<br \/>\n<a href=\"http:\/\/agora.xtec.cat\/escolasantbernat\/wp-content\/uploads\/usu1228\/2018\/04\/2018-04-06-00.18.53.jpg\"><\/a><a href=\"http:\/\/agora.xtec.cat\/escolasantbernat\/wp-content\/uploads\/usu1228\/2018\/04\/2018-04-06-00.21.00.jpg\"><\/a><a href=\"http:\/\/agora.xtec.cat\/escolasantbernat\/wp-content\/uploads\/usu1228\/2018\/04\/2018-04-06-00.20.42.jpg\"><\/a><a href=\"http:\/\/agora.xtec.cat\/escolasantbernat\/wp-content\/uploads\/usu1228\/2018\/02\/recurs-06_gran.jpg\"><\/a><\/p>\n","protected":false},"author":1,"featured_media":0,"parent":733,"menu_order":50,"comment_status":"closed","ping_status":"closed","template":"page-templates\/side-menu.php","meta":{"_bbp_topic_count":0,"_bbp_reply_count":0,"_bbp_total_topic_count":0,"_bbp_total_reply_count":0,"_bbp_voice_count":0,"_bbp_anonymous_reply_count":0,"_bbp_topic_count_hidden":0,"_bbp_reply_count_hidden":0,"_bbp_forum_subforum_count":0,"footnotes":""},"class_list":["post-744","page","type-page","status-publish","hentry"],"post_mailing_queue_ids":[],"_links":{"self":[{"href":"https:\/\/agora.xtec.cat\/escolasantbernat\/wp-json\/wp\/v2\/pages\/744","targetHints":{"allow":["GET"]}}],"collection":[{"href":"https:\/\/agora.xtec.cat\/escolasantbernat\/wp-json\/wp\/v2\/pages"}],"about":[{"href":"https:\/\/agora.xtec.cat\/escolasantbernat\/wp-json\/wp\/v2\/types\/page"}],"author":[{"embeddable":true,"href":"https:\/\/agora.xtec.cat\/escolasantbernat\/wp-json\/wp\/v2\/users\/1"}],"replies":[{"embeddable":true,"href":"https:\/\/agora.xtec.cat\/escolasantbernat\/wp-json\/wp\/v2\/comments?post=744"}],"version-history":[{"count":3,"href":"https:\/\/agora.xtec.cat\/escolasantbernat\/wp-json\/wp\/v2\/pages\/744\/revisions"}],"predecessor-version":[{"id":2423,"href":"https:\/\/agora.xtec.cat\/escolasantbernat\/wp-json\/wp\/v2\/pages\/744\/revisions\/2423"}],"up":[{"embeddable":true,"href":"https:\/\/agora.xtec.cat\/escolasantbernat\/wp-json\/wp\/v2\/pages\/733"}],"wp:attachment":[{"href":"https:\/\/agora.xtec.cat\/escolasantbernat\/wp-json\/wp\/v2\/media?parent=744"}],"curies":[{"name":"wp","href":"https:\/\/api.w.org\/{rel}","templated":true}]}}