{"id":741,"date":"2018-02-26T10:00:26","date_gmt":"2018-02-26T09:00:26","guid":{"rendered":"http:\/\/agora.xtec.cat\/escolasantbernat\/?page_id=741"},"modified":"2020-03-04T16:58:06","modified_gmt":"2020-03-04T15:58:06","slug":"netbooks","status":"publish","type":"page","link":"https:\/\/agora.xtec.cat\/escolasantbernat\/projecte-educatiu\/noves-tecnologies\/netbooks\/","title":{"rendered":"Netbooks"},"content":{"rendered":"<p><a href=\"http:\/\/agora.xtec.cat\/escolasantbernat\/wp-content\/uploads\/usu1228\/2018\/02\/IMG-20180314-WA0043.jpg\"><img loading=\"lazy\" decoding=\"async\" class=\"alignnone size-large wp-image-2194\" src=\"http:\/\/agora.xtec.cat\/escolasantbernat\/wp-content\/uploads\/usu1228\/2018\/02\/IMG-20180314-WA0043-1024x576.jpg\" alt=\"\" width=\"1024\" height=\"576\" srcset=\"https:\/\/agora.xtec.cat\/escolasantbernat\/wp-content\/uploads\/usu1228\/2018\/02\/IMG-20180314-WA0043-1024x576.jpg 1024w, https:\/\/agora.xtec.cat\/escolasantbernat\/wp-content\/uploads\/usu1228\/2018\/02\/IMG-20180314-WA0043-300x169.jpg 300w, https:\/\/agora.xtec.cat\/escolasantbernat\/wp-content\/uploads\/usu1228\/2018\/02\/IMG-20180314-WA0043-768x432.jpg 768w, https:\/\/agora.xtec.cat\/escolasantbernat\/wp-content\/uploads\/usu1228\/2018\/02\/IMG-20180314-WA0043.jpg 1328w\" sizes=\"auto, (max-width: 1024px) 100vw, 1024px\" \/><\/a><\/p>\n<p>L&#8217;escola disposa d&#8217;un carro m\u00f2bil amb 15 netbooks.<br \/>\nQuan desdoblem els grups i les tutores es queden amb nom\u00e9s la meitat de la classe anem a l&#8217;aula digital o utilitzem els netbooks.<br \/>\nAquests ordinadors port\u00e0tils es fan servir a les aules per realitzar textos, fer presentacions, gr\u00e0fiques, per buscar informaci\u00f3 a internet, entre d&#8217;altres.<\/p>\n<p><a href=\"https:\/\/agora.xtec.cat\/escolasantbernat\/wp-content\/uploads\/usu1228\/2020\/02\/77206316_2458133817767477_5992483159021715456_o.jpg\"><img loading=\"lazy\" decoding=\"async\" class=\"alignnone size-full wp-image-3694\" src=\"https:\/\/agora.xtec.cat\/escolasantbernat\/wp-content\/uploads\/usu1228\/2020\/02\/77206316_2458133817767477_5992483159021715456_o.jpg\" alt=\"\" width=\"960\" height=\"720\" srcset=\"https:\/\/agora.xtec.cat\/escolasantbernat\/wp-content\/uploads\/usu1228\/2020\/02\/77206316_2458133817767477_5992483159021715456_o.jpg 960w, https:\/\/agora.xtec.cat\/escolasantbernat\/wp-content\/uploads\/usu1228\/2020\/02\/77206316_2458133817767477_5992483159021715456_o-300x225.jpg 300w, https:\/\/agora.xtec.cat\/escolasantbernat\/wp-content\/uploads\/usu1228\/2020\/02\/77206316_2458133817767477_5992483159021715456_o-768x576.jpg 768w, https:\/\/agora.xtec.cat\/escolasantbernat\/wp-content\/uploads\/usu1228\/2020\/02\/77206316_2458133817767477_5992483159021715456_o-200x150.jpg 200w\" sizes=\"auto, (max-width: 960px) 100vw, 960px\" \/><\/a><\/p>\n<p><img loading=\"lazy\" decoding=\"async\" class=\"alignnone size-full wp-image-3696\" src=\"https:\/\/agora.xtec.cat\/escolasantbernat\/wp-content\/uploads\/usu1228\/2020\/02\/78277074_2466323310281861_4269198239548309504_n.jpg\" sizes=\"auto, (max-width: 960px) 100vw, 960px\" srcset=\"https:\/\/agora.xtec.cat\/escolasantbernat\/wp-content\/uploads\/usu1228\/2020\/02\/78277074_2466323310281861_4269198239548309504_n.jpg 960w, https:\/\/agora.xtec.cat\/escolasantbernat\/wp-content\/uploads\/usu1228\/2020\/02\/78277074_2466323310281861_4269198239548309504_n-300x225.jpg 300w, https:\/\/agora.xtec.cat\/escolasantbernat\/wp-content\/uploads\/usu1228\/2020\/02\/78277074_2466323310281861_4269198239548309504_n-768x576.jpg 768w, https:\/\/agora.xtec.cat\/escolasantbernat\/wp-content\/uploads\/usu1228\/2020\/02\/78277074_2466323310281861_4269198239548309504_n-200x150.jpg 200w\" alt=\"\" width=\"960\" height=\"720\" \/><\/p>\n","protected":false},"excerpt":{"rendered":"<p><a href=\"http:\/\/agora.xtec.cat\/escolasantbernat\/wp-content\/uploads\/usu1228\/2018\/02\/IMG-20180314-WA0043.jpg\"><\/a><br \/>\nL&#8217;escola disposa d&#8217;un carro m\u00f2bil amb 15 netbooks.<br \/>\nQuan desdoblem els grups i les tutores es queden amb nom\u00e9s la meitat de la classe anem a l&#8217;aula digital o utilitzem els netbooks.<br \/>\nAquests ordinadors port\u00e0tils es fan servir a les aules per realitzar textos, fer presentacions,&hellip;  <a href=\"https:\/\/agora.xtec.cat\/escolasantbernat\/projecte-educatiu\/noves-tecnologies\/netbooks\/\" title=\"Read Netbooks\">Llegeix m\u00e9s\u00bb<\/a><\/p>\n","protected":false},"author":1,"featured_media":0,"parent":733,"menu_order":30,"comment_status":"closed","ping_status":"closed","template":"page-templates\/side-menu.php","meta":{"_bbp_topic_count":0,"_bbp_reply_count":0,"_bbp_total_topic_count":0,"_bbp_total_reply_count":0,"_bbp_voice_count":0,"_bbp_anonymous_reply_count":0,"_bbp_topic_count_hidden":0,"_bbp_reply_count_hidden":0,"_bbp_forum_subforum_count":0,"footnotes":""},"class_list":["post-741","page","type-page","status-publish","hentry"],"post_mailing_queue_ids":[],"_links":{"self":[{"href":"https:\/\/agora.xtec.cat\/escolasantbernat\/wp-json\/wp\/v2\/pages\/741","targetHints":{"allow":["GET"]}}],"collection":[{"href":"https:\/\/agora.xtec.cat\/escolasantbernat\/wp-json\/wp\/v2\/pages"}],"about":[{"href":"https:\/\/agora.xtec.cat\/escolasantbernat\/wp-json\/wp\/v2\/types\/page"}],"author":[{"embeddable":true,"href":"https:\/\/agora.xtec.cat\/escolasantbernat\/wp-json\/wp\/v2\/users\/1"}],"replies":[{"embeddable":true,"href":"https:\/\/agora.xtec.cat\/escolasantbernat\/wp-json\/wp\/v2\/comments?post=741"}],"version-history":[{"count":3,"href":"https:\/\/agora.xtec.cat\/escolasantbernat\/wp-json\/wp\/v2\/pages\/741\/revisions"}],"predecessor-version":[{"id":3767,"href":"https:\/\/agora.xtec.cat\/escolasantbernat\/wp-json\/wp\/v2\/pages\/741\/revisions\/3767"}],"up":[{"embeddable":true,"href":"https:\/\/agora.xtec.cat\/escolasantbernat\/wp-json\/wp\/v2\/pages\/733"}],"wp:attachment":[{"href":"https:\/\/agora.xtec.cat\/escolasantbernat\/wp-json\/wp\/v2\/media?parent=741"}],"curies":[{"name":"wp","href":"https:\/\/api.w.org\/{rel}","templated":true}]}}