{"id":735,"date":"2018-02-26T09:57:17","date_gmt":"2018-02-26T08:57:17","guid":{"rendered":"http:\/\/agora.xtec.cat\/escolasantbernat\/?page_id=735"},"modified":"2018-03-08T11:16:07","modified_gmt":"2018-03-08T10:16:07","slug":"pla-tac","status":"publish","type":"page","link":"https:\/\/agora.xtec.cat\/escolasantbernat\/projecte-educatiu\/noves-tecnologies\/pla-tac\/","title":{"rendered":"Pla TAC"},"content":{"rendered":"<p>El Pla TAC \u00e9s un instrument que t\u00e9 per objectiu formalitzar la governan\u00e7a de la tecnologia en el marc de l&#8217;autonomia de centre i del Projecte Educatiu. En el Pla TAC es recullen les caracter\u00edstiques actuals del centre amb relaci\u00f3 a les TAC, es defineixen els objectius i es planifiquen les actuacions que es duran a terme pel que fa als aspectes organitzatius, didacticopedag\u00f2gics i curriculars.<\/p>\n<p>Aviat tindrem el Pla TAC actualitzat i el penjarem aqu\u00ed<\/p>\n<p><img loading=\"lazy\" decoding=\"async\" class=\"alignnone size-full wp-image-570\" src=\"http:\/\/agora.xtec.cat\/escolasantbernat\/wp-content\/uploads\/usu1228\/2014\/09\/cons.gif\" alt=\"\" width=\"96\" height=\"66\" \/><\/p>\n<p>&nbsp;<\/p>\n","protected":false},"excerpt":{"rendered":"<p>El Pla TAC \u00e9s un instrument que t\u00e9 per objectiu formalitzar la governan\u00e7a de la tecnologia en el marc de l&#8217;autonomia de centre i del Projecte Educatiu. En el Pla TAC es recullen les caracter\u00edstiques actuals del centre amb relaci\u00f3 a les TAC, es defineixen&hellip;  <a href=\"https:\/\/agora.xtec.cat\/escolasantbernat\/projecte-educatiu\/noves-tecnologies\/pla-tac\/\" title=\"Read Pla TAC\">Llegeix m\u00e9s\u00bb<\/a><\/p>\n","protected":false},"author":1,"featured_media":0,"parent":733,"menu_order":10,"comment_status":"closed","ping_status":"closed","template":"page-templates\/side-menu.php","meta":{"_bbp_topic_count":0,"_bbp_reply_count":0,"_bbp_total_topic_count":0,"_bbp_total_reply_count":0,"_bbp_voice_count":0,"_bbp_anonymous_reply_count":0,"_bbp_topic_count_hidden":0,"_bbp_reply_count_hidden":0,"_bbp_forum_subforum_count":0,"footnotes":""},"class_list":["post-735","page","type-page","status-publish","hentry"],"post_mailing_queue_ids":[],"_links":{"self":[{"href":"https:\/\/agora.xtec.cat\/escolasantbernat\/wp-json\/wp\/v2\/pages\/735","targetHints":{"allow":["GET"]}}],"collection":[{"href":"https:\/\/agora.xtec.cat\/escolasantbernat\/wp-json\/wp\/v2\/pages"}],"about":[{"href":"https:\/\/agora.xtec.cat\/escolasantbernat\/wp-json\/wp\/v2\/types\/page"}],"author":[{"embeddable":true,"href":"https:\/\/agora.xtec.cat\/escolasantbernat\/wp-json\/wp\/v2\/users\/1"}],"replies":[{"embeddable":true,"href":"https:\/\/agora.xtec.cat\/escolasantbernat\/wp-json\/wp\/v2\/comments?post=735"}],"version-history":[{"count":4,"href":"https:\/\/agora.xtec.cat\/escolasantbernat\/wp-json\/wp\/v2\/pages\/735\/revisions"}],"predecessor-version":[{"id":4972,"href":"https:\/\/agora.xtec.cat\/escolasantbernat\/wp-json\/wp\/v2\/pages\/735\/revisions\/4972"}],"up":[{"embeddable":true,"href":"https:\/\/agora.xtec.cat\/escolasantbernat\/wp-json\/wp\/v2\/pages\/733"}],"wp:attachment":[{"href":"https:\/\/agora.xtec.cat\/escolasantbernat\/wp-json\/wp\/v2\/media?parent=735"}],"curies":[{"name":"wp","href":"https:\/\/api.w.org\/{rel}","templated":true}]}}