{"id":733,"date":"2018-02-26T09:56:44","date_gmt":"2018-02-26T08:56:44","guid":{"rendered":"http:\/\/agora.xtec.cat\/escolasantbernat\/?page_id=733"},"modified":"2020-03-04T16:57:03","modified_gmt":"2020-03-04T15:57:03","slug":"noves-tecnologies","status":"publish","type":"page","link":"https:\/\/agora.xtec.cat\/escolasantbernat\/projecte-educatiu\/noves-tecnologies\/","title":{"rendered":"Noves Tecnologies"},"content":{"rendered":"<p>El desplegament de les compet\u00e8ncies digitals \u00e9s indespensable per a tota persona que vulgui interactuar amb normalitat en la societat actual.Es tracta d&#8217;un conjunt d&#8217;habilitats, coneixements i tamb\u00e9 d\u2019actituds que els alumnes han d\u2019anar assolint durant l&#8217;educaci\u00f3 b\u00e0sica obligat\u00f2ria. Les compet\u00e8ncies digitals s\u00f3n transversals i poden ser utilitzades per tractar problemes i situacions que afecten qualsevol \u00e0rea curricular.<\/p>\n<p>L\u2019escola ha de preparar per a la vida real i les eines i aplicacions digitals s\u00f3n una part indissociable d\u2019aquesta vida.<\/p>\n<p>La comprensi\u00f3 del m\u00f3n que ens envolta est\u00e0 condicionada, per com aquest m\u00f3n es mostra, i com ens comuniquem. Els mitjans digitals s\u00f3n decisius al respecte.<\/p>\n<p>El domini de les eines i els processos digitals constitueix una garantia d\u2019 equitat en el sistema educatiu.<\/p>\n<p><img loading=\"lazy\" decoding=\"async\" class=\"alignnone size-large wp-image-2061\" src=\"http:\/\/agora.xtec.cat\/escolasantbernat\/wp-content\/uploads\/usu1228\/2018\/02\/598d9a9e39043-724x1024.png\" alt=\"\" width=\"724\" height=\"1024\" srcset=\"https:\/\/agora.xtec.cat\/escolasantbernat\/wp-content\/uploads\/usu1228\/2018\/02\/598d9a9e39043-724x1024.png 724w, https:\/\/agora.xtec.cat\/escolasantbernat\/wp-content\/uploads\/usu1228\/2018\/02\/598d9a9e39043-212x300.png 212w, https:\/\/agora.xtec.cat\/escolasantbernat\/wp-content\/uploads\/usu1228\/2018\/02\/598d9a9e39043-768x1087.png 768w, https:\/\/agora.xtec.cat\/escolasantbernat\/wp-content\/uploads\/usu1228\/2018\/02\/598d9a9e39043.png 903w\" sizes=\"auto, (max-width: 724px) 100vw, 724px\" \/><\/p>\n<p>&nbsp;<\/p>\n<p><strong>IMPLANTACI\u00d3 DE LA NOVA APLICACI\u00d3 DE COMUNICACI\u00d3 AMB LES FAM\u00cdLIES DINANTIA:<\/strong><\/p>\n<p><a href=\"https:\/\/agora.xtec.cat\/escolasantbernat\/wp-content\/uploads\/usu1228\/2019\/08\/baixa.png\"><img loading=\"lazy\" decoding=\"async\" class=\"alignnone  wp-image-3401\" src=\"https:\/\/agora.xtec.cat\/escolasantbernat\/wp-content\/uploads\/usu1228\/2019\/08\/baixa.png\" alt=\"\" width=\"351\" height=\"252\" \/><\/a><\/p>\n","protected":false},"excerpt":{"rendered":"<p>El desplegament de les compet\u00e8ncies digitals \u00e9s indespensable per a tota persona que vulgui interactuar amb normalitat en la societat actual.Es tracta d&#8217;un conjunt d&#8217;habilitats, coneixements i tamb\u00e9 d\u2019actituds que els alumnes han d\u2019anar assolint durant l&#8217;educaci\u00f3 b\u00e0sica obligat\u00f2ria. Les compet\u00e8ncies digitals s\u00f3n transversals i&hellip;  <a href=\"https:\/\/agora.xtec.cat\/escolasantbernat\/projecte-educatiu\/noves-tecnologies\/\" title=\"Read Noves Tecnologies\">Llegeix m\u00e9s\u00bb<\/a><\/p>\n","protected":false},"author":1,"featured_media":0,"parent":64,"menu_order":60,"comment_status":"closed","ping_status":"closed","template":"page-templates\/side-menu.php","meta":{"_bbp_topic_count":0,"_bbp_reply_count":0,"_bbp_total_topic_count":0,"_bbp_total_reply_count":0,"_bbp_voice_count":0,"_bbp_anonymous_reply_count":0,"_bbp_topic_count_hidden":0,"_bbp_reply_count_hidden":0,"_bbp_forum_subforum_count":0,"footnotes":""},"class_list":["post-733","page","type-page","status-publish","hentry"],"post_mailing_queue_ids":[],"_links":{"self":[{"href":"https:\/\/agora.xtec.cat\/escolasantbernat\/wp-json\/wp\/v2\/pages\/733","targetHints":{"allow":["GET"]}}],"collection":[{"href":"https:\/\/agora.xtec.cat\/escolasantbernat\/wp-json\/wp\/v2\/pages"}],"about":[{"href":"https:\/\/agora.xtec.cat\/escolasantbernat\/wp-json\/wp\/v2\/types\/page"}],"author":[{"embeddable":true,"href":"https:\/\/agora.xtec.cat\/escolasantbernat\/wp-json\/wp\/v2\/users\/1"}],"replies":[{"embeddable":true,"href":"https:\/\/agora.xtec.cat\/escolasantbernat\/wp-json\/wp\/v2\/comments?post=733"}],"version-history":[{"count":3,"href":"https:\/\/agora.xtec.cat\/escolasantbernat\/wp-json\/wp\/v2\/pages\/733\/revisions"}],"predecessor-version":[{"id":3766,"href":"https:\/\/agora.xtec.cat\/escolasantbernat\/wp-json\/wp\/v2\/pages\/733\/revisions\/3766"}],"up":[{"embeddable":true,"href":"https:\/\/agora.xtec.cat\/escolasantbernat\/wp-json\/wp\/v2\/pages\/64"}],"wp:attachment":[{"href":"https:\/\/agora.xtec.cat\/escolasantbernat\/wp-json\/wp\/v2\/media?parent=733"}],"curies":[{"name":"wp","href":"https:\/\/api.w.org\/{rel}","templated":true}]}}