{"id":721,"date":"2018-02-26T09:46:28","date_gmt":"2018-02-26T08:46:28","guid":{"rendered":"http:\/\/agora.xtec.cat\/escolasantbernat\/?page_id=721"},"modified":"2018-02-27T11:13:17","modified_gmt":"2018-02-27T10:13:17","slug":"30-minuts-de-lectura","status":"publish","type":"page","link":"https:\/\/agora.xtec.cat\/escolasantbernat\/projecte-educatiu\/pla-lector-de-centre\/30-minuts-de-lectura\/","title":{"rendered":"30 minuts de lectura"},"content":{"rendered":"<p><img loading=\"lazy\" decoding=\"async\" class=\"wp-image-909 alignleft\" src=\"http:\/\/agora.xtec.cat\/escolasantbernat\/wp-content\/uploads\/usu1228\/2018\/02\/30minuts.jpg\" alt=\"\" width=\"185\" height=\"262\" srcset=\"https:\/\/agora.xtec.cat\/escolasantbernat\/wp-content\/uploads\/usu1228\/2018\/02\/30minuts.jpg 509w, https:\/\/agora.xtec.cat\/escolasantbernat\/wp-content\/uploads\/usu1228\/2018\/02\/30minuts-212x300.jpg 212w\" sizes=\"auto, (max-width: 185px) 100vw, 185px\" \/>De tots \u00e9s conegut que la lectura\u00a0desenvolupa la imaginaci\u00f3, per\u00f2 tamb\u00e9 s&#8217;ha de recon\u00e8ixer que la lectura \u00e9s un h\u00e0bit que cal fomentar i practicar di\u00e0riament. Per aquest motiu, el nostre alumnat disposa de 30 minuts diaris dins del seu horari lectiu per dedicar-los a la lectura en catal\u00e0, castell\u00e0 i angl\u00e8s.<\/p>\n<p>Els alumnes de Cicle Mitj\u00e0 baixen a fer lectura en veu alta als alumnes d&#8217;Educaci\u00f3 Infantil. Aquesta activitat rep del nom de l&#8217;Hora del Bon Lector.<\/p>\n<p>&nbsp;<\/p>\n<p>&nbsp;<\/p>\n<p>&nbsp;<\/p>\n","protected":false},"excerpt":{"rendered":"<p>De tots \u00e9s conegut que la lectura\u00a0desenvolupa la imaginaci\u00f3, per\u00f2 tamb\u00e9 s&#8217;ha de recon\u00e8ixer que la lectura \u00e9s un h\u00e0bit que cal fomentar i practicar di\u00e0riament. Per aquest motiu, el nostre alumnat disposa de 30 minuts diaris dins del seu horari lectiu per dedicar-los a&hellip;  <a href=\"https:\/\/agora.xtec.cat\/escolasantbernat\/projecte-educatiu\/pla-lector-de-centre\/30-minuts-de-lectura\/\" title=\"Read 30 minuts de lectura\">Llegeix m\u00e9s\u00bb<\/a><\/p>\n","protected":false},"author":1,"featured_media":0,"parent":715,"menu_order":60,"comment_status":"closed","ping_status":"closed","template":"page-templates\/side-menu.php","meta":{"_bbp_topic_count":0,"_bbp_reply_count":0,"_bbp_total_topic_count":0,"_bbp_total_reply_count":0,"_bbp_voice_count":0,"_bbp_anonymous_reply_count":0,"_bbp_topic_count_hidden":0,"_bbp_reply_count_hidden":0,"_bbp_forum_subforum_count":0,"footnotes":""},"class_list":["post-721","page","type-page","status-publish","hentry"],"post_mailing_queue_ids":[],"_links":{"self":[{"href":"https:\/\/agora.xtec.cat\/escolasantbernat\/wp-json\/wp\/v2\/pages\/721","targetHints":{"allow":["GET"]}}],"collection":[{"href":"https:\/\/agora.xtec.cat\/escolasantbernat\/wp-json\/wp\/v2\/pages"}],"about":[{"href":"https:\/\/agora.xtec.cat\/escolasantbernat\/wp-json\/wp\/v2\/types\/page"}],"author":[{"embeddable":true,"href":"https:\/\/agora.xtec.cat\/escolasantbernat\/wp-json\/wp\/v2\/users\/1"}],"replies":[{"embeddable":true,"href":"https:\/\/agora.xtec.cat\/escolasantbernat\/wp-json\/wp\/v2\/comments?post=721"}],"version-history":[{"count":4,"href":"https:\/\/agora.xtec.cat\/escolasantbernat\/wp-json\/wp\/v2\/pages\/721\/revisions"}],"predecessor-version":[{"id":965,"href":"https:\/\/agora.xtec.cat\/escolasantbernat\/wp-json\/wp\/v2\/pages\/721\/revisions\/965"}],"up":[{"embeddable":true,"href":"https:\/\/agora.xtec.cat\/escolasantbernat\/wp-json\/wp\/v2\/pages\/715"}],"wp:attachment":[{"href":"https:\/\/agora.xtec.cat\/escolasantbernat\/wp-json\/wp\/v2\/media?parent=721"}],"curies":[{"name":"wp","href":"https:\/\/api.w.org\/{rel}","templated":true}]}}