{"id":719,"date":"2018-02-26T09:45:37","date_gmt":"2018-02-26T08:45:37","guid":{"rendered":"http:\/\/agora.xtec.cat\/escolasantbernat\/?page_id=719"},"modified":"2018-02-27T00:25:27","modified_gmt":"2018-02-26T23:25:27","slug":"llegim-i-escrivim-en-parella","status":"publish","type":"page","link":"https:\/\/agora.xtec.cat\/escolasantbernat\/projecte-educatiu\/pla-lector-de-centre\/llegim-i-escrivim-en-parella\/","title":{"rendered":"Llegim i escrivim en parella"},"content":{"rendered":"<p><a href=\"http:\/\/grupsderecerca.uab.cat\/grai\/content\/llegim-en-parella-0\" target=\"_blank\" rel=\"noopener noreferrer\"><em>Llegim i escrivim en parella<\/em><\/a>\u00a0parteix d\u2019una experi\u00e8ncia exitosa pr\u00e8via: el programa\u00a0<em>Llegim en parella<\/em>, amb m\u00e9s de 10 anys de treball, nombroses xarxes de professorat,\u00a0centenars de fam\u00edlies i milers d\u2019alumnes que hi participen amb l\u2019objectiu de millorar la\u00a0comprensi\u00f3 lectora.<\/p>\n<p>El programa\u00a0<em>Llegim i escrivim en parella<\/em>\u00a0est\u00e0 basat en la tutoria entre iguals, \u00e9s a dir,\u00a0parelles d\u2019alumnes que aprenen a trav\u00e9s d\u2019una activitat estructurada. Per una banda,\u00a0el tutor apr\u00e8n, perqu\u00e8 ensenyar pot ser una bona manera d\u2019aprendre. I, per altra\u00a0banda, el tutorat tamb\u00e9 apr\u00e8n, perqu\u00e8 rep l\u2019ajuda ajustada i permanent del seu\u00a0company tutor. El programa combina la tutoria entre l\u2019alumnat i la tutoria familiar.<\/p>\n<p>Els objectius del programa s\u00f3n la millora de la compet\u00e8ncia lectora, especialment la\u00a0comprensi\u00f3 lectora, i la compet\u00e8ncia en expressi\u00f3 escrita, espec\u00edficament en el proc\u00e9s\u00a0de composici\u00f3 de textos.<\/p>\n<p><a href=\"http:\/\/agora.xtec.cat\/escolasantbernat\/wp-content\/uploads\/usu1228\/2018\/02\/llegimiescrivim.jpg\"><img loading=\"lazy\" decoding=\"async\" class=\"alignnone size-full wp-image-945\" src=\"http:\/\/agora.xtec.cat\/escolasantbernat\/wp-content\/uploads\/usu1228\/2018\/02\/llegimiescrivim.jpg\" alt=\"\" width=\"150\" height=\"200\" \/><\/a><\/p>\n","protected":false},"excerpt":{"rendered":"<p><a href=\"http:\/\/grupsderecerca.uab.cat\/grai\/content\/llegim-en-parella-0\" target=\"_blank\" rel=\"noopener noreferrer\">Llegim i escrivim en parella<\/a>\u00a0parteix d\u2019una experi\u00e8ncia exitosa pr\u00e8via: el programa\u00a0Llegim en parella, amb m\u00e9s de 10 anys de treball, nombroses xarxes de professorat,\u00a0centenars de fam\u00edlies i milers d\u2019alumnes que hi participen amb l\u2019objectiu de millorar la\u00a0comprensi\u00f3 lectora.<br \/>\nEl programa\u00a0Llegim i escrivim&hellip;  <a href=\"https:\/\/agora.xtec.cat\/escolasantbernat\/projecte-educatiu\/pla-lector-de-centre\/llegim-i-escrivim-en-parella\/\" title=\"Read Llegim i escrivim en parella\">Llegeix m\u00e9s\u00bb<\/a><\/p>\n","protected":false},"author":1,"featured_media":0,"parent":715,"menu_order":8,"comment_status":"closed","ping_status":"closed","template":"page-templates\/side-menu.php","meta":{"_bbp_topic_count":0,"_bbp_reply_count":0,"_bbp_total_topic_count":0,"_bbp_total_reply_count":0,"_bbp_voice_count":0,"_bbp_anonymous_reply_count":0,"_bbp_topic_count_hidden":0,"_bbp_reply_count_hidden":0,"_bbp_forum_subforum_count":0,"footnotes":""},"class_list":["post-719","page","type-page","status-publish","hentry"],"post_mailing_queue_ids":[],"_links":{"self":[{"href":"https:\/\/agora.xtec.cat\/escolasantbernat\/wp-json\/wp\/v2\/pages\/719","targetHints":{"allow":["GET"]}}],"collection":[{"href":"https:\/\/agora.xtec.cat\/escolasantbernat\/wp-json\/wp\/v2\/pages"}],"about":[{"href":"https:\/\/agora.xtec.cat\/escolasantbernat\/wp-json\/wp\/v2\/types\/page"}],"author":[{"embeddable":true,"href":"https:\/\/agora.xtec.cat\/escolasantbernat\/wp-json\/wp\/v2\/users\/1"}],"replies":[{"embeddable":true,"href":"https:\/\/agora.xtec.cat\/escolasantbernat\/wp-json\/wp\/v2\/comments?post=719"}],"version-history":[{"count":3,"href":"https:\/\/agora.xtec.cat\/escolasantbernat\/wp-json\/wp\/v2\/pages\/719\/revisions"}],"predecessor-version":[{"id":946,"href":"https:\/\/agora.xtec.cat\/escolasantbernat\/wp-json\/wp\/v2\/pages\/719\/revisions\/946"}],"up":[{"embeddable":true,"href":"https:\/\/agora.xtec.cat\/escolasantbernat\/wp-json\/wp\/v2\/pages\/715"}],"wp:attachment":[{"href":"https:\/\/agora.xtec.cat\/escolasantbernat\/wp-json\/wp\/v2\/media?parent=719"}],"curies":[{"name":"wp","href":"https:\/\/api.w.org\/{rel}","templated":true}]}}