{"id":717,"date":"2018-02-26T09:44:54","date_gmt":"2018-02-26T08:44:54","guid":{"rendered":"http:\/\/agora.xtec.cat\/escolasantbernat\/?page_id=717"},"modified":"2018-03-18T00:23:30","modified_gmt":"2018-03-17T23:23:30","slug":"padrins-de-lectura","status":"publish","type":"page","link":"https:\/\/agora.xtec.cat\/escolasantbernat\/projecte-educatiu\/pla-lector-de-centre\/padrins-de-lectura\/","title":{"rendered":"Padrins de Lectura"},"content":{"rendered":"<p><img loading=\"lazy\" decoding=\"async\" class=\"wp-image-906 alignleft\" src=\"http:\/\/agora.xtec.cat\/escolasantbernat\/wp-content\/uploads\/usu1228\/2018\/02\/padrins.jpg\" alt=\"\" width=\"268\" height=\"402\" srcset=\"https:\/\/agora.xtec.cat\/escolasantbernat\/wp-content\/uploads\/usu1228\/2018\/02\/padrins.jpg 480w, https:\/\/agora.xtec.cat\/escolasantbernat\/wp-content\/uploads\/usu1228\/2018\/02\/padrins-200x300.jpg 200w\" sizes=\"auto, (max-width: 268px) 100vw, 268px\" \/>Amb l&#8217;objectiu de treballar la pr\u00e0ctica de la lectoescriptura i la motivaci\u00f3 per la lectura, a l&#8217;escola\u00a0tenim un\u00a0 projecte anomenat &#8220;Padrins de lectura&#8221;, que consisteix en qu\u00e8 els alumnes de 5\u00e8 ajuden a llegir als seus companys\/es de 1r, per parelles i de forma individualitzada.<\/p>\n<p>A cada alumne\/a de 5\u00e8 (<em>padr\u00ed)<\/em> se li assigna un alumne\/a de 1r (<em>fillol<\/em>) amb la finalitat que la lectura comuna dels dos, d&#8217;acompanyament per part del padr\u00ed i activa per part del fillol, ajudi a aquest darrer en el seu proc\u00e9s d&#8217;aprenentatge\u00a0lector.<\/p>\n<p><strong>Objectius generals :<\/strong><\/p>\n<p>&#8211; Afavorir la comunicaci\u00f3 entre l&#8217;alumnat de diferents cicles.<br \/>\n&#8211; Milorar la comprensi\u00f3 i velocitat lectora.<br \/>\n&#8211; Fer cr\u00e9ixer l&#8217;amor propi dels de 5\u00e8, fent-los part\u00edceps del progr\u00e9s en la lectura del seu fillol.<br \/>\n&#8211; Fomentar actituds d&#8217;inter\u00e8s envers la llengua escrita.<br \/>\n&#8211; Fer avan\u00e7ar en l&#8217;aprenentatge de la lectura als nens de 1r.<br \/>\n&#8211; Educar en el respecte, tenint en compte les peculiaritats de cada alumne\/a.<\/p>\n<p><a href=\"http:\/\/agora.xtec.cat\/escolasantbernat\/wp-content\/uploads\/usu1228\/2018\/02\/17191356_1871042289809969_6188306747248714502_n.jpg\"><img loading=\"lazy\" decoding=\"async\" class=\"alignnone size-full wp-image-2269\" src=\"http:\/\/agora.xtec.cat\/escolasantbernat\/wp-content\/uploads\/usu1228\/2018\/02\/17191356_1871042289809969_6188306747248714502_n.jpg\" alt=\"\" width=\"960\" height=\"540\" srcset=\"https:\/\/agora.xtec.cat\/escolasantbernat\/wp-content\/uploads\/usu1228\/2018\/02\/17191356_1871042289809969_6188306747248714502_n.jpg 960w, https:\/\/agora.xtec.cat\/escolasantbernat\/wp-content\/uploads\/usu1228\/2018\/02\/17191356_1871042289809969_6188306747248714502_n-300x169.jpg 300w, https:\/\/agora.xtec.cat\/escolasantbernat\/wp-content\/uploads\/usu1228\/2018\/02\/17191356_1871042289809969_6188306747248714502_n-768x432.jpg 768w\" sizes=\"auto, (max-width: 960px) 100vw, 960px\" \/><\/a><\/p>\n","protected":false},"excerpt":{"rendered":"<p>Amb l&#8217;objectiu de treballar la pr\u00e0ctica de la lectoescriptura i la motivaci\u00f3 per la lectura, a l&#8217;escola\u00a0tenim un\u00a0 projecte anomenat &#8220;Padrins de lectura&#8221;, que consisteix en qu\u00e8 els alumnes de 5\u00e8 ajuden a llegir als seus companys\/es de 1r, per parelles i de forma individualitzada.<br \/>\nA&hellip;  <a href=\"https:\/\/agora.xtec.cat\/escolasantbernat\/projecte-educatiu\/pla-lector-de-centre\/padrins-de-lectura\/\" title=\"Read Padrins de Lectura\">Llegeix m\u00e9s\u00bb<\/a><\/p>\n","protected":false},"author":1,"featured_media":0,"parent":715,"menu_order":20,"comment_status":"closed","ping_status":"closed","template":"page-templates\/side-menu.php","meta":{"_bbp_topic_count":0,"_bbp_reply_count":0,"_bbp_total_topic_count":0,"_bbp_total_reply_count":0,"_bbp_voice_count":0,"_bbp_anonymous_reply_count":0,"_bbp_topic_count_hidden":0,"_bbp_reply_count_hidden":0,"_bbp_forum_subforum_count":0,"footnotes":""},"class_list":["post-717","page","type-page","status-publish","hentry"],"post_mailing_queue_ids":[],"_links":{"self":[{"href":"https:\/\/agora.xtec.cat\/escolasantbernat\/wp-json\/wp\/v2\/pages\/717","targetHints":{"allow":["GET"]}}],"collection":[{"href":"https:\/\/agora.xtec.cat\/escolasantbernat\/wp-json\/wp\/v2\/pages"}],"about":[{"href":"https:\/\/agora.xtec.cat\/escolasantbernat\/wp-json\/wp\/v2\/types\/page"}],"author":[{"embeddable":true,"href":"https:\/\/agora.xtec.cat\/escolasantbernat\/wp-json\/wp\/v2\/users\/1"}],"replies":[{"embeddable":true,"href":"https:\/\/agora.xtec.cat\/escolasantbernat\/wp-json\/wp\/v2\/comments?post=717"}],"version-history":[{"count":3,"href":"https:\/\/agora.xtec.cat\/escolasantbernat\/wp-json\/wp\/v2\/pages\/717\/revisions"}],"predecessor-version":[{"id":2270,"href":"https:\/\/agora.xtec.cat\/escolasantbernat\/wp-json\/wp\/v2\/pages\/717\/revisions\/2270"}],"up":[{"embeddable":true,"href":"https:\/\/agora.xtec.cat\/escolasantbernat\/wp-json\/wp\/v2\/pages\/715"}],"wp:attachment":[{"href":"https:\/\/agora.xtec.cat\/escolasantbernat\/wp-json\/wp\/v2\/media?parent=717"}],"curies":[{"name":"wp","href":"https:\/\/api.w.org\/{rel}","templated":true}]}}