{"id":698,"date":"2018-02-25T23:40:21","date_gmt":"2018-02-25T22:40:21","guid":{"rendered":"http:\/\/agora.xtec.cat\/escolasantbernat\/?page_id=698"},"modified":"2020-03-03T13:41:07","modified_gmt":"2020-03-03T12:41:07","slug":"alianca-stem","status":"publish","type":"page","link":"https:\/\/agora.xtec.cat\/escolasantbernat\/projecte-educatiu\/alianca-stem\/","title":{"rendered":"Alian\u00e7a STEM"},"content":{"rendered":"<header>\n<div class=\"hgroup\"><\/div>\n<figure class=\"wp-caption posthumb-caption\"><figcaption class=\"wp-caption-text\"><a href=\"http:\/\/agora.xtec.cat\/escolasantbernat\/wp-content\/uploads\/usu1228\/2018\/02\/log_STEM_negatiu-1.png\"><img loading=\"lazy\" decoding=\"async\" class=\"alignnone size-large wp-image-699\" src=\"http:\/\/agora.xtec.cat\/escolasantbernat\/wp-content\/uploads\/usu1228\/2018\/02\/log_STEM_negatiu-1-1024x364.png\" alt=\"\" width=\"1024\" height=\"364\" srcset=\"https:\/\/agora.xtec.cat\/escolasantbernat\/wp-content\/uploads\/usu1228\/2018\/02\/log_STEM_negatiu-1-1024x364.png 1024w, https:\/\/agora.xtec.cat\/escolasantbernat\/wp-content\/uploads\/usu1228\/2018\/02\/log_STEM_negatiu-1-300x107.png 300w, https:\/\/agora.xtec.cat\/escolasantbernat\/wp-content\/uploads\/usu1228\/2018\/02\/log_STEM_negatiu-1-768x273.png 768w\" sizes=\"auto, (max-width: 1024px) 100vw, 1024px\" \/><\/a><\/figcaption><figcaption class=\"wp-caption-text\"><\/figcaption><\/figure>\n<\/header>\n<div class=\"pf-content\">\n<div class=\"hgroup\">\n<h1 class=\"entry-title\">Alian\u00e7a per promoure els estudis de ci\u00e8ncia i tecnologia entre els joves<\/h1>\n<\/div>\n<h2>La Generalitat, la URV i l\u2019AEQT constitueixen l\u2019Alian\u00e7a STEM i engeguen una prova pilot per impulsar els \u00e0mbits de ci\u00e8ncia, tecnologia, enginyeria i matem\u00e0tiques<\/h2>\n<p><a href=\"http:\/\/agora.xtec.cat\/escolasantbernat\/wp-content\/uploads\/usu1228\/2018\/02\/19366225_1925870577660473_9136898826536736261_n.jpg\"><img loading=\"lazy\" decoding=\"async\" class=\"alignnone size-full wp-image-2267\" src=\"http:\/\/agora.xtec.cat\/escolasantbernat\/wp-content\/uploads\/usu1228\/2018\/02\/19366225_1925870577660473_9136898826536736261_n.jpg\" alt=\"\" width=\"960\" height=\"540\" srcset=\"https:\/\/agora.xtec.cat\/escolasantbernat\/wp-content\/uploads\/usu1228\/2018\/02\/19366225_1925870577660473_9136898826536736261_n.jpg 960w, https:\/\/agora.xtec.cat\/escolasantbernat\/wp-content\/uploads\/usu1228\/2018\/02\/19366225_1925870577660473_9136898826536736261_n-300x169.jpg 300w, https:\/\/agora.xtec.cat\/escolasantbernat\/wp-content\/uploads\/usu1228\/2018\/02\/19366225_1925870577660473_9136898826536736261_n-768x432.jpg 768w\" sizes=\"auto, (max-width: 960px) 100vw, 960px\" \/><\/a><\/p>\n<p>L\u2019Alian\u00e7a STEM \u00e9s una iniciativa per promoure programes adre\u00e7ats a escolars per augmentar les vocacions i l\u2019atracci\u00f3 de talent cap als \u00e0mbits de la ci\u00e8ncia i la tecnologia. L\u2019alian\u00e7a tamb\u00e9 vol col\u00b7laborar amb el professorat en el foment de l\u2019excel\u00b7l\u00e8ncia i la responsabilitat en l\u2019ensenyament, la recerca i la innovaci\u00f3 amb la col\u00b7laboraci\u00f3 de les empreses i institucions del sector industrial.<\/p>\n<p>La Universitat, el Departament d\u2019Ensenyament de la Generalitat i l\u2019Associaci\u00f3 Empresarial Qu\u00edmica de Tarragona fa m\u00e9s de vint-i-cinc anys que col\u00b7laboren en programes educatius de ci\u00e8ncia i tecnologia sobre els productes i processos qu\u00edmics destinats a escolars i adults, mitjan\u00e7ant el projecte APQUA. Amb l\u2019Alian\u00e7a STEM les parts volen actualitzar i ampliar aquesta col\u00b7laboraci\u00f3 en el marc general de la ci\u00e8ncia, la tecnologia, l\u2019enginyeria i les matem\u00e0tiques (Science, Technology, Engineering and Maths, STEM).<\/p>\n<p><a href=\"http:\/\/agora.xtec.cat\/escolasantbernat\/wp-content\/uploads\/usu1228\/2018\/02\/cervell.jpg\"><img loading=\"lazy\" decoding=\"async\" class=\"alignnone size-large wp-image-700\" src=\"http:\/\/agora.xtec.cat\/escolasantbernat\/wp-content\/uploads\/usu1228\/2018\/02\/cervell-1024x546.jpg\" alt=\"\" width=\"1024\" height=\"546\" srcset=\"https:\/\/agora.xtec.cat\/escolasantbernat\/wp-content\/uploads\/usu1228\/2018\/02\/cervell-1024x546.jpg 1024w, https:\/\/agora.xtec.cat\/escolasantbernat\/wp-content\/uploads\/usu1228\/2018\/02\/cervell-300x160.jpg 300w, https:\/\/agora.xtec.cat\/escolasantbernat\/wp-content\/uploads\/usu1228\/2018\/02\/cervell-768x410.jpg 768w, https:\/\/agora.xtec.cat\/escolasantbernat\/wp-content\/uploads\/usu1228\/2018\/02\/cervell.jpg 1292w\" sizes=\"auto, (max-width: 1024px) 100vw, 1024px\" \/><\/a><\/p>\n<h5><\/h5>\n<h5>\u00a0Qu\u00e8 \u00e9s l\u2019Alian\u00e7a STEM?<\/h5>\n<p>\u00c9s una iniciativa de cooperaci\u00f3 entre el sector educatiu, el sector d\u2019universitats i recerca i el sector productiu que t\u00e9 per objectius generals\u00a0estimular entre els escolars l\u2019increment de vocacions i l\u2019atracci\u00f3 de talent cap al sector STEM, i\u00a0fomentar l\u2019excel\u00b7l\u00e8ncia i la responsabilitat en l\u2019ensenyament, la recerca i la innovaci\u00f3 amb la col\u00b7laboraci\u00f3 de les empreses i institucions del sector industrial.<\/p>\n<p>L\u2019Alian\u00e7a STEM desenvolupa programes adre\u00e7ats a estudiants i professors de centres d\u2019ensenyament primari i secundari, a diferents nivells -ensenyament formal, \u00e0mbits extralectiu, extraescolar i informal-, i en els que es fomenta la participaci\u00f3 d\u2019investigadors, t\u00e8cnics i estudiants d\u2019universitats, de centres de recerca i d\u2019empreses i experts en educaci\u00f3 cient\u00edfica. Aquests programes poden ser, entre d\u2019altres:<\/p>\n<ul>\n<li>Programes de suport al professorat per a la millora continuada de la seva pr\u00e0ctica docent i la provisi\u00f3 als centres escolars de recursos educatius STEM.<\/li>\n<li>Programes de recerca educativa i\/o desenvolupament curricular.<\/li>\n<li>Programes per a donar a con\u00e8ixer als joves les oportunitats professionals als sectors productiu i de recerca, i per permetre la creaci\u00f3 d\u2019una opini\u00f3 fonamentada en l\u2019experi\u00e8ncia personal sobre q\u00fcestions de seguretat, salut i ambientals relacionades amb aquests.<\/li>\n<li>Programes per promoure pr\u00e0ctiques de cooperaci\u00f3 i coneixement mutu entre estudiants i professorat de prim\u00e0ria i secund\u00e0ria, i investigadors i t\u00e8cnics d\u2019universitats, centres de recerca i d\u2019empreses i experts en educaci\u00f3 cient\u00edfica.<\/li>\n<li>Programes extralectius per escolars amb participaci\u00f3 de mentors universitaris.<\/li>\n<li>Programes per orientar els estudiants amb altes capacitats cap al sector STEM.<\/li>\n<li>Programes de mentoratge per dones interessades en cursar estudis universitaris STEM.<\/li>\n<li>Dins de l\u2019\u00e0mbit de l\u2019alian\u00e7a STEM es contemplen tamb\u00e9 les activitats del Programa Escolar i Programa de Visites Educatives a ind\u00fastries del Projecte APQUA de la URV.<\/li>\n<\/ul>\n<p><a href=\"http:\/\/xn--alianastem-s6a.cat\/ca\/\" target=\"_blank\" rel=\"noopener noreferrer\">VISITA LA WEB DE L&#8217;ALIAN\u00c7A STEM<\/a><\/p>\n<h2><strong>PRIMER PREMI A LA CODE WEEK!!!!<\/strong><\/h2>\n<p><a href=\"https:\/\/agora.xtec.cat\/escolasantbernat\/wp-content\/uploads\/usu1228\/2020\/02\/78810314_2482877278626464_8719057183116886016_n.jpg\"><img loading=\"lazy\" decoding=\"async\" class=\"alignnone size-full wp-image-3699\" src=\"https:\/\/agora.xtec.cat\/escolasantbernat\/wp-content\/uploads\/usu1228\/2020\/02\/78810314_2482877278626464_8719057183116886016_n.jpg\" alt=\"\" width=\"960\" height=\"720\" srcset=\"https:\/\/agora.xtec.cat\/escolasantbernat\/wp-content\/uploads\/usu1228\/2020\/02\/78810314_2482877278626464_8719057183116886016_n.jpg 960w, https:\/\/agora.xtec.cat\/escolasantbernat\/wp-content\/uploads\/usu1228\/2020\/02\/78810314_2482877278626464_8719057183116886016_n-300x225.jpg 300w, https:\/\/agora.xtec.cat\/escolasantbernat\/wp-content\/uploads\/usu1228\/2020\/02\/78810314_2482877278626464_8719057183116886016_n-768x576.jpg 768w, https:\/\/agora.xtec.cat\/escolasantbernat\/wp-content\/uploads\/usu1228\/2020\/02\/78810314_2482877278626464_8719057183116886016_n-200x150.jpg 200w\" sizes=\"auto, (max-width: 960px) 100vw, 960px\" \/><\/a><\/p>\n<p><a href=\"https:\/\/agora.xtec.cat\/escolasantbernat\/wp-content\/uploads\/usu1228\/2020\/02\/78977796_2482877368626455_3029486303566626816_n.jpg\"><img loading=\"lazy\" decoding=\"async\" class=\"alignnone size-full wp-image-3700\" src=\"https:\/\/agora.xtec.cat\/escolasantbernat\/wp-content\/uploads\/usu1228\/2020\/02\/78977796_2482877368626455_3029486303566626816_n.jpg\" alt=\"\" width=\"960\" height=\"720\" srcset=\"https:\/\/agora.xtec.cat\/escolasantbernat\/wp-content\/uploads\/usu1228\/2020\/02\/78977796_2482877368626455_3029486303566626816_n.jpg 960w, https:\/\/agora.xtec.cat\/escolasantbernat\/wp-content\/uploads\/usu1228\/2020\/02\/78977796_2482877368626455_3029486303566626816_n-300x225.jpg 300w, https:\/\/agora.xtec.cat\/escolasantbernat\/wp-content\/uploads\/usu1228\/2020\/02\/78977796_2482877368626455_3029486303566626816_n-768x576.jpg 768w, https:\/\/agora.xtec.cat\/escolasantbernat\/wp-content\/uploads\/usu1228\/2020\/02\/78977796_2482877368626455_3029486303566626816_n-200x150.jpg 200w\" sizes=\"auto, (max-width: 960px) 100vw, 960px\" \/><\/a><\/p>\n<\/div>\n","protected":false},"excerpt":{"rendered":"<p><a href=\"http:\/\/agora.xtec.cat\/escolasantbernat\/wp-content\/uploads\/usu1228\/2018\/02\/log_STEM_negatiu-1.png\"><\/a><\/p>\n<p>Alian\u00e7a per promoure els estudis de ci\u00e8ncia i tecnologia entre els joves<\/p>\n<p>La Generalitat, la URV i l\u2019AEQT constitueixen l\u2019Alian\u00e7a STEM i engeguen una prova pilot per impulsar els \u00e0mbits de ci\u00e8ncia, tecnologia, enginyeria i matem\u00e0tiques<br \/>\n<a href=\"http:\/\/agora.xtec.cat\/escolasantbernat\/wp-content\/uploads\/usu1228\/2018\/02\/19366225_1925870577660473_9136898826536736261_n.jpg\"><\/a><br \/>\nL\u2019Alian\u00e7a STEM \u00e9s una iniciativa per promoure programes adre\u00e7ats&hellip;  <a href=\"https:\/\/agora.xtec.cat\/escolasantbernat\/projecte-educatiu\/alianca-stem\/\" title=\"Read Alian\u00e7a STEM\">Llegeix m\u00e9s\u00bb<\/a><\/p>\n","protected":false},"author":5,"featured_media":0,"parent":64,"menu_order":40,"comment_status":"closed","ping_status":"closed","template":"page-templates\/side-menu.php","meta":{"_bbp_topic_count":0,"_bbp_reply_count":0,"_bbp_total_topic_count":0,"_bbp_total_reply_count":0,"_bbp_voice_count":0,"_bbp_anonymous_reply_count":0,"_bbp_topic_count_hidden":0,"_bbp_reply_count_hidden":0,"_bbp_forum_subforum_count":0,"footnotes":""},"class_list":["post-698","page","type-page","status-publish","hentry"],"post_mailing_queue_ids":[],"_links":{"self":[{"href":"https:\/\/agora.xtec.cat\/escolasantbernat\/wp-json\/wp\/v2\/pages\/698","targetHints":{"allow":["GET"]}}],"collection":[{"href":"https:\/\/agora.xtec.cat\/escolasantbernat\/wp-json\/wp\/v2\/pages"}],"about":[{"href":"https:\/\/agora.xtec.cat\/escolasantbernat\/wp-json\/wp\/v2\/types\/page"}],"author":[{"embeddable":true,"href":"https:\/\/agora.xtec.cat\/escolasantbernat\/wp-json\/wp\/v2\/users\/5"}],"replies":[{"embeddable":true,"href":"https:\/\/agora.xtec.cat\/escolasantbernat\/wp-json\/wp\/v2\/comments?post=698"}],"version-history":[{"count":3,"href":"https:\/\/agora.xtec.cat\/escolasantbernat\/wp-json\/wp\/v2\/pages\/698\/revisions"}],"predecessor-version":[{"id":3744,"href":"https:\/\/agora.xtec.cat\/escolasantbernat\/wp-json\/wp\/v2\/pages\/698\/revisions\/3744"}],"up":[{"embeddable":true,"href":"https:\/\/agora.xtec.cat\/escolasantbernat\/wp-json\/wp\/v2\/pages\/64"}],"wp:attachment":[{"href":"https:\/\/agora.xtec.cat\/escolasantbernat\/wp-json\/wp\/v2\/media?parent=698"}],"curies":[{"name":"wp","href":"https:\/\/api.w.org\/{rel}","templated":true}]}}