{"id":693,"date":"2018-02-25T23:24:35","date_gmt":"2018-02-25T22:24:35","guid":{"rendered":"http:\/\/agora.xtec.cat\/escolasantbernat\/?page_id=693"},"modified":"2025-01-16T14:46:11","modified_gmt":"2025-01-16T13:46:11","slug":"cambridge-english","status":"publish","type":"page","link":"https:\/\/agora.xtec.cat\/escolasantbernat\/projecte-educatiu\/escola-plurilingue\/cambridge-english\/","title":{"rendered":"Cambridge English"},"content":{"rendered":"<p><a href=\"http:\/\/agora.xtec.cat\/escolasantbernat\/wp-content\/uploads\/usu1228\/2018\/02\/Slider-RESUMEN-CAMBRIDGE.jpg\"><img loading=\"lazy\" decoding=\"async\" class=\"alignnone size-full wp-image-694\" src=\"http:\/\/agora.xtec.cat\/escolasantbernat\/wp-content\/uploads\/usu1228\/2018\/02\/Slider-RESUMEN-CAMBRIDGE.jpg\" alt=\"\" width=\"870\" height=\"324\" srcset=\"https:\/\/agora.xtec.cat\/escolasantbernat\/wp-content\/uploads\/usu1228\/2018\/02\/Slider-RESUMEN-CAMBRIDGE.jpg 870w, https:\/\/agora.xtec.cat\/escolasantbernat\/wp-content\/uploads\/usu1228\/2018\/02\/Slider-RESUMEN-CAMBRIDGE-300x112.jpg 300w, https:\/\/agora.xtec.cat\/escolasantbernat\/wp-content\/uploads\/usu1228\/2018\/02\/Slider-RESUMEN-CAMBRIDGE-768x286.jpg 768w\" sizes=\"auto, (max-width: 870px) 100vw, 870px\" \/><\/a><\/p>\n<p><strong>El curs 2016-17<\/strong> vam signar un conveni per poder realitzar els <strong>ex\u00e0mens de Cambridge<\/strong> a l\u2019escola i encara est\u00e0 vigent en l&#8217;actualitat.<\/p>\n<p>&nbsp;<\/p>\n<p><a href=\"http:\/\/agora.xtec.cat\/escolasantbernat\/wp-content\/uploads\/usu1228\/2018\/02\/22405619_1977163385864525_1133065345247200699_n.jpg\"><img loading=\"lazy\" decoding=\"async\" class=\"alignnone size-full wp-image-2264\" src=\"http:\/\/agora.xtec.cat\/escolasantbernat\/wp-content\/uploads\/usu1228\/2018\/02\/22405619_1977163385864525_1133065345247200699_n.jpg\" alt=\"\" width=\"540\" height=\"960\" srcset=\"https:\/\/agora.xtec.cat\/escolasantbernat\/wp-content\/uploads\/usu1228\/2018\/02\/22405619_1977163385864525_1133065345247200699_n.jpg 540w, https:\/\/agora.xtec.cat\/escolasantbernat\/wp-content\/uploads\/usu1228\/2018\/02\/22405619_1977163385864525_1133065345247200699_n-169x300.jpg 169w\" sizes=\"auto, (max-width: 540px) 100vw, 540px\" \/><\/a><\/p>\n<p><strong>Promoci\u00f3 del curs 2018-2019.<\/strong><\/p>\n<p><a href=\"https:\/\/agora.xtec.cat\/escolasantbernat\/wp-content\/uploads\/usu1228\/2020\/02\/75233514_2435403830040476_4620310707894747136_n.jpg\"><img loading=\"lazy\" decoding=\"async\" class=\"alignnone size-full wp-image-3693\" src=\"https:\/\/agora.xtec.cat\/escolasantbernat\/wp-content\/uploads\/usu1228\/2020\/02\/75233514_2435403830040476_4620310707894747136_n.jpg\" alt=\"\" width=\"960\" height=\"720\" srcset=\"https:\/\/agora.xtec.cat\/escolasantbernat\/wp-content\/uploads\/usu1228\/2020\/02\/75233514_2435403830040476_4620310707894747136_n.jpg 960w, https:\/\/agora.xtec.cat\/escolasantbernat\/wp-content\/uploads\/usu1228\/2020\/02\/75233514_2435403830040476_4620310707894747136_n-300x225.jpg 300w, https:\/\/agora.xtec.cat\/escolasantbernat\/wp-content\/uploads\/usu1228\/2020\/02\/75233514_2435403830040476_4620310707894747136_n-768x576.jpg 768w, https:\/\/agora.xtec.cat\/escolasantbernat\/wp-content\/uploads\/usu1228\/2020\/02\/75233514_2435403830040476_4620310707894747136_n-200x150.jpg 200w\" sizes=\"auto, (max-width: 960px) 100vw, 960px\" \/><\/a><\/p>\n<p>Tenim a l&#8217;escola el document oficial que ens acredita com a centre preparador del ex\u00e0mens de Cambridge i tamb\u00e9 l&#8217;acreditaci\u00f3 fins a final de l&#8217;any 2026.<\/p>\n<p><a href=\"https:\/\/agora.xtec.cat\/escolasantbernat\/wp-content\/uploads\/usu1228\/2025\/01\/SDEVELOP25011413160-scaled.jpg\"><img loading=\"lazy\" decoding=\"async\" class=\"alignnone size-full wp-image-6539\" src=\"https:\/\/agora.xtec.cat\/escolasantbernat\/wp-content\/uploads\/usu1228\/2025\/01\/SDEVELOP25011413160-scaled.jpg\" alt=\"\" width=\"1810\" height=\"2560\" srcset=\"https:\/\/agora.xtec.cat\/escolasantbernat\/wp-content\/uploads\/usu1228\/2025\/01\/SDEVELOP25011413160-scaled.jpg 1810w, https:\/\/agora.xtec.cat\/escolasantbernat\/wp-content\/uploads\/usu1228\/2025\/01\/SDEVELOP25011413160-212x300.jpg 212w, https:\/\/agora.xtec.cat\/escolasantbernat\/wp-content\/uploads\/usu1228\/2025\/01\/SDEVELOP25011413160-724x1024.jpg 724w, https:\/\/agora.xtec.cat\/escolasantbernat\/wp-content\/uploads\/usu1228\/2025\/01\/SDEVELOP25011413160-768x1086.jpg 768w, https:\/\/agora.xtec.cat\/escolasantbernat\/wp-content\/uploads\/usu1228\/2025\/01\/SDEVELOP25011413160-1086x1536.jpg 1086w, https:\/\/agora.xtec.cat\/escolasantbernat\/wp-content\/uploads\/usu1228\/2025\/01\/SDEVELOP25011413160-1448x2048.jpg 1448w\" sizes=\"auto, (max-width: 1810px) 100vw, 1810px\" \/><\/a><\/p>\n<p>&nbsp;<\/p>\n<p>El proper dia 7 de juny de 2025 tornarem a realitzar els ex\u00e0mens de Cambridge a les nostres instal\u00b7lacions.<\/p>\n<p>Aquests ex\u00e0mens estan dissenyats i desenvolupats per motivar als alumnes des de petits fins a l\u2019adolesc\u00e8ncia.\u00a0 Treballen les quatre habilitats ling\u00fc\u00edstiques: comprensi\u00f3 oral i escrita, expressi\u00f3 oral i escrita, i apropen l\u2019aprenentatge a la vida.<\/p>\n<p>Els 3 nivells d\u2019examen que es fan a l\u2019escola estan relacionats amb el <strong>Marc Com\u00fa Europeu de Refer\u00e8ncia<\/strong> per les lleng\u00fces. El MCER permet mesurar amb facilitat el progr\u00e9s que van fent els seus fills i les seves filles en angl\u00e8s, i ajudar\u00e0 a empreses e institucions educatives a recon\u00e8ixer les seves habilitats quan finalitzin el seu per\u00edode escolar.<\/p>\n<p>Els t\u00edtols de Cambridge English s\u00f3n valorats a tot el m\u00f3n.<\/p>\n<p><a href=\"http:\/\/agora.xtec.cat\/escolasantbernat\/wp-content\/uploads\/usu1228\/2018\/02\/YL.png\"><img loading=\"lazy\" decoding=\"async\" class=\"alignnone size-full wp-image-709\" src=\"http:\/\/agora.xtec.cat\/escolasantbernat\/wp-content\/uploads\/usu1228\/2018\/02\/YL.png\" alt=\"\" width=\"453\" height=\"111\" srcset=\"https:\/\/agora.xtec.cat\/escolasantbernat\/wp-content\/uploads\/usu1228\/2018\/02\/YL.png 453w, https:\/\/agora.xtec.cat\/escolasantbernat\/wp-content\/uploads\/usu1228\/2018\/02\/YL-300x74.png 300w\" sizes=\"auto, (max-width: 453px) 100vw, 453px\" \/><\/a><\/p>\n<p>Cambridge English: Young Learners \u00e9s un conjunt d\u2019ex\u00e0mens motivadors formats per activitats especialement dissenyades per estudiants d\u2019ensenyament primari. Hi ha tres nivells: <strong>Starters, Movers i Flyers<\/strong> perqu\u00e8 els alumnes puguin seguir un cam\u00ed clarament marcat per progressar en l\u2019aprenentge de l\u2019angl\u00e8s.<\/p>\n<p>Tots els alumnes que realitzen els ex\u00e0mens obtenen el seu <strong>certificat Cambridge English<\/strong>, la millor recompensa al seu esfor\u00e7, a un acte de celebraci\u00f3 que es celebra al nou espai de l&#8217;escola.<\/p>\n<p>Al juny, els alumnes de 4t, 5\u00e8 i 6\u00e8, tenen l\u2019oportunitat de poder fer els ex\u00e0mens Starters, Movers i Flyers al centre un dissabte al mat\u00ed.<\/p>\n<p><a href=\"http:\/\/agora.xtec.cat\/escolasantbernat\/wp-content\/uploads\/usu1228\/2018\/02\/YLS.jpg\"><img loading=\"lazy\" decoding=\"async\" class=\"alignnone size-full wp-image-708\" src=\"http:\/\/agora.xtec.cat\/escolasantbernat\/wp-content\/uploads\/usu1228\/2018\/02\/YLS.jpg\" alt=\"\" width=\"393\" height=\"375\" srcset=\"https:\/\/agora.xtec.cat\/escolasantbernat\/wp-content\/uploads\/usu1228\/2018\/02\/YLS.jpg 393w, https:\/\/agora.xtec.cat\/escolasantbernat\/wp-content\/uploads\/usu1228\/2018\/02\/YLS-300x286.jpg 300w\" sizes=\"auto, (max-width: 393px) 100vw, 393px\" \/><\/a><\/p>\n<p>Visiteu la p\u00e0gina oficial de Cambridge English per practicar les proves i aprendre angl\u00e8s de forma divertida:<\/p>\n<p><a href=\"http:\/\/www.cambridgeenglish.org\/exams-and-tests\/starters\/\" target=\"_blank\" rel=\"noopener noreferrer\">STARTERS &gt;&gt;&gt;&gt;&gt;<\/a><\/p>\n<p><a href=\"http:\/\/www.cambridgeenglish.org\/exams-and-tests\/movers\/\" target=\"_blank\" rel=\"noopener noreferrer\">MOVERS &gt;&gt;&gt;&gt;&gt;&gt;<\/a><\/p>\n<p><a href=\"http:\/\/www.cambridgeenglish.org\/exams-and-tests\/flyers\/\" target=\"_blank\" rel=\"noopener noreferrer\">FLYERS &gt;&gt;&gt;&gt;&gt;&gt;&gt;<\/a><\/p>\n<p><a href=\"http:\/\/www.cambridgeenglish.org\/learning-english\/exam-preparation\/\" target=\"_blank\" rel=\"noopener noreferrer\">EXAM PREPARATION &gt;&gt;&gt;&gt;&gt;&gt;<\/a><\/p>\n","protected":false},"excerpt":{"rendered":"<p><a href=\"http:\/\/agora.xtec.cat\/escolasantbernat\/wp-content\/uploads\/usu1228\/2018\/02\/Slider-RESUMEN-CAMBRIDGE.jpg\"><\/a><br \/>\nEl curs 2016-17 vam signar un conveni per poder realitzar els ex\u00e0mens de Cambridge a l\u2019escola i encara est\u00e0 vigent en l&#8217;actualitat.<br \/>\n&nbsp;<br \/>\n<a href=\"http:\/\/agora.xtec.cat\/escolasantbernat\/wp-content\/uploads\/usu1228\/2018\/02\/22405619_1977163385864525_1133065345247200699_n.jpg\"><\/a><br \/>\nPromoci\u00f3 del curs 2018-2019.<br \/>\n<a href=\"https:\/\/agora.xtec.cat\/escolasantbernat\/wp-content\/uploads\/usu1228\/2020\/02\/75233514_2435403830040476_4620310707894747136_n.jpg\"><\/a><br \/>\nTenim a l&#8217;escola el document oficial que ens acredita com a centre preparador del ex\u00e0mens de Cambridge i&hellip;  <a href=\"https:\/\/agora.xtec.cat\/escolasantbernat\/projecte-educatiu\/escola-plurilingue\/cambridge-english\/\" title=\"Read Cambridge English\">Llegeix m\u00e9s\u00bb<\/a><\/p>\n","protected":false},"author":5,"featured_media":0,"parent":655,"menu_order":10,"comment_status":"closed","ping_status":"closed","template":"page-templates\/side-menu.php","meta":{"_bbp_topic_count":0,"_bbp_reply_count":0,"_bbp_total_topic_count":0,"_bbp_total_reply_count":0,"_bbp_voice_count":0,"_bbp_anonymous_reply_count":0,"_bbp_topic_count_hidden":0,"_bbp_reply_count_hidden":0,"_bbp_forum_subforum_count":0,"footnotes":""},"class_list":["post-693","page","type-page","status-publish","hentry"],"post_mailing_queue_ids":[],"_links":{"self":[{"href":"https:\/\/agora.xtec.cat\/escolasantbernat\/wp-json\/wp\/v2\/pages\/693","targetHints":{"allow":["GET"]}}],"collection":[{"href":"https:\/\/agora.xtec.cat\/escolasantbernat\/wp-json\/wp\/v2\/pages"}],"about":[{"href":"https:\/\/agora.xtec.cat\/escolasantbernat\/wp-json\/wp\/v2\/types\/page"}],"author":[{"embeddable":true,"href":"https:\/\/agora.xtec.cat\/escolasantbernat\/wp-json\/wp\/v2\/users\/5"}],"replies":[{"embeddable":true,"href":"https:\/\/agora.xtec.cat\/escolasantbernat\/wp-json\/wp\/v2\/comments?post=693"}],"version-history":[{"count":9,"href":"https:\/\/agora.xtec.cat\/escolasantbernat\/wp-json\/wp\/v2\/pages\/693\/revisions"}],"predecessor-version":[{"id":6542,"href":"https:\/\/agora.xtec.cat\/escolasantbernat\/wp-json\/wp\/v2\/pages\/693\/revisions\/6542"}],"up":[{"embeddable":true,"href":"https:\/\/agora.xtec.cat\/escolasantbernat\/wp-json\/wp\/v2\/pages\/655"}],"wp:attachment":[{"href":"https:\/\/agora.xtec.cat\/escolasantbernat\/wp-json\/wp\/v2\/media?parent=693"}],"curies":[{"name":"wp","href":"https:\/\/api.w.org\/{rel}","templated":true}]}}