{"id":6804,"date":"2026-03-04T11:34:26","date_gmt":"2026-03-04T10:34:26","guid":{"rendered":"https:\/\/agora.xtec.cat\/escolasantbernat\/?page_id=6804"},"modified":"2026-03-04T14:09:49","modified_gmt":"2026-03-04T13:09:49","slug":"activitats-erasmus-25-26","status":"publish","type":"page","link":"https:\/\/agora.xtec.cat\/escolasantbernat\/projecte-educatiu\/erasmus\/acreditacio-erasmus\/activitats-erasmus-25-26\/","title":{"rendered":"ACTIVITATS ERASMUS 2025-26"},"content":{"rendered":"<p><a href=\"https:\/\/agora.xtec.cat\/escolasantbernat\/wp-content\/uploads\/usu1228\/2022\/10\/erasmus.png\"><img loading=\"lazy\" decoding=\"async\" class=\"wp-image-5307 alignleft\" src=\"https:\/\/agora.xtec.cat\/escolasantbernat\/wp-content\/uploads\/usu1228\/2022\/10\/erasmus.png\" alt=\"\" width=\"137\" height=\"97\" \/><\/a><\/p>\n<p><strong>MOBILITAT A DUBLIN (Irlanda), del 10 al 14 de novembre 2025.<\/strong><\/p>\n<p><a href=\"https:\/\/agora.xtec.cat\/escolasantbernat\/wp-content\/uploads\/usu1228\/2026\/03\/ERASMUS-DUBLIN-2-12-25-Diari-de-Tarragona-1-scaled.jpg\"><img loading=\"lazy\" decoding=\"async\" class=\"alignnone size-full wp-image-6809\" src=\"https:\/\/agora.xtec.cat\/escolasantbernat\/wp-content\/uploads\/usu1228\/2026\/03\/ERASMUS-DUBLIN-2-12-25-Diari-de-Tarragona-1-scaled.jpg\" alt=\"\" width=\"2560\" height=\"1202\" srcset=\"https:\/\/agora.xtec.cat\/escolasantbernat\/wp-content\/uploads\/usu1228\/2026\/03\/ERASMUS-DUBLIN-2-12-25-Diari-de-Tarragona-1-scaled.jpg 2560w, https:\/\/agora.xtec.cat\/escolasantbernat\/wp-content\/uploads\/usu1228\/2026\/03\/ERASMUS-DUBLIN-2-12-25-Diari-de-Tarragona-1-300x141.jpg 300w, https:\/\/agora.xtec.cat\/escolasantbernat\/wp-content\/uploads\/usu1228\/2026\/03\/ERASMUS-DUBLIN-2-12-25-Diari-de-Tarragona-1-1024x481.jpg 1024w, https:\/\/agora.xtec.cat\/escolasantbernat\/wp-content\/uploads\/usu1228\/2026\/03\/ERASMUS-DUBLIN-2-12-25-Diari-de-Tarragona-1-768x361.jpg 768w, https:\/\/agora.xtec.cat\/escolasantbernat\/wp-content\/uploads\/usu1228\/2026\/03\/ERASMUS-DUBLIN-2-12-25-Diari-de-Tarragona-1-1536x721.jpg 1536w, https:\/\/agora.xtec.cat\/escolasantbernat\/wp-content\/uploads\/usu1228\/2026\/03\/ERASMUS-DUBLIN-2-12-25-Diari-de-Tarragona-1-2048x962.jpg 2048w\" sizes=\"auto, (max-width: 2560px) 100vw, 2560px\" \/><\/a><\/p>\n<p>L&#8217;alumnat de 6\u00e8 va fer una mobilitat a l&#8217;escola St. Patrick&#8217;s NS de Dublin.<\/p>\n<p>Durant tres dies vam compartir activitats, jocs i experi\u00e8ncies amb l&#8217;alumnat irland\u00e8s. Tamb\u00e9 vam poder practicar l&#8217;angl\u00e8s com a llengua comuna.<\/p>\n<p>Per\u00f2 no tot va ser treballar a l&#8217;escola, tamb\u00e9 vam poder visitar els llocs m\u00e9s tur\u00edstics i representatius de la ciutat: <span style=\"font-family: inherit; font-size: 1em;\">Trinity College , <\/span><span style=\"font-family: inherit; font-size: 1em;\">Estatua de Molly Malone, el castell de<\/span><span style=\"font-family: inherit; font-size: 1em;\">\u00a0<\/span>Dubl\u00edn, <span style=\"font-family: inherit; font-size: 1em;\">O&#8217;Connell Street, Phoenix Park, Dublinia museu, Zoo de Dublin, etc<\/span><span style=\"font-family: inherit; font-size: 1em;\">.<\/span><\/p>\n<p><em>The 6th grade students did a mobility at St. Patrick&#8217;s NS School in Dublin.<\/em><\/p>\n<p><em>For three days we shared activities, games and experiences with the Irish students. We were also able to practice English as a common language.<\/em><\/p>\n<p><em>But it wasn&#8217;t all about working at school, we were also able to visit the most touristic and representative places in the city: Trinity College, Molly Malone Statue, Dublin Castle, O&#8217;Connell Street, Phoenix Park, Dublinia Museum, Dublin Zoo, etc.<\/em><\/p>\n<p><a href=\"https:\/\/agora.xtec.cat\/escolasantbernat\/wp-content\/uploads\/usu1228\/2026\/03\/IMG_20251110_173853-1.jpg\"><img loading=\"lazy\" decoding=\"async\" class=\"alignnone size-full wp-image-6810\" src=\"https:\/\/agora.xtec.cat\/escolasantbernat\/wp-content\/uploads\/usu1228\/2026\/03\/IMG_20251110_173853-1.jpg\" alt=\"\" width=\"800\" height=\"600\" srcset=\"https:\/\/agora.xtec.cat\/escolasantbernat\/wp-content\/uploads\/usu1228\/2026\/03\/IMG_20251110_173853-1.jpg 800w, https:\/\/agora.xtec.cat\/escolasantbernat\/wp-content\/uploads\/usu1228\/2026\/03\/IMG_20251110_173853-1-300x225.jpg 300w, https:\/\/agora.xtec.cat\/escolasantbernat\/wp-content\/uploads\/usu1228\/2026\/03\/IMG_20251110_173853-1-768x576.jpg 768w, https:\/\/agora.xtec.cat\/escolasantbernat\/wp-content\/uploads\/usu1228\/2026\/03\/IMG_20251110_173853-1-200x150.jpg 200w\" sizes=\"auto, (max-width: 800px) 100vw, 800px\" \/><\/a> <a href=\"https:\/\/agora.xtec.cat\/escolasantbernat\/wp-content\/uploads\/usu1228\/2026\/03\/IMG_20251113_103214-scaled.jpg\"><img loading=\"lazy\" decoding=\"async\" class=\"alignnone size-full wp-image-6820\" src=\"https:\/\/agora.xtec.cat\/escolasantbernat\/wp-content\/uploads\/usu1228\/2026\/03\/IMG_20251113_103214-scaled.jpg\" alt=\"\" width=\"2560\" height=\"1920\" srcset=\"https:\/\/agora.xtec.cat\/escolasantbernat\/wp-content\/uploads\/usu1228\/2026\/03\/IMG_20251113_103214-scaled.jpg 2560w, https:\/\/agora.xtec.cat\/escolasantbernat\/wp-content\/uploads\/usu1228\/2026\/03\/IMG_20251113_103214-300x225.jpg 300w, https:\/\/agora.xtec.cat\/escolasantbernat\/wp-content\/uploads\/usu1228\/2026\/03\/IMG_20251113_103214-1024x768.jpg 1024w, https:\/\/agora.xtec.cat\/escolasantbernat\/wp-content\/uploads\/usu1228\/2026\/03\/IMG_20251113_103214-768x576.jpg 768w, https:\/\/agora.xtec.cat\/escolasantbernat\/wp-content\/uploads\/usu1228\/2026\/03\/IMG_20251113_103214-1536x1152.jpg 1536w, https:\/\/agora.xtec.cat\/escolasantbernat\/wp-content\/uploads\/usu1228\/2026\/03\/IMG_20251113_103214-2048x1536.jpg 2048w, https:\/\/agora.xtec.cat\/escolasantbernat\/wp-content\/uploads\/usu1228\/2026\/03\/IMG_20251113_103214-200x150.jpg 200w\" sizes=\"auto, (max-width: 2560px) 100vw, 2560px\" \/><\/a> <a href=\"https:\/\/agora.xtec.cat\/escolasantbernat\/wp-content\/uploads\/usu1228\/2026\/03\/IMG_20251113_102153-scaled.jpg\"><img loading=\"lazy\" decoding=\"async\" class=\"alignnone size-full wp-image-6821\" src=\"https:\/\/agora.xtec.cat\/escolasantbernat\/wp-content\/uploads\/usu1228\/2026\/03\/IMG_20251113_102153-scaled.jpg\" alt=\"\" width=\"2560\" height=\"1920\" srcset=\"https:\/\/agora.xtec.cat\/escolasantbernat\/wp-content\/uploads\/usu1228\/2026\/03\/IMG_20251113_102153-scaled.jpg 2560w, https:\/\/agora.xtec.cat\/escolasantbernat\/wp-content\/uploads\/usu1228\/2026\/03\/IMG_20251113_102153-300x225.jpg 300w, https:\/\/agora.xtec.cat\/escolasantbernat\/wp-content\/uploads\/usu1228\/2026\/03\/IMG_20251113_102153-1024x768.jpg 1024w, https:\/\/agora.xtec.cat\/escolasantbernat\/wp-content\/uploads\/usu1228\/2026\/03\/IMG_20251113_102153-768x576.jpg 768w, https:\/\/agora.xtec.cat\/escolasantbernat\/wp-content\/uploads\/usu1228\/2026\/03\/IMG_20251113_102153-1536x1152.jpg 1536w, https:\/\/agora.xtec.cat\/escolasantbernat\/wp-content\/uploads\/usu1228\/2026\/03\/IMG_20251113_102153-2048x1536.jpg 2048w, https:\/\/agora.xtec.cat\/escolasantbernat\/wp-content\/uploads\/usu1228\/2026\/03\/IMG_20251113_102153-200x150.jpg 200w\" sizes=\"auto, (max-width: 2560px) 100vw, 2560px\" \/><\/a><\/p>\n<p><a href=\"https:\/\/agora.xtec.cat\/escolasantbernat\/wp-content\/uploads\/usu1228\/2026\/03\/IMG_20251112_165406-scaled.jpg\"><img loading=\"lazy\" decoding=\"async\" class=\"alignnone size-full wp-image-6816\" src=\"https:\/\/agora.xtec.cat\/escolasantbernat\/wp-content\/uploads\/usu1228\/2026\/03\/IMG_20251112_165406-scaled.jpg\" alt=\"\" width=\"2560\" height=\"1920\" srcset=\"https:\/\/agora.xtec.cat\/escolasantbernat\/wp-content\/uploads\/usu1228\/2026\/03\/IMG_20251112_165406-scaled.jpg 2560w, https:\/\/agora.xtec.cat\/escolasantbernat\/wp-content\/uploads\/usu1228\/2026\/03\/IMG_20251112_165406-300x225.jpg 300w, https:\/\/agora.xtec.cat\/escolasantbernat\/wp-content\/uploads\/usu1228\/2026\/03\/IMG_20251112_165406-1024x768.jpg 1024w, https:\/\/agora.xtec.cat\/escolasantbernat\/wp-content\/uploads\/usu1228\/2026\/03\/IMG_20251112_165406-768x576.jpg 768w, https:\/\/agora.xtec.cat\/escolasantbernat\/wp-content\/uploads\/usu1228\/2026\/03\/IMG_20251112_165406-1536x1152.jpg 1536w, https:\/\/agora.xtec.cat\/escolasantbernat\/wp-content\/uploads\/usu1228\/2026\/03\/IMG_20251112_165406-2048x1536.jpg 2048w, https:\/\/agora.xtec.cat\/escolasantbernat\/wp-content\/uploads\/usu1228\/2026\/03\/IMG_20251112_165406-200x150.jpg 200w\" sizes=\"auto, (max-width: 2560px) 100vw, 2560px\" \/><\/a> <a href=\"https:\/\/agora.xtec.cat\/escolasantbernat\/wp-content\/uploads\/usu1228\/2026\/03\/IMG_20251113_152907-scaled.jpg\"><img loading=\"lazy\" decoding=\"async\" class=\"alignnone size-full wp-image-6817\" src=\"https:\/\/agora.xtec.cat\/escolasantbernat\/wp-content\/uploads\/usu1228\/2026\/03\/IMG_20251113_152907-scaled.jpg\" alt=\"\" width=\"2560\" height=\"1920\" srcset=\"https:\/\/agora.xtec.cat\/escolasantbernat\/wp-content\/uploads\/usu1228\/2026\/03\/IMG_20251113_152907-scaled.jpg 2560w, https:\/\/agora.xtec.cat\/escolasantbernat\/wp-content\/uploads\/usu1228\/2026\/03\/IMG_20251113_152907-300x225.jpg 300w, https:\/\/agora.xtec.cat\/escolasantbernat\/wp-content\/uploads\/usu1228\/2026\/03\/IMG_20251113_152907-1024x768.jpg 1024w, https:\/\/agora.xtec.cat\/escolasantbernat\/wp-content\/uploads\/usu1228\/2026\/03\/IMG_20251113_152907-768x576.jpg 768w, https:\/\/agora.xtec.cat\/escolasantbernat\/wp-content\/uploads\/usu1228\/2026\/03\/IMG_20251113_152907-1536x1152.jpg 1536w, https:\/\/agora.xtec.cat\/escolasantbernat\/wp-content\/uploads\/usu1228\/2026\/03\/IMG_20251113_152907-2048x1536.jpg 2048w, https:\/\/agora.xtec.cat\/escolasantbernat\/wp-content\/uploads\/usu1228\/2026\/03\/IMG_20251113_152907-200x150.jpg 200w\" sizes=\"auto, (max-width: 2560px) 100vw, 2560px\" \/><\/a><\/p>\n<p><a href=\"https:\/\/agora.xtec.cat\/escolasantbernat\/wp-content\/uploads\/usu1228\/2022\/10\/erasmus.png\"><img loading=\"lazy\" decoding=\"async\" class=\"wp-image-5307 aligncenter\" src=\"https:\/\/agora.xtec.cat\/escolasantbernat\/wp-content\/uploads\/usu1228\/2022\/10\/erasmus.png\" alt=\"\" width=\"137\" height=\"97\" \/><\/a><\/p>\n","protected":false},"excerpt":{"rendered":"<p><a href=\"https:\/\/agora.xtec.cat\/escolasantbernat\/wp-content\/uploads\/usu1228\/2022\/10\/erasmus.png\"><\/a><br \/>\nMOBILITAT A DUBLIN (Irlanda), del 10 al 14 de novembre 2025.<br \/>\n<a href=\"https:\/\/agora.xtec.cat\/escolasantbernat\/wp-content\/uploads\/usu1228\/2026\/03\/ERASMUS-DUBLIN-2-12-25-Diari-de-Tarragona-1-scaled.jpg\"><\/a><br \/>\nL&#8217;alumnat de 6\u00e8 va fer una mobilitat a l&#8217;escola St. Patrick&#8217;s NS de Dublin.<br \/>\nDurant tres dies vam compartir activitats, jocs i experi\u00e8ncies amb l&#8217;alumnat irland\u00e8s. Tamb\u00e9 vam poder practicar l&#8217;angl\u00e8s com a llengua&hellip;  <a href=\"https:\/\/agora.xtec.cat\/escolasantbernat\/projecte-educatiu\/erasmus\/acreditacio-erasmus\/activitats-erasmus-25-26\/\" title=\"Read ACTIVITATS ERASMUS 2025-26\">Llegeix m\u00e9s\u00bb<\/a><\/p>\n","protected":false},"author":3,"featured_media":0,"parent":5233,"menu_order":5,"comment_status":"closed","ping_status":"closed","template":"","meta":{"_bbp_topic_count":0,"_bbp_reply_count":0,"_bbp_total_topic_count":0,"_bbp_total_reply_count":0,"_bbp_voice_count":0,"_bbp_anonymous_reply_count":0,"_bbp_topic_count_hidden":0,"_bbp_reply_count_hidden":0,"_bbp_forum_subforum_count":0,"footnotes":""},"class_list":["post-6804","page","type-page","status-publish","hentry"],"post_mailing_queue_ids":[],"_links":{"self":[{"href":"https:\/\/agora.xtec.cat\/escolasantbernat\/wp-json\/wp\/v2\/pages\/6804","targetHints":{"allow":["GET"]}}],"collection":[{"href":"https:\/\/agora.xtec.cat\/escolasantbernat\/wp-json\/wp\/v2\/pages"}],"about":[{"href":"https:\/\/agora.xtec.cat\/escolasantbernat\/wp-json\/wp\/v2\/types\/page"}],"author":[{"embeddable":true,"href":"https:\/\/agora.xtec.cat\/escolasantbernat\/wp-json\/wp\/v2\/users\/3"}],"replies":[{"embeddable":true,"href":"https:\/\/agora.xtec.cat\/escolasantbernat\/wp-json\/wp\/v2\/comments?post=6804"}],"version-history":[{"count":6,"href":"https:\/\/agora.xtec.cat\/escolasantbernat\/wp-json\/wp\/v2\/pages\/6804\/revisions"}],"predecessor-version":[{"id":6823,"href":"https:\/\/agora.xtec.cat\/escolasantbernat\/wp-json\/wp\/v2\/pages\/6804\/revisions\/6823"}],"up":[{"embeddable":true,"href":"https:\/\/agora.xtec.cat\/escolasantbernat\/wp-json\/wp\/v2\/pages\/5233"}],"wp:attachment":[{"href":"https:\/\/agora.xtec.cat\/escolasantbernat\/wp-json\/wp\/v2\/media?parent=6804"}],"curies":[{"name":"wp","href":"https:\/\/api.w.org\/{rel}","templated":true}]}}