{"id":660,"date":"2018-02-23T21:18:06","date_gmt":"2018-02-23T20:18:06","guid":{"rendered":"http:\/\/agora.xtec.cat\/escolasantbernat\/?page_id=660"},"modified":"2020-10-20T11:23:20","modified_gmt":"2020-10-20T09:23:20","slug":"e-twinning","status":"publish","type":"page","link":"https:\/\/agora.xtec.cat\/escolasantbernat\/projecte-educatiu\/escola-plurilingue\/e-twinning\/","title":{"rendered":"e-Twinning"},"content":{"rendered":"<p><a href=\"https:\/\/www.etwinning.net\/es\/pub\/index.htm\" target=\"_blank\" rel=\"noopener noreferrer\"><strong>e-Twinning<\/strong><\/a>\u00a0\u00e9s una plataforma per als equips educatius dels centres escolars\u00a0de pa\u00efsos europeus participants, per comunicar-se, col\u00b7laborar, desenvolupar projectes o el que \u00e9s el mateix, sentir-se i <strong>formar part de la comunitat educativa m\u00e9s atractiva d&#8217;Europa<\/strong>.<\/p>\n<p>Un projecte eTwinning \u00e9s un treball de col\u00b7laboraci\u00f3 entre dos o m\u00e9s centres escolars europeus de pa\u00efsos diferents sobre un tema acordat pr\u00e8viament. La col\u00b7laboraci\u00f3 es duu a terme mitjan\u00e7ant la <strong>plataforma virtual<\/strong> i l&#8217;\u00fas de diferents eines web.<\/p>\n<p>Els fundadors del projecte acorden la tem\u00e0tica, la duraci\u00f3, l&#8217;alumnat que participar\u00e0 en el projecte, el nombre de socis, el producte que desitgen obtenir, l&#8217;idioma de treball, els eines web que faran servir, etc.<\/p>\n<p><strong>Els projectes eTwinning impliquen una millora<\/strong> tant per al professorat com per a l&#8217;alumnat<strong>\u00a0de la compet\u00e8ncia digital i a la compet\u00e8ncia comunicativa en lleng\u00fces estrangeres<\/strong>. A m\u00e9s els projectes eTwinning aporten uns altres beneficis inherents al mateix desenvolupament de compet\u00e8ncies m\u00e9s generals relacionades amb el <strong>treball cooperatiu, la negociaci\u00f3, el coneixement intercultural, etc.<\/strong><\/p>\n<p><a href=\"http:\/\/agora.xtec.cat\/escolasantbernat\/wp-content\/uploads\/usu1228\/2018\/02\/baixa.jpg\"><img loading=\"lazy\" decoding=\"async\" class=\"alignnone wp-image-799\" src=\"http:\/\/agora.xtec.cat\/escolasantbernat\/wp-content\/uploads\/usu1228\/2018\/02\/baixa.jpg\" alt=\"\" width=\"557\" height=\"313\" \/><\/a><\/p>\n<p><strong>La nostra escola participa activament en aquesta plataforma i aquests s\u00f3n els projectes m\u00e9s importants que hem realitzat en col\u00b7laboraci\u00f3 amb altres centres europeus:<\/strong><\/p>\n<p><a href=\"https:\/\/drive.google.com\/file\/d\/1dqKiB4dOHMvEngNh_DQyihTlmdIG4FEn\/view?usp=sharing\">&#8220;<strong>Chess friends&#8221;<\/strong><\/a>\u00a0Projecte\u00a0d&#8217;escacs en angl\u00e8s realitzat el curs 2014-15. El coordinador del projecte va anar a la Universitat de Girona a explicar la nostra experi\u00e8ncia:<\/p>\n<p><a href=\"https:\/\/drive.google.com\/file\/d\/17lZKMIEcNTgtBtT9fct9pfm2u4i2gOzs\/view?usp=sharing\">http:\/\/web2.udg.edu\/ice\/doc\/doc_fnu\/primaria\/chess_friends_escola_sant_bernat.pdf<\/a><\/p>\n<p><a href=\"https:\/\/drive.google.com\/file\/d\/1N9BNRtGbaCpPeFrdDaX_e__JHyH1vgx0\/view?usp=sharing\">&#8220;<strong>My book for you&#8221;<\/strong><\/a>\u00a0Projecte\u00a0realitzat\u00a0el curs 2016-17 en\u00a0llengua anglesa.<\/p>\n<p><a href=\"https:\/\/drive.google.com\/file\/d\/1K_TmUKC_X56MRjAp8jFf5J-S65KfV707\/view?usp=sharing\" target=\"_blank\" rel=\"noopener noreferrer\">&#8220;<strong>Easter Cards&#8221;<\/strong><\/a>\u00a0Projecte\u00a0realitzat\u00a0 en angl\u00e8s el curs 2016-17 dins de l&#8217;\u00e0rea de pl\u00e0stica.<\/p>\n<p><a href=\"https:\/\/drive.google.com\/file\/d\/1GtM_mkLIiuCX5kddx9YempecdmDn13mP\/view?usp=sharing\" target=\"_blank\" rel=\"noopener noreferrer\">&#8220;<strong>International Chess Challenge&#8221;<\/strong><\/a>\u00a0 Projecte del curs 2017-18 per jugar a escacs online.<\/p>\n<p><a href=\"https:\/\/agora.xtec.cat\/escolasantbernat\/wp-content\/uploads\/usu1228\/2020\/10\/Europeanchessfriends.pdf\" target=\"_blank\" rel=\"noopener noreferrer\">&#8220;<strong>European Chess<\/strong><strong>Friends&#8221;<\/strong><\/a> Projecte Projecte del curs 2020-21 que hem fundat nosaltres i col\u00b7laboren altres pa\u00efsos.<\/p>\n<p>(si cliqueu damunt del nom del projecte podreu veure els pa\u00efsos socis)<\/p>\n<p><a href=\"http:\/\/agora.xtec.cat\/escolasantbernat\/wp-content\/uploads\/usu1228\/2018\/02\/18301586_1903757509871780_1032770972586767166_n.jpg\"><img loading=\"lazy\" decoding=\"async\" class=\"alignnone size-full wp-image-2261\" src=\"http:\/\/agora.xtec.cat\/escolasantbernat\/wp-content\/uploads\/usu1228\/2018\/02\/18301586_1903757509871780_1032770972586767166_n.jpg\" alt=\"\" width=\"960\" height=\"540\" srcset=\"https:\/\/agora.xtec.cat\/escolasantbernat\/wp-content\/uploads\/usu1228\/2018\/02\/18301586_1903757509871780_1032770972586767166_n.jpg 960w, https:\/\/agora.xtec.cat\/escolasantbernat\/wp-content\/uploads\/usu1228\/2018\/02\/18301586_1903757509871780_1032770972586767166_n-300x169.jpg 300w, https:\/\/agora.xtec.cat\/escolasantbernat\/wp-content\/uploads\/usu1228\/2018\/02\/18301586_1903757509871780_1032770972586767166_n-768x432.jpg 768w\" sizes=\"auto, (max-width: 960px) 100vw, 960px\" \/><\/a><\/p>\n<p>El curs 2016-17 vam participar a les Jornades sobre eTwinning a Barcelona. Nosaltres, eTwinning, i tu?<\/p>\n<p><a href=\"http:\/\/agora.xtec.cat\/escolasantbernat\/wp-content\/uploads\/usu1228\/2018\/02\/18301167_1903757486538449_842958418764824220_n.jpg\"><img loading=\"lazy\" decoding=\"async\" class=\"alignnone size-full wp-image-2262\" src=\"http:\/\/agora.xtec.cat\/escolasantbernat\/wp-content\/uploads\/usu1228\/2018\/02\/18301167_1903757486538449_842958418764824220_n.jpg\" alt=\"\" width=\"960\" height=\"540\" srcset=\"https:\/\/agora.xtec.cat\/escolasantbernat\/wp-content\/uploads\/usu1228\/2018\/02\/18301167_1903757486538449_842958418764824220_n.jpg 960w, https:\/\/agora.xtec.cat\/escolasantbernat\/wp-content\/uploads\/usu1228\/2018\/02\/18301167_1903757486538449_842958418764824220_n-300x169.jpg 300w, https:\/\/agora.xtec.cat\/escolasantbernat\/wp-content\/uploads\/usu1228\/2018\/02\/18301167_1903757486538449_842958418764824220_n-768x432.jpg 768w\" sizes=\"auto, (max-width: 960px) 100vw, 960px\" \/><\/a><\/p>\n","protected":false},"excerpt":{"rendered":"<p><a href=\"https:\/\/www.etwinning.net\/es\/pub\/index.htm\" target=\"_blank\" rel=\"noopener noreferrer\">e-Twinning<\/a>\u00a0\u00e9s una plataforma per als equips educatius dels centres escolars\u00a0de pa\u00efsos europeus participants, per comunicar-se, col\u00b7laborar, desenvolupar projectes o el que \u00e9s el mateix, sentir-se i formar part de la comunitat educativa m\u00e9s atractiva d&#8217;Europa.<br \/>\nUn projecte eTwinning \u00e9s un treball de&hellip;  <a href=\"https:\/\/agora.xtec.cat\/escolasantbernat\/projecte-educatiu\/escola-plurilingue\/e-twinning\/\" title=\"Read e-Twinning\">Llegeix m\u00e9s\u00bb<\/a><\/p>\n","protected":false},"author":5,"featured_media":0,"parent":655,"menu_order":30,"comment_status":"closed","ping_status":"closed","template":"page-templates\/side-menu.php","meta":{"_bbp_topic_count":0,"_bbp_reply_count":0,"_bbp_total_topic_count":0,"_bbp_total_reply_count":0,"_bbp_voice_count":0,"_bbp_anonymous_reply_count":0,"_bbp_topic_count_hidden":0,"_bbp_reply_count_hidden":0,"_bbp_forum_subforum_count":0,"footnotes":""},"class_list":["post-660","page","type-page","status-publish","hentry"],"post_mailing_queue_ids":[],"_links":{"self":[{"href":"https:\/\/agora.xtec.cat\/escolasantbernat\/wp-json\/wp\/v2\/pages\/660","targetHints":{"allow":["GET"]}}],"collection":[{"href":"https:\/\/agora.xtec.cat\/escolasantbernat\/wp-json\/wp\/v2\/pages"}],"about":[{"href":"https:\/\/agora.xtec.cat\/escolasantbernat\/wp-json\/wp\/v2\/types\/page"}],"author":[{"embeddable":true,"href":"https:\/\/agora.xtec.cat\/escolasantbernat\/wp-json\/wp\/v2\/users\/5"}],"replies":[{"embeddable":true,"href":"https:\/\/agora.xtec.cat\/escolasantbernat\/wp-json\/wp\/v2\/comments?post=660"}],"version-history":[{"count":6,"href":"https:\/\/agora.xtec.cat\/escolasantbernat\/wp-json\/wp\/v2\/pages\/660\/revisions"}],"predecessor-version":[{"id":4127,"href":"https:\/\/agora.xtec.cat\/escolasantbernat\/wp-json\/wp\/v2\/pages\/660\/revisions\/4127"}],"up":[{"embeddable":true,"href":"https:\/\/agora.xtec.cat\/escolasantbernat\/wp-json\/wp\/v2\/pages\/655"}],"wp:attachment":[{"href":"https:\/\/agora.xtec.cat\/escolasantbernat\/wp-json\/wp\/v2\/media?parent=660"}],"curies":[{"name":"wp","href":"https:\/\/api.w.org\/{rel}","templated":true}]}}