{"id":658,"date":"2018-02-23T21:14:42","date_gmt":"2018-02-23T20:14:42","guid":{"rendered":"http:\/\/agora.xtec.cat\/escolasantbernat\/?page_id=658"},"modified":"2024-04-12T15:54:06","modified_gmt":"2024-04-12T13:54:06","slug":"erasmus","status":"publish","type":"page","link":"https:\/\/agora.xtec.cat\/escolasantbernat\/projecte-educatiu\/erasmus\/","title":{"rendered":"Erasmus+"},"content":{"rendered":"<h3><a href=\"https:\/\/ec.europa.eu\/programmes\/erasmus-plus\/projects\/eplus-project-details\/#project\/2017-1-ES01-KA101-035955\" target=\"_blank\" rel=\"noopener noreferrer\"><img loading=\"lazy\" decoding=\"async\" class=\"alignnone wp-image-2295 \" src=\"http:\/\/agora.xtec.cat\/escolasantbernat\/wp-content\/uploads\/usu1228\/2018\/02\/images.png\" alt=\"\" width=\"464\" height=\"154\" srcset=\"https:\/\/agora.xtec.cat\/escolasantbernat\/wp-content\/uploads\/usu1228\/2018\/02\/images.png 389w, https:\/\/agora.xtec.cat\/escolasantbernat\/wp-content\/uploads\/usu1228\/2018\/02\/images-300x99.png 300w\" sizes=\"auto, (max-width: 464px) 100vw, 464px\" \/><\/a><\/h3>\n<p><a href=\"https:\/\/agora.xtec.cat\/escolasantbernat\/wp-content\/uploads\/usu1228\/2024\/04\/r_calidad-scaled.jpg\"><img loading=\"lazy\" decoding=\"async\" class=\"alignnone  wp-image-6156\" src=\"https:\/\/agora.xtec.cat\/escolasantbernat\/wp-content\/uploads\/usu1228\/2024\/04\/r_calidad-300x212.jpg\" alt=\"\" width=\"690\" height=\"488\" srcset=\"https:\/\/agora.xtec.cat\/escolasantbernat\/wp-content\/uploads\/usu1228\/2024\/04\/r_calidad-300x212.jpg 300w, https:\/\/agora.xtec.cat\/escolasantbernat\/wp-content\/uploads\/usu1228\/2024\/04\/r_calidad-1024x724.jpg 1024w, https:\/\/agora.xtec.cat\/escolasantbernat\/wp-content\/uploads\/usu1228\/2024\/04\/r_calidad-768x543.jpg 768w, https:\/\/agora.xtec.cat\/escolasantbernat\/wp-content\/uploads\/usu1228\/2024\/04\/r_calidad-1536x1086.jpg 1536w, https:\/\/agora.xtec.cat\/escolasantbernat\/wp-content\/uploads\/usu1228\/2024\/04\/r_calidad-2048x1448.jpg 2048w\" sizes=\"auto, (max-width: 690px) 100vw, 690px\" \/><\/a><\/p>\n<h3>\u00a0<strong>La nostra escola ha obtingut 5 beques Erasmus+ KA1.<\/strong><\/h3>\n<p><a href=\"https:\/\/agora.xtec.cat\/escolasantbernat\/wp-content\/uploads\/usu1228\/2019\/08\/cofinanciadoEN.png\"><img loading=\"lazy\" decoding=\"async\" class=\"alignnone wp-image-3428\" src=\"https:\/\/agora.xtec.cat\/escolasantbernat\/wp-content\/uploads\/usu1228\/2019\/08\/cofinanciadoEN-1024x223.png\" alt=\"\" width=\"634\" height=\"138\" srcset=\"https:\/\/agora.xtec.cat\/escolasantbernat\/wp-content\/uploads\/usu1228\/2019\/08\/cofinanciadoEN-1024x223.png 1024w, https:\/\/agora.xtec.cat\/escolasantbernat\/wp-content\/uploads\/usu1228\/2019\/08\/cofinanciadoEN-300x65.png 300w, https:\/\/agora.xtec.cat\/escolasantbernat\/wp-content\/uploads\/usu1228\/2019\/08\/cofinanciadoEN-768x167.png 768w, https:\/\/agora.xtec.cat\/escolasantbernat\/wp-content\/uploads\/usu1228\/2019\/08\/cofinanciadoEN.png 1720w\" sizes=\"auto, (max-width: 634px) 100vw, 634px\" \/><\/a><\/p>\n<p>&nbsp;<\/p>\n<p><strong>El curs 2015-2017 vam obtenir la primera beca amb el projecte &#8220;Plurilingual School&#8221;.<\/strong><\/p>\n<p><strong>Sis mestres de l&#8217;escola van anar a fer diferents cursos de formaci\u00f3 a Cambridge (Regne Unit) i posteriorment es va realitzar una FIC per\u00a0integrar a la nostra escola\u00a0les noves metodologies adquirides. Amb aquesta beca vam incorporar les hores PLURI. Qu\u00e8 s\u00f3n les hores pluri? A les classes de medi, matem\u00e0tiques, educaci\u00f3 f\u00edsica i m\u00fasica fem unitats i projectes en angl\u00e8s. A Educaci\u00f3 Infantil es fan sessions setmanals d&#8217;angl\u00e8s des de P3 fins a P5. Not\u00edcia sobre la celebraci\u00f3 de la <a href=\"https:\/\/delcamp.cat\/tarragona\/cultura\/arriba-la-setmana-de-les-llengues-a-lescola-sant-bernat-calvo-de-vila-seca\" target=\"_blank\" rel=\"noopener noreferrer\">SETMANA DE LES LLENG\u00dcES\u00a0 &gt;&gt;&gt;AQU\u00cd.<\/a><\/strong><\/p>\n<p><strong>Cliqueu al logo del projecte per poder llegir el resum i veure alguna fotografia:\u00a0<\/strong><\/p>\n<p>&nbsp;<\/p>\n<p><a href=\"http:\/\/agora.xtec.cat\/escolasantbernat\/projecte-educatiu\/escola-plurilingue\/erasmus\/plurilingual-school\/\" target=\"_blank\" rel=\"noopener noreferrer\"><img loading=\"lazy\" decoding=\"async\" class=\"alignnone wp-image-686\" src=\"http:\/\/agora.xtec.cat\/escolasantbernat\/wp-content\/uploads\/usu1228\/2018\/02\/Rotaci\u00f3nIMG_4306.jpg\" alt=\"\" width=\"457\" height=\"334\" srcset=\"https:\/\/agora.xtec.cat\/escolasantbernat\/wp-content\/uploads\/usu1228\/2018\/02\/Rotaci\u00f3nIMG_4306.jpg 635w, https:\/\/agora.xtec.cat\/escolasantbernat\/wp-content\/uploads\/usu1228\/2018\/02\/Rotaci\u00f3nIMG_4306-300x219.jpg 300w\" sizes=\"auto, (max-width: 457px) 100vw, 457px\" \/><\/a><\/p>\n<p>&nbsp;<\/p>\n<p><strong>La segona beca Erasmus+ KA1 va arribar el curs 2017-18\u00a0amb el projecte &#8220;Living in Europe&#8221;.<\/strong><\/p>\n<p><strong>Set mestres de l&#8217;escola van viatjar a 3 pa\u00efsos a fer diferents formacions que van servir per ampliar i consolidar el projecte pluriling\u00fce del centre. Tres mestres van viatjar a It\u00e0lia, dues mestres a Finl\u00e0ndia i dos mestres m\u00e9s a la Rep\u00fablica Txeca. Cada classe\u00a0tenia el nom d&#8217;un pa\u00eds de la Uni\u00f3 Europea. Durant tot el curs l&#8217;alumnat va estar treballant a fons aspectes importants del seu pa\u00eds i a final de curs es va celebrar &#8220;La Setmana de les Lleng\u00fces&#8221; on es va compartir tota la informaci\u00f3 adquirida. Al mateix temps cada mes es va treballar un valor de l&#8217;article 2 del Tractat de la Uni\u00f3 Europea.\u00a0<\/strong><\/p>\n<p><strong>Cliqueu al logo del projecte per poder llegir el resum i veure alguna fotografia:\u00a0<\/strong><\/p>\n<p><a href=\"http:\/\/agora.xtec.cat\/escolasantbernat\/projecte-educatiu\/escola-plurilingue\/erasmus\/living-in-europe\/\" target=\"_blank\" rel=\"noopener noreferrer\"><img loading=\"lazy\" decoding=\"async\" class=\"alignnone wp-image-691\" src=\"http:\/\/agora.xtec.cat\/escolasantbernat\/wp-content\/uploads\/usu1228\/2018\/02\/linvingineurope_color.jpg\" alt=\"\" width=\"448\" height=\"401\" srcset=\"https:\/\/agora.xtec.cat\/escolasantbernat\/wp-content\/uploads\/usu1228\/2018\/02\/linvingineurope_color.jpg 314w, https:\/\/agora.xtec.cat\/escolasantbernat\/wp-content\/uploads\/usu1228\/2018\/02\/linvingineurope_color-300x268.jpg 300w\" sizes=\"auto, (max-width: 448px) 100vw, 448px\" \/><\/a><\/p>\n<p><strong>\u00a0<\/strong><\/p>\n<p><strong>La tercera beca Erasmus+ KA1 va arribar el curs 2018-19 amb el projecte &#8220;Be positive&#8221;. <\/strong><\/p>\n<p><strong>Com a tots els projectes que hem dut a terme a la nostra escola t\u00e9 en compte la diversitat ling\u00fc\u00edstica i cultural com a base de la nostra conviv\u00e8ncia. Un projecte que continua apostant per la millora de l&#8217;angl\u00e8s per\u00f2 tamb\u00e9 pel treball de les emocions, la cohesi\u00f3 social, la inclusi\u00f3, la prevenci\u00f3 del bullying i la millora de la conviv\u00e8ncia. Hem realitzat sis mobilitats de formaci\u00f3 a OXFORD i dos Jobshadowing a una escola d&#8217;Holanda.\u00a0<\/strong><\/p>\n<p><strong>Cliqueu al logo del projecte per poder llegir el resum, veure alguna fotografia i alguna not\u00edcia:\u00a0<\/strong><\/p>\n<p><a href=\"http:\/\/agora.xtec.cat\/escolasantbernat\/projecte-educatiu\/erasmus\/be-positive\/\"><img loading=\"lazy\" decoding=\"async\" class=\"alignnone size-full wp-image-3373\" src=\"https:\/\/agora.xtec.cat\/escolasantbernat\/wp-content\/uploads\/usu1228\/2019\/06\/BE.jpg\" alt=\"\" width=\"501\" height=\"523\" srcset=\"https:\/\/agora.xtec.cat\/escolasantbernat\/wp-content\/uploads\/usu1228\/2019\/06\/BE.jpg 501w, https:\/\/agora.xtec.cat\/escolasantbernat\/wp-content\/uploads\/usu1228\/2019\/06\/BE-287x300.jpg 287w\" sizes=\"auto, (max-width: 501px) 100vw, 501px\" \/><\/a><\/p>\n<p>&nbsp;<\/p>\n<p><strong>La quarta beca Erasmus+ KA1 ha arribat el curs 2019-20 amb el projecte &#8220;Click and Start&#8221;. <\/strong><\/p>\n<p><strong>El projecte Click and Start\u00a0 t\u00e9 com a objectiu principal la millora de la compet\u00e8ncia digital de l&#8217;alumnat al mateix temps que continua apostant per la millora i la pr\u00e0ctica de l&#8217;angl\u00e8s. Durant aquest estiu set mestres de l&#8217;escola han viatjat al Regne Unit per realitzar diferents cursos adre\u00e7ats a millorar \u00fas de les noves tecnologies a l&#8217;aula, la seguretat a internet, l&#8217;atenci\u00f3 a la diversitat, la motivaci\u00f3, la carpeta virtual d&#8217;aprenentatge, la prevenci\u00f3 del ciberbullying i l&#8217;entorn G Suite for Education.\u00a0<\/strong><\/p>\n<p><strong>Cliqueu al logo del projecte per poder llegir el resum, veure alguna fotografia i alguna not\u00edcia:\u00a0<\/strong><\/p>\n<p>&nbsp;<\/p>\n<p><a href=\"https:\/\/agora.xtec.cat\/escolasantbernat\/projecte-educatiu\/erasmus\/click-and-start\/\"><img loading=\"lazy\" decoding=\"async\" class=\"alignnone wp-image-3730 \" src=\"https:\/\/agora.xtec.cat\/escolasantbernat\/wp-content\/uploads\/usu1228\/2020\/03\/Logo-sencer-color-click-1.jpg\" alt=\"\" width=\"509\" height=\"291\" srcset=\"https:\/\/agora.xtec.cat\/escolasantbernat\/wp-content\/uploads\/usu1228\/2020\/03\/Logo-sencer-color-click-1.jpg 320w, https:\/\/agora.xtec.cat\/escolasantbernat\/wp-content\/uploads\/usu1228\/2020\/03\/Logo-sencer-color-click-1-300x172.jpg 300w\" sizes=\"auto, (max-width: 509px) 100vw, 509px\" \/><\/a><\/p>\n<p>&nbsp;<\/p>\n<p><strong>STEAM TEAM, el nom de la cinquena beca Erasmus + KA1 consecutiva per a 2 cursos, 2020-21 i 2021-22.<\/strong><\/p>\n<p>Aquesta beca est\u00e0 enfocada a fomentar el treball de les ci\u00e8ncies i matem\u00e0tiques a l\u2019aula.<\/p>\n<p>Hi ha previst viatjar a diferents escoles europees per col\u00b7laborar amb mestres d&#8217;arreu que ja fa temps que apliquen nous m\u00e8todes per treballar les matem\u00e0tiques i les ci\u00e8ncies en general. La pand\u00e8mia ha alterat aquestes visites i contactes, per\u00f2 esperem que aviat puguem reprendre aquestes col\u00b7laboracions entre mestres.<\/p>\n<p>La mascota del projecte representa una proveta de laboratori de la qual surten, en forma d&#8217;idees, tot all\u00f2 cient\u00edfic que volem treballar a les nostres aules, adaptat per nivells.<a href=\"https:\/\/agora.xtec.cat\/escolasantbernat\/wp-content\/uploads\/usu1228\/2021\/02\/LOGO-STEAMY.png\"><img loading=\"lazy\" decoding=\"async\" class=\"wp-image-4223 aligncenter\" src=\"https:\/\/agora.xtec.cat\/escolasantbernat\/wp-content\/uploads\/usu1228\/2021\/02\/LOGO-STEAMY.png\" alt=\"\" width=\"326\" height=\"448\" srcset=\"https:\/\/agora.xtec.cat\/escolasantbernat\/wp-content\/uploads\/usu1228\/2021\/02\/LOGO-STEAMY.png 518w, https:\/\/agora.xtec.cat\/escolasantbernat\/wp-content\/uploads\/usu1228\/2021\/02\/LOGO-STEAMY-218x300.png 218w\" sizes=\"auto, (max-width: 326px) 100vw, 326px\" \/><\/a><\/p>\n","protected":false},"excerpt":{"rendered":"<p><a href=\"https:\/\/ec.europa.eu\/programmes\/erasmus-plus\/projects\/eplus-project-details\/#project\/2017-1-ES01-KA101-035955\" target=\"_blank\" rel=\"noopener noreferrer\"><\/a><br \/>\n<a href=\"https:\/\/agora.xtec.cat\/escolasantbernat\/wp-content\/uploads\/usu1228\/2024\/04\/r_calidad-scaled.jpg\"><\/a><br \/>\n\u00a0La nostra escola ha obtingut 5 beques Erasmus+ KA1.<br \/>\n<a href=\"https:\/\/agora.xtec.cat\/escolasantbernat\/wp-content\/uploads\/usu1228\/2019\/08\/cofinanciadoEN.png\"><\/a><br \/>\n&nbsp;<br \/>\nEl curs 2015-2017 vam obtenir la primera beca amb el projecte &#8220;Plurilingual School&#8221;.<br \/>\nSis mestres de l&#8217;escola van anar a fer diferents cursos de formaci\u00f3 a Cambridge (Regne Unit) i posteriorment es&hellip;  <a href=\"https:\/\/agora.xtec.cat\/escolasantbernat\/projecte-educatiu\/erasmus\/\" title=\"Read Erasmus+\">Llegeix m\u00e9s\u00bb<\/a><\/p>\n","protected":false},"author":5,"featured_media":0,"parent":64,"menu_order":20,"comment_status":"closed","ping_status":"closed","template":"page-templates\/side-menu.php","meta":{"_bbp_topic_count":0,"_bbp_reply_count":0,"_bbp_total_topic_count":0,"_bbp_total_reply_count":0,"_bbp_voice_count":0,"_bbp_anonymous_reply_count":0,"_bbp_topic_count_hidden":0,"_bbp_reply_count_hidden":0,"_bbp_forum_subforum_count":0,"footnotes":""},"class_list":["post-658","page","type-page","status-publish","hentry"],"post_mailing_queue_ids":[],"_links":{"self":[{"href":"https:\/\/agora.xtec.cat\/escolasantbernat\/wp-json\/wp\/v2\/pages\/658","targetHints":{"allow":["GET"]}}],"collection":[{"href":"https:\/\/agora.xtec.cat\/escolasantbernat\/wp-json\/wp\/v2\/pages"}],"about":[{"href":"https:\/\/agora.xtec.cat\/escolasantbernat\/wp-json\/wp\/v2\/types\/page"}],"author":[{"embeddable":true,"href":"https:\/\/agora.xtec.cat\/escolasantbernat\/wp-json\/wp\/v2\/users\/5"}],"replies":[{"embeddable":true,"href":"https:\/\/agora.xtec.cat\/escolasantbernat\/wp-json\/wp\/v2\/comments?post=658"}],"version-history":[{"count":7,"href":"https:\/\/agora.xtec.cat\/escolasantbernat\/wp-json\/wp\/v2\/pages\/658\/revisions"}],"predecessor-version":[{"id":6157,"href":"https:\/\/agora.xtec.cat\/escolasantbernat\/wp-json\/wp\/v2\/pages\/658\/revisions\/6157"}],"up":[{"embeddable":true,"href":"https:\/\/agora.xtec.cat\/escolasantbernat\/wp-json\/wp\/v2\/pages\/64"}],"wp:attachment":[{"href":"https:\/\/agora.xtec.cat\/escolasantbernat\/wp-json\/wp\/v2\/media?parent=658"}],"curies":[{"name":"wp","href":"https:\/\/api.w.org\/{rel}","templated":true}]}}