{"id":655,"date":"2018-02-23T21:10:59","date_gmt":"2018-02-23T20:10:59","guid":{"rendered":"http:\/\/agora.xtec.cat\/escolasantbernat\/?page_id=655"},"modified":"2018-07-06T09:47:41","modified_gmt":"2018-07-06T07:47:41","slug":"escola-plurilingue","status":"publish","type":"page","link":"https:\/\/agora.xtec.cat\/escolasantbernat\/projecte-educatiu\/escola-plurilingue\/","title":{"rendered":"Escola PLURILING\u00dcE"},"content":{"rendered":"<p>&nbsp;<br \/>\n<img decoding=\"async\" style=\"border: 0px solid; display: inline;\" alt=\"contador de visitas\" src=\"http:\/\/www.websmultimedia.com\/contador-de-visitas.php?id=251989\"><\/a><\/center><\/p>\n<p><strong>El curs 2014-15<\/strong> s\u2019inicia el <strong>NOU<\/strong> projecte d\u2019<strong>escola pluriling\u00fce<\/strong> despr\u00e9s d&#8217;haver dut a terme dos projectes d&#8217;innovaci\u00f3 educativa, un PELE (Pla Experimental de Lleng\u00fces Estrangeres) i un PILE (Pla Integral de Lleng\u00fces Estrangeres), els quatre cursos anteriors.<\/p>\n<p>Aquest projecte pret\u00e9n que el nostre centre esdevingui multiling\u00fce oferint als nostres alumnes la possibilitat de con\u00e8ixer, entendre i parlar altres lleng\u00fces properes a ells. Ens plantegem com a objectiu principal l&#8217;idioma <strong>angl\u00e8s<\/strong> que els nostres alumnes estudien <strong>ja des de p3<\/strong>. Volem que l<strong>&#8216;angl\u00e8s formi part de la vida del centre<\/strong>. Farem servir l&#8217;<strong>angl\u00e8s per activitats rutin\u00e0ries de la classe<\/strong> com passar llista, el temps, l&#8217;horari, la <strong>retolaci\u00f3 de les depend\u00e8ncies<\/strong> de l&#8217;escola, men\u00fa del menjador, agenda&#8230;etc.<\/p>\n<p>Al nostre centre treballem amb l\u2019enfocament AICLE (<strong>Aprenentatge integrat de continguts de llengua estrangera<\/strong>) en \u00e0rees no ling\u00fc\u00edstiques per augmentar la compet\u00e8ncia ling\u00fc\u00edstica en llengua anglesa. Hem comen\u00e7at usant la <strong>llengua estrangera com a llengua vehicular de l&#8217;\u00e0rea d&#8217;expressi\u00f3 pl\u00e0stica a tots els cursos d\u2019Educaci\u00f3 Prim\u00e0ria<\/strong>, amb l&#8217;objectiu de fer extensiva aquesta metodologia a la resta <strong>d&#8217;\u00e0rees no ling\u00fc\u00edstiques<\/strong> (matem\u00e0tiques, coneixement del medi, m\u00fasica, educaci\u00f3 f\u00edsica, &#8230;) <strong>impartint alguna part del temari, unitat o projecte.<\/strong><\/p>\n<p>En una segona fase del projecte tenim la intenci\u00f3 d&#8217;introduir altres lleng\u00fces properes a nosaltres, com per exemple el franc\u00e8s. Tamb\u00e9 valorarem la <strong>participaci\u00f3 tant d&#8217;alumnes d&#8217;altres pa\u00efsos com de les seves fam\u00edlies<\/strong> que ens poden ensenyar unes paraules b\u00e0siques en el seu idioma, afavorint aix\u00ed la toler\u00e0ncia i el respecte a unes altres cultures diferents a la nostra.<\/p>\n<p>Amb tot aix\u00f2 obrirem la m<strong>entalitat dels nostres alumnes a una Europa multiling\u00fce i multicultural,<\/strong> oferint-los una base s\u00f2lida per la seva possible futura formaci\u00f3 a la resta de pa\u00efsos europeus i ampliar aix\u00ed la seva oferta laboral.<\/p>\n<p><em><strong>Objectius:<\/strong><\/em><\/p>\n<ul>\n<li>Fer servir una nova metodologia en l&#8217;ensenyament per adaptar-nos al nivell d&#8217;escoles europees en coneixement i \u00fas habitual d&#8217;altres lleng\u00fces diferents a la materna.<\/li>\n<li>Millorar els resultats de les proves de compet\u00e8ncies b\u00e0siques en angl\u00e8s.<\/li>\n<li>Millorar l&#8217;organitzaci\u00f3 escolar per optimitzar resultats.<\/li>\n<li>Formar el professorat en metodologia i did\u00e0ctica de la llengua estrangera. L&#8217;objectiu \u00e9s que la plantilla del centre sigui capa\u00e7 de poder impartir classes en catal\u00e0, castell\u00e0 o angl\u00e8s segons les circumst\u00e0ncies ho requereixin.<\/li>\n<li>Potenciar l&#8217;\u00fas de les noves tecnologies de la comunicaci\u00f3 i la informaci\u00f3 en una escola pluriling\u00fce.<\/li>\n<li>Fer servir la metodologia AICLE en l&#8217;\u00e0rea d&#8217;expressi\u00f3 visual i pl\u00e0stica i en diferents unitats i projectes de les \u00e0rees no ling\u00fc\u00edstiques .<\/li>\n<\/ul>\n","protected":false},"excerpt":{"rendered":"<p>&nbsp;<br \/>\n<\/a><br \/>\nEl curs 2014-15 s\u2019inicia el NOU projecte d\u2019escola pluriling\u00fce despr\u00e9s d&#8217;haver dut a terme dos projectes d&#8217;innovaci\u00f3 educativa, un PELE (Pla Experimental de Lleng\u00fces Estrangeres) i un PILE (Pla Integral de Lleng\u00fces Estrangeres), els quatre cursos anteriors.<br \/>\nAquest projecte pret\u00e9n que el nostre centre esdevingui multiling\u00fce&hellip;  <a href=\"https:\/\/agora.xtec.cat\/escolasantbernat\/projecte-educatiu\/escola-plurilingue\/\" title=\"Read Escola PLURILING\u00dcE\">Llegeix m\u00e9s\u00bb<\/a><\/p>\n","protected":false},"author":5,"featured_media":0,"parent":64,"menu_order":20,"comment_status":"closed","ping_status":"closed","template":"page-templates\/side-menu.php","meta":{"_bbp_topic_count":0,"_bbp_reply_count":0,"_bbp_total_topic_count":0,"_bbp_total_reply_count":0,"_bbp_voice_count":0,"_bbp_anonymous_reply_count":0,"_bbp_topic_count_hidden":0,"_bbp_reply_count_hidden":0,"_bbp_forum_subforum_count":0,"footnotes":""},"class_list":["post-655","page","type-page","status-publish","hentry"],"post_mailing_queue_ids":[],"_links":{"self":[{"href":"https:\/\/agora.xtec.cat\/escolasantbernat\/wp-json\/wp\/v2\/pages\/655","targetHints":{"allow":["GET"]}}],"collection":[{"href":"https:\/\/agora.xtec.cat\/escolasantbernat\/wp-json\/wp\/v2\/pages"}],"about":[{"href":"https:\/\/agora.xtec.cat\/escolasantbernat\/wp-json\/wp\/v2\/types\/page"}],"author":[{"embeddable":true,"href":"https:\/\/agora.xtec.cat\/escolasantbernat\/wp-json\/wp\/v2\/users\/5"}],"replies":[{"embeddable":true,"href":"https:\/\/agora.xtec.cat\/escolasantbernat\/wp-json\/wp\/v2\/comments?post=655"}],"version-history":[{"count":3,"href":"https:\/\/agora.xtec.cat\/escolasantbernat\/wp-json\/wp\/v2\/pages\/655\/revisions"}],"predecessor-version":[{"id":2708,"href":"https:\/\/agora.xtec.cat\/escolasantbernat\/wp-json\/wp\/v2\/pages\/655\/revisions\/2708"}],"up":[{"embeddable":true,"href":"https:\/\/agora.xtec.cat\/escolasantbernat\/wp-json\/wp\/v2\/pages\/64"}],"wp:attachment":[{"href":"https:\/\/agora.xtec.cat\/escolasantbernat\/wp-json\/wp\/v2\/media?parent=655"}],"curies":[{"name":"wp","href":"https:\/\/api.w.org\/{rel}","templated":true}]}}