{"id":652,"date":"2018-02-23T20:49:34","date_gmt":"2018-02-23T19:49:34","guid":{"rendered":"http:\/\/agora.xtec.cat\/escolasantbernat\/?page_id=652"},"modified":"2021-11-30T09:42:45","modified_gmt":"2021-11-30T08:42:45","slug":"principis-educatius-de-lescola","status":"publish","type":"page","link":"https:\/\/agora.xtec.cat\/escolasantbernat\/projecte-educatiu\/principis-educatius-de-lescola\/","title":{"rendered":"Principis educatius de l&#8217;escola"},"content":{"rendered":"<p>El Consell Escolar de l\u2019Escola Sant Bernat Calv\u00f3 de Vila-seca, el dia 16 de juny de 1994 va aprovar el primer Projecte Educatiu que havia de conformar totes les activitats del Centre i al qual s\u2019havien d\u2019ajustar les actuacions de tots els membres de l\u2019escola. Aquest Projecte Educatiu establia els principis i els objectius educatius de l\u2019escola. En l\u2019actual revisi\u00f3 del Projecte Educatiu es tenen en compte aquests principis i es recullen els principis rectos del sistema educatiu establerts a l\u2019article 2 de la Llei 12\/2009 d\u2019Educaci\u00f3.<\/p>\n<p>Principis rectors del sistema educatiu<\/p>\n<p><em><strong>1.1 Principis generals.<\/strong><\/em><\/p>\n<p>El sistema educatiu, en el marc dels valors definits per la Constituci\u00f3 i per l&#8217;Estatut, es regeix pels principis generals seg\u00fcents:<\/p>\n<ul>\n<li>a) El respecte dels drets i els deures que deriven de la Constituci\u00f3, l&#8217;Estatut i la resta de legislaci\u00f3 vigent.<\/li>\n<li>b) La transmissi\u00f3 i la consolidaci\u00f3 dels <strong>valors propis d&#8217;una societat democr\u00e0tica<\/strong>: la llibertat personal, la responsabilitat, la solidaritat, el respecte i la igualtat.<\/li>\n<li>c) <strong>La universalitat i l&#8217;equitat<\/strong> com a garantia d&#8217;igualtat d&#8217;oportunitats i la integraci\u00f3 de tots els col\u00b7lectius, basada en la coresponsabilitat de tots els centres sostinguts amb fons p\u00fablics.<\/li>\n<li>d) El respecte de la <strong>llibertat d&#8217;ensenyament<\/strong>, la llibertat de creaci\u00f3 de centres, la llibertat d&#8217;elecci\u00f3 entre centres p\u00fablics o centres altres que els creats pels poders p\u00fablics, la llibertat de c\u00e0tedra del professorat i la llibertat de consci\u00e8ncia dels alumnes.<\/li>\n<li>e) El <strong>pluralisme.<\/strong><\/li>\n<li>f) La <strong>inclusi\u00f3<\/strong> escolar i la <strong>cohesi\u00f3 social<\/strong>.<\/li>\n<li>g) La qualitat de l&#8217;educaci\u00f3, que possibilita l&#8217;assoliment de les compet\u00e8ncies b\u00e0siques i la consecuci\u00f3 de l&#8217;<strong>excel\u00b7l\u00e8ncia<\/strong>, en un context d&#8217;equitat.<\/li>\n<li>h) El conreu del coneixement de Catalunya i l&#8217;arrelament dels alumnes al pa\u00eds, i el <strong>respecte a la conviv\u00e8ncia.<\/strong><\/li>\n<li>i) El respecte i el coneixement del propi cos.<\/li>\n<li>j) El <strong>foment de la pau<\/strong> i el respecte dels <strong>drets humans<\/strong>.<\/li>\n<li>k) <strong>El respecte i la preservaci\u00f3 del medi ambient<\/strong> i el gaudi respectu\u00f3s i responsable dels recursos naturals i del paisatge.<\/li>\n<li>l) El <strong>foment de l&#8217;emprenedoria<\/strong>.<\/li>\n<li>m) La <strong>coeducaci\u00f3<\/strong> i el foment de la igualtat real i efectiva entre dones i homes.<\/li>\n<li>n) L&#8217;afavoriment de l&#8217;educaci\u00f3 m\u00e9s enll\u00e0 de l&#8217;escola.<\/li>\n<li>o) L&#8217;<strong>educaci\u00f3 al llarg de la vida<\/strong>.<\/li>\n<li>p) El respecte del dret de mares i pares perqu\u00e8 llurs fills rebin la formaci\u00f3 religiosa i moral que vagi d&#8217;acord amb llurs conviccions.<\/li>\n<li>q) L&#8217;<strong>exclusi\u00f3 de qualsevol mena de proselitisme o adoctrinament<\/strong>.<\/li>\n<\/ul>\n<p><strong><em>1.2. Principis espec\u00edfics del sistema educatiu<\/em><\/strong>:<\/p>\n<ul>\n<li>a) La <strong>formaci\u00f3 integral de les capacitats intel\u00b7lectuals<\/strong>, \u00e8tiques, f\u00edsiques, emocionals i socials dels alumnes que els permeti el ple desenvolupament de la personalitat, amb un ensenyament de base cient\u00edfica, que ha d&#8217;\u00e9sser laic, d&#8217;acord amb l&#8217;Estatut, en els centres p\u00fablics i en els centres privats en qu\u00e8 ho determini llur car\u00e0cter propi.<\/li>\n<li>b) La vinculaci\u00f3 entre <strong>pensament, emoci\u00f3 i acci\u00f3<\/strong> que contribueixi a un bon aprenentatge i condueixi els alumnes a la maduresa i la satisfacci\u00f3 personals.<\/li>\n<li>c) La <strong>capacitaci\u00f3 cultural, cient\u00edfica i t\u00e8cnica<\/strong> que permeti als alumnes la plena integraci\u00f3 social i laboral.<\/li>\n<li>d) L&#8217;habilitaci\u00f3 per a l&#8217;aprenentatge permanent.<\/li>\n<li>e) L&#8217;est\u00edmul i el <strong>reconeixement de l&#8217;esfor\u00e7<\/strong> i la valoraci\u00f3 del rigor, <strong>l&#8217;honestedat i la const\u00e0ncia<\/strong> en el treball.<\/li>\n<li>f) La capacitaci\u00f3 per a <strong>exercir activament la ciutadania<\/strong>.<\/li>\n<li>g) L&#8217;aplicaci\u00f3 general de criteris i procediments d&#8217;avaluaci\u00f3.<\/li>\n<li>h) La compet\u00e8ncia per a la <strong>utilitzaci\u00f3 aut\u00f2noma i creativa dels sistemes digitals<\/strong>.<\/li>\n<li>i) La compet\u00e8ncia per a l&#8217;<strong>an\u00e0lisi i la contrastaci\u00f3<\/strong> de tota la informaci\u00f3, sigui quin sigui el mitj\u00e0 de transmissi\u00f3.<\/li>\n<\/ul>\n<p><em><strong>1.3. El sistema educatiu es regeix pels principis organitzatius seg\u00fcents<\/strong><\/em>:<\/p>\n<ul>\n<li>a) El funcionament integrat i la gesti\u00f3 descentralitzada.<\/li>\n<li>b) La flexibilitat suficient per anar-se adequant a les necessitats canviants de la societat.<\/li>\n<li>c) L&#8217;autonomia de cada centre.<\/li>\n<li>d) La participaci\u00f3 de la comunitat educativa.<\/li>\n<li>e) La promoci\u00f3 del reconeixement social i professional del professorat.<\/li>\n<li>f) El comprom\u00eds de les fam\u00edlies en el proc\u00e9s educatiu i l&#8217;est\u00edmul i el suport per a fer-lo possible.<\/li>\n<li>g) La programaci\u00f3 de les necessitats educatives territorialment i socialment equilibrada que emmarca tots els centres sostinguts amb fons p\u00fablics.<\/li>\n<li>h) La col\u00b7laboraci\u00f3, la cooperaci\u00f3 i la coresponsabilitzaci\u00f3 amb els ajuntaments i altres administracions p\u00fabliques.<\/li>\n<\/ul>\n<p><strong>Car\u00e0cter i projecte educatiu dels centres p\u00fablics<\/strong> L\u2019article 93 de la Llei 12\/2009 d\u2019Educaci\u00f3 estableix per als centres de titularitat p\u00fablica els seg\u00fcents principis espec\u00edfics:<\/p>\n<ol>\n<li>Les administracions han de garantir que els centres p\u00fablics dels quals s\u00f3n titulars siguin referent de qualitat educativa i d&#8217;assoliment dels objectius d&#8217;excel\u00b7l\u00e8ncia i d&#8217;equitat que aquesta llei determina.<\/li>\n<li>L&#8217;escola p\u00fablica catalana es defineix com a inclusiva, laica i respectuosa amb la pluralitat, trets definidors del seu car\u00e0cter propi.<\/li>\n<li>Els centres p\u00fablics es defineixen d&#8217;acord amb els principis de qualitat pedag\u00f2gica, de direcci\u00f3 responsable, de dedicaci\u00f3 i professionalitat docents, d&#8217;avaluaci\u00f3, de retiment de comptes, d&#8217;implicaci\u00f3 de les fam\u00edlies, de preservaci\u00f3 de l&#8217;equitat, de cerca de l&#8217;excel\u00b7l\u00e8ncia i de respecte a les idees i les creences dels alumnes i de llurs mares, pares o tutors.<\/li>\n<li>Els principis definits pels apartats 2 i 3 inspiren el projecte educatiu que cada centre p\u00fablic ha d&#8217;adoptar en exercici de l&#8217;autonomia que aquesta llei li reconeix. En tot cas, el projecte educatiu de cada centre s&#8217;ha de comprometre expressament a complir aquests principis i ha de determinar la relaci\u00f3 amb els alumnes i les fam\u00edlies, la implicaci\u00f3 activa del centre en l&#8217;entorn social i el comprom\u00eds de cooperaci\u00f3 i d&#8217;integraci\u00f3 plena en la prestaci\u00f3 del Servei d&#8217;Educaci\u00f3 de Catalunya.<\/li>\n<\/ol>\n<p><a href=\"http:\/\/xtec.gencat.cat\/ca\/curriculum\/diversitat-i-inclusio\/projectes-educatius-inclusius\/un-curriculum-per-a-tots\/\" target=\"_blank\" rel=\"noopener\">ESCOLA INCLUSIVA &lt;&lt;&lt;&lt;<\/a><\/p>\n","protected":false},"excerpt":{"rendered":"<p>El Consell Escolar de l\u2019Escola Sant Bernat Calv\u00f3 de Vila-seca, el dia 16 de juny de 1994 va aprovar el primer Projecte Educatiu que havia de conformar totes les activitats del Centre i al qual s\u2019havien d\u2019ajustar les actuacions de tots els membres de l\u2019escola.&hellip;  <a href=\"https:\/\/agora.xtec.cat\/escolasantbernat\/projecte-educatiu\/principis-educatius-de-lescola\/\" title=\"Read Principis educatius de l&#8217;escola\">Llegeix m\u00e9s\u00bb<\/a><\/p>\n","protected":false},"author":5,"featured_media":0,"parent":64,"menu_order":10,"comment_status":"closed","ping_status":"closed","template":"page-templates\/side-menu.php","meta":{"_bbp_topic_count":0,"_bbp_reply_count":0,"_bbp_total_topic_count":0,"_bbp_total_reply_count":0,"_bbp_voice_count":0,"_bbp_anonymous_reply_count":0,"_bbp_topic_count_hidden":0,"_bbp_reply_count_hidden":0,"_bbp_forum_subforum_count":0,"footnotes":""},"class_list":["post-652","page","type-page","status-publish","hentry"],"post_mailing_queue_ids":[],"_links":{"self":[{"href":"https:\/\/agora.xtec.cat\/escolasantbernat\/wp-json\/wp\/v2\/pages\/652","targetHints":{"allow":["GET"]}}],"collection":[{"href":"https:\/\/agora.xtec.cat\/escolasantbernat\/wp-json\/wp\/v2\/pages"}],"about":[{"href":"https:\/\/agora.xtec.cat\/escolasantbernat\/wp-json\/wp\/v2\/types\/page"}],"author":[{"embeddable":true,"href":"https:\/\/agora.xtec.cat\/escolasantbernat\/wp-json\/wp\/v2\/users\/5"}],"replies":[{"embeddable":true,"href":"https:\/\/agora.xtec.cat\/escolasantbernat\/wp-json\/wp\/v2\/comments?post=652"}],"version-history":[{"count":3,"href":"https:\/\/agora.xtec.cat\/escolasantbernat\/wp-json\/wp\/v2\/pages\/652\/revisions"}],"predecessor-version":[{"id":4809,"href":"https:\/\/agora.xtec.cat\/escolasantbernat\/wp-json\/wp\/v2\/pages\/652\/revisions\/4809"}],"up":[{"embeddable":true,"href":"https:\/\/agora.xtec.cat\/escolasantbernat\/wp-json\/wp\/v2\/pages\/64"}],"wp:attachment":[{"href":"https:\/\/agora.xtec.cat\/escolasantbernat\/wp-json\/wp\/v2\/media?parent=652"}],"curies":[{"name":"wp","href":"https:\/\/api.w.org\/{rel}","templated":true}]}}