{"id":6513,"date":"2024-11-19T14:41:06","date_gmt":"2024-11-19T13:41:06","guid":{"rendered":"https:\/\/agora.xtec.cat\/escolasantbernat\/?page_id=6513"},"modified":"2025-06-22T11:48:05","modified_gmt":"2025-06-22T09:48:05","slug":"activitats-erasmus-2024-25","status":"publish","type":"page","link":"https:\/\/agora.xtec.cat\/escolasantbernat\/projecte-educatiu\/erasmus\/acreditacio-erasmus\/activitats-erasmus-2024-25\/","title":{"rendered":"ACTIVITATS ERASMUS 2024-25"},"content":{"rendered":"<p><a href=\"https:\/\/agora.xtec.cat\/escolasantbernat\/wp-content\/uploads\/usu1228\/2019\/06\/erasmuslogo.jpg\"><img loading=\"lazy\" decoding=\"async\" class=\"alignnone wp-image-3372\" src=\"https:\/\/agora.xtec.cat\/escolasantbernat\/wp-content\/uploads\/usu1228\/2019\/06\/erasmuslogo.jpg\" alt=\"\" width=\"218\" height=\"62\" \/> \u00a0 \u00a0 <\/a><strong>MOBILITAT\u00a0 a\u00a0 AUGSBURG (Alemanya). Del 19 al 24 de maig de 2025.<\/strong><\/p>\n<p>DIA 1: Agafem l&#8217;avi\u00f3 a Barcelona direcci\u00f3 a Munich. Visita a la ciutat i despr\u00e9s agafem el tren cap a Augsburg. <em>DAY 1: We take the plane from Barcelona to Munich. Visit the city and then take the train to Augsburg.<\/em><\/p>\n<p><img decoding=\"async\" src=\"https:\/\/app.dinantia.com\/files\/attachments\/1747622917-b507-img-20250519-044714.jpg\" alt=\"Imatge principal\" \/><\/p>\n<p><img decoding=\"async\" src=\"https:\/\/app.dinantia.com\/files\/attachments\/1747663262-21f4-1000212151.jpg\" alt=\"Imatge principal\" \/><\/p>\n<p>DIA 2: Estada a l&#8217;escola d&#8217; Augsburg. A la tarda visita de l&#8217;espai Fungerai. <em>DAY 2: Stay at the Augsburg school. In the afternoon visit to the Fungerai space.<\/em><\/p>\n<p><img decoding=\"async\" src=\"https:\/\/app.dinantia.com\/files\/attachments\/1747806041-3785-img-20250520-084909.jpg\" alt=\"Imatge principal\" \/><\/p>\n<p><a href=\"https:\/\/agora.xtec.cat\/escolasantbernat\/wp-content\/uploads\/usu1228\/2025\/06\/IMG_20250520_144808-min-scaled.jpg\"><img loading=\"lazy\" decoding=\"async\" class=\"alignnone size-full wp-image-6728\" src=\"https:\/\/agora.xtec.cat\/escolasantbernat\/wp-content\/uploads\/usu1228\/2025\/06\/IMG_20250520_144808-min-scaled.jpg\" alt=\"\" width=\"2560\" height=\"1920\" srcset=\"https:\/\/agora.xtec.cat\/escolasantbernat\/wp-content\/uploads\/usu1228\/2025\/06\/IMG_20250520_144808-min-scaled.jpg 2560w, https:\/\/agora.xtec.cat\/escolasantbernat\/wp-content\/uploads\/usu1228\/2025\/06\/IMG_20250520_144808-min-300x225.jpg 300w, https:\/\/agora.xtec.cat\/escolasantbernat\/wp-content\/uploads\/usu1228\/2025\/06\/IMG_20250520_144808-min-1024x768.jpg 1024w, https:\/\/agora.xtec.cat\/escolasantbernat\/wp-content\/uploads\/usu1228\/2025\/06\/IMG_20250520_144808-min-768x576.jpg 768w, https:\/\/agora.xtec.cat\/escolasantbernat\/wp-content\/uploads\/usu1228\/2025\/06\/IMG_20250520_144808-min-1536x1152.jpg 1536w, https:\/\/agora.xtec.cat\/escolasantbernat\/wp-content\/uploads\/usu1228\/2025\/06\/IMG_20250520_144808-min-2048x1536.jpg 2048w, https:\/\/agora.xtec.cat\/escolasantbernat\/wp-content\/uploads\/usu1228\/2025\/06\/IMG_20250520_144808-min-200x150.jpg 200w\" sizes=\"auto, (max-width: 2560px) 100vw, 2560px\" \/><\/a><\/p>\n<p>DIA 3: Excursions i activitats conjuntes amb l&#8217;escola d&#8217; Augsburg i &#8220;tour&#8221; pel centre de la ciutat amb les mestres alemanes. <em>DAY 3: Joint excursions and activities with the Augsburg school and &#8220;tour&#8221; of the city center with the German teachers.<\/em><\/p>\n<p><a href=\"https:\/\/agora.xtec.cat\/escolasantbernat\/wp-content\/uploads\/usu1228\/2025\/06\/IMG_20250521_123148-min-scaled.jpg\"><img loading=\"lazy\" decoding=\"async\" class=\"alignnone size-full wp-image-6729\" src=\"https:\/\/agora.xtec.cat\/escolasantbernat\/wp-content\/uploads\/usu1228\/2025\/06\/IMG_20250521_123148-min-scaled.jpg\" alt=\"\" width=\"2560\" height=\"1915\" srcset=\"https:\/\/agora.xtec.cat\/escolasantbernat\/wp-content\/uploads\/usu1228\/2025\/06\/IMG_20250521_123148-min-scaled.jpg 2560w, https:\/\/agora.xtec.cat\/escolasantbernat\/wp-content\/uploads\/usu1228\/2025\/06\/IMG_20250521_123148-min-300x224.jpg 300w, https:\/\/agora.xtec.cat\/escolasantbernat\/wp-content\/uploads\/usu1228\/2025\/06\/IMG_20250521_123148-min-1024x766.jpg 1024w, https:\/\/agora.xtec.cat\/escolasantbernat\/wp-content\/uploads\/usu1228\/2025\/06\/IMG_20250521_123148-min-768x574.jpg 768w, https:\/\/agora.xtec.cat\/escolasantbernat\/wp-content\/uploads\/usu1228\/2025\/06\/IMG_20250521_123148-min-1536x1149.jpg 1536w, https:\/\/agora.xtec.cat\/escolasantbernat\/wp-content\/uploads\/usu1228\/2025\/06\/IMG_20250521_123148-min-2048x1532.jpg 2048w, https:\/\/agora.xtec.cat\/escolasantbernat\/wp-content\/uploads\/usu1228\/2025\/06\/IMG_20250521_123148-min-200x150.jpg 200w\" sizes=\"auto, (max-width: 2560px) 100vw, 2560px\" \/><\/a><\/p>\n<p><a href=\"https:\/\/agora.xtec.cat\/escolasantbernat\/wp-content\/uploads\/usu1228\/2025\/06\/IMG_20250521_172241-min-scaled.jpg\"><img loading=\"lazy\" decoding=\"async\" class=\"alignnone size-full wp-image-6730\" src=\"https:\/\/agora.xtec.cat\/escolasantbernat\/wp-content\/uploads\/usu1228\/2025\/06\/IMG_20250521_172241-min-scaled.jpg\" alt=\"\" width=\"2560\" height=\"1920\" srcset=\"https:\/\/agora.xtec.cat\/escolasantbernat\/wp-content\/uploads\/usu1228\/2025\/06\/IMG_20250521_172241-min-scaled.jpg 2560w, https:\/\/agora.xtec.cat\/escolasantbernat\/wp-content\/uploads\/usu1228\/2025\/06\/IMG_20250521_172241-min-300x225.jpg 300w, https:\/\/agora.xtec.cat\/escolasantbernat\/wp-content\/uploads\/usu1228\/2025\/06\/IMG_20250521_172241-min-1024x768.jpg 1024w, https:\/\/agora.xtec.cat\/escolasantbernat\/wp-content\/uploads\/usu1228\/2025\/06\/IMG_20250521_172241-min-768x576.jpg 768w, https:\/\/agora.xtec.cat\/escolasantbernat\/wp-content\/uploads\/usu1228\/2025\/06\/IMG_20250521_172241-min-1536x1152.jpg 1536w, https:\/\/agora.xtec.cat\/escolasantbernat\/wp-content\/uploads\/usu1228\/2025\/06\/IMG_20250521_172241-min-2048x1536.jpg 2048w, https:\/\/agora.xtec.cat\/escolasantbernat\/wp-content\/uploads\/usu1228\/2025\/06\/IMG_20250521_172241-min-200x150.jpg 200w\" sizes=\"auto, (max-width: 2560px) 100vw, 2560px\" \/><\/a><\/p>\n<p>DIA 4: Comiat de l&#8217;escola d&#8217; Augsburg i visita al Zoo de la ciutat. <em>DAY 4: Farewell to the Augsburg school and visit to the city&#8217;s Zoo.<\/em><\/p>\n<p><a href=\"https:\/\/agora.xtec.cat\/escolasantbernat\/wp-content\/uploads\/usu1228\/2025\/06\/IMG_20250522_115430-min-scaled.jpg\"><img loading=\"lazy\" decoding=\"async\" class=\"alignnone size-full wp-image-6731\" src=\"https:\/\/agora.xtec.cat\/escolasantbernat\/wp-content\/uploads\/usu1228\/2025\/06\/IMG_20250522_115430-min-scaled.jpg\" alt=\"\" width=\"2560\" height=\"1920\" srcset=\"https:\/\/agora.xtec.cat\/escolasantbernat\/wp-content\/uploads\/usu1228\/2025\/06\/IMG_20250522_115430-min-scaled.jpg 2560w, https:\/\/agora.xtec.cat\/escolasantbernat\/wp-content\/uploads\/usu1228\/2025\/06\/IMG_20250522_115430-min-300x225.jpg 300w, https:\/\/agora.xtec.cat\/escolasantbernat\/wp-content\/uploads\/usu1228\/2025\/06\/IMG_20250522_115430-min-1024x768.jpg 1024w, https:\/\/agora.xtec.cat\/escolasantbernat\/wp-content\/uploads\/usu1228\/2025\/06\/IMG_20250522_115430-min-768x576.jpg 768w, https:\/\/agora.xtec.cat\/escolasantbernat\/wp-content\/uploads\/usu1228\/2025\/06\/IMG_20250522_115430-min-1536x1152.jpg 1536w, https:\/\/agora.xtec.cat\/escolasantbernat\/wp-content\/uploads\/usu1228\/2025\/06\/IMG_20250522_115430-min-2048x1536.jpg 2048w, https:\/\/agora.xtec.cat\/escolasantbernat\/wp-content\/uploads\/usu1228\/2025\/06\/IMG_20250522_115430-min-200x150.jpg 200w\" sizes=\"auto, (max-width: 2560px) 100vw, 2560px\" \/><\/a><\/p>\n<p><a href=\"https:\/\/agora.xtec.cat\/escolasantbernat\/wp-content\/uploads\/usu1228\/2025\/06\/IMG_20250522_170302-min-scaled.jpg\"><img loading=\"lazy\" decoding=\"async\" class=\"alignnone size-full wp-image-6732\" src=\"https:\/\/agora.xtec.cat\/escolasantbernat\/wp-content\/uploads\/usu1228\/2025\/06\/IMG_20250522_170302-min-scaled.jpg\" alt=\"\" width=\"2560\" height=\"1920\" srcset=\"https:\/\/agora.xtec.cat\/escolasantbernat\/wp-content\/uploads\/usu1228\/2025\/06\/IMG_20250522_170302-min-scaled.jpg 2560w, https:\/\/agora.xtec.cat\/escolasantbernat\/wp-content\/uploads\/usu1228\/2025\/06\/IMG_20250522_170302-min-300x225.jpg 300w, https:\/\/agora.xtec.cat\/escolasantbernat\/wp-content\/uploads\/usu1228\/2025\/06\/IMG_20250522_170302-min-1024x768.jpg 1024w, https:\/\/agora.xtec.cat\/escolasantbernat\/wp-content\/uploads\/usu1228\/2025\/06\/IMG_20250522_170302-min-768x576.jpg 768w, https:\/\/agora.xtec.cat\/escolasantbernat\/wp-content\/uploads\/usu1228\/2025\/06\/IMG_20250522_170302-min-1536x1152.jpg 1536w, https:\/\/agora.xtec.cat\/escolasantbernat\/wp-content\/uploads\/usu1228\/2025\/06\/IMG_20250522_170302-min-2048x1536.jpg 2048w, https:\/\/agora.xtec.cat\/escolasantbernat\/wp-content\/uploads\/usu1228\/2025\/06\/IMG_20250522_170302-min-200x150.jpg 200w\" sizes=\"auto, (max-width: 2560px) 100vw, 2560px\" \/><\/a><\/p>\n<p>DIA 5: Anem\u00a0 a Legoland. <em>DAY 5: Let&#8217;s go to Legoland.<\/em><\/p>\n<p><img decoding=\"async\" src=\"https:\/\/app.dinantia.com\/files\/attachments\/1747987963-3cc5-1000213353.jpg\" alt=\"Imatge principal\" \/><\/p>\n<p><img decoding=\"async\" src=\"https:\/\/app.dinantia.com\/files\/attachments\/1748030057-ae9c-1000213541.jpg\" alt=\"Imatge principal\" \/><\/p>\n<p>DIA 6: De compres per la ciutat i tornada cap a Vila-seca. <em>DAY 6: Shopping around the city and back to Vila-seca.<\/em><\/p>\n<p><a href=\"https:\/\/agora.xtec.cat\/escolasantbernat\/wp-content\/uploads\/usu1228\/2025\/06\/PXL_20250524_095214514-min-scaled.jpg\"><img loading=\"lazy\" decoding=\"async\" class=\"alignnone size-full wp-image-6733\" src=\"https:\/\/agora.xtec.cat\/escolasantbernat\/wp-content\/uploads\/usu1228\/2025\/06\/PXL_20250524_095214514-min-scaled.jpg\" alt=\"\" width=\"2560\" height=\"1928\" srcset=\"https:\/\/agora.xtec.cat\/escolasantbernat\/wp-content\/uploads\/usu1228\/2025\/06\/PXL_20250524_095214514-min-scaled.jpg 2560w, https:\/\/agora.xtec.cat\/escolasantbernat\/wp-content\/uploads\/usu1228\/2025\/06\/PXL_20250524_095214514-min-300x226.jpg 300w, https:\/\/agora.xtec.cat\/escolasantbernat\/wp-content\/uploads\/usu1228\/2025\/06\/PXL_20250524_095214514-min-1024x771.jpg 1024w, https:\/\/agora.xtec.cat\/escolasantbernat\/wp-content\/uploads\/usu1228\/2025\/06\/PXL_20250524_095214514-min-768x578.jpg 768w, https:\/\/agora.xtec.cat\/escolasantbernat\/wp-content\/uploads\/usu1228\/2025\/06\/PXL_20250524_095214514-min-1536x1157.jpg 1536w, https:\/\/agora.xtec.cat\/escolasantbernat\/wp-content\/uploads\/usu1228\/2025\/06\/PXL_20250524_095214514-min-2048x1542.jpg 2048w, https:\/\/agora.xtec.cat\/escolasantbernat\/wp-content\/uploads\/usu1228\/2025\/06\/PXL_20250524_095214514-min-200x150.jpg 200w\" sizes=\"auto, (max-width: 2560px) 100vw, 2560px\" \/><\/a><\/p>\n<p><img decoding=\"async\" src=\"https:\/\/app.dinantia.com\/files\/attachments\/1748123747-aa8d-img-20250524-235047.jpg\" alt=\"Imatge principal\" \/><\/p>\n<hr \/>\n<p><a href=\"https:\/\/agora.xtec.cat\/escolasantbernat\/wp-content\/uploads\/usu1228\/2019\/06\/erasmuslogo.jpg\"><img loading=\"lazy\" decoding=\"async\" class=\"alignnone wp-image-3372\" src=\"https:\/\/agora.xtec.cat\/escolasantbernat\/wp-content\/uploads\/usu1228\/2019\/06\/erasmuslogo.jpg\" alt=\"\" width=\"218\" height=\"62\" \/> \u00a0 \u00a0 <\/a><strong>MOBILITAT\u00a0 a\u00a0 WEXFORD (Irlanda). Del 12 al 16 de novembre de 2024.<\/strong><\/p>\n<p><img decoding=\"async\" src=\"https:\/\/app.dinantia.com\/files\/attachments\/1736417841-5331-foto-erasmus-diari.jpg\" alt=\"Imatge principal\" \/><\/p>\n","protected":false},"excerpt":{"rendered":"<p><a href=\"https:\/\/agora.xtec.cat\/escolasantbernat\/wp-content\/uploads\/usu1228\/2019\/06\/erasmuslogo.jpg\"> \u00a0 \u00a0 <\/a>MOBILITAT\u00a0 a\u00a0 AUGSBURG (Alemanya). Del 19 al 24 de maig de 2025.<br \/>\nDIA 1: Agafem l&#8217;avi\u00f3 a Barcelona direcci\u00f3 a Munich. Visita a la ciutat i despr\u00e9s agafem el tren cap a Augsburg. DAY 1: We take the plane from Barcelona to&hellip;  <a href=\"https:\/\/agora.xtec.cat\/escolasantbernat\/projecte-educatiu\/erasmus\/acreditacio-erasmus\/activitats-erasmus-2024-25\/\" title=\"Read ACTIVITATS ERASMUS 2024-25\">Llegeix m\u00e9s\u00bb<\/a><\/p>\n","protected":false},"author":3,"featured_media":0,"parent":5233,"menu_order":4,"comment_status":"closed","ping_status":"closed","template":"","meta":{"_bbp_topic_count":0,"_bbp_reply_count":0,"_bbp_total_topic_count":0,"_bbp_total_reply_count":0,"_bbp_voice_count":0,"_bbp_anonymous_reply_count":0,"_bbp_topic_count_hidden":0,"_bbp_reply_count_hidden":0,"_bbp_forum_subforum_count":0,"footnotes":""},"class_list":["post-6513","page","type-page","status-publish","hentry"],"post_mailing_queue_ids":[],"_links":{"self":[{"href":"https:\/\/agora.xtec.cat\/escolasantbernat\/wp-json\/wp\/v2\/pages\/6513","targetHints":{"allow":["GET"]}}],"collection":[{"href":"https:\/\/agora.xtec.cat\/escolasantbernat\/wp-json\/wp\/v2\/pages"}],"about":[{"href":"https:\/\/agora.xtec.cat\/escolasantbernat\/wp-json\/wp\/v2\/types\/page"}],"author":[{"embeddable":true,"href":"https:\/\/agora.xtec.cat\/escolasantbernat\/wp-json\/wp\/v2\/users\/3"}],"replies":[{"embeddable":true,"href":"https:\/\/agora.xtec.cat\/escolasantbernat\/wp-json\/wp\/v2\/comments?post=6513"}],"version-history":[{"count":6,"href":"https:\/\/agora.xtec.cat\/escolasantbernat\/wp-json\/wp\/v2\/pages\/6513\/revisions"}],"predecessor-version":[{"id":6738,"href":"https:\/\/agora.xtec.cat\/escolasantbernat\/wp-json\/wp\/v2\/pages\/6513\/revisions\/6738"}],"up":[{"embeddable":true,"href":"https:\/\/agora.xtec.cat\/escolasantbernat\/wp-json\/wp\/v2\/pages\/5233"}],"wp:attachment":[{"href":"https:\/\/agora.xtec.cat\/escolasantbernat\/wp-json\/wp\/v2\/media?parent=6513"}],"curies":[{"name":"wp","href":"https:\/\/api.w.org\/{rel}","templated":true}]}}