{"id":64,"date":"2014-09-18T12:39:08","date_gmt":"2014-09-18T10:39:08","guid":{"rendered":"http:\/\/agora.xtec.cat\/escolasantbernat\/?page_id=64"},"modified":"2026-01-09T08:47:08","modified_gmt":"2026-01-09T07:47:08","slug":"projecte-educatiu","status":"publish","type":"page","link":"https:\/\/agora.xtec.cat\/escolasantbernat\/projecte-educatiu\/","title":{"rendered":"PROJECTE EDUCATIU"},"content":{"rendered":"<ol>\n<li><strong> INTRODUCCI\u00d3 <\/strong><\/li>\n<\/ol>\n<p>El Projecte Educatiu del Centre (PEC) recull la identitat de l\u2019escola i explicita els seus objectius a partir de les caracter\u00edstiques socials i culturals de l\u2019entorn on es troba ubicada. El PEC orienta l&#8217;activitat educativa del centre, impulsa la col\u00b7laboraci\u00f3 dels diferents membres de la comunitat educativa i la seva relaci\u00f3 amb l&#8217;entorn.<\/p>\n<p>El PEC inclou els criteris, prioritats i plantejaments educatius i metodol\u00f2gics, \u00e9s a dir, qu\u00e8 i de quina manera s&#8217;ensenya als alumnes i explica com s&#8217;avalua el seu progr\u00e9s. El 16 de juny de 1994 es va aprovar el primer Projecte Educatiu del Centre. A partir d\u2019aquest document durant el curs 2014-15 es porta a terme una actualitzaci\u00f3 del mateix per tal d\u2019adaptar-lo a la normativa vigent i el curs 2017-18 s&#8217;ha realitzat la darrera modificaci\u00f3. Aquesta revisi\u00f3 i actualitzaci\u00f3 s\u2019ha presentat al Consell Escolar del Centre i ha estat aprovat en data 16 d&#8217;octubre de 2017.<\/p>\n<p>El Projecte \u00e9s un document viu que requereix la seva revisi\u00f3 i actualitzaci\u00f3 peri\u00f2dica atenent a les necessitats i circumst\u00e0ncies del moment. Ser\u00e0 revisat com a m\u00ednim a una periodicitat quinquennal. Podeu consultar el document aqu\u00ed &gt;&gt;&gt; <a href=\"https:\/\/drive.google.com\/file\/d\/1TEEIsv9cJr4GNa0UDnMpML0ny7E9EgnZ\/view?usp=sharing\" target=\"_blank\" rel=\"noopener\">PEC SBC<\/a><\/p>\n<p>&nbsp;<\/p>\n<p>El PEC es desenvolupa i concreta en altres documents annexos:<\/p>\n<ul>\n<li><strong>Normes d\u2019organitzaci\u00f3 i funcionament del centre (NOFC).<\/strong><\/li>\n<\/ul>\n<p>Normes reguladores que s\u2019estableixen per tal de garantir que els membres de la comunitat educativa desenvolupin les seves tasques en ordre, respecte i disciplina.<\/p>\n<p>Aprovades pel Consell Escolar del Centre en data 10 de setembre de 2014 i actualitzades el 16 d&#8217;octubre de 2017.<\/p>\n<p>Poden ser modificades pel Consell Escolar per tal d\u2019adaptar-les a noves necessitats del Centre, i pels canvis normatius que es puguin produir.<\/p>\n<p>Podeu consultar el document aqu\u00ed &gt;&gt;&gt;<a href=\"https:\/\/drive.google.com\/file\/d\/1eZWowpOAdSy2DS3E__2BoCkVQOFGr0fB\/view?usp=sharing\" target=\"_blank\" rel=\"noopener\"> NOFC JUNY 2023<\/a><\/p>\n<p>Revisades en la seva globalitat cada 5 anys.<\/p>\n<ul>\n<li><strong>El Projecte de conviv\u00e8ncia del centre<\/strong><\/li>\n<\/ul>\n<p>T\u00e9 com a finalitat establir mesures i acords per a la promoci\u00f3 de la conviv\u00e8ncia i regular la resoluci\u00f3 de conflictes.<\/p>\n<p>Forma part de les NOFC. Cap\u00edtol V.<\/p>\n<p>Va ser aprovat pel Consell Escolar del Centre el dia 16 de juny de 2011. Actualment est\u00e0 en revisi\u00f3.<\/p>\n<ul>\n<li><strong>La carta de comprom\u00eds educatiu.<\/strong><\/li>\n<\/ul>\n<p>Annexada a les NOFC. <a href=\"https:\/\/drive.google.com\/file\/d\/1Cr0cxCnqVeO1-Gb1eq5d_VEoz0Y0zvA5\/view?usp=sharing\">Veure &gt;&gt;&gt;&gt;&gt;<\/a><\/p>\n<p>La signen la direcci\u00f3 de l\u2019escola i els pares o tutors de tots els alumnes.<\/p>\n<p>Aprovada pel Consell Escolar del Centre el dia 16 de juny de 2011.<\/p>\n<p>L\u2019objectiu de la carta de comprom\u00eds \u00e9s expressar els objectius necessaris per assolir un entorn de conviv\u00e8ncia i respecte pel desenvolupament de les activitats educatives. Cada centre confecciona la seva carta de comprom\u00eds educatiu: centre i fam\u00edlia s\u2019han d\u2019avenir a compartir els principis que inspiren la carta, i que han de respectar els drets i les llibertats de les fam\u00edlies, aix\u00ed com el projecte educatiu del centre.<\/p>\n<p>En el moment de fer la matr\u00edcula\u00a0dels vostres fills\u00a0podeu formalitzar la carta de comprom\u00eds educatiu, que t\u00e9 els objectius seg\u00fcents:<\/p>\n<ul>\n<li>Que la fam\u00edlia conegui el projecte educatiu del centre i s\u2019hi comprometi.<\/li>\n<li>Millorar la informaci\u00f3 i comunicaci\u00f3 entre el centre educatiu i les fam\u00edlies.<\/li>\n<li>Facilitar el compliment dels drets i deures de la comunitat educativa.<\/li>\n<li>Fomentar la conviv\u00e8ncia i el bon clima escolar.<\/li>\n<li>Corresponsabilitzar el centre i la fam\u00edlia en les diferents mesures educatives que puguin rebre els vostres fills.<\/li>\n<\/ul>\n<p>Cada centre confecciona la seva pr\u00f2pia carta de comprom\u00eds educatiu. En aquest document s\u2019expressen els compromisos entre les fam\u00edlies i el centre: acceptaci\u00f3 del projecte educatiu del centre, respecte a les conviccions ideol\u00f2giques i morals de les fam\u00edlies, adopci\u00f3 de mesures correctores per a la bona conviv\u00e8ncia, comunicaci\u00f3 i diferents maneres que les fam\u00edlies tenen per poder participar en els centres.<\/p>\n<ul>\n<li><strong>Projecte ling\u00fc\u00edstic del centre (PLC)<\/strong><\/li>\n<\/ul>\n<p>Regula el tractament que rebran les tres lleng\u00fces que s\u2019imparteixen al centre: catal\u00e0, castell\u00e0 i angl\u00e8s.<\/p>\n<p>Aprovat pel Consell Escolar del Centre el 23 de mar\u00e7 de 2015 i actualitzat el 29 de gener de 2018.<\/p>\n<p>T\u00e9 una vig\u00e8ncia llarga, tot i que ser\u00e0 revisat anualment per tal de fer efectius els objectius de millora que seran recollits a la Programaci\u00f3 Anual del Centre i avaluat a la Mem\u00f2ria Anual.<\/p>\n<p><a href=\"https:\/\/agora.xtec.cat\/escolasantbernat\/wp-content\/uploads\/usu1228\/2022\/06\/enrevisio2.png\"><img loading=\"lazy\" decoding=\"async\" class=\"wp-image-5172 alignleft\" src=\"https:\/\/agora.xtec.cat\/escolasantbernat\/wp-content\/uploads\/usu1228\/2022\/06\/enrevisio2.png\" alt=\"\" width=\"106\" height=\"102\" \/><\/a><\/p>\n<p>&nbsp;<\/p>\n<p>Per consultar el nostre Projecte Ling\u00fc\u00edstic &gt;&gt;&gt;\u00a0 <a style=\"font-family: inherit; font-size: 1em;\" href=\"https:\/\/drive.google.com\/file\/d\/1921SJy2YbaQckaUJGZ0QLgU6U6tEeLmR\/view?usp=sharing\" target=\"_blank\" rel=\"noopener noreferrer\">PL ESCOLA SBC<\/a><\/p>\n<p>Revisi\u00f3 cada 5 anys.<\/p>\n<p>Consulta nou <a href=\"https:\/\/agora.xtec.cat\/escolasantbernat\/wp-content\/uploads\/usu1228\/2022\/06\/decret31maig.pdf\" target=\"_blank\" rel=\"noopener\">Decret 30 de maig &gt;&gt;&gt;&gt;<\/a><\/p>\n<ul>\n<li><strong>El Projecte curricular del centre (PCC)<\/strong><\/li>\n<\/ul>\n<p>L\u2019elabora el claustre de professors. \u00a0Concreta els objectius pedag\u00f2gics, els continguts, les compet\u00e8ncies b\u00e0siques, la metodologia i els criteris d\u2019avaluaci\u00f3.<\/p>\n<p>Est\u00e0 en revisi\u00f3 permanent.<\/p>\n<ul>\n<li><strong>Pla d\u2019acci\u00f3 tutorial (PAT)<\/strong><\/li>\n<\/ul>\n<p>Sistematitza el conjunt d\u2019activitats que es porten a terme al centre i que tenen com a objectius: l\u2019acollida de l&#8217;alumne\/a, l&#8217;orientaci\u00f3 personalitzada dels\/les alumnes, i la integraci\u00f3 de l&#8217;alumnat en la vida educativa del centre.<\/p>\n<p>Va ser elaborat el curs 2006-07.<\/p>\n<ul>\n<li><strong>Pla d\u2019acollida del centre.<\/strong><\/li>\n<\/ul>\n<p>Pla d\u2019acollida als mestres<\/p>\n<p>Pla d\u2019acollida als alumnes i a les seves fam\u00edlies.<\/p>\n<ul>\n<li><strong>Pla d\u2019atenci\u00f3 a la diversitat del centre (PAT)<\/strong><\/li>\n<\/ul>\n<p>Pla de car\u00e0cter anual que elabora la Comissi\u00f3 d\u2019atenci\u00f3 a la diversitat a l\u2019inici de cada curs escolar.<\/p>\n<ul>\n<li><strong>Projecte de socialitzaci\u00f3 i reutilitzaci\u00f3 de llibres de text.<\/strong><\/li>\n<\/ul>\n<p>Es va iniciar el curs 2008-09. El Consell Escolar del Centre \u00e9s qui aprova el Pla de Reutilitzaci\u00f3, que en car\u00e0cter anual elabora la comissi\u00f3 del Consell Escolar, constitu\u00efda a tal efecte.<\/p>\n<p>Promou una visi\u00f3 comunit\u00e0ria de l\u2019ensenyament (respectar, compartir, reutilitzar&#8230;), i alhora reduir la despesa de llibres de text de les fam\u00edlies. Es fa amb aportacions econ\u00f2miques de l\u2019Ajuntament de Vila-seca.<\/p>\n<ul>\n<li><strong>Pla d\u2019emerg\u00e8ncia del centre<\/strong><\/li>\n<\/ul>\n<p>Regula les actuacions que es portaran a terme en casos d\u2019emerg\u00e8ncia.<\/p>\n<p>Es revisa i actualitza cada curs escolar<\/p>\n<ul>\n<li><strong>Projecte de direcci\u00f3 del Centre<\/strong><\/li>\n<\/ul>\n<p>L\u2019elabora la direcci\u00f3 del centre i el presenta al Consell Escolar.<\/p>\n<p>L\u2019actual t\u00e9 vig\u00e8ncia fins a 31 de juny de 2021, quan acaba el mandat la direcci\u00f3 actual.<\/p>\n","protected":false},"excerpt":{"rendered":"<ol>\n<li> INTRODUCCI\u00d3 <\/li>\n<\/ol>\n<p>El Projecte Educatiu del Centre (PEC) recull la identitat de l\u2019escola i explicita els seus objectius a partir de les caracter\u00edstiques socials i culturals de l\u2019entorn on es troba ubicada. El PEC orienta l&#8217;activitat educativa del centre, impulsa la col\u00b7laboraci\u00f3 dels diferents membres&hellip;  <a href=\"https:\/\/agora.xtec.cat\/escolasantbernat\/projecte-educatiu\/\" title=\"Read PROJECTE EDUCATIU\">Llegeix m\u00e9s\u00bb<\/a><\/p>\n","protected":false},"author":1,"featured_media":0,"parent":0,"menu_order":2,"comment_status":"closed","ping_status":"closed","template":"page-templates\/side-menu.php","meta":{"_bbp_topic_count":0,"_bbp_reply_count":0,"_bbp_total_topic_count":0,"_bbp_total_reply_count":0,"_bbp_voice_count":0,"_bbp_anonymous_reply_count":0,"_bbp_topic_count_hidden":0,"_bbp_reply_count_hidden":0,"_bbp_forum_subforum_count":0,"footnotes":""},"class_list":["post-64","page","type-page","status-publish","hentry"],"post_mailing_queue_ids":[],"_links":{"self":[{"href":"https:\/\/agora.xtec.cat\/escolasantbernat\/wp-json\/wp\/v2\/pages\/64","targetHints":{"allow":["GET"]}}],"collection":[{"href":"https:\/\/agora.xtec.cat\/escolasantbernat\/wp-json\/wp\/v2\/pages"}],"about":[{"href":"https:\/\/agora.xtec.cat\/escolasantbernat\/wp-json\/wp\/v2\/types\/page"}],"author":[{"embeddable":true,"href":"https:\/\/agora.xtec.cat\/escolasantbernat\/wp-json\/wp\/v2\/users\/1"}],"replies":[{"embeddable":true,"href":"https:\/\/agora.xtec.cat\/escolasantbernat\/wp-json\/wp\/v2\/comments?post=64"}],"version-history":[{"count":8,"href":"https:\/\/agora.xtec.cat\/escolasantbernat\/wp-json\/wp\/v2\/pages\/64\/revisions"}],"predecessor-version":[{"id":6779,"href":"https:\/\/agora.xtec.cat\/escolasantbernat\/wp-json\/wp\/v2\/pages\/64\/revisions\/6779"}],"wp:attachment":[{"href":"https:\/\/agora.xtec.cat\/escolasantbernat\/wp-json\/wp\/v2\/media?parent=64"}],"curies":[{"name":"wp","href":"https:\/\/api.w.org\/{rel}","templated":true}]}}